{"id":12579,"date":"2026-01-30T12:16:09","date_gmt":"2026-01-30T12:16:09","guid":{"rendered":"https:\/\/airparx.com\/installations\/owaza\/"},"modified":"2026-01-30T12:16:09","modified_gmt":"2026-01-30T12:16:09","slug":"owaza","status":"publish","type":"product","link":"https:\/\/airparx.com\/fr\/installations\/owaza\/","title":{"rendered":"Owaza"},"content":{"rendered":"<div class=\"css-e3521u css-1rm7u2e css-1k07npk css-1v8x7dw\">\n<div class=\"css-1xqtj3d-resultContainer\">\n<div class=\"css-e3521u css-1rm7u2e css-1k07npk css-1v8x7dw\">\n<div class=\"css-1xqtj3d-resultContainer\">\n<p>Dans la lign\u00e9e des ann\u00e9es pr\u00e9c\u00e9dentes, 2025 a marqu\u00e9 une nouvelle p\u00e9riode de croissance et de collaboration passionnante pour Airparx. Nous avons eu le plaisir de travailler \u00e9troitement avec de nombreux clients fid\u00e8les, renfor\u00e7ant ainsi nos partenariats \u00e9tablis, tout en accueillant plusieurs nouvelles franchises au sein de la famille Airparx. Ce m\u00e9lange de relations durables et de nouvelles opportunit\u00e9s refl\u00e8te notre engagement \u00e0 r\u00e9pondre aux besoins \u00e9volutifs du secteur des loisirs et des attractions.<\/p>\n<p>L\u2019un des projets phares de l\u2019ann\u00e9e a \u00e9t\u00e9 une installation d\u2019envergure pour OWAZA, un nouveau client bas\u00e9 \u00e0 Charleroi, en Belgique. Pour OWAZA, nous avons con\u00e7u et livr\u00e9 un grand parc gonflable sur deux niveaux, offrant une exp\u00e9rience dynamique et attrayante aux visiteurs. L\u2019am\u00e9nagement innovant d\u00e9bute sur la mezzanine et se prolonge harmonieusement sur tout le rez-de-chauss\u00e9e, avec diff\u00e9rentes sections gonflables reli\u00e9es par un impressionnant toboggan inclin\u00e9. Cette conception r\u00e9fl\u00e9chie maximise \u00e0 la fois la valeur ludique et le flux de visiteurs, garantissant une exp\u00e9rience m\u00e9morable pour tous les \u00e2ges.<\/p>\n<p>Bien qu\u2019il s\u2019agisse de la premi\u00e8re incursion d\u2019OWAZA sur le march\u00e9 des centres de divertissement familial (FEC), les propri\u00e9taires apportent une vaste expertise issue de leur gestion r\u00e9ussie d\u2019installations sportives et de loisirs, notamment des terrains de padel pris\u00e9s. Leur exp\u00e9rience dans la prestation d\u2019activit\u00e9s r\u00e9cr\u00e9atives de haute qualit\u00e9 les positionne id\u00e9alement pour r\u00e9ussir dans ce nouveau secteur. Avec d\u2019autres installations d\u00e9j\u00e0 en phase de planification, OWAZA est pr\u00eat \u00e0 s\u2019imposer comme une marque de premier plan et innovante dans le paysage concurrentiel des FEC en Europe.<\/p>\n<\/div>\n<\/div>\n<\/div>\n<\/div>\n","protected":false},"excerpt":{"rendered":"<p>Dans la lign\u00e9e des ann\u00e9es pr\u00e9c\u00e9dentes, 2025 a marqu\u00e9 une nouvelle p\u00e9riode de croissance et de collaboration passionnante pour Airparx. Nous avons eu le plaisir de travailler \u00e9troitement avec de nombreux clients fid\u00e8les, renfor\u00e7ant ainsi nos partenariats \u00e9tablis, tout en accueillant plusieurs nouvelles franchises au sein de la famille Airparx. Ce m\u00e9lange de relations durables [&hellip;]<\/p>\n","protected":false},"featured_media":12495,"template":"","meta":{"_acf_changed":false},"product_brand":[],"product_cat":[83],"product_tag":[],"class_list":{"0":"post-12579","1":"product","2":"type-product","3":"status-publish","4":"has-post-thumbnail","6":"product_cat-parcs-gonflables","8":"first","9":"instock","10":"shipping-taxable","11":"product-type-simple"},"acf":[],"yoast_head":"<!-- This site is optimized with the Yoast SEO Premium plugin v26.7 (Yoast SEO v27.3) - https:\/\/yoast.com\/product\/yoast-seo-premium-wordpress\/ -->\n<title>Owaza - Airparx<\/title>\n<meta name=\"robots\" content=\"index, follow, max-snippet:-1, max-image-preview:large, max-video-preview:-1\" \/>\n<link rel=\"canonical\" href=\"https:\/\/airparx.com\/fr\/installations\/owaza\/\" \/>\n<meta property=\"og:locale\" content=\"fr_FR\" \/>\n<meta property=\"og:type\" content=\"article\" \/>\n<meta property=\"og:title\" content=\"Owaza\" \/>\n<meta property=\"og:description\" content=\"Dans la lign\u00e9e des ann\u00e9es pr\u00e9c\u00e9dentes, 2025 a marqu\u00e9 une nouvelle p\u00e9riode de croissance et de collaboration passionnante pour Airparx. Nous avons eu le plaisir de travailler \u00e9troitement avec de nombreux clients fid\u00e8les, renfor\u00e7ant ainsi nos partenariats \u00e9tablis, tout en accueillant plusieurs nouvelles franchises au sein de la famille Airparx. Ce m\u00e9lange de relations durables [&hellip;]\" \/>\n<meta property=\"og:url\" content=\"https:\/\/airparx.com\/fr\/installations\/owaza\/\" \/>\n<meta property=\"og:site_name\" content=\"Airparx\" \/>\n<meta property=\"article:publisher\" content=\"https:\/\/www.facebook.com\/Airparx\/\" \/>\n<meta property=\"og:image\" content=\"https:\/\/airparx.com\/wp-content\/uploads\/2026\/01\/Owaza_10-scaled.jpg\" \/>\n\t<meta property=\"og:image:width\" content=\"2560\" \/>\n\t<meta property=\"og:image:height\" content=\"1920\" \/>\n\t<meta property=\"og:image:type\" content=\"image\/jpeg\" \/>\n<meta name=\"twitter:card\" content=\"summary_large_image\" \/>\n<meta name=\"twitter:label1\" content=\"Dur\u00e9e de lecture estim\u00e9e\" \/>\n\t<meta name=\"twitter:data1\" content=\"1 minute\" \/>\n<script type=\"application\/ld+json\" class=\"yoast-schema-graph\">{\"@context\":\"https:\\\/\\\/schema.org\",\"@graph\":[{\"@type\":\"WebPage\",\"@id\":\"https:\\\/\\\/airparx.com\\\/fr\\\/installations\\\/owaza\\\/\",\"url\":\"https:\\\/\\\/airparx.com\\\/fr\\\/installations\\\/owaza\\\/\",\"name\":\"Owaza - Airparx\",\"isPartOf\":{\"@id\":\"https:\\\/\\\/airparx.com\\\/fr\\\/#website\"},\"primaryImageOfPage\":{\"@id\":\"https:\\\/\\\/airparx.com\\\/fr\\\/installations\\\/owaza\\\/#primaryimage\"},\"image\":{\"@id\":\"https:\\\/\\\/airparx.com\\\/fr\\\/installations\\\/owaza\\\/#primaryimage\"},\"thumbnailUrl\":\"https:\\\/\\\/airparx.com\\\/wp-content\\\/uploads\\\/2026\\\/01\\\/Owaza_10-scaled.jpg\",\"datePublished\":\"2026-01-30T12:16:09+00:00\",\"breadcrumb\":{\"@id\":\"https:\\\/\\\/airparx.com\\\/fr\\\/installations\\\/owaza\\\/#breadcrumb\"},\"inLanguage\":\"fr-FR\",\"potentialAction\":[{\"@type\":\"ReadAction\",\"target\":[\"https:\\\/\\\/airparx.com\\\/fr\\\/installations\\\/owaza\\\/\"]}]},{\"@type\":\"ImageObject\",\"inLanguage\":\"fr-FR\",\"@id\":\"https:\\\/\\\/airparx.com\\\/fr\\\/installations\\\/owaza\\\/#primaryimage\",\"url\":\"https:\\\/\\\/airparx.com\\\/wp-content\\\/uploads\\\/2026\\\/01\\\/Owaza_10-scaled.jpg\",\"contentUrl\":\"https:\\\/\\\/airparx.com\\\/wp-content\\\/uploads\\\/2026\\\/01\\\/Owaza_10-scaled.jpg\",\"width\":2560,\"height\":1920},{\"@type\":\"BreadcrumbList\",\"@id\":\"https:\\\/\\\/airparx.com\\\/fr\\\/installations\\\/owaza\\\/#breadcrumb\",\"itemListElement\":[{\"@type\":\"ListItem\",\"position\":1,\"name\":\"Home\",\"item\":\"https:\\\/\\\/airparx.com\\\/fr\\\/\"},{\"@type\":\"ListItem\",\"position\":2,\"name\":\"Owaza\"}]},{\"@type\":\"WebSite\",\"@id\":\"https:\\\/\\\/airparx.com\\\/fr\\\/#website\",\"url\":\"https:\\\/\\\/airparx.com\\\/fr\\\/\",\"name\":\"Airparx\",\"description\":\"Inflatable &amp; Trampoline Park Supplier\",\"publisher\":{\"@id\":\"https:\\\/\\\/airparx.com\\\/fr\\\/#organization\"},\"potentialAction\":[{\"@type\":\"SearchAction\",\"target\":{\"@type\":\"EntryPoint\",\"urlTemplate\":\"https:\\\/\\\/airparx.com\\\/fr\\\/?s={search_term_string}\"},\"query-input\":{\"@type\":\"PropertyValueSpecification\",\"valueRequired\":true,\"valueName\":\"search_term_string\"}}],\"inLanguage\":\"fr-FR\"},{\"@type\":\"Organization\",\"@id\":\"https:\\\/\\\/airparx.com\\\/fr\\\/#organization\",\"name\":\"Airparx\",\"url\":\"https:\\\/\\\/airparx.com\\\/fr\\\/\",\"logo\":{\"@type\":\"ImageObject\",\"inLanguage\":\"fr-FR\",\"@id\":\"https:\\\/\\\/airparx.com\\\/fr\\\/#\\\/schema\\\/logo\\\/image\\\/\",\"url\":\"https:\\\/\\\/airparx.com\\\/wp-content\\\/uploads\\\/2022\\\/06\\\/Airparx_Logo.png\",\"contentUrl\":\"https:\\\/\\\/airparx.com\\\/wp-content\\\/uploads\\\/2022\\\/06\\\/Airparx_Logo.png\",\"width\":1127,\"height\":461,\"caption\":\"Airparx\"},\"image\":{\"@id\":\"https:\\\/\\\/airparx.com\\\/fr\\\/#\\\/schema\\\/logo\\\/image\\\/\"},\"sameAs\":[\"https:\\\/\\\/www.facebook.com\\\/Airparx\\\/\",\"https:\\\/\\\/www.instagram.com\\\/airparx\\\/\",\"https:\\\/\\\/www.youtube.com\\\/playlist?list=PL2LZnxdxb4eX2paMpuL0QxEvopAtGzyqY\",\"https:\\\/\\\/www.linkedin.com\\\/company\\\/airparx\\\/\"]}]}<\/script>\n<!-- \/ Yoast SEO Premium plugin. -->","yoast_head_json":{"title":"Owaza - Airparx","robots":{"index":"index","follow":"follow","max-snippet":"max-snippet:-1","max-image-preview":"max-image-preview:large","max-video-preview":"max-video-preview:-1"},"canonical":"https:\/\/airparx.com\/fr\/installations\/owaza\/","og_locale":"fr_FR","og_type":"article","og_title":"Owaza","og_description":"Dans la lign\u00e9e des ann\u00e9es pr\u00e9c\u00e9dentes, 2025 a marqu\u00e9 une nouvelle p\u00e9riode de croissance et de collaboration passionnante pour Airparx. Nous avons eu le plaisir de travailler \u00e9troitement avec de nombreux clients fid\u00e8les, renfor\u00e7ant ainsi nos partenariats \u00e9tablis, tout en accueillant plusieurs nouvelles franchises au sein de la famille Airparx. Ce m\u00e9lange de relations durables [&hellip;]","og_url":"https:\/\/airparx.com\/fr\/installations\/owaza\/","og_site_name":"Airparx","article_publisher":"https:\/\/www.facebook.com\/Airparx\/","og_image":[{"width":2560,"height":1920,"url":"https:\/\/airparx.com\/wp-content\/uploads\/2026\/01\/Owaza_10-scaled.jpg","type":"image\/jpeg"}],"twitter_card":"summary_large_image","twitter_misc":{"Dur\u00e9e de lecture estim\u00e9e":"1 minute"},"schema":{"@context":"https:\/\/schema.org","@graph":[{"@type":"WebPage","@id":"https:\/\/airparx.com\/fr\/installations\/owaza\/","url":"https:\/\/airparx.com\/fr\/installations\/owaza\/","name":"Owaza - Airparx","isPartOf":{"@id":"https:\/\/airparx.com\/fr\/#website"},"primaryImageOfPage":{"@id":"https:\/\/airparx.com\/fr\/installations\/owaza\/#primaryimage"},"image":{"@id":"https:\/\/airparx.com\/fr\/installations\/owaza\/#primaryimage"},"thumbnailUrl":"https:\/\/airparx.com\/wp-content\/uploads\/2026\/01\/Owaza_10-scaled.jpg","datePublished":"2026-01-30T12:16:09+00:00","breadcrumb":{"@id":"https:\/\/airparx.com\/fr\/installations\/owaza\/#breadcrumb"},"inLanguage":"fr-FR","potentialAction":[{"@type":"ReadAction","target":["https:\/\/airparx.com\/fr\/installations\/owaza\/"]}]},{"@type":"ImageObject","inLanguage":"fr-FR","@id":"https:\/\/airparx.com\/fr\/installations\/owaza\/#primaryimage","url":"https:\/\/airparx.com\/wp-content\/uploads\/2026\/01\/Owaza_10-scaled.jpg","contentUrl":"https:\/\/airparx.com\/wp-content\/uploads\/2026\/01\/Owaza_10-scaled.jpg","width":2560,"height":1920},{"@type":"BreadcrumbList","@id":"https:\/\/airparx.com\/fr\/installations\/owaza\/#breadcrumb","itemListElement":[{"@type":"ListItem","position":1,"name":"Home","item":"https:\/\/airparx.com\/fr\/"},{"@type":"ListItem","position":2,"name":"Owaza"}]},{"@type":"WebSite","@id":"https:\/\/airparx.com\/fr\/#website","url":"https:\/\/airparx.com\/fr\/","name":"Airparx","description":"Inflatable &amp; Trampoline Park Supplier","publisher":{"@id":"https:\/\/airparx.com\/fr\/#organization"},"potentialAction":[{"@type":"SearchAction","target":{"@type":"EntryPoint","urlTemplate":"https:\/\/airparx.com\/fr\/?s={search_term_string}"},"query-input":{"@type":"PropertyValueSpecification","valueRequired":true,"valueName":"search_term_string"}}],"inLanguage":"fr-FR"},{"@type":"Organization","@id":"https:\/\/airparx.com\/fr\/#organization","name":"Airparx","url":"https:\/\/airparx.com\/fr\/","logo":{"@type":"ImageObject","inLanguage":"fr-FR","@id":"https:\/\/airparx.com\/fr\/#\/schema\/logo\/image\/","url":"https:\/\/airparx.com\/wp-content\/uploads\/2022\/06\/Airparx_Logo.png","contentUrl":"https:\/\/airparx.com\/wp-content\/uploads\/2022\/06\/Airparx_Logo.png","width":1127,"height":461,"caption":"Airparx"},"image":{"@id":"https:\/\/airparx.com\/fr\/#\/schema\/logo\/image\/"},"sameAs":["https:\/\/www.facebook.com\/Airparx\/","https:\/\/www.instagram.com\/airparx\/","https:\/\/www.youtube.com\/playlist?list=PL2LZnxdxb4eX2paMpuL0QxEvopAtGzyqY","https:\/\/www.linkedin.com\/company\/airparx\/"]}]}},"_links":{"self":[{"href":"https:\/\/airparx.com\/fr\/wp-json\/wp\/v2\/product\/12579","targetHints":{"allow":["GET"]}}],"collection":[{"href":"https:\/\/airparx.com\/fr\/wp-json\/wp\/v2\/product"}],"about":[{"href":"https:\/\/airparx.com\/fr\/wp-json\/wp\/v2\/types\/product"}],"wp:featuredmedia":[{"embeddable":true,"href":"https:\/\/airparx.com\/fr\/wp-json\/wp\/v2\/media\/12495"}],"wp:attachment":[{"href":"https:\/\/airparx.com\/fr\/wp-json\/wp\/v2\/media?parent=12579"}],"wp:term":[{"taxonomy":"product_brand","embeddable":true,"href":"https:\/\/airparx.com\/fr\/wp-json\/wp\/v2\/product_brand?post=12579"},{"taxonomy":"product_cat","embeddable":true,"href":"https:\/\/airparx.com\/fr\/wp-json\/wp\/v2\/product_cat?post=12579"},{"taxonomy":"product_tag","embeddable":true,"href":"https:\/\/airparx.com\/fr\/wp-json\/wp\/v2\/product_tag?post=12579"}],"curies":[{"name":"wp","href":"https:\/\/api.w.org\/{rel}","templated":true}]}}