{"id":12583,"date":"2025-11-17T15:36:32","date_gmt":"2025-11-17T15:36:32","guid":{"rendered":"https:\/\/airparx.com\/installations\/area52-veliko-tarnovo\/"},"modified":"2025-11-17T15:36:32","modified_gmt":"2025-11-17T15:36:32","slug":"area52-veliko-tarnovo","status":"publish","type":"product","link":"https:\/\/airparx.com\/fr\/installations\/area52-veliko-tarnovo\/","title":{"rendered":"Area52 &#8211; Veliko Tarnovo"},"content":{"rendered":"<p>Nouvelle ouverture d&rsquo;\u00e9tablissement \u00e0 <b><u>AREA52<\/u><\/b> situ\u00e9 \u00e0 Veliko Tarnovo, Bulgarie.<\/p>\n<p>Il s&rsquo;agit d\u00e9sormais du 3<sup>e<\/sup> parc ouvert sous la marque Area52, sous la propri\u00e9t\u00e9 et la gestion de Jonathan Hargreaves et ses partenaires.<\/p>\n<p>Airparx a \u00e9t\u00e9 d\u00e9sign\u00e9 comme fournisseur d&rsquo;activit\u00e9s principal o\u00f9 nous avons install\u00e9 un parc gonflable, des trampolines, un coussin de r\u00e9ception avec tour de saut, Walk the Wall, Rugged Interactive FreeStyle Duos, plus x2 Valo Air Jumps et une Valo Arena 6 joueurs en \u00e9troite collaboration avec Valo Motion.<\/p>\n<p>En plus de l&rsquo;offre fantastique de divertissement familial au rez-de-chauss\u00e9e, la mezzanine sup\u00e9rieure offre aux spectateurs une vue imprenable sur le parc tout en proposant un restaurant italien, un bar avec licence compl\u00e8te ainsi que des fl\u00e9chettes interactives, des tables de billard et m\u00eame deux simulateurs de course ImSim Racing.<\/p>\n<p>Le responsable du d\u00e9veloppement commercial d&rsquo;Airparx a d\u00e9clar\u00e9 : <i>\u00ab\u00a0Ce fut un privil\u00e8ge d&rsquo;avoir travaill\u00e9 en \u00e9troite collaboration avec Area52 du concept \u00e0 la r\u00e9alisation, en examinant chaque d\u00e9tail d\u00e8s le d\u00e9part. Puis assister \u00e0 la grande ouverture le 10<sup>e<\/sup> octobre fut un honneur de vivre l&rsquo;effervescence, les sourires et les rires des familles pr\u00e9sentes. Airparx souhaite au parc Area52 VT beaucoup de succ\u00e8s.\u00a0\u00bb <\/i><\/p>\n","protected":false},"excerpt":{"rendered":"<p>Nouvelle ouverture d&rsquo;\u00e9tablissement \u00e0 AREA52 situ\u00e9 \u00e0 Veliko Tarnovo, Bulgarie. Il s&rsquo;agit d\u00e9sormais du 3e parc ouvert sous la marque Area52, sous la propri\u00e9t\u00e9 et la gestion de Jonathan Hargreaves et ses partenaires. Airparx a \u00e9t\u00e9 d\u00e9sign\u00e9 comme fournisseur d&rsquo;activit\u00e9s principal o\u00f9 nous avons install\u00e9 un parc gonflable, des trampolines, un coussin de r\u00e9ception avec [&hellip;]<\/p>\n","protected":false},"featured_media":11406,"template":"","meta":{"_acf_changed":false},"product_brand":[],"product_cat":[87,86,83],"product_tag":[],"class_list":{"0":"post-12583","1":"product","2":"type-product","3":"status-publish","4":"has-post-thumbnail","6":"product_cat-divertissement-interactif","7":"product_cat-parcs-de-trampoline","8":"product_cat-parcs-gonflables","10":"first","11":"outofstock","12":"shipping-taxable","13":"product-type-simple"},"acf":[],"yoast_head":"<!-- This site is optimized with the Yoast SEO Premium plugin v26.7 (Yoast SEO v27.3) - https:\/\/yoast.com\/product\/yoast-seo-premium-wordpress\/ -->\n<title>Area52 - Veliko Tarnovo - Airparx<\/title>\n<meta name=\"robots\" content=\"index, follow, max-snippet:-1, max-image-preview:large, max-video-preview:-1\" \/>\n<link rel=\"canonical\" href=\"https:\/\/airparx.com\/fr\/installations\/area52-veliko-tarnovo\/\" \/>\n<meta property=\"og:locale\" content=\"fr_FR\" \/>\n<meta property=\"og:type\" content=\"article\" \/>\n<meta property=\"og:title\" content=\"Area52 - Veliko Tarnovo\" \/>\n<meta property=\"og:description\" content=\"Nouvelle ouverture d&rsquo;\u00e9tablissement \u00e0 AREA52 situ\u00e9 \u00e0 Veliko Tarnovo, Bulgarie. Il s&rsquo;agit d\u00e9sormais du 3e parc ouvert sous la marque Area52, sous la propri\u00e9t\u00e9 et la gestion de Jonathan Hargreaves et ses partenaires. Airparx a \u00e9t\u00e9 d\u00e9sign\u00e9 comme fournisseur d&rsquo;activit\u00e9s principal o\u00f9 nous avons install\u00e9 un parc gonflable, des trampolines, un coussin de r\u00e9ception avec [&hellip;]\" \/>\n<meta property=\"og:url\" content=\"https:\/\/airparx.com\/fr\/installations\/area52-veliko-tarnovo\/\" \/>\n<meta property=\"og:site_name\" content=\"Airparx\" \/>\n<meta property=\"article:publisher\" content=\"https:\/\/www.facebook.com\/Airparx\/\" \/>\n<meta property=\"og:image\" content=\"https:\/\/airparx.com\/wp-content\/uploads\/2025\/11\/Area-52-Bulgaria-VT-1-scaled.jpg\" \/>\n\t<meta property=\"og:image:width\" content=\"2560\" \/>\n\t<meta property=\"og:image:height\" content=\"1920\" \/>\n\t<meta property=\"og:image:type\" content=\"image\/jpeg\" \/>\n<meta name=\"twitter:card\" content=\"summary_large_image\" \/>\n<meta name=\"twitter:label1\" content=\"Dur\u00e9e de lecture estim\u00e9e\" \/>\n\t<meta name=\"twitter:data1\" content=\"1 minute\" \/>\n<script type=\"application\/ld+json\" class=\"yoast-schema-graph\">{\"@context\":\"https:\\\/\\\/schema.org\",\"@graph\":[{\"@type\":\"WebPage\",\"@id\":\"https:\\\/\\\/airparx.com\\\/fr\\\/installations\\\/area52-veliko-tarnovo\\\/\",\"url\":\"https:\\\/\\\/airparx.com\\\/fr\\\/installations\\\/area52-veliko-tarnovo\\\/\",\"name\":\"Area52 - Veliko Tarnovo - Airparx\",\"isPartOf\":{\"@id\":\"https:\\\/\\\/airparx.com\\\/fr\\\/#website\"},\"primaryImageOfPage\":{\"@id\":\"https:\\\/\\\/airparx.com\\\/fr\\\/installations\\\/area52-veliko-tarnovo\\\/#primaryimage\"},\"image\":{\"@id\":\"https:\\\/\\\/airparx.com\\\/fr\\\/installations\\\/area52-veliko-tarnovo\\\/#primaryimage\"},\"thumbnailUrl\":\"https:\\\/\\\/airparx.com\\\/wp-content\\\/uploads\\\/2025\\\/11\\\/Area-52-Bulgaria-VT-1-scaled.jpg\",\"datePublished\":\"2025-11-17T15:36:32+00:00\",\"breadcrumb\":{\"@id\":\"https:\\\/\\\/airparx.com\\\/fr\\\/installations\\\/area52-veliko-tarnovo\\\/#breadcrumb\"},\"inLanguage\":\"fr-FR\",\"potentialAction\":[{\"@type\":\"ReadAction\",\"target\":[\"https:\\\/\\\/airparx.com\\\/fr\\\/installations\\\/area52-veliko-tarnovo\\\/\"]}]},{\"@type\":\"ImageObject\",\"inLanguage\":\"fr-FR\",\"@id\":\"https:\\\/\\\/airparx.com\\\/fr\\\/installations\\\/area52-veliko-tarnovo\\\/#primaryimage\",\"url\":\"https:\\\/\\\/airparx.com\\\/wp-content\\\/uploads\\\/2025\\\/11\\\/Area-52-Bulgaria-VT-1-scaled.jpg\",\"contentUrl\":\"https:\\\/\\\/airparx.com\\\/wp-content\\\/uploads\\\/2025\\\/11\\\/Area-52-Bulgaria-VT-1-scaled.jpg\",\"width\":2560,\"height\":1920},{\"@type\":\"BreadcrumbList\",\"@id\":\"https:\\\/\\\/airparx.com\\\/fr\\\/installations\\\/area52-veliko-tarnovo\\\/#breadcrumb\",\"itemListElement\":[{\"@type\":\"ListItem\",\"position\":1,\"name\":\"Home\",\"item\":\"https:\\\/\\\/airparx.com\\\/fr\\\/\"},{\"@type\":\"ListItem\",\"position\":2,\"name\":\"Area52 &#8211; Veliko Tarnovo\"}]},{\"@type\":\"WebSite\",\"@id\":\"https:\\\/\\\/airparx.com\\\/fr\\\/#website\",\"url\":\"https:\\\/\\\/airparx.com\\\/fr\\\/\",\"name\":\"Airparx\",\"description\":\"Inflatable &amp; Trampoline Park Supplier\",\"publisher\":{\"@id\":\"https:\\\/\\\/airparx.com\\\/fr\\\/#organization\"},\"potentialAction\":[{\"@type\":\"SearchAction\",\"target\":{\"@type\":\"EntryPoint\",\"urlTemplate\":\"https:\\\/\\\/airparx.com\\\/fr\\\/?s={search_term_string}\"},\"query-input\":{\"@type\":\"PropertyValueSpecification\",\"valueRequired\":true,\"valueName\":\"search_term_string\"}}],\"inLanguage\":\"fr-FR\"},{\"@type\":\"Organization\",\"@id\":\"https:\\\/\\\/airparx.com\\\/fr\\\/#organization\",\"name\":\"Airparx\",\"url\":\"https:\\\/\\\/airparx.com\\\/fr\\\/\",\"logo\":{\"@type\":\"ImageObject\",\"inLanguage\":\"fr-FR\",\"@id\":\"https:\\\/\\\/airparx.com\\\/fr\\\/#\\\/schema\\\/logo\\\/image\\\/\",\"url\":\"https:\\\/\\\/airparx.com\\\/wp-content\\\/uploads\\\/2022\\\/06\\\/Airparx_Logo.png\",\"contentUrl\":\"https:\\\/\\\/airparx.com\\\/wp-content\\\/uploads\\\/2022\\\/06\\\/Airparx_Logo.png\",\"width\":1127,\"height\":461,\"caption\":\"Airparx\"},\"image\":{\"@id\":\"https:\\\/\\\/airparx.com\\\/fr\\\/#\\\/schema\\\/logo\\\/image\\\/\"},\"sameAs\":[\"https:\\\/\\\/www.facebook.com\\\/Airparx\\\/\",\"https:\\\/\\\/www.instagram.com\\\/airparx\\\/\",\"https:\\\/\\\/www.youtube.com\\\/playlist?list=PL2LZnxdxb4eX2paMpuL0QxEvopAtGzyqY\",\"https:\\\/\\\/www.linkedin.com\\\/company\\\/airparx\\\/\"]}]}<\/script>\n<!-- \/ Yoast SEO Premium plugin. -->","yoast_head_json":{"title":"Area52 - Veliko Tarnovo - Airparx","robots":{"index":"index","follow":"follow","max-snippet":"max-snippet:-1","max-image-preview":"max-image-preview:large","max-video-preview":"max-video-preview:-1"},"canonical":"https:\/\/airparx.com\/fr\/installations\/area52-veliko-tarnovo\/","og_locale":"fr_FR","og_type":"article","og_title":"Area52 - Veliko Tarnovo","og_description":"Nouvelle ouverture d&rsquo;\u00e9tablissement \u00e0 AREA52 situ\u00e9 \u00e0 Veliko Tarnovo, Bulgarie. Il s&rsquo;agit d\u00e9sormais du 3e parc ouvert sous la marque Area52, sous la propri\u00e9t\u00e9 et la gestion de Jonathan Hargreaves et ses partenaires. Airparx a \u00e9t\u00e9 d\u00e9sign\u00e9 comme fournisseur d&rsquo;activit\u00e9s principal o\u00f9 nous avons install\u00e9 un parc gonflable, des trampolines, un coussin de r\u00e9ception avec [&hellip;]","og_url":"https:\/\/airparx.com\/fr\/installations\/area52-veliko-tarnovo\/","og_site_name":"Airparx","article_publisher":"https:\/\/www.facebook.com\/Airparx\/","og_image":[{"width":2560,"height":1920,"url":"https:\/\/airparx.com\/wp-content\/uploads\/2025\/11\/Area-52-Bulgaria-VT-1-scaled.jpg","type":"image\/jpeg"}],"twitter_card":"summary_large_image","twitter_misc":{"Dur\u00e9e de lecture estim\u00e9e":"1 minute"},"schema":{"@context":"https:\/\/schema.org","@graph":[{"@type":"WebPage","@id":"https:\/\/airparx.com\/fr\/installations\/area52-veliko-tarnovo\/","url":"https:\/\/airparx.com\/fr\/installations\/area52-veliko-tarnovo\/","name":"Area52 - Veliko Tarnovo - Airparx","isPartOf":{"@id":"https:\/\/airparx.com\/fr\/#website"},"primaryImageOfPage":{"@id":"https:\/\/airparx.com\/fr\/installations\/area52-veliko-tarnovo\/#primaryimage"},"image":{"@id":"https:\/\/airparx.com\/fr\/installations\/area52-veliko-tarnovo\/#primaryimage"},"thumbnailUrl":"https:\/\/airparx.com\/wp-content\/uploads\/2025\/11\/Area-52-Bulgaria-VT-1-scaled.jpg","datePublished":"2025-11-17T15:36:32+00:00","breadcrumb":{"@id":"https:\/\/airparx.com\/fr\/installations\/area52-veliko-tarnovo\/#breadcrumb"},"inLanguage":"fr-FR","potentialAction":[{"@type":"ReadAction","target":["https:\/\/airparx.com\/fr\/installations\/area52-veliko-tarnovo\/"]}]},{"@type":"ImageObject","inLanguage":"fr-FR","@id":"https:\/\/airparx.com\/fr\/installations\/area52-veliko-tarnovo\/#primaryimage","url":"https:\/\/airparx.com\/wp-content\/uploads\/2025\/11\/Area-52-Bulgaria-VT-1-scaled.jpg","contentUrl":"https:\/\/airparx.com\/wp-content\/uploads\/2025\/11\/Area-52-Bulgaria-VT-1-scaled.jpg","width":2560,"height":1920},{"@type":"BreadcrumbList","@id":"https:\/\/airparx.com\/fr\/installations\/area52-veliko-tarnovo\/#breadcrumb","itemListElement":[{"@type":"ListItem","position":1,"name":"Home","item":"https:\/\/airparx.com\/fr\/"},{"@type":"ListItem","position":2,"name":"Area52 &#8211; Veliko Tarnovo"}]},{"@type":"WebSite","@id":"https:\/\/airparx.com\/fr\/#website","url":"https:\/\/airparx.com\/fr\/","name":"Airparx","description":"Inflatable &amp; Trampoline Park Supplier","publisher":{"@id":"https:\/\/airparx.com\/fr\/#organization"},"potentialAction":[{"@type":"SearchAction","target":{"@type":"EntryPoint","urlTemplate":"https:\/\/airparx.com\/fr\/?s={search_term_string}"},"query-input":{"@type":"PropertyValueSpecification","valueRequired":true,"valueName":"search_term_string"}}],"inLanguage":"fr-FR"},{"@type":"Organization","@id":"https:\/\/airparx.com\/fr\/#organization","name":"Airparx","url":"https:\/\/airparx.com\/fr\/","logo":{"@type":"ImageObject","inLanguage":"fr-FR","@id":"https:\/\/airparx.com\/fr\/#\/schema\/logo\/image\/","url":"https:\/\/airparx.com\/wp-content\/uploads\/2022\/06\/Airparx_Logo.png","contentUrl":"https:\/\/airparx.com\/wp-content\/uploads\/2022\/06\/Airparx_Logo.png","width":1127,"height":461,"caption":"Airparx"},"image":{"@id":"https:\/\/airparx.com\/fr\/#\/schema\/logo\/image\/"},"sameAs":["https:\/\/www.facebook.com\/Airparx\/","https:\/\/www.instagram.com\/airparx\/","https:\/\/www.youtube.com\/playlist?list=PL2LZnxdxb4eX2paMpuL0QxEvopAtGzyqY","https:\/\/www.linkedin.com\/company\/airparx\/"]}]}},"_links":{"self":[{"href":"https:\/\/airparx.com\/fr\/wp-json\/wp\/v2\/product\/12583","targetHints":{"allow":["GET"]}}],"collection":[{"href":"https:\/\/airparx.com\/fr\/wp-json\/wp\/v2\/product"}],"about":[{"href":"https:\/\/airparx.com\/fr\/wp-json\/wp\/v2\/types\/product"}],"wp:featuredmedia":[{"embeddable":true,"href":"https:\/\/airparx.com\/fr\/wp-json\/wp\/v2\/media\/11406"}],"wp:attachment":[{"href":"https:\/\/airparx.com\/fr\/wp-json\/wp\/v2\/media?parent=12583"}],"wp:term":[{"taxonomy":"product_brand","embeddable":true,"href":"https:\/\/airparx.com\/fr\/wp-json\/wp\/v2\/product_brand?post=12583"},{"taxonomy":"product_cat","embeddable":true,"href":"https:\/\/airparx.com\/fr\/wp-json\/wp\/v2\/product_cat?post=12583"},{"taxonomy":"product_tag","embeddable":true,"href":"https:\/\/airparx.com\/fr\/wp-json\/wp\/v2\/product_tag?post=12583"}],"curies":[{"name":"wp","href":"https:\/\/api.w.org\/{rel}","templated":true}]}}