{"id":12589,"date":"2025-11-17T15:36:17","date_gmt":"2025-11-17T15:36:17","guid":{"rendered":"https:\/\/airparx.com\/installations\/ultimate-warriors\/"},"modified":"2025-11-17T15:36:17","modified_gmt":"2025-11-17T15:36:17","slug":"ultimate-warriors","status":"publish","type":"product","link":"https:\/\/airparx.com\/fr\/installations\/ultimate-warriors\/","title":{"rendered":"Ultimate Warriors"},"content":{"rendered":"<p>Ultimate Warriors a \u00e9t\u00e9 l&rsquo;un des projets de r\u00e9novation les plus passionnants et stimulants que nous avons r\u00e9alis\u00e9s en 2025. Le site comportait \u00e0 l&rsquo;origine plusieurs parcours ninja, et nous avons travaill\u00e9 en \u00e9troite collaboration avec le client pour les relocaliser et maximiser l&rsquo;espace disponible tout en introduisant de nouvelles fonctionnalit\u00e9s pour am\u00e9liorer l&rsquo;exp\u00e9rience des visiteurs.<\/p>\n<p>De la conception initiale \u00e0 la fabrication et l&rsquo;installation, chaque d\u00e9partement d&rsquo;Airparx a contribu\u00e9 avec d\u00e9vouement et pr\u00e9cision pour donner vie \u00e0 ce concept. La r\u00e9novation a introduit de nouveaux obstacles stimulants au parcours ninja existant, offrant une plus grande vari\u00e9t\u00e9 et un meilleur engagement pour les visiteurs de tous niveaux.<\/p>\n<p>Nous avons \u00e9galement introduit un tout nouveau parcours d&rsquo;obstacles gonflables, con\u00e7u pour offrir une exp\u00e9rience de course \u00e9nergique avec ses surfaces rebondissantes et dynamiques. L&rsquo;\u00e9l\u00e9ment phare de la r\u00e9novation est le parcours ninja \u00e0 deux \u00e9tages, proposant une combinaison palpitante de sections d&rsquo;obstacles et de toboggans. Le parc dispose \u00e9galement d&rsquo;un nouveau poteau de pompier et d&rsquo;un Warped Wall \u2014 soigneusement con\u00e7us pour d\u00e9fier et divertir les visiteurs de tous \u00e2ges et de toutes capacit\u00e9s.<\/p>\n<p>Le r\u00e9sultat est un site compl\u00e8tement transform\u00e9 qui offre un m\u00e9lange harmonieux de sensations fortes, de d\u00e9fis et de plaisir. Ultimate Warriors se pr\u00e9sente d\u00e9sormais comme une vitrine de la fa\u00e7on dont une planification minutieuse, une conception innovante et une ex\u00e9cution collaborative peuvent insuffler une nouvelle vie \u00e0 un lieu de divertissement familial, incitant les visiteurs \u00e0 revenir encore et encore.<\/p>\n<p>\u00ab\u00a0Airparx s&rsquo;est r\u00e9v\u00e9l\u00e9 \u00eatre un excellent partenaire pour notre projet de refonte de marque et de r\u00e9novation. Leur soutien et leur communication, de la consultation initiale \u00e0 la conception, la construction et le service apr\u00e8s-vente, ont \u00e9t\u00e9 exemplaires. Les conceptions 3D compl\u00e8tes nous ont fourni un haut niveau de confiance et l&rsquo;\u00e9thique de travail et l&rsquo;engagement tout au long de la construction ont \u00e9t\u00e9 remarquables. Nous sommes ravis de nos nouveaux \u00e9quipements, tant sur le plan esth\u00e9tique que de la qualit\u00e9, et nous nous r\u00e9jouissons de collaborer avec Airparx sur de futures initiatives.\u00a0\u00bb<\/p>\n<p>Sarah Greaves<br \/>\nUltimate Warriors Gloucester<\/p>\n","protected":false},"excerpt":{"rendered":"<p>Ultimate Warriors a \u00e9t\u00e9 l&rsquo;un des projets de r\u00e9novation les plus passionnants et stimulants que nous avons r\u00e9alis\u00e9s en 2025. Le site comportait \u00e0 l&rsquo;origine plusieurs parcours ninja, et nous avons travaill\u00e9 en \u00e9troite collaboration avec le client pour les relocaliser et maximiser l&rsquo;espace disponible tout en introduisant de nouvelles fonctionnalit\u00e9s pour am\u00e9liorer l&rsquo;exp\u00e9rience des [&hellip;]<\/p>\n","protected":false},"featured_media":11363,"template":"","meta":{"_acf_changed":false},"product_brand":[],"product_cat":[94,93,83],"product_tag":[],"class_list":{"0":"post-12589","1":"product","2":"type-product","3":"status-publish","4":"has-post-thumbnail","6":"product_cat-adaptation-et-ajouts","7":"product_cat-cours-de-ninja","8":"product_cat-parcs-gonflables","10":"first","11":"outofstock","12":"shipping-taxable","13":"product-type-simple"},"acf":[],"yoast_head":"<!-- This site is optimized with the Yoast SEO Premium plugin v26.7 (Yoast SEO v27.3) - https:\/\/yoast.com\/product\/yoast-seo-premium-wordpress\/ -->\n<title>Ultimate Warriors - Airparx<\/title>\n<meta name=\"robots\" content=\"index, follow, max-snippet:-1, max-image-preview:large, max-video-preview:-1\" \/>\n<link rel=\"canonical\" href=\"https:\/\/airparx.com\/fr\/installations\/ultimate-warriors\/\" \/>\n<meta property=\"og:locale\" content=\"fr_FR\" \/>\n<meta property=\"og:type\" content=\"article\" \/>\n<meta property=\"og:title\" content=\"Ultimate Warriors\" \/>\n<meta property=\"og:description\" content=\"Ultimate Warriors a \u00e9t\u00e9 l&rsquo;un des projets de r\u00e9novation les plus passionnants et stimulants que nous avons r\u00e9alis\u00e9s en 2025. Le site comportait \u00e0 l&rsquo;origine plusieurs parcours ninja, et nous avons travaill\u00e9 en \u00e9troite collaboration avec le client pour les relocaliser et maximiser l&rsquo;espace disponible tout en introduisant de nouvelles fonctionnalit\u00e9s pour am\u00e9liorer l&rsquo;exp\u00e9rience des [&hellip;]\" \/>\n<meta property=\"og:url\" content=\"https:\/\/airparx.com\/fr\/installations\/ultimate-warriors\/\" \/>\n<meta property=\"og:site_name\" content=\"Airparx\" \/>\n<meta property=\"article:publisher\" content=\"https:\/\/www.facebook.com\/Airparx\/\" \/>\n<meta property=\"og:image\" content=\"https:\/\/airparx.com\/wp-content\/uploads\/2025\/11\/Ultimate-Warriors-Glos-7-scaled.jpg\" \/>\n\t<meta property=\"og:image:width\" content=\"2560\" \/>\n\t<meta property=\"og:image:height\" content=\"1707\" \/>\n\t<meta property=\"og:image:type\" content=\"image\/jpeg\" \/>\n<meta name=\"twitter:card\" content=\"summary_large_image\" \/>\n<meta name=\"twitter:label1\" content=\"Dur\u00e9e de lecture estim\u00e9e\" \/>\n\t<meta name=\"twitter:data1\" content=\"2 minutes\" \/>\n<script type=\"application\/ld+json\" class=\"yoast-schema-graph\">{\"@context\":\"https:\\\/\\\/schema.org\",\"@graph\":[{\"@type\":\"WebPage\",\"@id\":\"https:\\\/\\\/airparx.com\\\/fr\\\/installations\\\/ultimate-warriors\\\/\",\"url\":\"https:\\\/\\\/airparx.com\\\/fr\\\/installations\\\/ultimate-warriors\\\/\",\"name\":\"Ultimate Warriors - Airparx\",\"isPartOf\":{\"@id\":\"https:\\\/\\\/airparx.com\\\/fr\\\/#website\"},\"primaryImageOfPage\":{\"@id\":\"https:\\\/\\\/airparx.com\\\/fr\\\/installations\\\/ultimate-warriors\\\/#primaryimage\"},\"image\":{\"@id\":\"https:\\\/\\\/airparx.com\\\/fr\\\/installations\\\/ultimate-warriors\\\/#primaryimage\"},\"thumbnailUrl\":\"https:\\\/\\\/airparx.com\\\/wp-content\\\/uploads\\\/2025\\\/11\\\/Ultimate-Warriors-Glos-7-scaled.jpg\",\"datePublished\":\"2025-11-17T15:36:17+00:00\",\"breadcrumb\":{\"@id\":\"https:\\\/\\\/airparx.com\\\/fr\\\/installations\\\/ultimate-warriors\\\/#breadcrumb\"},\"inLanguage\":\"fr-FR\",\"potentialAction\":[{\"@type\":\"ReadAction\",\"target\":[\"https:\\\/\\\/airparx.com\\\/fr\\\/installations\\\/ultimate-warriors\\\/\"]}]},{\"@type\":\"ImageObject\",\"inLanguage\":\"fr-FR\",\"@id\":\"https:\\\/\\\/airparx.com\\\/fr\\\/installations\\\/ultimate-warriors\\\/#primaryimage\",\"url\":\"https:\\\/\\\/airparx.com\\\/wp-content\\\/uploads\\\/2025\\\/11\\\/Ultimate-Warriors-Glos-7-scaled.jpg\",\"contentUrl\":\"https:\\\/\\\/airparx.com\\\/wp-content\\\/uploads\\\/2025\\\/11\\\/Ultimate-Warriors-Glos-7-scaled.jpg\",\"width\":2560,\"height\":1707},{\"@type\":\"BreadcrumbList\",\"@id\":\"https:\\\/\\\/airparx.com\\\/fr\\\/installations\\\/ultimate-warriors\\\/#breadcrumb\",\"itemListElement\":[{\"@type\":\"ListItem\",\"position\":1,\"name\":\"Home\",\"item\":\"https:\\\/\\\/airparx.com\\\/fr\\\/\"},{\"@type\":\"ListItem\",\"position\":2,\"name\":\"Ultimate Warriors\"}]},{\"@type\":\"WebSite\",\"@id\":\"https:\\\/\\\/airparx.com\\\/fr\\\/#website\",\"url\":\"https:\\\/\\\/airparx.com\\\/fr\\\/\",\"name\":\"Airparx\",\"description\":\"Inflatable &amp; Trampoline Park Supplier\",\"publisher\":{\"@id\":\"https:\\\/\\\/airparx.com\\\/fr\\\/#organization\"},\"potentialAction\":[{\"@type\":\"SearchAction\",\"target\":{\"@type\":\"EntryPoint\",\"urlTemplate\":\"https:\\\/\\\/airparx.com\\\/fr\\\/?s={search_term_string}\"},\"query-input\":{\"@type\":\"PropertyValueSpecification\",\"valueRequired\":true,\"valueName\":\"search_term_string\"}}],\"inLanguage\":\"fr-FR\"},{\"@type\":\"Organization\",\"@id\":\"https:\\\/\\\/airparx.com\\\/fr\\\/#organization\",\"name\":\"Airparx\",\"url\":\"https:\\\/\\\/airparx.com\\\/fr\\\/\",\"logo\":{\"@type\":\"ImageObject\",\"inLanguage\":\"fr-FR\",\"@id\":\"https:\\\/\\\/airparx.com\\\/fr\\\/#\\\/schema\\\/logo\\\/image\\\/\",\"url\":\"https:\\\/\\\/airparx.com\\\/wp-content\\\/uploads\\\/2022\\\/06\\\/Airparx_Logo.png\",\"contentUrl\":\"https:\\\/\\\/airparx.com\\\/wp-content\\\/uploads\\\/2022\\\/06\\\/Airparx_Logo.png\",\"width\":1127,\"height\":461,\"caption\":\"Airparx\"},\"image\":{\"@id\":\"https:\\\/\\\/airparx.com\\\/fr\\\/#\\\/schema\\\/logo\\\/image\\\/\"},\"sameAs\":[\"https:\\\/\\\/www.facebook.com\\\/Airparx\\\/\",\"https:\\\/\\\/www.instagram.com\\\/airparx\\\/\",\"https:\\\/\\\/www.youtube.com\\\/playlist?list=PL2LZnxdxb4eX2paMpuL0QxEvopAtGzyqY\",\"https:\\\/\\\/www.linkedin.com\\\/company\\\/airparx\\\/\"]}]}<\/script>\n<!-- \/ Yoast SEO Premium plugin. -->","yoast_head_json":{"title":"Ultimate Warriors - Airparx","robots":{"index":"index","follow":"follow","max-snippet":"max-snippet:-1","max-image-preview":"max-image-preview:large","max-video-preview":"max-video-preview:-1"},"canonical":"https:\/\/airparx.com\/fr\/installations\/ultimate-warriors\/","og_locale":"fr_FR","og_type":"article","og_title":"Ultimate Warriors","og_description":"Ultimate Warriors a \u00e9t\u00e9 l&rsquo;un des projets de r\u00e9novation les plus passionnants et stimulants que nous avons r\u00e9alis\u00e9s en 2025. Le site comportait \u00e0 l&rsquo;origine plusieurs parcours ninja, et nous avons travaill\u00e9 en \u00e9troite collaboration avec le client pour les relocaliser et maximiser l&rsquo;espace disponible tout en introduisant de nouvelles fonctionnalit\u00e9s pour am\u00e9liorer l&rsquo;exp\u00e9rience des [&hellip;]","og_url":"https:\/\/airparx.com\/fr\/installations\/ultimate-warriors\/","og_site_name":"Airparx","article_publisher":"https:\/\/www.facebook.com\/Airparx\/","og_image":[{"width":2560,"height":1707,"url":"https:\/\/airparx.com\/wp-content\/uploads\/2025\/11\/Ultimate-Warriors-Glos-7-scaled.jpg","type":"image\/jpeg"}],"twitter_card":"summary_large_image","twitter_misc":{"Dur\u00e9e de lecture estim\u00e9e":"2 minutes"},"schema":{"@context":"https:\/\/schema.org","@graph":[{"@type":"WebPage","@id":"https:\/\/airparx.com\/fr\/installations\/ultimate-warriors\/","url":"https:\/\/airparx.com\/fr\/installations\/ultimate-warriors\/","name":"Ultimate Warriors - Airparx","isPartOf":{"@id":"https:\/\/airparx.com\/fr\/#website"},"primaryImageOfPage":{"@id":"https:\/\/airparx.com\/fr\/installations\/ultimate-warriors\/#primaryimage"},"image":{"@id":"https:\/\/airparx.com\/fr\/installations\/ultimate-warriors\/#primaryimage"},"thumbnailUrl":"https:\/\/airparx.com\/wp-content\/uploads\/2025\/11\/Ultimate-Warriors-Glos-7-scaled.jpg","datePublished":"2025-11-17T15:36:17+00:00","breadcrumb":{"@id":"https:\/\/airparx.com\/fr\/installations\/ultimate-warriors\/#breadcrumb"},"inLanguage":"fr-FR","potentialAction":[{"@type":"ReadAction","target":["https:\/\/airparx.com\/fr\/installations\/ultimate-warriors\/"]}]},{"@type":"ImageObject","inLanguage":"fr-FR","@id":"https:\/\/airparx.com\/fr\/installations\/ultimate-warriors\/#primaryimage","url":"https:\/\/airparx.com\/wp-content\/uploads\/2025\/11\/Ultimate-Warriors-Glos-7-scaled.jpg","contentUrl":"https:\/\/airparx.com\/wp-content\/uploads\/2025\/11\/Ultimate-Warriors-Glos-7-scaled.jpg","width":2560,"height":1707},{"@type":"BreadcrumbList","@id":"https:\/\/airparx.com\/fr\/installations\/ultimate-warriors\/#breadcrumb","itemListElement":[{"@type":"ListItem","position":1,"name":"Home","item":"https:\/\/airparx.com\/fr\/"},{"@type":"ListItem","position":2,"name":"Ultimate Warriors"}]},{"@type":"WebSite","@id":"https:\/\/airparx.com\/fr\/#website","url":"https:\/\/airparx.com\/fr\/","name":"Airparx","description":"Inflatable &amp; Trampoline Park Supplier","publisher":{"@id":"https:\/\/airparx.com\/fr\/#organization"},"potentialAction":[{"@type":"SearchAction","target":{"@type":"EntryPoint","urlTemplate":"https:\/\/airparx.com\/fr\/?s={search_term_string}"},"query-input":{"@type":"PropertyValueSpecification","valueRequired":true,"valueName":"search_term_string"}}],"inLanguage":"fr-FR"},{"@type":"Organization","@id":"https:\/\/airparx.com\/fr\/#organization","name":"Airparx","url":"https:\/\/airparx.com\/fr\/","logo":{"@type":"ImageObject","inLanguage":"fr-FR","@id":"https:\/\/airparx.com\/fr\/#\/schema\/logo\/image\/","url":"https:\/\/airparx.com\/wp-content\/uploads\/2022\/06\/Airparx_Logo.png","contentUrl":"https:\/\/airparx.com\/wp-content\/uploads\/2022\/06\/Airparx_Logo.png","width":1127,"height":461,"caption":"Airparx"},"image":{"@id":"https:\/\/airparx.com\/fr\/#\/schema\/logo\/image\/"},"sameAs":["https:\/\/www.facebook.com\/Airparx\/","https:\/\/www.instagram.com\/airparx\/","https:\/\/www.youtube.com\/playlist?list=PL2LZnxdxb4eX2paMpuL0QxEvopAtGzyqY","https:\/\/www.linkedin.com\/company\/airparx\/"]}]}},"_links":{"self":[{"href":"https:\/\/airparx.com\/fr\/wp-json\/wp\/v2\/product\/12589","targetHints":{"allow":["GET"]}}],"collection":[{"href":"https:\/\/airparx.com\/fr\/wp-json\/wp\/v2\/product"}],"about":[{"href":"https:\/\/airparx.com\/fr\/wp-json\/wp\/v2\/types\/product"}],"wp:featuredmedia":[{"embeddable":true,"href":"https:\/\/airparx.com\/fr\/wp-json\/wp\/v2\/media\/11363"}],"wp:attachment":[{"href":"https:\/\/airparx.com\/fr\/wp-json\/wp\/v2\/media?parent=12589"}],"wp:term":[{"taxonomy":"product_brand","embeddable":true,"href":"https:\/\/airparx.com\/fr\/wp-json\/wp\/v2\/product_brand?post=12589"},{"taxonomy":"product_cat","embeddable":true,"href":"https:\/\/airparx.com\/fr\/wp-json\/wp\/v2\/product_cat?post=12589"},{"taxonomy":"product_tag","embeddable":true,"href":"https:\/\/airparx.com\/fr\/wp-json\/wp\/v2\/product_tag?post=12589"}],"curies":[{"name":"wp","href":"https:\/\/api.w.org\/{rel}","templated":true}]}}