{"id":12590,"date":"2025-11-17T15:36:07","date_gmt":"2025-11-17T15:36:07","guid":{"rendered":"https:\/\/airparx.com\/installations\/airthrill-east-kilbride\/"},"modified":"2025-11-17T15:36:07","modified_gmt":"2025-11-17T15:36:07","slug":"airthrill-east-kilbride","status":"publish","type":"product","link":"https:\/\/airparx.com\/fr\/installations\/airthrill-east-kilbride\/","title":{"rendered":"AirThrill East Kilbride"},"content":{"rendered":"<p>Client de longue date d&rsquo;Airparx, AirThrill souhaitait transformer un ancien parc gonflable en quelque chose de nouveau et innovant.<\/p>\n<p>Mais ce projet n&rsquo;\u00e9tait pas un simple remplacement ordinaire. Ce parc gonflable d&rsquo;East Kilbride, en \u00c9cosse, affiche une superficie impressionnante de 2 361 m2 de pur divertissement. AirThrill East Kilbride pr\u00e9sente le plus grand parcours d&rsquo;obstacles jamais cr\u00e9\u00e9 par Airparx : un immense parcours \u00e0 4 couloirs qui fait le tour complet du parc. Il comprend \u00e9galement une zone centrale de rebondissement remplie des plus grands toboggans et des derni\u00e8res innovations d&rsquo;Airparx, ainsi qu&rsquo;un grand espace pour les jeunes enfants qui ne sont pas encore assez grands pour profiter des zones principales du parc.<\/p>\n<p>De multiples visites sur site et la collaboration avec l&rsquo;\u00e9quipe AirThrill ont permis \u00e0 ce projet d&rsquo;envergure de se d\u00e9rouler sans accroc. S&rsquo;agissant d&rsquo;un remplacement de parc gonflable, l&rsquo;\u00e9quipe sur place avait d\u00e9j\u00e0 des id\u00e9es tr\u00e8s pr\u00e9cises \u00e0 concr\u00e9tiser. Une fois les \u00e9l\u00e9ments principaux valid\u00e9s, il s&rsquo;agissait ensuite de combler les espaces pour exploiter chaque m\u00e8tre carr\u00e9.<\/p>\n<p>L&rsquo;\u00e9quipe Airparx s&rsquo;est \u00e9galement associ\u00e9e \u00e0 AirThrill et Wonder World sur plusieurs projets \u00e0 travers diff\u00e9rents sites, notamment Perth, Falkirk, \u00c9dimbourg et Catford.<\/p>\n<p>\u00ab\u00a0Nous sommes ravis de notre nouveau parc gonflable modernis\u00e9 situ\u00e9 \u00e0 East Kilbride. Con\u00e7u et install\u00e9 par Airparx, le design innovant pr\u00e9sente une gamme \u00e9poustouflante d&rsquo;attractions qui captive aussi bien les enfants que les adultes, garantissant un plaisir et une excitation sans fin. Nous sommes infiniment reconnaissants envers Airparx d&rsquo;avoir transform\u00e9 notre vision en une r\u00e9alit\u00e9 extraordinaire. Leur expertise, leur innovation et leur service exceptionnel ont largement d\u00e9pass\u00e9 nos attentes.\u00a0\u00bb<\/p>\n<p>Narinder Singh Baryah<br \/>\nDirecteur g\u00e9n\u00e9ral de Wonder World \/ AirThrill<\/p>\n<p>&nbsp;<\/p>\n","protected":false},"excerpt":{"rendered":"<p>Client de longue date d&rsquo;Airparx, AirThrill souhaitait transformer un ancien parc gonflable en quelque chose de nouveau et innovant. Mais ce projet n&rsquo;\u00e9tait pas un simple remplacement ordinaire. Ce parc gonflable d&rsquo;East Kilbride, en \u00c9cosse, affiche une superficie impressionnante de 2 361 m2 de pur divertissement. AirThrill East Kilbride pr\u00e9sente le plus grand parcours d&rsquo;obstacles [&hellip;]<\/p>\n","protected":false},"featured_media":11250,"template":"","meta":{"_acf_changed":false},"product_brand":[],"product_cat":[86,83],"product_tag":[],"class_list":{"0":"post-12590","1":"product","2":"type-product","3":"status-publish","4":"has-post-thumbnail","6":"product_cat-parcs-de-trampoline","7":"product_cat-parcs-gonflables","9":"first","10":"outofstock","11":"shipping-taxable","12":"product-type-simple"},"acf":[],"yoast_head":"<!-- This site is optimized with the Yoast SEO Premium plugin v26.7 (Yoast SEO v27.3) - https:\/\/yoast.com\/product\/yoast-seo-premium-wordpress\/ -->\n<title>AirThrill East Kilbride - Airparx<\/title>\n<meta name=\"robots\" content=\"index, follow, max-snippet:-1, max-image-preview:large, max-video-preview:-1\" \/>\n<link rel=\"canonical\" href=\"https:\/\/airparx.com\/fr\/installations\/airthrill-east-kilbride\/\" \/>\n<meta property=\"og:locale\" content=\"fr_FR\" \/>\n<meta property=\"og:type\" content=\"article\" \/>\n<meta property=\"og:title\" content=\"AirThrill East Kilbride\" \/>\n<meta property=\"og:description\" content=\"Client de longue date d&rsquo;Airparx, AirThrill souhaitait transformer un ancien parc gonflable en quelque chose de nouveau et innovant. Mais ce projet n&rsquo;\u00e9tait pas un simple remplacement ordinaire. Ce parc gonflable d&rsquo;East Kilbride, en \u00c9cosse, affiche une superficie impressionnante de 2 361 m2 de pur divertissement. AirThrill East Kilbride pr\u00e9sente le plus grand parcours d&rsquo;obstacles [&hellip;]\" \/>\n<meta property=\"og:url\" content=\"https:\/\/airparx.com\/fr\/installations\/airthrill-east-kilbride\/\" \/>\n<meta property=\"og:site_name\" content=\"Airparx\" \/>\n<meta property=\"article:publisher\" content=\"https:\/\/www.facebook.com\/Airparx\/\" \/>\n<meta property=\"og:image\" content=\"https:\/\/airparx.com\/wp-content\/uploads\/2025\/11\/AirTrill-East-Kilbride-1-scaled.jpg\" \/>\n\t<meta property=\"og:image:width\" content=\"2560\" \/>\n\t<meta property=\"og:image:height\" content=\"1707\" \/>\n\t<meta property=\"og:image:type\" content=\"image\/jpeg\" \/>\n<meta name=\"twitter:card\" content=\"summary_large_image\" \/>\n<meta name=\"twitter:label1\" content=\"Dur\u00e9e de lecture estim\u00e9e\" \/>\n\t<meta name=\"twitter:data1\" content=\"1 minute\" \/>\n<script type=\"application\/ld+json\" class=\"yoast-schema-graph\">{\"@context\":\"https:\\\/\\\/schema.org\",\"@graph\":[{\"@type\":\"WebPage\",\"@id\":\"https:\\\/\\\/airparx.com\\\/fr\\\/installations\\\/airthrill-east-kilbride\\\/\",\"url\":\"https:\\\/\\\/airparx.com\\\/fr\\\/installations\\\/airthrill-east-kilbride\\\/\",\"name\":\"AirThrill East Kilbride - Airparx\",\"isPartOf\":{\"@id\":\"https:\\\/\\\/airparx.com\\\/fr\\\/#website\"},\"primaryImageOfPage\":{\"@id\":\"https:\\\/\\\/airparx.com\\\/fr\\\/installations\\\/airthrill-east-kilbride\\\/#primaryimage\"},\"image\":{\"@id\":\"https:\\\/\\\/airparx.com\\\/fr\\\/installations\\\/airthrill-east-kilbride\\\/#primaryimage\"},\"thumbnailUrl\":\"https:\\\/\\\/airparx.com\\\/wp-content\\\/uploads\\\/2025\\\/11\\\/AirTrill-East-Kilbride-1-scaled.jpg\",\"datePublished\":\"2025-11-17T15:36:07+00:00\",\"breadcrumb\":{\"@id\":\"https:\\\/\\\/airparx.com\\\/fr\\\/installations\\\/airthrill-east-kilbride\\\/#breadcrumb\"},\"inLanguage\":\"fr-FR\",\"potentialAction\":[{\"@type\":\"ReadAction\",\"target\":[\"https:\\\/\\\/airparx.com\\\/fr\\\/installations\\\/airthrill-east-kilbride\\\/\"]}]},{\"@type\":\"ImageObject\",\"inLanguage\":\"fr-FR\",\"@id\":\"https:\\\/\\\/airparx.com\\\/fr\\\/installations\\\/airthrill-east-kilbride\\\/#primaryimage\",\"url\":\"https:\\\/\\\/airparx.com\\\/wp-content\\\/uploads\\\/2025\\\/11\\\/AirTrill-East-Kilbride-1-scaled.jpg\",\"contentUrl\":\"https:\\\/\\\/airparx.com\\\/wp-content\\\/uploads\\\/2025\\\/11\\\/AirTrill-East-Kilbride-1-scaled.jpg\",\"width\":2560,\"height\":1707},{\"@type\":\"BreadcrumbList\",\"@id\":\"https:\\\/\\\/airparx.com\\\/fr\\\/installations\\\/airthrill-east-kilbride\\\/#breadcrumb\",\"itemListElement\":[{\"@type\":\"ListItem\",\"position\":1,\"name\":\"Home\",\"item\":\"https:\\\/\\\/airparx.com\\\/fr\\\/\"},{\"@type\":\"ListItem\",\"position\":2,\"name\":\"AirThrill East Kilbride\"}]},{\"@type\":\"WebSite\",\"@id\":\"https:\\\/\\\/airparx.com\\\/fr\\\/#website\",\"url\":\"https:\\\/\\\/airparx.com\\\/fr\\\/\",\"name\":\"Airparx\",\"description\":\"Inflatable &amp; Trampoline Park Supplier\",\"publisher\":{\"@id\":\"https:\\\/\\\/airparx.com\\\/fr\\\/#organization\"},\"potentialAction\":[{\"@type\":\"SearchAction\",\"target\":{\"@type\":\"EntryPoint\",\"urlTemplate\":\"https:\\\/\\\/airparx.com\\\/fr\\\/?s={search_term_string}\"},\"query-input\":{\"@type\":\"PropertyValueSpecification\",\"valueRequired\":true,\"valueName\":\"search_term_string\"}}],\"inLanguage\":\"fr-FR\"},{\"@type\":\"Organization\",\"@id\":\"https:\\\/\\\/airparx.com\\\/fr\\\/#organization\",\"name\":\"Airparx\",\"url\":\"https:\\\/\\\/airparx.com\\\/fr\\\/\",\"logo\":{\"@type\":\"ImageObject\",\"inLanguage\":\"fr-FR\",\"@id\":\"https:\\\/\\\/airparx.com\\\/fr\\\/#\\\/schema\\\/logo\\\/image\\\/\",\"url\":\"https:\\\/\\\/airparx.com\\\/wp-content\\\/uploads\\\/2022\\\/06\\\/Airparx_Logo.png\",\"contentUrl\":\"https:\\\/\\\/airparx.com\\\/wp-content\\\/uploads\\\/2022\\\/06\\\/Airparx_Logo.png\",\"width\":1127,\"height\":461,\"caption\":\"Airparx\"},\"image\":{\"@id\":\"https:\\\/\\\/airparx.com\\\/fr\\\/#\\\/schema\\\/logo\\\/image\\\/\"},\"sameAs\":[\"https:\\\/\\\/www.facebook.com\\\/Airparx\\\/\",\"https:\\\/\\\/www.instagram.com\\\/airparx\\\/\",\"https:\\\/\\\/www.youtube.com\\\/playlist?list=PL2LZnxdxb4eX2paMpuL0QxEvopAtGzyqY\",\"https:\\\/\\\/www.linkedin.com\\\/company\\\/airparx\\\/\"]}]}<\/script>\n<!-- \/ Yoast SEO Premium plugin. -->","yoast_head_json":{"title":"AirThrill East Kilbride - Airparx","robots":{"index":"index","follow":"follow","max-snippet":"max-snippet:-1","max-image-preview":"max-image-preview:large","max-video-preview":"max-video-preview:-1"},"canonical":"https:\/\/airparx.com\/fr\/installations\/airthrill-east-kilbride\/","og_locale":"fr_FR","og_type":"article","og_title":"AirThrill East Kilbride","og_description":"Client de longue date d&rsquo;Airparx, AirThrill souhaitait transformer un ancien parc gonflable en quelque chose de nouveau et innovant. Mais ce projet n&rsquo;\u00e9tait pas un simple remplacement ordinaire. Ce parc gonflable d&rsquo;East Kilbride, en \u00c9cosse, affiche une superficie impressionnante de 2 361 m2 de pur divertissement. AirThrill East Kilbride pr\u00e9sente le plus grand parcours d&rsquo;obstacles [&hellip;]","og_url":"https:\/\/airparx.com\/fr\/installations\/airthrill-east-kilbride\/","og_site_name":"Airparx","article_publisher":"https:\/\/www.facebook.com\/Airparx\/","og_image":[{"width":2560,"height":1707,"url":"https:\/\/airparx.com\/wp-content\/uploads\/2025\/11\/AirTrill-East-Kilbride-1-scaled.jpg","type":"image\/jpeg"}],"twitter_card":"summary_large_image","twitter_misc":{"Dur\u00e9e de lecture estim\u00e9e":"1 minute"},"schema":{"@context":"https:\/\/schema.org","@graph":[{"@type":"WebPage","@id":"https:\/\/airparx.com\/fr\/installations\/airthrill-east-kilbride\/","url":"https:\/\/airparx.com\/fr\/installations\/airthrill-east-kilbride\/","name":"AirThrill East Kilbride - Airparx","isPartOf":{"@id":"https:\/\/airparx.com\/fr\/#website"},"primaryImageOfPage":{"@id":"https:\/\/airparx.com\/fr\/installations\/airthrill-east-kilbride\/#primaryimage"},"image":{"@id":"https:\/\/airparx.com\/fr\/installations\/airthrill-east-kilbride\/#primaryimage"},"thumbnailUrl":"https:\/\/airparx.com\/wp-content\/uploads\/2025\/11\/AirTrill-East-Kilbride-1-scaled.jpg","datePublished":"2025-11-17T15:36:07+00:00","breadcrumb":{"@id":"https:\/\/airparx.com\/fr\/installations\/airthrill-east-kilbride\/#breadcrumb"},"inLanguage":"fr-FR","potentialAction":[{"@type":"ReadAction","target":["https:\/\/airparx.com\/fr\/installations\/airthrill-east-kilbride\/"]}]},{"@type":"ImageObject","inLanguage":"fr-FR","@id":"https:\/\/airparx.com\/fr\/installations\/airthrill-east-kilbride\/#primaryimage","url":"https:\/\/airparx.com\/wp-content\/uploads\/2025\/11\/AirTrill-East-Kilbride-1-scaled.jpg","contentUrl":"https:\/\/airparx.com\/wp-content\/uploads\/2025\/11\/AirTrill-East-Kilbride-1-scaled.jpg","width":2560,"height":1707},{"@type":"BreadcrumbList","@id":"https:\/\/airparx.com\/fr\/installations\/airthrill-east-kilbride\/#breadcrumb","itemListElement":[{"@type":"ListItem","position":1,"name":"Home","item":"https:\/\/airparx.com\/fr\/"},{"@type":"ListItem","position":2,"name":"AirThrill East Kilbride"}]},{"@type":"WebSite","@id":"https:\/\/airparx.com\/fr\/#website","url":"https:\/\/airparx.com\/fr\/","name":"Airparx","description":"Inflatable &amp; Trampoline Park Supplier","publisher":{"@id":"https:\/\/airparx.com\/fr\/#organization"},"potentialAction":[{"@type":"SearchAction","target":{"@type":"EntryPoint","urlTemplate":"https:\/\/airparx.com\/fr\/?s={search_term_string}"},"query-input":{"@type":"PropertyValueSpecification","valueRequired":true,"valueName":"search_term_string"}}],"inLanguage":"fr-FR"},{"@type":"Organization","@id":"https:\/\/airparx.com\/fr\/#organization","name":"Airparx","url":"https:\/\/airparx.com\/fr\/","logo":{"@type":"ImageObject","inLanguage":"fr-FR","@id":"https:\/\/airparx.com\/fr\/#\/schema\/logo\/image\/","url":"https:\/\/airparx.com\/wp-content\/uploads\/2022\/06\/Airparx_Logo.png","contentUrl":"https:\/\/airparx.com\/wp-content\/uploads\/2022\/06\/Airparx_Logo.png","width":1127,"height":461,"caption":"Airparx"},"image":{"@id":"https:\/\/airparx.com\/fr\/#\/schema\/logo\/image\/"},"sameAs":["https:\/\/www.facebook.com\/Airparx\/","https:\/\/www.instagram.com\/airparx\/","https:\/\/www.youtube.com\/playlist?list=PL2LZnxdxb4eX2paMpuL0QxEvopAtGzyqY","https:\/\/www.linkedin.com\/company\/airparx\/"]}]}},"_links":{"self":[{"href":"https:\/\/airparx.com\/fr\/wp-json\/wp\/v2\/product\/12590","targetHints":{"allow":["GET"]}}],"collection":[{"href":"https:\/\/airparx.com\/fr\/wp-json\/wp\/v2\/product"}],"about":[{"href":"https:\/\/airparx.com\/fr\/wp-json\/wp\/v2\/types\/product"}],"wp:featuredmedia":[{"embeddable":true,"href":"https:\/\/airparx.com\/fr\/wp-json\/wp\/v2\/media\/11250"}],"wp:attachment":[{"href":"https:\/\/airparx.com\/fr\/wp-json\/wp\/v2\/media?parent=12590"}],"wp:term":[{"taxonomy":"product_brand","embeddable":true,"href":"https:\/\/airparx.com\/fr\/wp-json\/wp\/v2\/product_brand?post=12590"},{"taxonomy":"product_cat","embeddable":true,"href":"https:\/\/airparx.com\/fr\/wp-json\/wp\/v2\/product_cat?post=12590"},{"taxonomy":"product_tag","embeddable":true,"href":"https:\/\/airparx.com\/fr\/wp-json\/wp\/v2\/product_tag?post=12590"}],"curies":[{"name":"wp","href":"https:\/\/api.w.org\/{rel}","templated":true}]}}