{"id":12624,"date":"2025-11-17T15:35:29","date_gmt":"2025-11-17T15:35:29","guid":{"rendered":"https:\/\/airparx.com\/installations\/total-ninja-adventure-park\/"},"modified":"2025-11-17T15:35:29","modified_gmt":"2025-11-17T15:35:29","slug":"total-ninja-adventure-park","status":"publish","type":"product","link":"https:\/\/airparx.com\/fr\/installations\/total-ninja-adventure-park\/","title":{"rendered":"Total Ninja Adventure Park"},"content":{"rendered":"<p>Notre collaboration avec Total Ninja a d\u00e9but\u00e9 en 2023 et, depuis lors, nous avons travaill\u00e9 ensemble sur de multiples projets \u00e0 travers plusieurs sites. Nous avons eu le plaisir de concevoir et de fabriquer des parcs gonflables, des parcours ninja et des ar\u00e8nes de dodgeball dans plusieurs localit\u00e9s en Afrique du Sud et aux \u00c9mirats arabes unis.<\/p>\n<p>D\u00e8s le d\u00e9part, ce partenariat a \u00e9t\u00e9 port\u00e9 par une ambition commune : cr\u00e9er des destinations de divertissement actif de classe mondiale alliant plaisir, d\u00e9fi et aventure. L\u2019expertise d\u2019Airparx en conception et fabrication a permis \u00e0 Total Ninja de proposer des attractions uniques et dynamiques \u00e0 son public international, adapt\u00e9es tant aux march\u00e9s locaux qu\u2019aux standards mondiaux de la marque.<\/p>\n<p>Chaque projet refl\u00e8te l\u2019engagement de Total Ninja \u00e0 offrir des exp\u00e9riences premium riches en adr\u00e9naline, tout en illustrant la capacit\u00e9 d\u2019Airparx \u00e0 s\u2019adapter et \u00e0 innover dans diff\u00e9rents environnements. Ensemble, nous avons transform\u00e9 des espaces vides en centres d\u2019activit\u00e9 vibrants, offrant aux visiteurs des exp\u00e9riences inoubliables et encourageant les visites r\u00e9p\u00e9t\u00e9es.<\/p>\n<p>Alors que la collaboration se poursuit, Total Ninja et Airparx restent concentr\u00e9s sur l\u2019expansion de leur empreinte mondiale, pla\u00e7ant la barre plus haut pour le divertissement actif et inspirant les participants de tous \u00e2ges \u00e0 repousser leurs limites tout en s\u2019amusant.<\/p>\n<p>\u00ab Travailler avec Airparx a propuls\u00e9 nos parcs au niveau sup\u00e9rieur. La qualit\u00e9 des designs, l\u2019attention port\u00e9e aux d\u00e9tails et la mani\u00e8re dont ils capturent l\u2019\u00e9nergie de notre marque sont exceptionnelles. Les visuels pr\u00e9sentent nos sites exactement comme nous voulons qu\u2019ils soient vus : dynamiques, attrayants et con\u00e7us pour impressionner. Suite au succ\u00e8s du ph\u00e9nom\u00e8ne t\u00e9l\u00e9visuel mondial, Total Ninja est devenu une entreprise multinationale pr\u00e9sente sur plusieurs sites et proposant de multiples attractions ; la capacit\u00e9 d\u2019Airparx \u00e0 fournir des produits et services de premier ordre \u00e0 travers le monde t\u00e9moigne de leur professionnalisme et de leur port\u00e9e. \u00bb<\/p>\n<p>Gavin Moran<br \/>\nPropri\u00e9taire, Total Ninja Adventure Park<\/p>\n","protected":false},"excerpt":{"rendered":"<p>Notre collaboration avec Total Ninja a d\u00e9but\u00e9 en 2023 et, depuis lors, nous avons travaill\u00e9 ensemble sur de multiples projets \u00e0 travers plusieurs sites. Nous avons eu le plaisir de concevoir et de fabriquer des parcs gonflables, des parcours ninja et des ar\u00e8nes de dodgeball dans plusieurs localit\u00e9s en Afrique du Sud et aux \u00c9mirats [&hellip;]<\/p>\n","protected":false},"featured_media":11193,"template":"","meta":{"_acf_changed":false},"product_brand":[],"product_cat":[93,87,84,86,83],"product_tag":[],"class_list":{"0":"post-12624","1":"product","2":"type-product","3":"status-publish","4":"has-post-thumbnail","6":"product_cat-cours-de-ninja","7":"product_cat-divertissement-interactif","8":"product_cat-jeux-doux-et-terrains-de-jeux-interieurs","9":"product_cat-parcs-de-trampoline","10":"product_cat-parcs-gonflables","12":"first","13":"outofstock","14":"shipping-taxable","15":"product-type-simple"},"acf":[],"yoast_head":"<!-- This site is optimized with the Yoast SEO Premium plugin v26.7 (Yoast SEO v27.3) - https:\/\/yoast.com\/product\/yoast-seo-premium-wordpress\/ -->\n<title>Total Ninja Adventure Park - Airparx<\/title>\n<meta name=\"robots\" content=\"index, follow, max-snippet:-1, max-image-preview:large, max-video-preview:-1\" \/>\n<link rel=\"canonical\" href=\"https:\/\/airparx.com\/fr\/installations\/total-ninja-adventure-park\/\" \/>\n<meta property=\"og:locale\" content=\"fr_FR\" \/>\n<meta property=\"og:type\" content=\"article\" \/>\n<meta property=\"og:title\" content=\"Total Ninja Adventure Park\" \/>\n<meta property=\"og:description\" content=\"Notre collaboration avec Total Ninja a d\u00e9but\u00e9 en 2023 et, depuis lors, nous avons travaill\u00e9 ensemble sur de multiples projets \u00e0 travers plusieurs sites. Nous avons eu le plaisir de concevoir et de fabriquer des parcs gonflables, des parcours ninja et des ar\u00e8nes de dodgeball dans plusieurs localit\u00e9s en Afrique du Sud et aux \u00c9mirats [&hellip;]\" \/>\n<meta property=\"og:url\" content=\"https:\/\/airparx.com\/fr\/installations\/total-ninja-adventure-park\/\" \/>\n<meta property=\"og:site_name\" content=\"Airparx\" \/>\n<meta property=\"article:publisher\" content=\"https:\/\/www.facebook.com\/Airparx\/\" \/>\n<meta property=\"og:image\" content=\"https:\/\/airparx.com\/wp-content\/uploads\/2025\/11\/IMG-20240412-WA0019.jpg\" \/>\n\t<meta property=\"og:image:width\" content=\"2048\" \/>\n\t<meta property=\"og:image:height\" content=\"1536\" \/>\n\t<meta property=\"og:image:type\" content=\"image\/jpeg\" \/>\n<meta name=\"twitter:card\" content=\"summary_large_image\" \/>\n<meta name=\"twitter:label1\" content=\"Dur\u00e9e de lecture estim\u00e9e\" \/>\n\t<meta name=\"twitter:data1\" content=\"2 minutes\" \/>\n<script type=\"application\/ld+json\" class=\"yoast-schema-graph\">{\"@context\":\"https:\\\/\\\/schema.org\",\"@graph\":[{\"@type\":\"WebPage\",\"@id\":\"https:\\\/\\\/airparx.com\\\/fr\\\/installations\\\/total-ninja-adventure-park\\\/\",\"url\":\"https:\\\/\\\/airparx.com\\\/fr\\\/installations\\\/total-ninja-adventure-park\\\/\",\"name\":\"Total Ninja Adventure Park - Airparx\",\"isPartOf\":{\"@id\":\"https:\\\/\\\/airparx.com\\\/fr\\\/#website\"},\"primaryImageOfPage\":{\"@id\":\"https:\\\/\\\/airparx.com\\\/fr\\\/installations\\\/total-ninja-adventure-park\\\/#primaryimage\"},\"image\":{\"@id\":\"https:\\\/\\\/airparx.com\\\/fr\\\/installations\\\/total-ninja-adventure-park\\\/#primaryimage\"},\"thumbnailUrl\":\"https:\\\/\\\/airparx.com\\\/wp-content\\\/uploads\\\/2025\\\/11\\\/IMG-20240412-WA0019.jpg\",\"datePublished\":\"2025-11-17T15:35:29+00:00\",\"breadcrumb\":{\"@id\":\"https:\\\/\\\/airparx.com\\\/fr\\\/installations\\\/total-ninja-adventure-park\\\/#breadcrumb\"},\"inLanguage\":\"fr-FR\",\"potentialAction\":[{\"@type\":\"ReadAction\",\"target\":[\"https:\\\/\\\/airparx.com\\\/fr\\\/installations\\\/total-ninja-adventure-park\\\/\"]}]},{\"@type\":\"ImageObject\",\"inLanguage\":\"fr-FR\",\"@id\":\"https:\\\/\\\/airparx.com\\\/fr\\\/installations\\\/total-ninja-adventure-park\\\/#primaryimage\",\"url\":\"https:\\\/\\\/airparx.com\\\/wp-content\\\/uploads\\\/2025\\\/11\\\/IMG-20240412-WA0019.jpg\",\"contentUrl\":\"https:\\\/\\\/airparx.com\\\/wp-content\\\/uploads\\\/2025\\\/11\\\/IMG-20240412-WA0019.jpg\",\"width\":2048,\"height\":1536},{\"@type\":\"BreadcrumbList\",\"@id\":\"https:\\\/\\\/airparx.com\\\/fr\\\/installations\\\/total-ninja-adventure-park\\\/#breadcrumb\",\"itemListElement\":[{\"@type\":\"ListItem\",\"position\":1,\"name\":\"Home\",\"item\":\"https:\\\/\\\/airparx.com\\\/fr\\\/\"},{\"@type\":\"ListItem\",\"position\":2,\"name\":\"Total Ninja Adventure Park\"}]},{\"@type\":\"WebSite\",\"@id\":\"https:\\\/\\\/airparx.com\\\/fr\\\/#website\",\"url\":\"https:\\\/\\\/airparx.com\\\/fr\\\/\",\"name\":\"Airparx\",\"description\":\"Inflatable &amp; Trampoline Park Supplier\",\"publisher\":{\"@id\":\"https:\\\/\\\/airparx.com\\\/fr\\\/#organization\"},\"potentialAction\":[{\"@type\":\"SearchAction\",\"target\":{\"@type\":\"EntryPoint\",\"urlTemplate\":\"https:\\\/\\\/airparx.com\\\/fr\\\/?s={search_term_string}\"},\"query-input\":{\"@type\":\"PropertyValueSpecification\",\"valueRequired\":true,\"valueName\":\"search_term_string\"}}],\"inLanguage\":\"fr-FR\"},{\"@type\":\"Organization\",\"@id\":\"https:\\\/\\\/airparx.com\\\/fr\\\/#organization\",\"name\":\"Airparx\",\"url\":\"https:\\\/\\\/airparx.com\\\/fr\\\/\",\"logo\":{\"@type\":\"ImageObject\",\"inLanguage\":\"fr-FR\",\"@id\":\"https:\\\/\\\/airparx.com\\\/fr\\\/#\\\/schema\\\/logo\\\/image\\\/\",\"url\":\"https:\\\/\\\/airparx.com\\\/wp-content\\\/uploads\\\/2022\\\/06\\\/Airparx_Logo.png\",\"contentUrl\":\"https:\\\/\\\/airparx.com\\\/wp-content\\\/uploads\\\/2022\\\/06\\\/Airparx_Logo.png\",\"width\":1127,\"height\":461,\"caption\":\"Airparx\"},\"image\":{\"@id\":\"https:\\\/\\\/airparx.com\\\/fr\\\/#\\\/schema\\\/logo\\\/image\\\/\"},\"sameAs\":[\"https:\\\/\\\/www.facebook.com\\\/Airparx\\\/\",\"https:\\\/\\\/www.instagram.com\\\/airparx\\\/\",\"https:\\\/\\\/www.youtube.com\\\/playlist?list=PL2LZnxdxb4eX2paMpuL0QxEvopAtGzyqY\",\"https:\\\/\\\/www.linkedin.com\\\/company\\\/airparx\\\/\"]}]}<\/script>\n<!-- \/ Yoast SEO Premium plugin. -->","yoast_head_json":{"title":"Total Ninja Adventure Park - Airparx","robots":{"index":"index","follow":"follow","max-snippet":"max-snippet:-1","max-image-preview":"max-image-preview:large","max-video-preview":"max-video-preview:-1"},"canonical":"https:\/\/airparx.com\/fr\/installations\/total-ninja-adventure-park\/","og_locale":"fr_FR","og_type":"article","og_title":"Total Ninja Adventure Park","og_description":"Notre collaboration avec Total Ninja a d\u00e9but\u00e9 en 2023 et, depuis lors, nous avons travaill\u00e9 ensemble sur de multiples projets \u00e0 travers plusieurs sites. Nous avons eu le plaisir de concevoir et de fabriquer des parcs gonflables, des parcours ninja et des ar\u00e8nes de dodgeball dans plusieurs localit\u00e9s en Afrique du Sud et aux \u00c9mirats [&hellip;]","og_url":"https:\/\/airparx.com\/fr\/installations\/total-ninja-adventure-park\/","og_site_name":"Airparx","article_publisher":"https:\/\/www.facebook.com\/Airparx\/","og_image":[{"width":2048,"height":1536,"url":"https:\/\/airparx.com\/wp-content\/uploads\/2025\/11\/IMG-20240412-WA0019.jpg","type":"image\/jpeg"}],"twitter_card":"summary_large_image","twitter_misc":{"Dur\u00e9e de lecture estim\u00e9e":"2 minutes"},"schema":{"@context":"https:\/\/schema.org","@graph":[{"@type":"WebPage","@id":"https:\/\/airparx.com\/fr\/installations\/total-ninja-adventure-park\/","url":"https:\/\/airparx.com\/fr\/installations\/total-ninja-adventure-park\/","name":"Total Ninja Adventure Park - Airparx","isPartOf":{"@id":"https:\/\/airparx.com\/fr\/#website"},"primaryImageOfPage":{"@id":"https:\/\/airparx.com\/fr\/installations\/total-ninja-adventure-park\/#primaryimage"},"image":{"@id":"https:\/\/airparx.com\/fr\/installations\/total-ninja-adventure-park\/#primaryimage"},"thumbnailUrl":"https:\/\/airparx.com\/wp-content\/uploads\/2025\/11\/IMG-20240412-WA0019.jpg","datePublished":"2025-11-17T15:35:29+00:00","breadcrumb":{"@id":"https:\/\/airparx.com\/fr\/installations\/total-ninja-adventure-park\/#breadcrumb"},"inLanguage":"fr-FR","potentialAction":[{"@type":"ReadAction","target":["https:\/\/airparx.com\/fr\/installations\/total-ninja-adventure-park\/"]}]},{"@type":"ImageObject","inLanguage":"fr-FR","@id":"https:\/\/airparx.com\/fr\/installations\/total-ninja-adventure-park\/#primaryimage","url":"https:\/\/airparx.com\/wp-content\/uploads\/2025\/11\/IMG-20240412-WA0019.jpg","contentUrl":"https:\/\/airparx.com\/wp-content\/uploads\/2025\/11\/IMG-20240412-WA0019.jpg","width":2048,"height":1536},{"@type":"BreadcrumbList","@id":"https:\/\/airparx.com\/fr\/installations\/total-ninja-adventure-park\/#breadcrumb","itemListElement":[{"@type":"ListItem","position":1,"name":"Home","item":"https:\/\/airparx.com\/fr\/"},{"@type":"ListItem","position":2,"name":"Total Ninja Adventure Park"}]},{"@type":"WebSite","@id":"https:\/\/airparx.com\/fr\/#website","url":"https:\/\/airparx.com\/fr\/","name":"Airparx","description":"Inflatable &amp; Trampoline Park Supplier","publisher":{"@id":"https:\/\/airparx.com\/fr\/#organization"},"potentialAction":[{"@type":"SearchAction","target":{"@type":"EntryPoint","urlTemplate":"https:\/\/airparx.com\/fr\/?s={search_term_string}"},"query-input":{"@type":"PropertyValueSpecification","valueRequired":true,"valueName":"search_term_string"}}],"inLanguage":"fr-FR"},{"@type":"Organization","@id":"https:\/\/airparx.com\/fr\/#organization","name":"Airparx","url":"https:\/\/airparx.com\/fr\/","logo":{"@type":"ImageObject","inLanguage":"fr-FR","@id":"https:\/\/airparx.com\/fr\/#\/schema\/logo\/image\/","url":"https:\/\/airparx.com\/wp-content\/uploads\/2022\/06\/Airparx_Logo.png","contentUrl":"https:\/\/airparx.com\/wp-content\/uploads\/2022\/06\/Airparx_Logo.png","width":1127,"height":461,"caption":"Airparx"},"image":{"@id":"https:\/\/airparx.com\/fr\/#\/schema\/logo\/image\/"},"sameAs":["https:\/\/www.facebook.com\/Airparx\/","https:\/\/www.instagram.com\/airparx\/","https:\/\/www.youtube.com\/playlist?list=PL2LZnxdxb4eX2paMpuL0QxEvopAtGzyqY","https:\/\/www.linkedin.com\/company\/airparx\/"]}]}},"_links":{"self":[{"href":"https:\/\/airparx.com\/fr\/wp-json\/wp\/v2\/product\/12624","targetHints":{"allow":["GET"]}}],"collection":[{"href":"https:\/\/airparx.com\/fr\/wp-json\/wp\/v2\/product"}],"about":[{"href":"https:\/\/airparx.com\/fr\/wp-json\/wp\/v2\/types\/product"}],"wp:featuredmedia":[{"embeddable":true,"href":"https:\/\/airparx.com\/fr\/wp-json\/wp\/v2\/media\/11193"}],"wp:attachment":[{"href":"https:\/\/airparx.com\/fr\/wp-json\/wp\/v2\/media?parent=12624"}],"wp:term":[{"taxonomy":"product_brand","embeddable":true,"href":"https:\/\/airparx.com\/fr\/wp-json\/wp\/v2\/product_brand?post=12624"},{"taxonomy":"product_cat","embeddable":true,"href":"https:\/\/airparx.com\/fr\/wp-json\/wp\/v2\/product_cat?post=12624"},{"taxonomy":"product_tag","embeddable":true,"href":"https:\/\/airparx.com\/fr\/wp-json\/wp\/v2\/product_tag?post=12624"}],"curies":[{"name":"wp","href":"https:\/\/api.w.org\/{rel}","templated":true}]}}