{"id":5178,"date":"2021-08-14T13:10:49","date_gmt":"2021-08-14T12:10:49","guid":{"rendered":"https:\/\/airparx.com\/installations\/airworld\/"},"modified":"2022-11-22T15:57:35","modified_gmt":"2022-11-22T15:57:35","slug":"airworld","status":"publish","type":"product","link":"https:\/\/airparx.com\/fr\/installations\/airworld\/","title":{"rendered":"Airworld"},"content":{"rendered":"<p>Airworld a \u00e9t\u00e9 la premi\u00e8re livraison d&rsquo;Airparx en Belgique, livr\u00e9e juste \u00e0 c\u00f4t\u00e9 de Bruxelles. Le client \u00e9tait nouveau dans le secteur du divertissement familial et a vu les parcs gonflables comme la meilleure offre client apr\u00e8s avoir visit\u00e9 divers salons, expositions et autres entreprises dans la r\u00e9gion du Benelux.<\/p>\n<p>Le d\u00e9fi pour Airparx \u00e9tait de remplir un immense espace \u00e9tendu parsem\u00e9 de piliers. Le client souhaitait \u00e9galement disposer d&rsquo;une cabine de DJ au centre de la structure.<\/p>\n<p>Gr\u00e2ce \u00e0 notre capacit\u00e9 de conception et \u00e0 notre exp\u00e9rience en mati\u00e8re de fabrication, Airparx a pu int\u00e9grer le parc de mani\u00e8re transparente autour des piliers structurels sans sacrifier aucun \u00e9l\u00e9ment de jeu dans le parc a\u00e9rien.<\/p>\n<p>En outre, nous avons con\u00e7u cet a\u00e9roparc de mani\u00e8re \u00e0 pouvoir l&rsquo;agrandir \u00e0 l&rsquo;avenir. Les propri\u00e9taires priv\u00e9s d&rsquo;Airworld pr\u00e9voient d\u00e9j\u00e0 d&rsquo;ouvrir d&rsquo;autres parcs gonflables, gr\u00e2ce au succ\u00e8s de ce premier site.<\/p>\n","protected":false},"excerpt":{"rendered":"<p>Airworld a \u00e9t\u00e9 la premi\u00e8re livraison d&rsquo;Airparx en Belgique, livr\u00e9e juste \u00e0 c\u00f4t\u00e9 de Bruxelles. Le client \u00e9tait nouveau dans le secteur du divertissement familial et a vu les parcs gonflables comme la meilleure offre client apr\u00e8s avoir visit\u00e9 divers salons, expositions et autres entreprises dans la r\u00e9gion du Benelux. Le d\u00e9fi pour Airparx \u00e9tait [&hellip;]<\/p>\n","protected":false},"featured_media":4413,"template":"","meta":{"_acf_changed":false},"product_brand":[],"product_cat":[83],"product_tag":[],"class_list":{"0":"post-5178","1":"product","2":"type-product","3":"status-publish","4":"has-post-thumbnail","6":"product_cat-parcs-gonflables","8":"first","9":"outofstock","10":"shipping-taxable","11":"product-type-simple"},"acf":[],"yoast_head":"<!-- This site is optimized with the Yoast SEO Premium plugin v26.7 (Yoast SEO v27.5) - https:\/\/yoast.com\/product\/yoast-seo-premium-wordpress\/ -->\n<title>Airworld - Airparx<\/title>\n<meta name=\"robots\" content=\"index, follow, max-snippet:-1, max-image-preview:large, max-video-preview:-1\" \/>\n<link rel=\"canonical\" href=\"https:\/\/airparx.com\/fr\/installations\/airworld\/\" \/>\n<meta property=\"og:locale\" content=\"fr_FR\" \/>\n<meta property=\"og:type\" content=\"article\" \/>\n<meta property=\"og:title\" content=\"Airworld\" \/>\n<meta property=\"og:description\" content=\"Airworld a \u00e9t\u00e9 la premi\u00e8re livraison d&rsquo;Airparx en Belgique, livr\u00e9e juste \u00e0 c\u00f4t\u00e9 de Bruxelles. Le client \u00e9tait nouveau dans le secteur du divertissement familial et a vu les parcs gonflables comme la meilleure offre client apr\u00e8s avoir visit\u00e9 divers salons, expositions et autres entreprises dans la r\u00e9gion du Benelux. Le d\u00e9fi pour Airparx \u00e9tait [&hellip;]\" \/>\n<meta property=\"og:url\" content=\"https:\/\/airparx.com\/fr\/installations\/airworld\/\" \/>\n<meta property=\"og:site_name\" content=\"Airparx\" \/>\n<meta property=\"article:publisher\" content=\"https:\/\/www.facebook.com\/Airparx\/\" \/>\n<meta property=\"article:modified_time\" content=\"2022-11-22T15:57:35+00:00\" \/>\n<meta property=\"og:image\" content=\"https:\/\/airparx.com\/wp-content\/uploads\/2022\/07\/Ap50-Airworld-Belgium_0813110623.jpg\" \/>\n\t<meta property=\"og:image:width\" content=\"1024\" \/>\n\t<meta property=\"og:image:height\" content=\"768\" \/>\n\t<meta property=\"og:image:type\" content=\"image\/jpeg\" \/>\n<meta name=\"twitter:card\" content=\"summary_large_image\" \/>\n<meta name=\"twitter:label1\" content=\"Dur\u00e9e de lecture estim\u00e9e\" \/>\n\t<meta name=\"twitter:data1\" content=\"1 minute\" \/>\n<script type=\"application\/ld+json\" class=\"yoast-schema-graph\">{\"@context\":\"https:\\\/\\\/schema.org\",\"@graph\":[{\"@type\":\"WebPage\",\"@id\":\"https:\\\/\\\/airparx.com\\\/fr\\\/installations\\\/airworld\\\/\",\"url\":\"https:\\\/\\\/airparx.com\\\/fr\\\/installations\\\/airworld\\\/\",\"name\":\"Airworld - Airparx\",\"isPartOf\":{\"@id\":\"https:\\\/\\\/airparx.com\\\/fr\\\/#website\"},\"primaryImageOfPage\":{\"@id\":\"https:\\\/\\\/airparx.com\\\/fr\\\/installations\\\/airworld\\\/#primaryimage\"},\"image\":{\"@id\":\"https:\\\/\\\/airparx.com\\\/fr\\\/installations\\\/airworld\\\/#primaryimage\"},\"thumbnailUrl\":\"https:\\\/\\\/airparx.com\\\/wp-content\\\/uploads\\\/2022\\\/07\\\/Ap50-Airworld-Belgium_0813110623.jpg\",\"datePublished\":\"2021-08-14T12:10:49+00:00\",\"dateModified\":\"2022-11-22T15:57:35+00:00\",\"breadcrumb\":{\"@id\":\"https:\\\/\\\/airparx.com\\\/fr\\\/installations\\\/airworld\\\/#breadcrumb\"},\"inLanguage\":\"fr-FR\",\"potentialAction\":[{\"@type\":\"ReadAction\",\"target\":[\"https:\\\/\\\/airparx.com\\\/fr\\\/installations\\\/airworld\\\/\"]}]},{\"@type\":\"ImageObject\",\"inLanguage\":\"fr-FR\",\"@id\":\"https:\\\/\\\/airparx.com\\\/fr\\\/installations\\\/airworld\\\/#primaryimage\",\"url\":\"https:\\\/\\\/airparx.com\\\/wp-content\\\/uploads\\\/2022\\\/07\\\/Ap50-Airworld-Belgium_0813110623.jpg\",\"contentUrl\":\"https:\\\/\\\/airparx.com\\\/wp-content\\\/uploads\\\/2022\\\/07\\\/Ap50-Airworld-Belgium_0813110623.jpg\",\"width\":1024,\"height\":768},{\"@type\":\"BreadcrumbList\",\"@id\":\"https:\\\/\\\/airparx.com\\\/fr\\\/installations\\\/airworld\\\/#breadcrumb\",\"itemListElement\":[{\"@type\":\"ListItem\",\"position\":1,\"name\":\"Home\",\"item\":\"https:\\\/\\\/airparx.com\\\/fr\\\/\"},{\"@type\":\"ListItem\",\"position\":2,\"name\":\"Airworld\"}]},{\"@type\":\"WebSite\",\"@id\":\"https:\\\/\\\/airparx.com\\\/fr\\\/#website\",\"url\":\"https:\\\/\\\/airparx.com\\\/fr\\\/\",\"name\":\"Airparx\",\"description\":\"Inflatable &amp; Trampoline Park Supplier\",\"publisher\":{\"@id\":\"https:\\\/\\\/airparx.com\\\/fr\\\/#organization\"},\"potentialAction\":[{\"@type\":\"SearchAction\",\"target\":{\"@type\":\"EntryPoint\",\"urlTemplate\":\"https:\\\/\\\/airparx.com\\\/fr\\\/?s={search_term_string}\"},\"query-input\":{\"@type\":\"PropertyValueSpecification\",\"valueRequired\":true,\"valueName\":\"search_term_string\"}}],\"inLanguage\":\"fr-FR\"},{\"@type\":\"Organization\",\"@id\":\"https:\\\/\\\/airparx.com\\\/fr\\\/#organization\",\"name\":\"Airparx\",\"url\":\"https:\\\/\\\/airparx.com\\\/fr\\\/\",\"logo\":{\"@type\":\"ImageObject\",\"inLanguage\":\"fr-FR\",\"@id\":\"https:\\\/\\\/airparx.com\\\/fr\\\/#\\\/schema\\\/logo\\\/image\\\/\",\"url\":\"https:\\\/\\\/airparx.com\\\/wp-content\\\/uploads\\\/2022\\\/06\\\/Airparx_Logo.png\",\"contentUrl\":\"https:\\\/\\\/airparx.com\\\/wp-content\\\/uploads\\\/2022\\\/06\\\/Airparx_Logo.png\",\"width\":1127,\"height\":461,\"caption\":\"Airparx\"},\"image\":{\"@id\":\"https:\\\/\\\/airparx.com\\\/fr\\\/#\\\/schema\\\/logo\\\/image\\\/\"},\"sameAs\":[\"https:\\\/\\\/www.facebook.com\\\/Airparx\\\/\",\"https:\\\/\\\/www.instagram.com\\\/airparx\\\/\",\"https:\\\/\\\/www.youtube.com\\\/playlist?list=PL2LZnxdxb4eX2paMpuL0QxEvopAtGzyqY\",\"https:\\\/\\\/www.linkedin.com\\\/company\\\/airparx\\\/\"]}]}<\/script>\n<!-- \/ Yoast SEO Premium plugin. -->","yoast_head_json":{"title":"Airworld - Airparx","robots":{"index":"index","follow":"follow","max-snippet":"max-snippet:-1","max-image-preview":"max-image-preview:large","max-video-preview":"max-video-preview:-1"},"canonical":"https:\/\/airparx.com\/fr\/installations\/airworld\/","og_locale":"fr_FR","og_type":"article","og_title":"Airworld","og_description":"Airworld a \u00e9t\u00e9 la premi\u00e8re livraison d&rsquo;Airparx en Belgique, livr\u00e9e juste \u00e0 c\u00f4t\u00e9 de Bruxelles. Le client \u00e9tait nouveau dans le secteur du divertissement familial et a vu les parcs gonflables comme la meilleure offre client apr\u00e8s avoir visit\u00e9 divers salons, expositions et autres entreprises dans la r\u00e9gion du Benelux. Le d\u00e9fi pour Airparx \u00e9tait [&hellip;]","og_url":"https:\/\/airparx.com\/fr\/installations\/airworld\/","og_site_name":"Airparx","article_publisher":"https:\/\/www.facebook.com\/Airparx\/","article_modified_time":"2022-11-22T15:57:35+00:00","og_image":[{"width":1024,"height":768,"url":"https:\/\/airparx.com\/wp-content\/uploads\/2022\/07\/Ap50-Airworld-Belgium_0813110623.jpg","type":"image\/jpeg"}],"twitter_card":"summary_large_image","twitter_misc":{"Dur\u00e9e de lecture estim\u00e9e":"1 minute"},"schema":{"@context":"https:\/\/schema.org","@graph":[{"@type":"WebPage","@id":"https:\/\/airparx.com\/fr\/installations\/airworld\/","url":"https:\/\/airparx.com\/fr\/installations\/airworld\/","name":"Airworld - Airparx","isPartOf":{"@id":"https:\/\/airparx.com\/fr\/#website"},"primaryImageOfPage":{"@id":"https:\/\/airparx.com\/fr\/installations\/airworld\/#primaryimage"},"image":{"@id":"https:\/\/airparx.com\/fr\/installations\/airworld\/#primaryimage"},"thumbnailUrl":"https:\/\/airparx.com\/wp-content\/uploads\/2022\/07\/Ap50-Airworld-Belgium_0813110623.jpg","datePublished":"2021-08-14T12:10:49+00:00","dateModified":"2022-11-22T15:57:35+00:00","breadcrumb":{"@id":"https:\/\/airparx.com\/fr\/installations\/airworld\/#breadcrumb"},"inLanguage":"fr-FR","potentialAction":[{"@type":"ReadAction","target":["https:\/\/airparx.com\/fr\/installations\/airworld\/"]}]},{"@type":"ImageObject","inLanguage":"fr-FR","@id":"https:\/\/airparx.com\/fr\/installations\/airworld\/#primaryimage","url":"https:\/\/airparx.com\/wp-content\/uploads\/2022\/07\/Ap50-Airworld-Belgium_0813110623.jpg","contentUrl":"https:\/\/airparx.com\/wp-content\/uploads\/2022\/07\/Ap50-Airworld-Belgium_0813110623.jpg","width":1024,"height":768},{"@type":"BreadcrumbList","@id":"https:\/\/airparx.com\/fr\/installations\/airworld\/#breadcrumb","itemListElement":[{"@type":"ListItem","position":1,"name":"Home","item":"https:\/\/airparx.com\/fr\/"},{"@type":"ListItem","position":2,"name":"Airworld"}]},{"@type":"WebSite","@id":"https:\/\/airparx.com\/fr\/#website","url":"https:\/\/airparx.com\/fr\/","name":"Airparx","description":"Inflatable &amp; Trampoline Park Supplier","publisher":{"@id":"https:\/\/airparx.com\/fr\/#organization"},"potentialAction":[{"@type":"SearchAction","target":{"@type":"EntryPoint","urlTemplate":"https:\/\/airparx.com\/fr\/?s={search_term_string}"},"query-input":{"@type":"PropertyValueSpecification","valueRequired":true,"valueName":"search_term_string"}}],"inLanguage":"fr-FR"},{"@type":"Organization","@id":"https:\/\/airparx.com\/fr\/#organization","name":"Airparx","url":"https:\/\/airparx.com\/fr\/","logo":{"@type":"ImageObject","inLanguage":"fr-FR","@id":"https:\/\/airparx.com\/fr\/#\/schema\/logo\/image\/","url":"https:\/\/airparx.com\/wp-content\/uploads\/2022\/06\/Airparx_Logo.png","contentUrl":"https:\/\/airparx.com\/wp-content\/uploads\/2022\/06\/Airparx_Logo.png","width":1127,"height":461,"caption":"Airparx"},"image":{"@id":"https:\/\/airparx.com\/fr\/#\/schema\/logo\/image\/"},"sameAs":["https:\/\/www.facebook.com\/Airparx\/","https:\/\/www.instagram.com\/airparx\/","https:\/\/www.youtube.com\/playlist?list=PL2LZnxdxb4eX2paMpuL0QxEvopAtGzyqY","https:\/\/www.linkedin.com\/company\/airparx\/"]}]}},"_links":{"self":[{"href":"https:\/\/airparx.com\/fr\/wp-json\/wp\/v2\/product\/5178","targetHints":{"allow":["GET"]}}],"collection":[{"href":"https:\/\/airparx.com\/fr\/wp-json\/wp\/v2\/product"}],"about":[{"href":"https:\/\/airparx.com\/fr\/wp-json\/wp\/v2\/types\/product"}],"wp:featuredmedia":[{"embeddable":true,"href":"https:\/\/airparx.com\/fr\/wp-json\/wp\/v2\/media\/4413"}],"wp:attachment":[{"href":"https:\/\/airparx.com\/fr\/wp-json\/wp\/v2\/media?parent=5178"}],"wp:term":[{"taxonomy":"product_brand","embeddable":true,"href":"https:\/\/airparx.com\/fr\/wp-json\/wp\/v2\/product_brand?post=5178"},{"taxonomy":"product_cat","embeddable":true,"href":"https:\/\/airparx.com\/fr\/wp-json\/wp\/v2\/product_cat?post=5178"},{"taxonomy":"product_tag","embeddable":true,"href":"https:\/\/airparx.com\/fr\/wp-json\/wp\/v2\/product_tag?post=5178"}],"curies":[{"name":"wp","href":"https:\/\/api.w.org\/{rel}","templated":true}]}}