{"id":5183,"date":"2021-08-31T08:56:56","date_gmt":"2021-08-31T07:56:56","guid":{"rendered":"https:\/\/airparx.com\/installations\/altiplano\/"},"modified":"2022-11-22T15:57:35","modified_gmt":"2022-11-22T15:57:35","slug":"altiplano","status":"publish","type":"product","link":"https:\/\/airparx.com\/fr\/installations\/altiplano\/","title":{"rendered":"Altiplano"},"content":{"rendered":"<p>Altiplano Park a \u00e9t\u00e9 cr\u00e9\u00e9 en collaboration avec notre agent fran\u00e7ais et a constitu\u00e9 un d\u00e9fi particulier pour notre premi\u00e8re livraison en France.<\/p>\n<p>Suite au souhait du client final de moderniser et d&rsquo;actualiser son parc de trampolines actuel avec un parc gonflable Airparx, le projet a pos\u00e9 plusieurs probl\u00e8mes, notamment celui d&rsquo;avoir un si petit espace \u00e0 utiliser dans la qu\u00eate d&rsquo;une exp\u00e9rience utilisateur d&rsquo;une nouvelle dimension pour les visiteurs.<\/p>\n<p>Le concept que nous avons cr\u00e9\u00e9 \u00e9tait un parc gonflable avec une course d&rsquo;obstacles incorpor\u00e9e qui encerclait tout le p\u00e9rim\u00e8tre du parc. Cette combinaison nous a permis d&rsquo;int\u00e9grer avec succ\u00e8s des activit\u00e9s pour les joueurs plus jeunes et plus \u00e2g\u00e9s.<\/p>\n<p>Le projet a \u00e9t\u00e9 un succ\u00e8s et a permis d&rsquo;augmenter de 90 le nombre d&rsquo;utilisateurs de l&rsquo;installation en fusionnant les structures existantes avec le nouveau parc gonflable.<\/p>\n","protected":false},"excerpt":{"rendered":"<p>Altiplano Park a \u00e9t\u00e9 cr\u00e9\u00e9 en collaboration avec notre agent fran\u00e7ais et a constitu\u00e9 un d\u00e9fi particulier pour notre premi\u00e8re livraison en France. Suite au souhait du client final de moderniser et d&rsquo;actualiser son parc de trampolines actuel avec un parc gonflable Airparx, le projet a pos\u00e9 plusieurs probl\u00e8mes, notamment celui d&rsquo;avoir un si petit [&hellip;]<\/p>\n","protected":false},"featured_media":4315,"template":"","meta":{"_acf_changed":false},"product_brand":[],"product_cat":[83],"product_tag":[],"class_list":{"0":"post-5183","1":"product","2":"type-product","3":"status-publish","4":"has-post-thumbnail","6":"product_cat-parcs-gonflables","8":"first","9":"outofstock","10":"shipping-taxable","11":"product-type-simple"},"acf":[],"yoast_head":"<!-- This site is optimized with the Yoast SEO Premium plugin v26.7 (Yoast SEO v27.3) - https:\/\/yoast.com\/product\/yoast-seo-premium-wordpress\/ -->\n<title>Altiplano - Airparx<\/title>\n<meta name=\"robots\" content=\"index, follow, max-snippet:-1, max-image-preview:large, max-video-preview:-1\" \/>\n<link rel=\"canonical\" href=\"https:\/\/airparx.com\/fr\/installations\/altiplano\/\" \/>\n<meta property=\"og:locale\" content=\"fr_FR\" \/>\n<meta property=\"og:type\" content=\"article\" \/>\n<meta property=\"og:title\" content=\"Altiplano\" \/>\n<meta property=\"og:description\" content=\"Altiplano Park a \u00e9t\u00e9 cr\u00e9\u00e9 en collaboration avec notre agent fran\u00e7ais et a constitu\u00e9 un d\u00e9fi particulier pour notre premi\u00e8re livraison en France. Suite au souhait du client final de moderniser et d&rsquo;actualiser son parc de trampolines actuel avec un parc gonflable Airparx, le projet a pos\u00e9 plusieurs probl\u00e8mes, notamment celui d&rsquo;avoir un si petit [&hellip;]\" \/>\n<meta property=\"og:url\" content=\"https:\/\/airparx.com\/fr\/installations\/altiplano\/\" \/>\n<meta property=\"og:site_name\" content=\"Airparx\" \/>\n<meta property=\"article:publisher\" content=\"https:\/\/www.facebook.com\/Airparx\/\" \/>\n<meta property=\"article:modified_time\" content=\"2022-11-22T15:57:35+00:00\" \/>\n<meta property=\"og:image\" content=\"https:\/\/airparx.com\/wp-content\/uploads\/2021\/08\/AP46_Altiplano_0101002142.jpg\" \/>\n\t<meta property=\"og:image:width\" content=\"1024\" \/>\n\t<meta property=\"og:image:height\" content=\"768\" \/>\n\t<meta property=\"og:image:type\" content=\"image\/jpeg\" \/>\n<meta name=\"twitter:card\" content=\"summary_large_image\" \/>\n<meta name=\"twitter:label1\" content=\"Dur\u00e9e de lecture estim\u00e9e\" \/>\n\t<meta name=\"twitter:data1\" content=\"1 minute\" \/>\n<script type=\"application\/ld+json\" class=\"yoast-schema-graph\">{\"@context\":\"https:\\\/\\\/schema.org\",\"@graph\":[{\"@type\":\"WebPage\",\"@id\":\"https:\\\/\\\/airparx.com\\\/fr\\\/installations\\\/altiplano\\\/\",\"url\":\"https:\\\/\\\/airparx.com\\\/fr\\\/installations\\\/altiplano\\\/\",\"name\":\"Altiplano - Airparx\",\"isPartOf\":{\"@id\":\"https:\\\/\\\/airparx.com\\\/fr\\\/#website\"},\"primaryImageOfPage\":{\"@id\":\"https:\\\/\\\/airparx.com\\\/fr\\\/installations\\\/altiplano\\\/#primaryimage\"},\"image\":{\"@id\":\"https:\\\/\\\/airparx.com\\\/fr\\\/installations\\\/altiplano\\\/#primaryimage\"},\"thumbnailUrl\":\"https:\\\/\\\/airparx.com\\\/wp-content\\\/uploads\\\/2021\\\/08\\\/AP46_Altiplano_0101002142.jpg\",\"datePublished\":\"2021-08-31T07:56:56+00:00\",\"dateModified\":\"2022-11-22T15:57:35+00:00\",\"breadcrumb\":{\"@id\":\"https:\\\/\\\/airparx.com\\\/fr\\\/installations\\\/altiplano\\\/#breadcrumb\"},\"inLanguage\":\"fr-FR\",\"potentialAction\":[{\"@type\":\"ReadAction\",\"target\":[\"https:\\\/\\\/airparx.com\\\/fr\\\/installations\\\/altiplano\\\/\"]}]},{\"@type\":\"ImageObject\",\"inLanguage\":\"fr-FR\",\"@id\":\"https:\\\/\\\/airparx.com\\\/fr\\\/installations\\\/altiplano\\\/#primaryimage\",\"url\":\"https:\\\/\\\/airparx.com\\\/wp-content\\\/uploads\\\/2021\\\/08\\\/AP46_Altiplano_0101002142.jpg\",\"contentUrl\":\"https:\\\/\\\/airparx.com\\\/wp-content\\\/uploads\\\/2021\\\/08\\\/AP46_Altiplano_0101002142.jpg\",\"width\":1024,\"height\":768,\"caption\":\"C:DCIM100GOPROGOPR2513.GPR\"},{\"@type\":\"BreadcrumbList\",\"@id\":\"https:\\\/\\\/airparx.com\\\/fr\\\/installations\\\/altiplano\\\/#breadcrumb\",\"itemListElement\":[{\"@type\":\"ListItem\",\"position\":1,\"name\":\"Home\",\"item\":\"https:\\\/\\\/airparx.com\\\/fr\\\/\"},{\"@type\":\"ListItem\",\"position\":2,\"name\":\"Altiplano\"}]},{\"@type\":\"WebSite\",\"@id\":\"https:\\\/\\\/airparx.com\\\/fr\\\/#website\",\"url\":\"https:\\\/\\\/airparx.com\\\/fr\\\/\",\"name\":\"Airparx\",\"description\":\"Inflatable &amp; Trampoline Park Supplier\",\"publisher\":{\"@id\":\"https:\\\/\\\/airparx.com\\\/fr\\\/#organization\"},\"potentialAction\":[{\"@type\":\"SearchAction\",\"target\":{\"@type\":\"EntryPoint\",\"urlTemplate\":\"https:\\\/\\\/airparx.com\\\/fr\\\/?s={search_term_string}\"},\"query-input\":{\"@type\":\"PropertyValueSpecification\",\"valueRequired\":true,\"valueName\":\"search_term_string\"}}],\"inLanguage\":\"fr-FR\"},{\"@type\":\"Organization\",\"@id\":\"https:\\\/\\\/airparx.com\\\/fr\\\/#organization\",\"name\":\"Airparx\",\"url\":\"https:\\\/\\\/airparx.com\\\/fr\\\/\",\"logo\":{\"@type\":\"ImageObject\",\"inLanguage\":\"fr-FR\",\"@id\":\"https:\\\/\\\/airparx.com\\\/fr\\\/#\\\/schema\\\/logo\\\/image\\\/\",\"url\":\"https:\\\/\\\/airparx.com\\\/wp-content\\\/uploads\\\/2022\\\/06\\\/Airparx_Logo.png\",\"contentUrl\":\"https:\\\/\\\/airparx.com\\\/wp-content\\\/uploads\\\/2022\\\/06\\\/Airparx_Logo.png\",\"width\":1127,\"height\":461,\"caption\":\"Airparx\"},\"image\":{\"@id\":\"https:\\\/\\\/airparx.com\\\/fr\\\/#\\\/schema\\\/logo\\\/image\\\/\"},\"sameAs\":[\"https:\\\/\\\/www.facebook.com\\\/Airparx\\\/\",\"https:\\\/\\\/www.instagram.com\\\/airparx\\\/\",\"https:\\\/\\\/www.youtube.com\\\/playlist?list=PL2LZnxdxb4eX2paMpuL0QxEvopAtGzyqY\",\"https:\\\/\\\/www.linkedin.com\\\/company\\\/airparx\\\/\"]}]}<\/script>\n<!-- \/ Yoast SEO Premium plugin. -->","yoast_head_json":{"title":"Altiplano - Airparx","robots":{"index":"index","follow":"follow","max-snippet":"max-snippet:-1","max-image-preview":"max-image-preview:large","max-video-preview":"max-video-preview:-1"},"canonical":"https:\/\/airparx.com\/fr\/installations\/altiplano\/","og_locale":"fr_FR","og_type":"article","og_title":"Altiplano","og_description":"Altiplano Park a \u00e9t\u00e9 cr\u00e9\u00e9 en collaboration avec notre agent fran\u00e7ais et a constitu\u00e9 un d\u00e9fi particulier pour notre premi\u00e8re livraison en France. Suite au souhait du client final de moderniser et d&rsquo;actualiser son parc de trampolines actuel avec un parc gonflable Airparx, le projet a pos\u00e9 plusieurs probl\u00e8mes, notamment celui d&rsquo;avoir un si petit [&hellip;]","og_url":"https:\/\/airparx.com\/fr\/installations\/altiplano\/","og_site_name":"Airparx","article_publisher":"https:\/\/www.facebook.com\/Airparx\/","article_modified_time":"2022-11-22T15:57:35+00:00","og_image":[{"width":1024,"height":768,"url":"https:\/\/airparx.com\/wp-content\/uploads\/2021\/08\/AP46_Altiplano_0101002142.jpg","type":"image\/jpeg"}],"twitter_card":"summary_large_image","twitter_misc":{"Dur\u00e9e de lecture estim\u00e9e":"1 minute"},"schema":{"@context":"https:\/\/schema.org","@graph":[{"@type":"WebPage","@id":"https:\/\/airparx.com\/fr\/installations\/altiplano\/","url":"https:\/\/airparx.com\/fr\/installations\/altiplano\/","name":"Altiplano - Airparx","isPartOf":{"@id":"https:\/\/airparx.com\/fr\/#website"},"primaryImageOfPage":{"@id":"https:\/\/airparx.com\/fr\/installations\/altiplano\/#primaryimage"},"image":{"@id":"https:\/\/airparx.com\/fr\/installations\/altiplano\/#primaryimage"},"thumbnailUrl":"https:\/\/airparx.com\/wp-content\/uploads\/2021\/08\/AP46_Altiplano_0101002142.jpg","datePublished":"2021-08-31T07:56:56+00:00","dateModified":"2022-11-22T15:57:35+00:00","breadcrumb":{"@id":"https:\/\/airparx.com\/fr\/installations\/altiplano\/#breadcrumb"},"inLanguage":"fr-FR","potentialAction":[{"@type":"ReadAction","target":["https:\/\/airparx.com\/fr\/installations\/altiplano\/"]}]},{"@type":"ImageObject","inLanguage":"fr-FR","@id":"https:\/\/airparx.com\/fr\/installations\/altiplano\/#primaryimage","url":"https:\/\/airparx.com\/wp-content\/uploads\/2021\/08\/AP46_Altiplano_0101002142.jpg","contentUrl":"https:\/\/airparx.com\/wp-content\/uploads\/2021\/08\/AP46_Altiplano_0101002142.jpg","width":1024,"height":768,"caption":"C:DCIM100GOPROGOPR2513.GPR"},{"@type":"BreadcrumbList","@id":"https:\/\/airparx.com\/fr\/installations\/altiplano\/#breadcrumb","itemListElement":[{"@type":"ListItem","position":1,"name":"Home","item":"https:\/\/airparx.com\/fr\/"},{"@type":"ListItem","position":2,"name":"Altiplano"}]},{"@type":"WebSite","@id":"https:\/\/airparx.com\/fr\/#website","url":"https:\/\/airparx.com\/fr\/","name":"Airparx","description":"Inflatable &amp; Trampoline Park Supplier","publisher":{"@id":"https:\/\/airparx.com\/fr\/#organization"},"potentialAction":[{"@type":"SearchAction","target":{"@type":"EntryPoint","urlTemplate":"https:\/\/airparx.com\/fr\/?s={search_term_string}"},"query-input":{"@type":"PropertyValueSpecification","valueRequired":true,"valueName":"search_term_string"}}],"inLanguage":"fr-FR"},{"@type":"Organization","@id":"https:\/\/airparx.com\/fr\/#organization","name":"Airparx","url":"https:\/\/airparx.com\/fr\/","logo":{"@type":"ImageObject","inLanguage":"fr-FR","@id":"https:\/\/airparx.com\/fr\/#\/schema\/logo\/image\/","url":"https:\/\/airparx.com\/wp-content\/uploads\/2022\/06\/Airparx_Logo.png","contentUrl":"https:\/\/airparx.com\/wp-content\/uploads\/2022\/06\/Airparx_Logo.png","width":1127,"height":461,"caption":"Airparx"},"image":{"@id":"https:\/\/airparx.com\/fr\/#\/schema\/logo\/image\/"},"sameAs":["https:\/\/www.facebook.com\/Airparx\/","https:\/\/www.instagram.com\/airparx\/","https:\/\/www.youtube.com\/playlist?list=PL2LZnxdxb4eX2paMpuL0QxEvopAtGzyqY","https:\/\/www.linkedin.com\/company\/airparx\/"]}]}},"_links":{"self":[{"href":"https:\/\/airparx.com\/fr\/wp-json\/wp\/v2\/product\/5183","targetHints":{"allow":["GET"]}}],"collection":[{"href":"https:\/\/airparx.com\/fr\/wp-json\/wp\/v2\/product"}],"about":[{"href":"https:\/\/airparx.com\/fr\/wp-json\/wp\/v2\/types\/product"}],"wp:featuredmedia":[{"embeddable":true,"href":"https:\/\/airparx.com\/fr\/wp-json\/wp\/v2\/media\/4315"}],"wp:attachment":[{"href":"https:\/\/airparx.com\/fr\/wp-json\/wp\/v2\/media?parent=5183"}],"wp:term":[{"taxonomy":"product_brand","embeddable":true,"href":"https:\/\/airparx.com\/fr\/wp-json\/wp\/v2\/product_brand?post=5183"},{"taxonomy":"product_cat","embeddable":true,"href":"https:\/\/airparx.com\/fr\/wp-json\/wp\/v2\/product_cat?post=5183"},{"taxonomy":"product_tag","embeddable":true,"href":"https:\/\/airparx.com\/fr\/wp-json\/wp\/v2\/product_tag?post=5183"}],"curies":[{"name":"wp","href":"https:\/\/api.w.org\/{rel}","templated":true}]}}