{"id":5200,"date":"2022-11-01T11:59:17","date_gmt":"2022-11-01T11:59:17","guid":{"rendered":"https:\/\/airparx.com\/installations\/saut-libre-a-loxygene\/"},"modified":"2023-02-07T10:33:02","modified_gmt":"2023-02-07T10:33:02","slug":"saut-sans-oxygene","status":"publish","type":"product","link":"https:\/\/airparx.com\/fr\/installations\/saut-sans-oxygene\/","title":{"rendered":"Oxygen Freejumping"},"content":{"rendered":"<p><span data-sheets-value=\"{\"1\":2,\"2\":\"\\\"As part of Oxygen\u2019s recent acquisition trail, they purchased an existing site in Wilmslow near Manchester, UK and operated it as it was for a few months.\\n\\nThis site was in need of some refurbishment works, park improvements and a full facelift to bring it in line with Oxygen\u2019s other sites; and to drive the visitor experience alongside user dwell time too. \\n\\nAirparx was commissioned as the main activity provider, with other suppliers appointed to look after the catering, reception, signage, party rooms, AV and all other key elements for a family activity centre.\\n\\nOut went half the activity space, and in its place went a brand new 200m2 Mini Inflatable Park, and Interactive Multi Use Sports Pitch to the rear of the park. A new and repositioned Jump Tower and Air Bag Top Sheet was positioned in the middle of the park alongside brand new trampoline bed padding plus parkour jumping obstacles. \\n\\nThen to the front left of the park, as you enter through the fantastic new signature \u2018Oxygen Excite Tunnel\u2019 the visitors will find a 3-storey Soft Play Frame, alongside a 6-line Fun Climbing Wall space with interactive timers and auto belay system. \\n\\nFrom start to finish the rip out, and new activity install works took a total of only 6 weeks, with the facility reopening on schedule to the public ready for the October School Holiday period. \\n\\\"\"}\" data-sheets-userformat=\"{\"2\":25469,\"3\":{\"1\":0},\"5\":{\"1\":[{\"1\":2,\"2\":0,\"5\":{\"1\":2,\"2\":13421772}},{\"1\":0,\"2\":0,\"3\":3},{\"1\":1,\"2\":0,\"4\":1}]},\"6\":{\"1\":[{\"1\":2,\"2\":0,\"5\":{\"1\":2,\"2\":13421772}},{\"1\":0,\"2\":0,\"3\":3},{\"1\":1,\"2\":0,\"4\":1}]},\"7\":{\"1\":[{\"1\":2,\"2\":0,\"5\":{\"1\":2,\"2\":13421772}},{\"1\":0,\"2\":0,\"3\":3},{\"1\":1,\"2\":0,\"4\":1}]},\"8\":{\"1\":[{\"1\":2,\"2\":0,\"5\":{\"1\":2,\"2\":13421772}},{\"1\":0,\"2\":0,\"3\":3},{\"1\":1,\"2\":0,\"4\":1}]},\"9\":1,\"11\":3,\"12\":0,\"16\":12,\"17\":1}\">Dans le cadre de son r\u00e9cent parcours d&rsquo;acquisition, Oxygen a achet\u00e9 un site existant \u00e0 Wilmslow, pr\u00e8s de Manchester, au Royaume-Uni, et l&rsquo;a exploit\u00e9 tel quel pendant quelques mois.<\/span><\/p>\n<p>Ce site avait besoin de travaux de r\u00e9novation, d&rsquo;am\u00e9liorations du parc et d&rsquo;un lifting complet pour l&rsquo;aligner sur les autres sites d&rsquo;Oxygen et pour am\u00e9liorer l&rsquo;exp\u00e9rience des visiteurs et le temps de s\u00e9jour des utilisateurs.<\/p>\n<p>Airparx a \u00e9t\u00e9 mandat\u00e9 comme principal prestataire d&rsquo;activit\u00e9s, avec d&rsquo;autres fournisseurs d\u00e9sign\u00e9s pour s&rsquo;occuper de la restauration, de la r\u00e9ception, de la signalisation, des salles de f\u00eate, de l&rsquo;audiovisuel et de tous les autres \u00e9l\u00e9ments cl\u00e9s d&rsquo;un centre d&rsquo;activit\u00e9s familiales.<\/p>\n<p>La moiti\u00e9 de l&rsquo;espace d&rsquo;activit\u00e9 a \u00e9t\u00e9 supprim\u00e9e et remplac\u00e9e par un tout nouveau parc miniature gonflable de 200 m2 et un terrain de sport interactif \u00e0 usage multiple \u00e0 l&rsquo;arri\u00e8re du parc. Une nouvelle tour de saut repositionn\u00e9e et une feuille sup\u00e9rieure de coussin d&rsquo;air ont \u00e9t\u00e9 plac\u00e9es au milieu du parc, ainsi que de tout nouveaux rembourrages de trampoline et des obstacles de saut de type parkour.<\/p>\n<p>Ensuite, \u00e0 l&rsquo;avant gauche du parc, en entrant par le fantastique nouveau tunnel \u00ab\u00a0Oxygen Excite\u00a0\u00bb, les visiteurs trouveront un cadre de jeu souple \u00e0 3 \u00e9tages, ainsi qu&rsquo;un mur d&rsquo;escalade de 6 lignes avec des minuteurs interactifs et un syst\u00e8me d&rsquo;assurage automatique.<\/p>\n<p>Du d\u00e9but \u00e0 la fin, les travaux de d\u00e9molition et d&rsquo;installation d&rsquo;une nouvelle activit\u00e9 n&rsquo;ont dur\u00e9 que six semaines, et l&rsquo;installation a \u00e9t\u00e9 rouverte au public dans les d\u00e9lais pr\u00e9vus, pour les vacances scolaires d&rsquo;octobre.<\/p>\n","protected":false},"excerpt":{"rendered":"<p>Dans le cadre de son r\u00e9cent parcours d&rsquo;acquisition, Oxygen a achet\u00e9 un site existant \u00e0 Wilmslow, pr\u00e8s de Manchester, au Royaume-Uni, et l&rsquo;a exploit\u00e9 tel quel pendant quelques mois. Ce site avait besoin de travaux de r\u00e9novation, d&rsquo;am\u00e9liorations du parc et d&rsquo;un lifting complet pour l&rsquo;aligner sur les autres sites d&rsquo;Oxygen et pour am\u00e9liorer l&rsquo;exp\u00e9rience [&hellip;]<\/p>\n","protected":false},"featured_media":5202,"template":"","meta":{"_acf_changed":false},"product_brand":[],"product_cat":[87,84,83],"product_tag":[],"class_list":{"0":"post-5200","1":"product","2":"type-product","3":"status-publish","4":"has-post-thumbnail","6":"product_cat-divertissement-interactif","7":"product_cat-jeux-doux-et-terrains-de-jeux-interieurs","8":"product_cat-parcs-gonflables","10":"first","11":"outofstock","12":"shipping-taxable","13":"product-type-simple"},"acf":[],"yoast_head":"<!-- This site is optimized with the Yoast SEO Premium plugin v26.7 (Yoast SEO v27.3) - https:\/\/yoast.com\/product\/yoast-seo-premium-wordpress\/ -->\n<title>Oxygen Freejumping - Airparx<\/title>\n<meta name=\"robots\" content=\"index, follow, max-snippet:-1, max-image-preview:large, max-video-preview:-1\" \/>\n<link rel=\"canonical\" href=\"https:\/\/airparx.com\/fr\/installations\/saut-sans-oxygene\/\" \/>\n<meta property=\"og:locale\" content=\"fr_FR\" \/>\n<meta property=\"og:type\" content=\"article\" \/>\n<meta property=\"og:title\" content=\"Oxygen Freejumping\" \/>\n<meta property=\"og:description\" content=\"Dans le cadre de son r\u00e9cent parcours d&rsquo;acquisition, Oxygen a achet\u00e9 un site existant \u00e0 Wilmslow, pr\u00e8s de Manchester, au Royaume-Uni, et l&rsquo;a exploit\u00e9 tel quel pendant quelques mois. Ce site avait besoin de travaux de r\u00e9novation, d&rsquo;am\u00e9liorations du parc et d&rsquo;un lifting complet pour l&rsquo;aligner sur les autres sites d&rsquo;Oxygen et pour am\u00e9liorer l&rsquo;exp\u00e9rience [&hellip;]\" \/>\n<meta property=\"og:url\" content=\"https:\/\/airparx.com\/fr\/installations\/saut-sans-oxygene\/\" \/>\n<meta property=\"og:site_name\" content=\"Airparx\" \/>\n<meta property=\"article:publisher\" content=\"https:\/\/www.facebook.com\/Airparx\/\" \/>\n<meta property=\"article:modified_time\" content=\"2023-02-07T10:33:02+00:00\" \/>\n<meta property=\"og:image\" content=\"https:\/\/airparx.com\/wp-content\/uploads\/2022\/11\/Oxygen-Freejumping-5.jpg\" \/>\n\t<meta property=\"og:image:width\" content=\"1024\" \/>\n\t<meta property=\"og:image:height\" content=\"768\" \/>\n\t<meta property=\"og:image:type\" content=\"image\/jpeg\" \/>\n<meta name=\"twitter:card\" content=\"summary_large_image\" \/>\n<meta name=\"twitter:label1\" content=\"Dur\u00e9e de lecture estim\u00e9e\" \/>\n\t<meta name=\"twitter:data1\" content=\"1 minute\" \/>\n<script type=\"application\/ld+json\" class=\"yoast-schema-graph\">{\"@context\":\"https:\\\/\\\/schema.org\",\"@graph\":[{\"@type\":\"WebPage\",\"@id\":\"https:\\\/\\\/airparx.com\\\/fr\\\/installations\\\/saut-sans-oxygene\\\/\",\"url\":\"https:\\\/\\\/airparx.com\\\/fr\\\/installations\\\/saut-sans-oxygene\\\/\",\"name\":\"Oxygen Freejumping - Airparx\",\"isPartOf\":{\"@id\":\"https:\\\/\\\/airparx.com\\\/fr\\\/#website\"},\"primaryImageOfPage\":{\"@id\":\"https:\\\/\\\/airparx.com\\\/fr\\\/installations\\\/saut-sans-oxygene\\\/#primaryimage\"},\"image\":{\"@id\":\"https:\\\/\\\/airparx.com\\\/fr\\\/installations\\\/saut-sans-oxygene\\\/#primaryimage\"},\"thumbnailUrl\":\"https:\\\/\\\/airparx.com\\\/wp-content\\\/uploads\\\/2022\\\/11\\\/Oxygen-Freejumping-5.jpg\",\"datePublished\":\"2022-11-01T11:59:17+00:00\",\"dateModified\":\"2023-02-07T10:33:02+00:00\",\"breadcrumb\":{\"@id\":\"https:\\\/\\\/airparx.com\\\/fr\\\/installations\\\/saut-sans-oxygene\\\/#breadcrumb\"},\"inLanguage\":\"fr-FR\",\"potentialAction\":[{\"@type\":\"ReadAction\",\"target\":[\"https:\\\/\\\/airparx.com\\\/fr\\\/installations\\\/saut-sans-oxygene\\\/\"]}]},{\"@type\":\"ImageObject\",\"inLanguage\":\"fr-FR\",\"@id\":\"https:\\\/\\\/airparx.com\\\/fr\\\/installations\\\/saut-sans-oxygene\\\/#primaryimage\",\"url\":\"https:\\\/\\\/airparx.com\\\/wp-content\\\/uploads\\\/2022\\\/11\\\/Oxygen-Freejumping-5.jpg\",\"contentUrl\":\"https:\\\/\\\/airparx.com\\\/wp-content\\\/uploads\\\/2022\\\/11\\\/Oxygen-Freejumping-5.jpg\",\"width\":1024,\"height\":768},{\"@type\":\"BreadcrumbList\",\"@id\":\"https:\\\/\\\/airparx.com\\\/fr\\\/installations\\\/saut-sans-oxygene\\\/#breadcrumb\",\"itemListElement\":[{\"@type\":\"ListItem\",\"position\":1,\"name\":\"Home\",\"item\":\"https:\\\/\\\/airparx.com\\\/fr\\\/\"},{\"@type\":\"ListItem\",\"position\":2,\"name\":\"Oxygen Freejumping\"}]},{\"@type\":\"WebSite\",\"@id\":\"https:\\\/\\\/airparx.com\\\/fr\\\/#website\",\"url\":\"https:\\\/\\\/airparx.com\\\/fr\\\/\",\"name\":\"Airparx\",\"description\":\"Inflatable &amp; Trampoline Park Supplier\",\"publisher\":{\"@id\":\"https:\\\/\\\/airparx.com\\\/fr\\\/#organization\"},\"potentialAction\":[{\"@type\":\"SearchAction\",\"target\":{\"@type\":\"EntryPoint\",\"urlTemplate\":\"https:\\\/\\\/airparx.com\\\/fr\\\/?s={search_term_string}\"},\"query-input\":{\"@type\":\"PropertyValueSpecification\",\"valueRequired\":true,\"valueName\":\"search_term_string\"}}],\"inLanguage\":\"fr-FR\"},{\"@type\":\"Organization\",\"@id\":\"https:\\\/\\\/airparx.com\\\/fr\\\/#organization\",\"name\":\"Airparx\",\"url\":\"https:\\\/\\\/airparx.com\\\/fr\\\/\",\"logo\":{\"@type\":\"ImageObject\",\"inLanguage\":\"fr-FR\",\"@id\":\"https:\\\/\\\/airparx.com\\\/fr\\\/#\\\/schema\\\/logo\\\/image\\\/\",\"url\":\"https:\\\/\\\/airparx.com\\\/wp-content\\\/uploads\\\/2022\\\/06\\\/Airparx_Logo.png\",\"contentUrl\":\"https:\\\/\\\/airparx.com\\\/wp-content\\\/uploads\\\/2022\\\/06\\\/Airparx_Logo.png\",\"width\":1127,\"height\":461,\"caption\":\"Airparx\"},\"image\":{\"@id\":\"https:\\\/\\\/airparx.com\\\/fr\\\/#\\\/schema\\\/logo\\\/image\\\/\"},\"sameAs\":[\"https:\\\/\\\/www.facebook.com\\\/Airparx\\\/\",\"https:\\\/\\\/www.instagram.com\\\/airparx\\\/\",\"https:\\\/\\\/www.youtube.com\\\/playlist?list=PL2LZnxdxb4eX2paMpuL0QxEvopAtGzyqY\",\"https:\\\/\\\/www.linkedin.com\\\/company\\\/airparx\\\/\"]}]}<\/script>\n<!-- \/ Yoast SEO Premium plugin. -->","yoast_head_json":{"title":"Oxygen Freejumping - Airparx","robots":{"index":"index","follow":"follow","max-snippet":"max-snippet:-1","max-image-preview":"max-image-preview:large","max-video-preview":"max-video-preview:-1"},"canonical":"https:\/\/airparx.com\/fr\/installations\/saut-sans-oxygene\/","og_locale":"fr_FR","og_type":"article","og_title":"Oxygen Freejumping","og_description":"Dans le cadre de son r\u00e9cent parcours d&rsquo;acquisition, Oxygen a achet\u00e9 un site existant \u00e0 Wilmslow, pr\u00e8s de Manchester, au Royaume-Uni, et l&rsquo;a exploit\u00e9 tel quel pendant quelques mois. Ce site avait besoin de travaux de r\u00e9novation, d&rsquo;am\u00e9liorations du parc et d&rsquo;un lifting complet pour l&rsquo;aligner sur les autres sites d&rsquo;Oxygen et pour am\u00e9liorer l&rsquo;exp\u00e9rience [&hellip;]","og_url":"https:\/\/airparx.com\/fr\/installations\/saut-sans-oxygene\/","og_site_name":"Airparx","article_publisher":"https:\/\/www.facebook.com\/Airparx\/","article_modified_time":"2023-02-07T10:33:02+00:00","og_image":[{"width":1024,"height":768,"url":"https:\/\/airparx.com\/wp-content\/uploads\/2022\/11\/Oxygen-Freejumping-5.jpg","type":"image\/jpeg"}],"twitter_card":"summary_large_image","twitter_misc":{"Dur\u00e9e de lecture estim\u00e9e":"1 minute"},"schema":{"@context":"https:\/\/schema.org","@graph":[{"@type":"WebPage","@id":"https:\/\/airparx.com\/fr\/installations\/saut-sans-oxygene\/","url":"https:\/\/airparx.com\/fr\/installations\/saut-sans-oxygene\/","name":"Oxygen Freejumping - Airparx","isPartOf":{"@id":"https:\/\/airparx.com\/fr\/#website"},"primaryImageOfPage":{"@id":"https:\/\/airparx.com\/fr\/installations\/saut-sans-oxygene\/#primaryimage"},"image":{"@id":"https:\/\/airparx.com\/fr\/installations\/saut-sans-oxygene\/#primaryimage"},"thumbnailUrl":"https:\/\/airparx.com\/wp-content\/uploads\/2022\/11\/Oxygen-Freejumping-5.jpg","datePublished":"2022-11-01T11:59:17+00:00","dateModified":"2023-02-07T10:33:02+00:00","breadcrumb":{"@id":"https:\/\/airparx.com\/fr\/installations\/saut-sans-oxygene\/#breadcrumb"},"inLanguage":"fr-FR","potentialAction":[{"@type":"ReadAction","target":["https:\/\/airparx.com\/fr\/installations\/saut-sans-oxygene\/"]}]},{"@type":"ImageObject","inLanguage":"fr-FR","@id":"https:\/\/airparx.com\/fr\/installations\/saut-sans-oxygene\/#primaryimage","url":"https:\/\/airparx.com\/wp-content\/uploads\/2022\/11\/Oxygen-Freejumping-5.jpg","contentUrl":"https:\/\/airparx.com\/wp-content\/uploads\/2022\/11\/Oxygen-Freejumping-5.jpg","width":1024,"height":768},{"@type":"BreadcrumbList","@id":"https:\/\/airparx.com\/fr\/installations\/saut-sans-oxygene\/#breadcrumb","itemListElement":[{"@type":"ListItem","position":1,"name":"Home","item":"https:\/\/airparx.com\/fr\/"},{"@type":"ListItem","position":2,"name":"Oxygen Freejumping"}]},{"@type":"WebSite","@id":"https:\/\/airparx.com\/fr\/#website","url":"https:\/\/airparx.com\/fr\/","name":"Airparx","description":"Inflatable &amp; Trampoline Park Supplier","publisher":{"@id":"https:\/\/airparx.com\/fr\/#organization"},"potentialAction":[{"@type":"SearchAction","target":{"@type":"EntryPoint","urlTemplate":"https:\/\/airparx.com\/fr\/?s={search_term_string}"},"query-input":{"@type":"PropertyValueSpecification","valueRequired":true,"valueName":"search_term_string"}}],"inLanguage":"fr-FR"},{"@type":"Organization","@id":"https:\/\/airparx.com\/fr\/#organization","name":"Airparx","url":"https:\/\/airparx.com\/fr\/","logo":{"@type":"ImageObject","inLanguage":"fr-FR","@id":"https:\/\/airparx.com\/fr\/#\/schema\/logo\/image\/","url":"https:\/\/airparx.com\/wp-content\/uploads\/2022\/06\/Airparx_Logo.png","contentUrl":"https:\/\/airparx.com\/wp-content\/uploads\/2022\/06\/Airparx_Logo.png","width":1127,"height":461,"caption":"Airparx"},"image":{"@id":"https:\/\/airparx.com\/fr\/#\/schema\/logo\/image\/"},"sameAs":["https:\/\/www.facebook.com\/Airparx\/","https:\/\/www.instagram.com\/airparx\/","https:\/\/www.youtube.com\/playlist?list=PL2LZnxdxb4eX2paMpuL0QxEvopAtGzyqY","https:\/\/www.linkedin.com\/company\/airparx\/"]}]}},"_links":{"self":[{"href":"https:\/\/airparx.com\/fr\/wp-json\/wp\/v2\/product\/5200","targetHints":{"allow":["GET"]}}],"collection":[{"href":"https:\/\/airparx.com\/fr\/wp-json\/wp\/v2\/product"}],"about":[{"href":"https:\/\/airparx.com\/fr\/wp-json\/wp\/v2\/types\/product"}],"wp:featuredmedia":[{"embeddable":true,"href":"https:\/\/airparx.com\/fr\/wp-json\/wp\/v2\/media\/5202"}],"wp:attachment":[{"href":"https:\/\/airparx.com\/fr\/wp-json\/wp\/v2\/media?parent=5200"}],"wp:term":[{"taxonomy":"product_brand","embeddable":true,"href":"https:\/\/airparx.com\/fr\/wp-json\/wp\/v2\/product_brand?post=5200"},{"taxonomy":"product_cat","embeddable":true,"href":"https:\/\/airparx.com\/fr\/wp-json\/wp\/v2\/product_cat?post=5200"},{"taxonomy":"product_tag","embeddable":true,"href":"https:\/\/airparx.com\/fr\/wp-json\/wp\/v2\/product_tag?post=5200"}],"curies":[{"name":"wp","href":"https:\/\/api.w.org\/{rel}","templated":true}]}}