{"id":5213,"date":"2022-07-15T13:17:47","date_gmt":"2022-07-15T12:17:47","guid":{"rendered":"https:\/\/airparx.com\/installations\/xtreme-craze-californie\/"},"modified":"2022-11-22T15:57:28","modified_gmt":"2022-11-22T15:57:28","slug":"xtreme-craze-californie","status":"publish","type":"product","link":"https:\/\/airparx.com\/fr\/installations\/xtreme-craze-californie\/","title":{"rendered":"Xtreme Craze &#8211; Californie"},"content":{"rendered":"<p>Xtreme Craze California est notre premier parc gonflable sur la c\u00f4te Est des \u00c9tats-Unis.<\/p>\n<p>John Hughes, propri\u00e9taire de Xtreme Craze California, est l&rsquo;heureux propri\u00e9taire d&rsquo;un centre de jeux populaire et est venu nous voir via le salon IAAPA en Floride, en qu\u00eate d&rsquo;inspiration.<\/p>\n<p>John pr\u00e9voyait de r\u00e9nover son \u00e9tablissement et a d\u00e9cid\u00e9 que la solution id\u00e9ale \u00e9tait de transformer ses structures gonflables individuelles existantes en un parc gonflable complet.<\/p>\n<p>\u00c0 l&rsquo;exception de quelques piliers et d&rsquo;une petite zone de plafond l\u00e9g\u00e8rement plus basse, le centre de jeux de John avait tous les ingr\u00e9dients d&rsquo;un fantastique parc gonflable avec de grands espaces ouverts et peu d&rsquo;obstructions internes. La conception finale du parc est vraiment stup\u00e9fiante, avec des couleurs fantastiques et des caract\u00e9ristiques cool, notamment un fabuleux mur d&rsquo;escalade central menant \u00e0 des toboggans et \u00e0 un saut de base.<\/p>\n","protected":false},"excerpt":{"rendered":"<p>Xtreme Craze California est notre premier parc gonflable sur la c\u00f4te Est des \u00c9tats-Unis. John Hughes, propri\u00e9taire de Xtreme Craze California, est l&rsquo;heureux propri\u00e9taire d&rsquo;un centre de jeux populaire et est venu nous voir via le salon IAAPA en Floride, en qu\u00eate d&rsquo;inspiration. John pr\u00e9voyait de r\u00e9nover son \u00e9tablissement et a d\u00e9cid\u00e9 que la solution [&hellip;]<\/p>\n","protected":false},"featured_media":5025,"template":"","meta":{"_acf_changed":false},"product_brand":[],"product_cat":[83],"product_tag":[],"class_list":{"0":"post-5213","1":"product","2":"type-product","3":"status-publish","4":"has-post-thumbnail","6":"product_cat-parcs-gonflables","8":"first","9":"outofstock","10":"shipping-taxable","11":"product-type-simple"},"acf":[],"yoast_head":"<!-- This site is optimized with the Yoast SEO Premium plugin v26.7 (Yoast SEO v27.3) - https:\/\/yoast.com\/product\/yoast-seo-premium-wordpress\/ -->\n<title>Xtreme Craze - Californie - Airparx<\/title>\n<meta name=\"robots\" content=\"index, follow, max-snippet:-1, max-image-preview:large, max-video-preview:-1\" \/>\n<link rel=\"canonical\" href=\"https:\/\/airparx.com\/fr\/installations\/xtreme-craze-californie\/\" \/>\n<meta property=\"og:locale\" content=\"fr_FR\" \/>\n<meta property=\"og:type\" content=\"article\" \/>\n<meta property=\"og:title\" content=\"Xtreme Craze - Californie\" \/>\n<meta property=\"og:description\" content=\"Xtreme Craze California est notre premier parc gonflable sur la c\u00f4te Est des \u00c9tats-Unis. John Hughes, propri\u00e9taire de Xtreme Craze California, est l&rsquo;heureux propri\u00e9taire d&rsquo;un centre de jeux populaire et est venu nous voir via le salon IAAPA en Floride, en qu\u00eate d&rsquo;inspiration. John pr\u00e9voyait de r\u00e9nover son \u00e9tablissement et a d\u00e9cid\u00e9 que la solution [&hellip;]\" \/>\n<meta property=\"og:url\" content=\"https:\/\/airparx.com\/fr\/installations\/xtreme-craze-californie\/\" \/>\n<meta property=\"og:site_name\" content=\"Airparx\" \/>\n<meta property=\"article:publisher\" content=\"https:\/\/www.facebook.com\/Airparx\/\" \/>\n<meta property=\"article:modified_time\" content=\"2022-11-22T15:57:28+00:00\" \/>\n<meta property=\"og:image\" content=\"https:\/\/airparx.com\/wp-content\/uploads\/2022\/07\/xtreme-craze-california-7.jpg\" \/>\n\t<meta property=\"og:image:width\" content=\"1024\" \/>\n\t<meta property=\"og:image:height\" content=\"768\" \/>\n\t<meta property=\"og:image:type\" content=\"image\/jpeg\" \/>\n<meta name=\"twitter:card\" content=\"summary_large_image\" \/>\n<meta name=\"twitter:label1\" content=\"Dur\u00e9e de lecture estim\u00e9e\" \/>\n\t<meta name=\"twitter:data1\" content=\"1 minute\" \/>\n<script type=\"application\/ld+json\" class=\"yoast-schema-graph\">{\"@context\":\"https:\\\/\\\/schema.org\",\"@graph\":[{\"@type\":\"WebPage\",\"@id\":\"https:\\\/\\\/airparx.com\\\/fr\\\/installations\\\/xtreme-craze-californie\\\/\",\"url\":\"https:\\\/\\\/airparx.com\\\/fr\\\/installations\\\/xtreme-craze-californie\\\/\",\"name\":\"Xtreme Craze - Californie - Airparx\",\"isPartOf\":{\"@id\":\"https:\\\/\\\/airparx.com\\\/fr\\\/#website\"},\"primaryImageOfPage\":{\"@id\":\"https:\\\/\\\/airparx.com\\\/fr\\\/installations\\\/xtreme-craze-californie\\\/#primaryimage\"},\"image\":{\"@id\":\"https:\\\/\\\/airparx.com\\\/fr\\\/installations\\\/xtreme-craze-californie\\\/#primaryimage\"},\"thumbnailUrl\":\"https:\\\/\\\/airparx.com\\\/wp-content\\\/uploads\\\/2022\\\/07\\\/xtreme-craze-california-7.jpg\",\"datePublished\":\"2022-07-15T12:17:47+00:00\",\"dateModified\":\"2022-11-22T15:57:28+00:00\",\"breadcrumb\":{\"@id\":\"https:\\\/\\\/airparx.com\\\/fr\\\/installations\\\/xtreme-craze-californie\\\/#breadcrumb\"},\"inLanguage\":\"fr-FR\",\"potentialAction\":[{\"@type\":\"ReadAction\",\"target\":[\"https:\\\/\\\/airparx.com\\\/fr\\\/installations\\\/xtreme-craze-californie\\\/\"]}]},{\"@type\":\"ImageObject\",\"inLanguage\":\"fr-FR\",\"@id\":\"https:\\\/\\\/airparx.com\\\/fr\\\/installations\\\/xtreme-craze-californie\\\/#primaryimage\",\"url\":\"https:\\\/\\\/airparx.com\\\/wp-content\\\/uploads\\\/2022\\\/07\\\/xtreme-craze-california-7.jpg\",\"contentUrl\":\"https:\\\/\\\/airparx.com\\\/wp-content\\\/uploads\\\/2022\\\/07\\\/xtreme-craze-california-7.jpg\",\"width\":1024,\"height\":768},{\"@type\":\"BreadcrumbList\",\"@id\":\"https:\\\/\\\/airparx.com\\\/fr\\\/installations\\\/xtreme-craze-californie\\\/#breadcrumb\",\"itemListElement\":[{\"@type\":\"ListItem\",\"position\":1,\"name\":\"Home\",\"item\":\"https:\\\/\\\/airparx.com\\\/fr\\\/\"},{\"@type\":\"ListItem\",\"position\":2,\"name\":\"Xtreme Craze &#8211; Californie\"}]},{\"@type\":\"WebSite\",\"@id\":\"https:\\\/\\\/airparx.com\\\/fr\\\/#website\",\"url\":\"https:\\\/\\\/airparx.com\\\/fr\\\/\",\"name\":\"Airparx\",\"description\":\"Inflatable &amp; Trampoline Park Supplier\",\"publisher\":{\"@id\":\"https:\\\/\\\/airparx.com\\\/fr\\\/#organization\"},\"potentialAction\":[{\"@type\":\"SearchAction\",\"target\":{\"@type\":\"EntryPoint\",\"urlTemplate\":\"https:\\\/\\\/airparx.com\\\/fr\\\/?s={search_term_string}\"},\"query-input\":{\"@type\":\"PropertyValueSpecification\",\"valueRequired\":true,\"valueName\":\"search_term_string\"}}],\"inLanguage\":\"fr-FR\"},{\"@type\":\"Organization\",\"@id\":\"https:\\\/\\\/airparx.com\\\/fr\\\/#organization\",\"name\":\"Airparx\",\"url\":\"https:\\\/\\\/airparx.com\\\/fr\\\/\",\"logo\":{\"@type\":\"ImageObject\",\"inLanguage\":\"fr-FR\",\"@id\":\"https:\\\/\\\/airparx.com\\\/fr\\\/#\\\/schema\\\/logo\\\/image\\\/\",\"url\":\"https:\\\/\\\/airparx.com\\\/wp-content\\\/uploads\\\/2022\\\/06\\\/Airparx_Logo.png\",\"contentUrl\":\"https:\\\/\\\/airparx.com\\\/wp-content\\\/uploads\\\/2022\\\/06\\\/Airparx_Logo.png\",\"width\":1127,\"height\":461,\"caption\":\"Airparx\"},\"image\":{\"@id\":\"https:\\\/\\\/airparx.com\\\/fr\\\/#\\\/schema\\\/logo\\\/image\\\/\"},\"sameAs\":[\"https:\\\/\\\/www.facebook.com\\\/Airparx\\\/\",\"https:\\\/\\\/www.instagram.com\\\/airparx\\\/\",\"https:\\\/\\\/www.youtube.com\\\/playlist?list=PL2LZnxdxb4eX2paMpuL0QxEvopAtGzyqY\",\"https:\\\/\\\/www.linkedin.com\\\/company\\\/airparx\\\/\"]}]}<\/script>\n<!-- \/ Yoast SEO Premium plugin. -->","yoast_head_json":{"title":"Xtreme Craze - Californie - Airparx","robots":{"index":"index","follow":"follow","max-snippet":"max-snippet:-1","max-image-preview":"max-image-preview:large","max-video-preview":"max-video-preview:-1"},"canonical":"https:\/\/airparx.com\/fr\/installations\/xtreme-craze-californie\/","og_locale":"fr_FR","og_type":"article","og_title":"Xtreme Craze - Californie","og_description":"Xtreme Craze California est notre premier parc gonflable sur la c\u00f4te Est des \u00c9tats-Unis. John Hughes, propri\u00e9taire de Xtreme Craze California, est l&rsquo;heureux propri\u00e9taire d&rsquo;un centre de jeux populaire et est venu nous voir via le salon IAAPA en Floride, en qu\u00eate d&rsquo;inspiration. John pr\u00e9voyait de r\u00e9nover son \u00e9tablissement et a d\u00e9cid\u00e9 que la solution [&hellip;]","og_url":"https:\/\/airparx.com\/fr\/installations\/xtreme-craze-californie\/","og_site_name":"Airparx","article_publisher":"https:\/\/www.facebook.com\/Airparx\/","article_modified_time":"2022-11-22T15:57:28+00:00","og_image":[{"width":1024,"height":768,"url":"https:\/\/airparx.com\/wp-content\/uploads\/2022\/07\/xtreme-craze-california-7.jpg","type":"image\/jpeg"}],"twitter_card":"summary_large_image","twitter_misc":{"Dur\u00e9e de lecture estim\u00e9e":"1 minute"},"schema":{"@context":"https:\/\/schema.org","@graph":[{"@type":"WebPage","@id":"https:\/\/airparx.com\/fr\/installations\/xtreme-craze-californie\/","url":"https:\/\/airparx.com\/fr\/installations\/xtreme-craze-californie\/","name":"Xtreme Craze - Californie - Airparx","isPartOf":{"@id":"https:\/\/airparx.com\/fr\/#website"},"primaryImageOfPage":{"@id":"https:\/\/airparx.com\/fr\/installations\/xtreme-craze-californie\/#primaryimage"},"image":{"@id":"https:\/\/airparx.com\/fr\/installations\/xtreme-craze-californie\/#primaryimage"},"thumbnailUrl":"https:\/\/airparx.com\/wp-content\/uploads\/2022\/07\/xtreme-craze-california-7.jpg","datePublished":"2022-07-15T12:17:47+00:00","dateModified":"2022-11-22T15:57:28+00:00","breadcrumb":{"@id":"https:\/\/airparx.com\/fr\/installations\/xtreme-craze-californie\/#breadcrumb"},"inLanguage":"fr-FR","potentialAction":[{"@type":"ReadAction","target":["https:\/\/airparx.com\/fr\/installations\/xtreme-craze-californie\/"]}]},{"@type":"ImageObject","inLanguage":"fr-FR","@id":"https:\/\/airparx.com\/fr\/installations\/xtreme-craze-californie\/#primaryimage","url":"https:\/\/airparx.com\/wp-content\/uploads\/2022\/07\/xtreme-craze-california-7.jpg","contentUrl":"https:\/\/airparx.com\/wp-content\/uploads\/2022\/07\/xtreme-craze-california-7.jpg","width":1024,"height":768},{"@type":"BreadcrumbList","@id":"https:\/\/airparx.com\/fr\/installations\/xtreme-craze-californie\/#breadcrumb","itemListElement":[{"@type":"ListItem","position":1,"name":"Home","item":"https:\/\/airparx.com\/fr\/"},{"@type":"ListItem","position":2,"name":"Xtreme Craze &#8211; Californie"}]},{"@type":"WebSite","@id":"https:\/\/airparx.com\/fr\/#website","url":"https:\/\/airparx.com\/fr\/","name":"Airparx","description":"Inflatable &amp; Trampoline Park Supplier","publisher":{"@id":"https:\/\/airparx.com\/fr\/#organization"},"potentialAction":[{"@type":"SearchAction","target":{"@type":"EntryPoint","urlTemplate":"https:\/\/airparx.com\/fr\/?s={search_term_string}"},"query-input":{"@type":"PropertyValueSpecification","valueRequired":true,"valueName":"search_term_string"}}],"inLanguage":"fr-FR"},{"@type":"Organization","@id":"https:\/\/airparx.com\/fr\/#organization","name":"Airparx","url":"https:\/\/airparx.com\/fr\/","logo":{"@type":"ImageObject","inLanguage":"fr-FR","@id":"https:\/\/airparx.com\/fr\/#\/schema\/logo\/image\/","url":"https:\/\/airparx.com\/wp-content\/uploads\/2022\/06\/Airparx_Logo.png","contentUrl":"https:\/\/airparx.com\/wp-content\/uploads\/2022\/06\/Airparx_Logo.png","width":1127,"height":461,"caption":"Airparx"},"image":{"@id":"https:\/\/airparx.com\/fr\/#\/schema\/logo\/image\/"},"sameAs":["https:\/\/www.facebook.com\/Airparx\/","https:\/\/www.instagram.com\/airparx\/","https:\/\/www.youtube.com\/playlist?list=PL2LZnxdxb4eX2paMpuL0QxEvopAtGzyqY","https:\/\/www.linkedin.com\/company\/airparx\/"]}]}},"_links":{"self":[{"href":"https:\/\/airparx.com\/fr\/wp-json\/wp\/v2\/product\/5213","targetHints":{"allow":["GET"]}}],"collection":[{"href":"https:\/\/airparx.com\/fr\/wp-json\/wp\/v2\/product"}],"about":[{"href":"https:\/\/airparx.com\/fr\/wp-json\/wp\/v2\/types\/product"}],"wp:featuredmedia":[{"embeddable":true,"href":"https:\/\/airparx.com\/fr\/wp-json\/wp\/v2\/media\/5025"}],"wp:attachment":[{"href":"https:\/\/airparx.com\/fr\/wp-json\/wp\/v2\/media?parent=5213"}],"wp:term":[{"taxonomy":"product_brand","embeddable":true,"href":"https:\/\/airparx.com\/fr\/wp-json\/wp\/v2\/product_brand?post=5213"},{"taxonomy":"product_cat","embeddable":true,"href":"https:\/\/airparx.com\/fr\/wp-json\/wp\/v2\/product_cat?post=5213"},{"taxonomy":"product_tag","embeddable":true,"href":"https:\/\/airparx.com\/fr\/wp-json\/wp\/v2\/product_tag?post=5213"}],"curies":[{"name":"wp","href":"https:\/\/api.w.org\/{rel}","templated":true}]}}