{"id":5237,"date":"2022-05-31T10:43:05","date_gmt":"2022-05-31T09:43:05","guid":{"rendered":"https:\/\/airparx.com\/installations\/la-ferme-de-la-creme-glacee\/"},"modified":"2022-11-22T15:57:29","modified_gmt":"2022-11-22T15:57:29","slug":"la-ferme-glace","status":"publish","type":"product","link":"https:\/\/airparx.com\/fr\/installations\/la-ferme-glace\/","title":{"rendered":"The Ice Cream Farm"},"content":{"rendered":"<p>Ce magnifique parc gonflable s&rsquo;est retrouv\u00e9 \u00e0 la ferme Ice Cream, dans le Cheshire au Royaume-Uni.<\/p>\n<p>La ferme de la cr\u00e8me glac\u00e9e est un parc de jeux situ\u00e9 dans une ferme o\u00f9 l&rsquo;on produit sa propre cr\u00e8me glac\u00e9e et o\u00f9 l&rsquo;on peut pratiquer de nombreuses activit\u00e9s de plein air. Jonathan, propri\u00e9taire de The Ice Cream Farm, a propos\u00e9 \u00e0 Airparx de relever un d\u00e9fi int\u00e9ressant. Ils avaient un espace mort dans les limites du parc agricole qu&rsquo;ils devaient combler pour les prochaines vacances scolaires. Apr\u00e8s avoir discut\u00e9 des diff\u00e9rents styles de parcs gonflables que nous proposons, il est apparu que la meilleure solution \u00e9tait de cr\u00e9er un parcours d&rsquo;obstacles, avec des sections modulaires, afin que les invit\u00e9s puissent foncer et \u00eatre si chauds et fatigu\u00e9s qu&rsquo;ils auraient besoin d&rsquo;acheter une autre glace ! Am\u00e9liorer le facteur plaisir pour les invit\u00e9s ainsi que les ventes de glaces !<\/p>\n<p>Cette structure gonflable est dot\u00e9e d&rsquo;un toit inclin\u00e9 qui permet \u00e0 l&rsquo;ensemble de l&rsquo;unit\u00e9 de faire face aux conditions climatiques du printemps et de l&rsquo;\u00e9t\u00e9 britanniques. Le toit inclin\u00e9 \u00e9vacue l&rsquo;eau de pluie du centre de la structure gonflable vers les bords,<\/p>\n<p>r\u00e9duisant consid\u00e9rablement le temps d&rsquo;arr\u00eat n\u00e9cessaire pour s\u00e9cher la structure gonflable apr\u00e8s une averse. \u00c0 l&rsquo;int\u00e9rieur de l&rsquo;unit\u00e9, il y a des toboggans, des sauts de base et beaucoup d&rsquo;autres obstacles fantastiques qui contribuent \u00e0 donner aux visiteurs de la ferme de la cr\u00e8me glac\u00e9e une journ\u00e9e inoubliable.<\/p>\n","protected":false},"excerpt":{"rendered":"<p>Ce magnifique parc gonflable s&rsquo;est retrouv\u00e9 \u00e0 la ferme Ice Cream, dans le Cheshire au Royaume-Uni. La ferme de la cr\u00e8me glac\u00e9e est un parc de jeux situ\u00e9 dans une ferme o\u00f9 l&rsquo;on produit sa propre cr\u00e8me glac\u00e9e et o\u00f9 l&rsquo;on peut pratiquer de nombreuses activit\u00e9s de plein air. Jonathan, propri\u00e9taire de The Ice Cream [&hellip;]<\/p>\n","protected":false},"featured_media":5238,"template":"","meta":{"_acf_changed":false},"product_brand":[],"product_cat":[83],"product_tag":[],"class_list":{"0":"post-5237","1":"product","2":"type-product","3":"status-publish","4":"has-post-thumbnail","6":"product_cat-parcs-gonflables","8":"first","9":"outofstock","10":"shipping-taxable","11":"product-type-simple"},"acf":[],"yoast_head":"<!-- This site is optimized with the Yoast SEO Premium plugin v26.7 (Yoast SEO v27.3) - https:\/\/yoast.com\/product\/yoast-seo-premium-wordpress\/ -->\n<title>The Ice Cream Farm - Airparx<\/title>\n<meta name=\"robots\" content=\"index, follow, max-snippet:-1, max-image-preview:large, max-video-preview:-1\" \/>\n<link rel=\"canonical\" href=\"https:\/\/airparx.com\/fr\/installations\/la-ferme-glace\/\" \/>\n<meta property=\"og:locale\" content=\"fr_FR\" \/>\n<meta property=\"og:type\" content=\"article\" \/>\n<meta property=\"og:title\" content=\"The Ice Cream Farm\" \/>\n<meta property=\"og:description\" content=\"Ce magnifique parc gonflable s&rsquo;est retrouv\u00e9 \u00e0 la ferme Ice Cream, dans le Cheshire au Royaume-Uni. La ferme de la cr\u00e8me glac\u00e9e est un parc de jeux situ\u00e9 dans une ferme o\u00f9 l&rsquo;on produit sa propre cr\u00e8me glac\u00e9e et o\u00f9 l&rsquo;on peut pratiquer de nombreuses activit\u00e9s de plein air. Jonathan, propri\u00e9taire de The Ice Cream [&hellip;]\" \/>\n<meta property=\"og:url\" content=\"https:\/\/airparx.com\/fr\/installations\/la-ferme-glace\/\" \/>\n<meta property=\"og:site_name\" content=\"Airparx\" \/>\n<meta property=\"article:publisher\" content=\"https:\/\/www.facebook.com\/Airparx\/\" \/>\n<meta property=\"article:modified_time\" content=\"2022-11-22T15:57:29+00:00\" \/>\n<meta property=\"og:image\" content=\"https:\/\/airparx.com\/wp-content\/uploads\/2022\/07\/the-ice-cream-factory-1.jpg\" \/>\n\t<meta property=\"og:image:width\" content=\"1024\" \/>\n\t<meta property=\"og:image:height\" content=\"768\" \/>\n\t<meta property=\"og:image:type\" content=\"image\/jpeg\" \/>\n<meta name=\"twitter:card\" content=\"summary_large_image\" \/>\n<meta name=\"twitter:label1\" content=\"Dur\u00e9e de lecture estim\u00e9e\" \/>\n\t<meta name=\"twitter:data1\" content=\"1 minute\" \/>\n<script type=\"application\/ld+json\" class=\"yoast-schema-graph\">{\"@context\":\"https:\\\/\\\/schema.org\",\"@graph\":[{\"@type\":\"WebPage\",\"@id\":\"https:\\\/\\\/airparx.com\\\/fr\\\/installations\\\/la-ferme-glace\\\/\",\"url\":\"https:\\\/\\\/airparx.com\\\/fr\\\/installations\\\/la-ferme-glace\\\/\",\"name\":\"The Ice Cream Farm - Airparx\",\"isPartOf\":{\"@id\":\"https:\\\/\\\/airparx.com\\\/fr\\\/#website\"},\"primaryImageOfPage\":{\"@id\":\"https:\\\/\\\/airparx.com\\\/fr\\\/installations\\\/la-ferme-glace\\\/#primaryimage\"},\"image\":{\"@id\":\"https:\\\/\\\/airparx.com\\\/fr\\\/installations\\\/la-ferme-glace\\\/#primaryimage\"},\"thumbnailUrl\":\"https:\\\/\\\/airparx.com\\\/wp-content\\\/uploads\\\/2022\\\/07\\\/the-ice-cream-factory-1.jpg\",\"datePublished\":\"2022-05-31T09:43:05+00:00\",\"dateModified\":\"2022-11-22T15:57:29+00:00\",\"breadcrumb\":{\"@id\":\"https:\\\/\\\/airparx.com\\\/fr\\\/installations\\\/la-ferme-glace\\\/#breadcrumb\"},\"inLanguage\":\"fr-FR\",\"potentialAction\":[{\"@type\":\"ReadAction\",\"target\":[\"https:\\\/\\\/airparx.com\\\/fr\\\/installations\\\/la-ferme-glace\\\/\"]}]},{\"@type\":\"ImageObject\",\"inLanguage\":\"fr-FR\",\"@id\":\"https:\\\/\\\/airparx.com\\\/fr\\\/installations\\\/la-ferme-glace\\\/#primaryimage\",\"url\":\"https:\\\/\\\/airparx.com\\\/wp-content\\\/uploads\\\/2022\\\/07\\\/the-ice-cream-factory-1.jpg\",\"contentUrl\":\"https:\\\/\\\/airparx.com\\\/wp-content\\\/uploads\\\/2022\\\/07\\\/the-ice-cream-factory-1.jpg\",\"width\":1024,\"height\":768},{\"@type\":\"BreadcrumbList\",\"@id\":\"https:\\\/\\\/airparx.com\\\/fr\\\/installations\\\/la-ferme-glace\\\/#breadcrumb\",\"itemListElement\":[{\"@type\":\"ListItem\",\"position\":1,\"name\":\"Home\",\"item\":\"https:\\\/\\\/airparx.com\\\/fr\\\/\"},{\"@type\":\"ListItem\",\"position\":2,\"name\":\"The Ice Cream Farm\"}]},{\"@type\":\"WebSite\",\"@id\":\"https:\\\/\\\/airparx.com\\\/fr\\\/#website\",\"url\":\"https:\\\/\\\/airparx.com\\\/fr\\\/\",\"name\":\"Airparx\",\"description\":\"Inflatable &amp; Trampoline Park Supplier\",\"publisher\":{\"@id\":\"https:\\\/\\\/airparx.com\\\/fr\\\/#organization\"},\"potentialAction\":[{\"@type\":\"SearchAction\",\"target\":{\"@type\":\"EntryPoint\",\"urlTemplate\":\"https:\\\/\\\/airparx.com\\\/fr\\\/?s={search_term_string}\"},\"query-input\":{\"@type\":\"PropertyValueSpecification\",\"valueRequired\":true,\"valueName\":\"search_term_string\"}}],\"inLanguage\":\"fr-FR\"},{\"@type\":\"Organization\",\"@id\":\"https:\\\/\\\/airparx.com\\\/fr\\\/#organization\",\"name\":\"Airparx\",\"url\":\"https:\\\/\\\/airparx.com\\\/fr\\\/\",\"logo\":{\"@type\":\"ImageObject\",\"inLanguage\":\"fr-FR\",\"@id\":\"https:\\\/\\\/airparx.com\\\/fr\\\/#\\\/schema\\\/logo\\\/image\\\/\",\"url\":\"https:\\\/\\\/airparx.com\\\/wp-content\\\/uploads\\\/2022\\\/06\\\/Airparx_Logo.png\",\"contentUrl\":\"https:\\\/\\\/airparx.com\\\/wp-content\\\/uploads\\\/2022\\\/06\\\/Airparx_Logo.png\",\"width\":1127,\"height\":461,\"caption\":\"Airparx\"},\"image\":{\"@id\":\"https:\\\/\\\/airparx.com\\\/fr\\\/#\\\/schema\\\/logo\\\/image\\\/\"},\"sameAs\":[\"https:\\\/\\\/www.facebook.com\\\/Airparx\\\/\",\"https:\\\/\\\/www.instagram.com\\\/airparx\\\/\",\"https:\\\/\\\/www.youtube.com\\\/playlist?list=PL2LZnxdxb4eX2paMpuL0QxEvopAtGzyqY\",\"https:\\\/\\\/www.linkedin.com\\\/company\\\/airparx\\\/\"]}]}<\/script>\n<!-- \/ Yoast SEO Premium plugin. -->","yoast_head_json":{"title":"The Ice Cream Farm - Airparx","robots":{"index":"index","follow":"follow","max-snippet":"max-snippet:-1","max-image-preview":"max-image-preview:large","max-video-preview":"max-video-preview:-1"},"canonical":"https:\/\/airparx.com\/fr\/installations\/la-ferme-glace\/","og_locale":"fr_FR","og_type":"article","og_title":"The Ice Cream Farm","og_description":"Ce magnifique parc gonflable s&rsquo;est retrouv\u00e9 \u00e0 la ferme Ice Cream, dans le Cheshire au Royaume-Uni. La ferme de la cr\u00e8me glac\u00e9e est un parc de jeux situ\u00e9 dans une ferme o\u00f9 l&rsquo;on produit sa propre cr\u00e8me glac\u00e9e et o\u00f9 l&rsquo;on peut pratiquer de nombreuses activit\u00e9s de plein air. Jonathan, propri\u00e9taire de The Ice Cream [&hellip;]","og_url":"https:\/\/airparx.com\/fr\/installations\/la-ferme-glace\/","og_site_name":"Airparx","article_publisher":"https:\/\/www.facebook.com\/Airparx\/","article_modified_time":"2022-11-22T15:57:29+00:00","og_image":[{"width":1024,"height":768,"url":"https:\/\/airparx.com\/wp-content\/uploads\/2022\/07\/the-ice-cream-factory-1.jpg","type":"image\/jpeg"}],"twitter_card":"summary_large_image","twitter_misc":{"Dur\u00e9e de lecture estim\u00e9e":"1 minute"},"schema":{"@context":"https:\/\/schema.org","@graph":[{"@type":"WebPage","@id":"https:\/\/airparx.com\/fr\/installations\/la-ferme-glace\/","url":"https:\/\/airparx.com\/fr\/installations\/la-ferme-glace\/","name":"The Ice Cream Farm - Airparx","isPartOf":{"@id":"https:\/\/airparx.com\/fr\/#website"},"primaryImageOfPage":{"@id":"https:\/\/airparx.com\/fr\/installations\/la-ferme-glace\/#primaryimage"},"image":{"@id":"https:\/\/airparx.com\/fr\/installations\/la-ferme-glace\/#primaryimage"},"thumbnailUrl":"https:\/\/airparx.com\/wp-content\/uploads\/2022\/07\/the-ice-cream-factory-1.jpg","datePublished":"2022-05-31T09:43:05+00:00","dateModified":"2022-11-22T15:57:29+00:00","breadcrumb":{"@id":"https:\/\/airparx.com\/fr\/installations\/la-ferme-glace\/#breadcrumb"},"inLanguage":"fr-FR","potentialAction":[{"@type":"ReadAction","target":["https:\/\/airparx.com\/fr\/installations\/la-ferme-glace\/"]}]},{"@type":"ImageObject","inLanguage":"fr-FR","@id":"https:\/\/airparx.com\/fr\/installations\/la-ferme-glace\/#primaryimage","url":"https:\/\/airparx.com\/wp-content\/uploads\/2022\/07\/the-ice-cream-factory-1.jpg","contentUrl":"https:\/\/airparx.com\/wp-content\/uploads\/2022\/07\/the-ice-cream-factory-1.jpg","width":1024,"height":768},{"@type":"BreadcrumbList","@id":"https:\/\/airparx.com\/fr\/installations\/la-ferme-glace\/#breadcrumb","itemListElement":[{"@type":"ListItem","position":1,"name":"Home","item":"https:\/\/airparx.com\/fr\/"},{"@type":"ListItem","position":2,"name":"The Ice Cream Farm"}]},{"@type":"WebSite","@id":"https:\/\/airparx.com\/fr\/#website","url":"https:\/\/airparx.com\/fr\/","name":"Airparx","description":"Inflatable &amp; Trampoline Park Supplier","publisher":{"@id":"https:\/\/airparx.com\/fr\/#organization"},"potentialAction":[{"@type":"SearchAction","target":{"@type":"EntryPoint","urlTemplate":"https:\/\/airparx.com\/fr\/?s={search_term_string}"},"query-input":{"@type":"PropertyValueSpecification","valueRequired":true,"valueName":"search_term_string"}}],"inLanguage":"fr-FR"},{"@type":"Organization","@id":"https:\/\/airparx.com\/fr\/#organization","name":"Airparx","url":"https:\/\/airparx.com\/fr\/","logo":{"@type":"ImageObject","inLanguage":"fr-FR","@id":"https:\/\/airparx.com\/fr\/#\/schema\/logo\/image\/","url":"https:\/\/airparx.com\/wp-content\/uploads\/2022\/06\/Airparx_Logo.png","contentUrl":"https:\/\/airparx.com\/wp-content\/uploads\/2022\/06\/Airparx_Logo.png","width":1127,"height":461,"caption":"Airparx"},"image":{"@id":"https:\/\/airparx.com\/fr\/#\/schema\/logo\/image\/"},"sameAs":["https:\/\/www.facebook.com\/Airparx\/","https:\/\/www.instagram.com\/airparx\/","https:\/\/www.youtube.com\/playlist?list=PL2LZnxdxb4eX2paMpuL0QxEvopAtGzyqY","https:\/\/www.linkedin.com\/company\/airparx\/"]}]}},"_links":{"self":[{"href":"https:\/\/airparx.com\/fr\/wp-json\/wp\/v2\/product\/5237","targetHints":{"allow":["GET"]}}],"collection":[{"href":"https:\/\/airparx.com\/fr\/wp-json\/wp\/v2\/product"}],"about":[{"href":"https:\/\/airparx.com\/fr\/wp-json\/wp\/v2\/types\/product"}],"wp:featuredmedia":[{"embeddable":true,"href":"https:\/\/airparx.com\/fr\/wp-json\/wp\/v2\/media\/5238"}],"wp:attachment":[{"href":"https:\/\/airparx.com\/fr\/wp-json\/wp\/v2\/media?parent=5237"}],"wp:term":[{"taxonomy":"product_brand","embeddable":true,"href":"https:\/\/airparx.com\/fr\/wp-json\/wp\/v2\/product_brand?post=5237"},{"taxonomy":"product_cat","embeddable":true,"href":"https:\/\/airparx.com\/fr\/wp-json\/wp\/v2\/product_cat?post=5237"},{"taxonomy":"product_tag","embeddable":true,"href":"https:\/\/airparx.com\/fr\/wp-json\/wp\/v2\/product_tag?post=5237"}],"curies":[{"name":"wp","href":"https:\/\/api.w.org\/{rel}","templated":true}]}}