{"id":5253,"date":"2022-06-16T16:26:58","date_gmt":"2022-06-16T15:26:58","guid":{"rendered":"https:\/\/airparx.com\/installations\/gravite-birmingham\/"},"modified":"2022-11-22T15:57:29","modified_gmt":"2022-11-22T15:57:29","slug":"gravite-birmingham","status":"publish","type":"product","link":"https:\/\/airparx.com\/fr\/installations\/gravite-birmingham\/","title":{"rendered":"Gravity &#8211; Birmingham"},"content":{"rendered":"<p>Cette installation a \u00e9t\u00e9 compl\u00e9t\u00e9e par une collaboration avec l&rsquo;un de nos principaux clients, Gravity, pour construire le premier FEC complet dans la r\u00e9gion des Midlands au Royaume-Uni, \u00e0 Birmingham. Il est situ\u00e9 dans le centre commercial Star City, o\u00f9 Gravity sera un locataire phare pour attirer les visiteurs. Airparx a \u00e9t\u00e9 charg\u00e9 de construire le parc de trampolines, le parc gonflable, l&rsquo;aire de jeux douce et l&rsquo;escalade. En utilisant l&rsquo;espace d&rsquo;un ancien cin\u00e9ma, Airparx a \u00e9t\u00e9 charg\u00e9 de concevoir, de fabriquer et d&rsquo;installer le parc FEC complet dans les d\u00e9lais et le budget impartis, ce qui a n\u00e9cessit\u00e9 pr\u00e8s de trois ans de travail.<\/p>\n<p>Alors que Gravity poursuit sa croissance impressionnante, Airparx continue de grandir avec eux et est fier de son association \u00e0 leur marque. Le projet nous a demand\u00e9 de concevoir un FEC dans un espace difficile, tout en maintenant des lignes de vue claires et un parcours client simple \u00e0 travers le b\u00e2timent et avec de multiples attractions.<\/p>\n<p>Airparx a con\u00e7u un parc o\u00f9 les 3 \u00e9l\u00e9ments principaux du parc gonflable, de la zone de trampoline et de l&rsquo;Air Ninja pouvaient \u00eatre accessibles \u00e0 tout moment. Gr\u00e2ce \u00e0 un certain nombre de petits ponts et de toboggans, les utilisateurs n&rsquo;ont jamais \u00e0 quitter le parc pour acc\u00e9der aux fonctions. Le parc comprend toujours les favoris du parc, notamment le dernier debout, les fosses \u00e0 mousse, les tours de saut et, bien s\u00fbr, 70 trampolines interconnect\u00e9s de plusieurs hauteurs.<\/p>\n<p>Airparx est la seule soci\u00e9t\u00e9 au monde \u00e0 avoir r\u00e9ussi \u00e0 relier les parcs de trampolines aux parcs gonflables. Gr\u00e2ce \u00e0 nos connaissances et \u00e0 notre expertise en mati\u00e8re de conception, nous sommes en mesure de connecter aussi bien nos propres parcs que les parcs d&rsquo;autres fabricants. Les points de transition sont transparents, ce qui signifie que l&rsquo;espace de jeu est occup\u00e9 au maximum.<\/p>\n","protected":false},"excerpt":{"rendered":"<p>Cette installation a \u00e9t\u00e9 compl\u00e9t\u00e9e par une collaboration avec l&rsquo;un de nos principaux clients, Gravity, pour construire le premier FEC complet dans la r\u00e9gion des Midlands au Royaume-Uni, \u00e0 Birmingham. Il est situ\u00e9 dans le centre commercial Star City, o\u00f9 Gravity sera un locataire phare pour attirer les visiteurs. Airparx a \u00e9t\u00e9 charg\u00e9 de construire [&hellip;]<\/p>\n","protected":false},"featured_media":5257,"template":"","meta":{"_acf_changed":false},"product_brand":[],"product_cat":[93,87,86,83],"product_tag":[],"class_list":{"0":"post-5253","1":"product","2":"type-product","3":"status-publish","4":"has-post-thumbnail","6":"product_cat-cours-de-ninja","7":"product_cat-divertissement-interactif","8":"product_cat-parcs-de-trampoline","9":"product_cat-parcs-gonflables","11":"first","12":"outofstock","13":"shipping-taxable","14":"product-type-simple"},"acf":[],"yoast_head":"<!-- This site is optimized with the Yoast SEO Premium plugin v26.7 (Yoast SEO v27.3) - https:\/\/yoast.com\/product\/yoast-seo-premium-wordpress\/ -->\n<title>Gravity - Birmingham - Airparx<\/title>\n<meta name=\"robots\" content=\"index, follow, max-snippet:-1, max-image-preview:large, max-video-preview:-1\" \/>\n<link rel=\"canonical\" href=\"https:\/\/airparx.com\/fr\/installations\/gravite-birmingham\/\" \/>\n<meta property=\"og:locale\" content=\"fr_FR\" \/>\n<meta property=\"og:type\" content=\"article\" \/>\n<meta property=\"og:title\" content=\"Gravity - Birmingham\" \/>\n<meta property=\"og:description\" content=\"Cette installation a \u00e9t\u00e9 compl\u00e9t\u00e9e par une collaboration avec l&rsquo;un de nos principaux clients, Gravity, pour construire le premier FEC complet dans la r\u00e9gion des Midlands au Royaume-Uni, \u00e0 Birmingham. Il est situ\u00e9 dans le centre commercial Star City, o\u00f9 Gravity sera un locataire phare pour attirer les visiteurs. Airparx a \u00e9t\u00e9 charg\u00e9 de construire [&hellip;]\" \/>\n<meta property=\"og:url\" content=\"https:\/\/airparx.com\/fr\/installations\/gravite-birmingham\/\" \/>\n<meta property=\"og:site_name\" content=\"Airparx\" \/>\n<meta property=\"article:publisher\" content=\"https:\/\/www.facebook.com\/Airparx\/\" \/>\n<meta property=\"article:modified_time\" content=\"2022-11-22T15:57:29+00:00\" \/>\n<meta property=\"og:image\" content=\"https:\/\/airparx.com\/wp-content\/uploads\/2022\/07\/gravity-birmingham-7.jpg\" \/>\n\t<meta property=\"og:image:width\" content=\"1024\" \/>\n\t<meta property=\"og:image:height\" content=\"768\" \/>\n\t<meta property=\"og:image:type\" content=\"image\/jpeg\" \/>\n<meta name=\"twitter:card\" content=\"summary_large_image\" \/>\n<meta name=\"twitter:label1\" content=\"Dur\u00e9e de lecture estim\u00e9e\" \/>\n\t<meta name=\"twitter:data1\" content=\"2 minutes\" \/>\n<script type=\"application\/ld+json\" class=\"yoast-schema-graph\">{\"@context\":\"https:\\\/\\\/schema.org\",\"@graph\":[{\"@type\":\"WebPage\",\"@id\":\"https:\\\/\\\/airparx.com\\\/fr\\\/installations\\\/gravite-birmingham\\\/\",\"url\":\"https:\\\/\\\/airparx.com\\\/fr\\\/installations\\\/gravite-birmingham\\\/\",\"name\":\"Gravity - Birmingham - Airparx\",\"isPartOf\":{\"@id\":\"https:\\\/\\\/airparx.com\\\/fr\\\/#website\"},\"primaryImageOfPage\":{\"@id\":\"https:\\\/\\\/airparx.com\\\/fr\\\/installations\\\/gravite-birmingham\\\/#primaryimage\"},\"image\":{\"@id\":\"https:\\\/\\\/airparx.com\\\/fr\\\/installations\\\/gravite-birmingham\\\/#primaryimage\"},\"thumbnailUrl\":\"https:\\\/\\\/airparx.com\\\/wp-content\\\/uploads\\\/2022\\\/07\\\/gravity-birmingham-7.jpg\",\"datePublished\":\"2022-06-16T15:26:58+00:00\",\"dateModified\":\"2022-11-22T15:57:29+00:00\",\"breadcrumb\":{\"@id\":\"https:\\\/\\\/airparx.com\\\/fr\\\/installations\\\/gravite-birmingham\\\/#breadcrumb\"},\"inLanguage\":\"fr-FR\",\"potentialAction\":[{\"@type\":\"ReadAction\",\"target\":[\"https:\\\/\\\/airparx.com\\\/fr\\\/installations\\\/gravite-birmingham\\\/\"]}]},{\"@type\":\"ImageObject\",\"inLanguage\":\"fr-FR\",\"@id\":\"https:\\\/\\\/airparx.com\\\/fr\\\/installations\\\/gravite-birmingham\\\/#primaryimage\",\"url\":\"https:\\\/\\\/airparx.com\\\/wp-content\\\/uploads\\\/2022\\\/07\\\/gravity-birmingham-7.jpg\",\"contentUrl\":\"https:\\\/\\\/airparx.com\\\/wp-content\\\/uploads\\\/2022\\\/07\\\/gravity-birmingham-7.jpg\",\"width\":1024,\"height\":768},{\"@type\":\"BreadcrumbList\",\"@id\":\"https:\\\/\\\/airparx.com\\\/fr\\\/installations\\\/gravite-birmingham\\\/#breadcrumb\",\"itemListElement\":[{\"@type\":\"ListItem\",\"position\":1,\"name\":\"Home\",\"item\":\"https:\\\/\\\/airparx.com\\\/fr\\\/\"},{\"@type\":\"ListItem\",\"position\":2,\"name\":\"Gravity &#8211; Birmingham\"}]},{\"@type\":\"WebSite\",\"@id\":\"https:\\\/\\\/airparx.com\\\/fr\\\/#website\",\"url\":\"https:\\\/\\\/airparx.com\\\/fr\\\/\",\"name\":\"Airparx\",\"description\":\"Inflatable &amp; Trampoline Park Supplier\",\"publisher\":{\"@id\":\"https:\\\/\\\/airparx.com\\\/fr\\\/#organization\"},\"potentialAction\":[{\"@type\":\"SearchAction\",\"target\":{\"@type\":\"EntryPoint\",\"urlTemplate\":\"https:\\\/\\\/airparx.com\\\/fr\\\/?s={search_term_string}\"},\"query-input\":{\"@type\":\"PropertyValueSpecification\",\"valueRequired\":true,\"valueName\":\"search_term_string\"}}],\"inLanguage\":\"fr-FR\"},{\"@type\":\"Organization\",\"@id\":\"https:\\\/\\\/airparx.com\\\/fr\\\/#organization\",\"name\":\"Airparx\",\"url\":\"https:\\\/\\\/airparx.com\\\/fr\\\/\",\"logo\":{\"@type\":\"ImageObject\",\"inLanguage\":\"fr-FR\",\"@id\":\"https:\\\/\\\/airparx.com\\\/fr\\\/#\\\/schema\\\/logo\\\/image\\\/\",\"url\":\"https:\\\/\\\/airparx.com\\\/wp-content\\\/uploads\\\/2022\\\/06\\\/Airparx_Logo.png\",\"contentUrl\":\"https:\\\/\\\/airparx.com\\\/wp-content\\\/uploads\\\/2022\\\/06\\\/Airparx_Logo.png\",\"width\":1127,\"height\":461,\"caption\":\"Airparx\"},\"image\":{\"@id\":\"https:\\\/\\\/airparx.com\\\/fr\\\/#\\\/schema\\\/logo\\\/image\\\/\"},\"sameAs\":[\"https:\\\/\\\/www.facebook.com\\\/Airparx\\\/\",\"https:\\\/\\\/www.instagram.com\\\/airparx\\\/\",\"https:\\\/\\\/www.youtube.com\\\/playlist?list=PL2LZnxdxb4eX2paMpuL0QxEvopAtGzyqY\",\"https:\\\/\\\/www.linkedin.com\\\/company\\\/airparx\\\/\"]}]}<\/script>\n<!-- \/ Yoast SEO Premium plugin. -->","yoast_head_json":{"title":"Gravity - Birmingham - Airparx","robots":{"index":"index","follow":"follow","max-snippet":"max-snippet:-1","max-image-preview":"max-image-preview:large","max-video-preview":"max-video-preview:-1"},"canonical":"https:\/\/airparx.com\/fr\/installations\/gravite-birmingham\/","og_locale":"fr_FR","og_type":"article","og_title":"Gravity - Birmingham","og_description":"Cette installation a \u00e9t\u00e9 compl\u00e9t\u00e9e par une collaboration avec l&rsquo;un de nos principaux clients, Gravity, pour construire le premier FEC complet dans la r\u00e9gion des Midlands au Royaume-Uni, \u00e0 Birmingham. Il est situ\u00e9 dans le centre commercial Star City, o\u00f9 Gravity sera un locataire phare pour attirer les visiteurs. Airparx a \u00e9t\u00e9 charg\u00e9 de construire [&hellip;]","og_url":"https:\/\/airparx.com\/fr\/installations\/gravite-birmingham\/","og_site_name":"Airparx","article_publisher":"https:\/\/www.facebook.com\/Airparx\/","article_modified_time":"2022-11-22T15:57:29+00:00","og_image":[{"width":1024,"height":768,"url":"https:\/\/airparx.com\/wp-content\/uploads\/2022\/07\/gravity-birmingham-7.jpg","type":"image\/jpeg"}],"twitter_card":"summary_large_image","twitter_misc":{"Dur\u00e9e de lecture estim\u00e9e":"2 minutes"},"schema":{"@context":"https:\/\/schema.org","@graph":[{"@type":"WebPage","@id":"https:\/\/airparx.com\/fr\/installations\/gravite-birmingham\/","url":"https:\/\/airparx.com\/fr\/installations\/gravite-birmingham\/","name":"Gravity - Birmingham - Airparx","isPartOf":{"@id":"https:\/\/airparx.com\/fr\/#website"},"primaryImageOfPage":{"@id":"https:\/\/airparx.com\/fr\/installations\/gravite-birmingham\/#primaryimage"},"image":{"@id":"https:\/\/airparx.com\/fr\/installations\/gravite-birmingham\/#primaryimage"},"thumbnailUrl":"https:\/\/airparx.com\/wp-content\/uploads\/2022\/07\/gravity-birmingham-7.jpg","datePublished":"2022-06-16T15:26:58+00:00","dateModified":"2022-11-22T15:57:29+00:00","breadcrumb":{"@id":"https:\/\/airparx.com\/fr\/installations\/gravite-birmingham\/#breadcrumb"},"inLanguage":"fr-FR","potentialAction":[{"@type":"ReadAction","target":["https:\/\/airparx.com\/fr\/installations\/gravite-birmingham\/"]}]},{"@type":"ImageObject","inLanguage":"fr-FR","@id":"https:\/\/airparx.com\/fr\/installations\/gravite-birmingham\/#primaryimage","url":"https:\/\/airparx.com\/wp-content\/uploads\/2022\/07\/gravity-birmingham-7.jpg","contentUrl":"https:\/\/airparx.com\/wp-content\/uploads\/2022\/07\/gravity-birmingham-7.jpg","width":1024,"height":768},{"@type":"BreadcrumbList","@id":"https:\/\/airparx.com\/fr\/installations\/gravite-birmingham\/#breadcrumb","itemListElement":[{"@type":"ListItem","position":1,"name":"Home","item":"https:\/\/airparx.com\/fr\/"},{"@type":"ListItem","position":2,"name":"Gravity &#8211; Birmingham"}]},{"@type":"WebSite","@id":"https:\/\/airparx.com\/fr\/#website","url":"https:\/\/airparx.com\/fr\/","name":"Airparx","description":"Inflatable &amp; Trampoline Park Supplier","publisher":{"@id":"https:\/\/airparx.com\/fr\/#organization"},"potentialAction":[{"@type":"SearchAction","target":{"@type":"EntryPoint","urlTemplate":"https:\/\/airparx.com\/fr\/?s={search_term_string}"},"query-input":{"@type":"PropertyValueSpecification","valueRequired":true,"valueName":"search_term_string"}}],"inLanguage":"fr-FR"},{"@type":"Organization","@id":"https:\/\/airparx.com\/fr\/#organization","name":"Airparx","url":"https:\/\/airparx.com\/fr\/","logo":{"@type":"ImageObject","inLanguage":"fr-FR","@id":"https:\/\/airparx.com\/fr\/#\/schema\/logo\/image\/","url":"https:\/\/airparx.com\/wp-content\/uploads\/2022\/06\/Airparx_Logo.png","contentUrl":"https:\/\/airparx.com\/wp-content\/uploads\/2022\/06\/Airparx_Logo.png","width":1127,"height":461,"caption":"Airparx"},"image":{"@id":"https:\/\/airparx.com\/fr\/#\/schema\/logo\/image\/"},"sameAs":["https:\/\/www.facebook.com\/Airparx\/","https:\/\/www.instagram.com\/airparx\/","https:\/\/www.youtube.com\/playlist?list=PL2LZnxdxb4eX2paMpuL0QxEvopAtGzyqY","https:\/\/www.linkedin.com\/company\/airparx\/"]}]}},"_links":{"self":[{"href":"https:\/\/airparx.com\/fr\/wp-json\/wp\/v2\/product\/5253","targetHints":{"allow":["GET"]}}],"collection":[{"href":"https:\/\/airparx.com\/fr\/wp-json\/wp\/v2\/product"}],"about":[{"href":"https:\/\/airparx.com\/fr\/wp-json\/wp\/v2\/types\/product"}],"wp:featuredmedia":[{"embeddable":true,"href":"https:\/\/airparx.com\/fr\/wp-json\/wp\/v2\/media\/5257"}],"wp:attachment":[{"href":"https:\/\/airparx.com\/fr\/wp-json\/wp\/v2\/media?parent=5253"}],"wp:term":[{"taxonomy":"product_brand","embeddable":true,"href":"https:\/\/airparx.com\/fr\/wp-json\/wp\/v2\/product_brand?post=5253"},{"taxonomy":"product_cat","embeddable":true,"href":"https:\/\/airparx.com\/fr\/wp-json\/wp\/v2\/product_cat?post=5253"},{"taxonomy":"product_tag","embeddable":true,"href":"https:\/\/airparx.com\/fr\/wp-json\/wp\/v2\/product_tag?post=5253"}],"curies":[{"name":"wp","href":"https:\/\/api.w.org\/{rel}","templated":true}]}}