{"id":5288,"date":"2021-11-15T10:27:03","date_gmt":"2021-11-15T10:27:03","guid":{"rendered":"https:\/\/airparx.com\/installations\/aura-leisure-2\/"},"modified":"2022-11-22T15:57:33","modified_gmt":"2022-11-22T15:57:33","slug":"aura-loisirs","status":"publish","type":"product","link":"https:\/\/airparx.com\/fr\/installations\/aura-loisirs\/","title":{"rendered":"Aura Leisure"},"content":{"rendered":"<p>Aura Leisure propose des services de loisirs dans le nord du Pays de Galles et son objectif est de faire preuve d&rsquo;avant-gardisme en encourageant la participation de tous les groupes d\u00e9mographiques dans la r\u00e9gion o\u00f9 elle op\u00e8re.<\/p>\n<p>Airparx a \u00e9t\u00e9 charg\u00e9 de r\u00e9am\u00e9nager une salle de sport peu performante qui avait \u00e9t\u00e9 utilis\u00e9e comme centre de test Covid 19 pendant la pand\u00e9mie.<\/p>\n<p>Apr\u00e8s plusieurs r\u00e9unions de consultation, Aura \u00e9tait convaincu qu&rsquo;Airparx \u00e9tait la soci\u00e9t\u00e9 qui pouvait fournir la solution et nous avons pu offrir un parc gonflable pour 90 invit\u00e9s qui r\u00e9pondait aux besoins de la communaut\u00e9 locale. Le concept fondamental \u00e9tait d&rsquo;offrir des loisirs sains et amusants aux visiteurs et un parc gonflable \u00e9tait le meilleur moyen d&rsquo;y parvenir, compte tenu des tranches d&rsquo;\u00e2ge vis\u00e9es. Les trois attractions principales \u00e9taient interconnect\u00e9es et comprenaient un toboggan g\u00e9ant avec une grande pente comme sortie. Les deux autres \u00e9l\u00e9ments \u00e9taient un mur ninja pour tester la vitesse et la force et un airbag qui permettait aux participants de sauter d&rsquo;une hauteur dans un coussin d&rsquo;atterrissage souple<strong>.<\/strong><\/p>\n","protected":false},"excerpt":{"rendered":"<p>Aura Leisure propose des services de loisirs dans le nord du Pays de Galles et son objectif est de faire preuve d&rsquo;avant-gardisme en encourageant la participation de tous les groupes d\u00e9mographiques dans la r\u00e9gion o\u00f9 elle op\u00e8re. Airparx a \u00e9t\u00e9 charg\u00e9 de r\u00e9am\u00e9nager une salle de sport peu performante qui avait \u00e9t\u00e9 utilis\u00e9e comme centre [&hellip;]<\/p>\n","protected":false},"featured_media":4453,"template":"","meta":{"_acf_changed":false},"product_brand":[],"product_cat":[83],"product_tag":[],"class_list":{"0":"post-5288","1":"product","2":"type-product","3":"status-publish","4":"has-post-thumbnail","6":"product_cat-parcs-gonflables","8":"first","9":"outofstock","10":"shipping-taxable","11":"product-type-simple"},"acf":[],"yoast_head":"<!-- This site is optimized with the Yoast SEO Premium plugin v26.7 (Yoast SEO v27.3) - https:\/\/yoast.com\/product\/yoast-seo-premium-wordpress\/ -->\n<title>Aura Leisure - Airparx<\/title>\n<meta name=\"robots\" content=\"index, follow, max-snippet:-1, max-image-preview:large, max-video-preview:-1\" \/>\n<link rel=\"canonical\" href=\"https:\/\/airparx.com\/fr\/installations\/aura-loisirs\/\" \/>\n<meta property=\"og:locale\" content=\"fr_FR\" \/>\n<meta property=\"og:type\" content=\"article\" \/>\n<meta property=\"og:title\" content=\"Aura Leisure\" \/>\n<meta property=\"og:description\" content=\"Aura Leisure propose des services de loisirs dans le nord du Pays de Galles et son objectif est de faire preuve d&rsquo;avant-gardisme en encourageant la participation de tous les groupes d\u00e9mographiques dans la r\u00e9gion o\u00f9 elle op\u00e8re. Airparx a \u00e9t\u00e9 charg\u00e9 de r\u00e9am\u00e9nager une salle de sport peu performante qui avait \u00e9t\u00e9 utilis\u00e9e comme centre [&hellip;]\" \/>\n<meta property=\"og:url\" content=\"https:\/\/airparx.com\/fr\/installations\/aura-loisirs\/\" \/>\n<meta property=\"og:site_name\" content=\"Airparx\" \/>\n<meta property=\"article:publisher\" content=\"https:\/\/www.facebook.com\/Airparx\/\" \/>\n<meta property=\"article:modified_time\" content=\"2022-11-22T15:57:33+00:00\" \/>\n<meta property=\"og:image\" content=\"https:\/\/airparx.com\/wp-content\/uploads\/2022\/07\/aura-leisure-3.jpg\" \/>\n\t<meta property=\"og:image:width\" content=\"1024\" \/>\n\t<meta property=\"og:image:height\" content=\"768\" \/>\n\t<meta property=\"og:image:type\" content=\"image\/jpeg\" \/>\n<meta name=\"twitter:card\" content=\"summary_large_image\" \/>\n<meta name=\"twitter:label1\" content=\"Dur\u00e9e de lecture estim\u00e9e\" \/>\n\t<meta name=\"twitter:data1\" content=\"1 minute\" \/>\n<script type=\"application\/ld+json\" class=\"yoast-schema-graph\">{\"@context\":\"https:\\\/\\\/schema.org\",\"@graph\":[{\"@type\":\"WebPage\",\"@id\":\"https:\\\/\\\/airparx.com\\\/fr\\\/installations\\\/aura-loisirs\\\/\",\"url\":\"https:\\\/\\\/airparx.com\\\/fr\\\/installations\\\/aura-loisirs\\\/\",\"name\":\"Aura Leisure - Airparx\",\"isPartOf\":{\"@id\":\"https:\\\/\\\/airparx.com\\\/fr\\\/#website\"},\"primaryImageOfPage\":{\"@id\":\"https:\\\/\\\/airparx.com\\\/fr\\\/installations\\\/aura-loisirs\\\/#primaryimage\"},\"image\":{\"@id\":\"https:\\\/\\\/airparx.com\\\/fr\\\/installations\\\/aura-loisirs\\\/#primaryimage\"},\"thumbnailUrl\":\"https:\\\/\\\/airparx.com\\\/wp-content\\\/uploads\\\/2022\\\/07\\\/aura-leisure-3.jpg\",\"datePublished\":\"2021-11-15T10:27:03+00:00\",\"dateModified\":\"2022-11-22T15:57:33+00:00\",\"breadcrumb\":{\"@id\":\"https:\\\/\\\/airparx.com\\\/fr\\\/installations\\\/aura-loisirs\\\/#breadcrumb\"},\"inLanguage\":\"fr-FR\",\"potentialAction\":[{\"@type\":\"ReadAction\",\"target\":[\"https:\\\/\\\/airparx.com\\\/fr\\\/installations\\\/aura-loisirs\\\/\"]}]},{\"@type\":\"ImageObject\",\"inLanguage\":\"fr-FR\",\"@id\":\"https:\\\/\\\/airparx.com\\\/fr\\\/installations\\\/aura-loisirs\\\/#primaryimage\",\"url\":\"https:\\\/\\\/airparx.com\\\/wp-content\\\/uploads\\\/2022\\\/07\\\/aura-leisure-3.jpg\",\"contentUrl\":\"https:\\\/\\\/airparx.com\\\/wp-content\\\/uploads\\\/2022\\\/07\\\/aura-leisure-3.jpg\",\"width\":1024,\"height\":768},{\"@type\":\"BreadcrumbList\",\"@id\":\"https:\\\/\\\/airparx.com\\\/fr\\\/installations\\\/aura-loisirs\\\/#breadcrumb\",\"itemListElement\":[{\"@type\":\"ListItem\",\"position\":1,\"name\":\"Home\",\"item\":\"https:\\\/\\\/airparx.com\\\/fr\\\/\"},{\"@type\":\"ListItem\",\"position\":2,\"name\":\"Aura Leisure\"}]},{\"@type\":\"WebSite\",\"@id\":\"https:\\\/\\\/airparx.com\\\/fr\\\/#website\",\"url\":\"https:\\\/\\\/airparx.com\\\/fr\\\/\",\"name\":\"Airparx\",\"description\":\"Inflatable &amp; Trampoline Park Supplier\",\"publisher\":{\"@id\":\"https:\\\/\\\/airparx.com\\\/fr\\\/#organization\"},\"potentialAction\":[{\"@type\":\"SearchAction\",\"target\":{\"@type\":\"EntryPoint\",\"urlTemplate\":\"https:\\\/\\\/airparx.com\\\/fr\\\/?s={search_term_string}\"},\"query-input\":{\"@type\":\"PropertyValueSpecification\",\"valueRequired\":true,\"valueName\":\"search_term_string\"}}],\"inLanguage\":\"fr-FR\"},{\"@type\":\"Organization\",\"@id\":\"https:\\\/\\\/airparx.com\\\/fr\\\/#organization\",\"name\":\"Airparx\",\"url\":\"https:\\\/\\\/airparx.com\\\/fr\\\/\",\"logo\":{\"@type\":\"ImageObject\",\"inLanguage\":\"fr-FR\",\"@id\":\"https:\\\/\\\/airparx.com\\\/fr\\\/#\\\/schema\\\/logo\\\/image\\\/\",\"url\":\"https:\\\/\\\/airparx.com\\\/wp-content\\\/uploads\\\/2022\\\/06\\\/Airparx_Logo.png\",\"contentUrl\":\"https:\\\/\\\/airparx.com\\\/wp-content\\\/uploads\\\/2022\\\/06\\\/Airparx_Logo.png\",\"width\":1127,\"height\":461,\"caption\":\"Airparx\"},\"image\":{\"@id\":\"https:\\\/\\\/airparx.com\\\/fr\\\/#\\\/schema\\\/logo\\\/image\\\/\"},\"sameAs\":[\"https:\\\/\\\/www.facebook.com\\\/Airparx\\\/\",\"https:\\\/\\\/www.instagram.com\\\/airparx\\\/\",\"https:\\\/\\\/www.youtube.com\\\/playlist?list=PL2LZnxdxb4eX2paMpuL0QxEvopAtGzyqY\",\"https:\\\/\\\/www.linkedin.com\\\/company\\\/airparx\\\/\"]}]}<\/script>\n<!-- \/ Yoast SEO Premium plugin. -->","yoast_head_json":{"title":"Aura Leisure - Airparx","robots":{"index":"index","follow":"follow","max-snippet":"max-snippet:-1","max-image-preview":"max-image-preview:large","max-video-preview":"max-video-preview:-1"},"canonical":"https:\/\/airparx.com\/fr\/installations\/aura-loisirs\/","og_locale":"fr_FR","og_type":"article","og_title":"Aura Leisure","og_description":"Aura Leisure propose des services de loisirs dans le nord du Pays de Galles et son objectif est de faire preuve d&rsquo;avant-gardisme en encourageant la participation de tous les groupes d\u00e9mographiques dans la r\u00e9gion o\u00f9 elle op\u00e8re. Airparx a \u00e9t\u00e9 charg\u00e9 de r\u00e9am\u00e9nager une salle de sport peu performante qui avait \u00e9t\u00e9 utilis\u00e9e comme centre [&hellip;]","og_url":"https:\/\/airparx.com\/fr\/installations\/aura-loisirs\/","og_site_name":"Airparx","article_publisher":"https:\/\/www.facebook.com\/Airparx\/","article_modified_time":"2022-11-22T15:57:33+00:00","og_image":[{"width":1024,"height":768,"url":"https:\/\/airparx.com\/wp-content\/uploads\/2022\/07\/aura-leisure-3.jpg","type":"image\/jpeg"}],"twitter_card":"summary_large_image","twitter_misc":{"Dur\u00e9e de lecture estim\u00e9e":"1 minute"},"schema":{"@context":"https:\/\/schema.org","@graph":[{"@type":"WebPage","@id":"https:\/\/airparx.com\/fr\/installations\/aura-loisirs\/","url":"https:\/\/airparx.com\/fr\/installations\/aura-loisirs\/","name":"Aura Leisure - Airparx","isPartOf":{"@id":"https:\/\/airparx.com\/fr\/#website"},"primaryImageOfPage":{"@id":"https:\/\/airparx.com\/fr\/installations\/aura-loisirs\/#primaryimage"},"image":{"@id":"https:\/\/airparx.com\/fr\/installations\/aura-loisirs\/#primaryimage"},"thumbnailUrl":"https:\/\/airparx.com\/wp-content\/uploads\/2022\/07\/aura-leisure-3.jpg","datePublished":"2021-11-15T10:27:03+00:00","dateModified":"2022-11-22T15:57:33+00:00","breadcrumb":{"@id":"https:\/\/airparx.com\/fr\/installations\/aura-loisirs\/#breadcrumb"},"inLanguage":"fr-FR","potentialAction":[{"@type":"ReadAction","target":["https:\/\/airparx.com\/fr\/installations\/aura-loisirs\/"]}]},{"@type":"ImageObject","inLanguage":"fr-FR","@id":"https:\/\/airparx.com\/fr\/installations\/aura-loisirs\/#primaryimage","url":"https:\/\/airparx.com\/wp-content\/uploads\/2022\/07\/aura-leisure-3.jpg","contentUrl":"https:\/\/airparx.com\/wp-content\/uploads\/2022\/07\/aura-leisure-3.jpg","width":1024,"height":768},{"@type":"BreadcrumbList","@id":"https:\/\/airparx.com\/fr\/installations\/aura-loisirs\/#breadcrumb","itemListElement":[{"@type":"ListItem","position":1,"name":"Home","item":"https:\/\/airparx.com\/fr\/"},{"@type":"ListItem","position":2,"name":"Aura Leisure"}]},{"@type":"WebSite","@id":"https:\/\/airparx.com\/fr\/#website","url":"https:\/\/airparx.com\/fr\/","name":"Airparx","description":"Inflatable &amp; Trampoline Park Supplier","publisher":{"@id":"https:\/\/airparx.com\/fr\/#organization"},"potentialAction":[{"@type":"SearchAction","target":{"@type":"EntryPoint","urlTemplate":"https:\/\/airparx.com\/fr\/?s={search_term_string}"},"query-input":{"@type":"PropertyValueSpecification","valueRequired":true,"valueName":"search_term_string"}}],"inLanguage":"fr-FR"},{"@type":"Organization","@id":"https:\/\/airparx.com\/fr\/#organization","name":"Airparx","url":"https:\/\/airparx.com\/fr\/","logo":{"@type":"ImageObject","inLanguage":"fr-FR","@id":"https:\/\/airparx.com\/fr\/#\/schema\/logo\/image\/","url":"https:\/\/airparx.com\/wp-content\/uploads\/2022\/06\/Airparx_Logo.png","contentUrl":"https:\/\/airparx.com\/wp-content\/uploads\/2022\/06\/Airparx_Logo.png","width":1127,"height":461,"caption":"Airparx"},"image":{"@id":"https:\/\/airparx.com\/fr\/#\/schema\/logo\/image\/"},"sameAs":["https:\/\/www.facebook.com\/Airparx\/","https:\/\/www.instagram.com\/airparx\/","https:\/\/www.youtube.com\/playlist?list=PL2LZnxdxb4eX2paMpuL0QxEvopAtGzyqY","https:\/\/www.linkedin.com\/company\/airparx\/"]}]}},"_links":{"self":[{"href":"https:\/\/airparx.com\/fr\/wp-json\/wp\/v2\/product\/5288","targetHints":{"allow":["GET"]}}],"collection":[{"href":"https:\/\/airparx.com\/fr\/wp-json\/wp\/v2\/product"}],"about":[{"href":"https:\/\/airparx.com\/fr\/wp-json\/wp\/v2\/types\/product"}],"wp:featuredmedia":[{"embeddable":true,"href":"https:\/\/airparx.com\/fr\/wp-json\/wp\/v2\/media\/4453"}],"wp:attachment":[{"href":"https:\/\/airparx.com\/fr\/wp-json\/wp\/v2\/media?parent=5288"}],"wp:term":[{"taxonomy":"product_brand","embeddable":true,"href":"https:\/\/airparx.com\/fr\/wp-json\/wp\/v2\/product_brand?post=5288"},{"taxonomy":"product_cat","embeddable":true,"href":"https:\/\/airparx.com\/fr\/wp-json\/wp\/v2\/product_cat?post=5288"},{"taxonomy":"product_tag","embeddable":true,"href":"https:\/\/airparx.com\/fr\/wp-json\/wp\/v2\/product_tag?post=5288"}],"curies":[{"name":"wp","href":"https:\/\/api.w.org\/{rel}","templated":true}]}}