{"id":5300,"date":"2021-10-15T11:23:35","date_gmt":"2021-10-15T10:23:35","guid":{"rendered":"https:\/\/airparx.com\/installations\/bounce-valley-enschede-2\/"},"modified":"2022-11-22T15:57:58","modified_gmt":"2022-11-22T15:57:58","slug":"bounce-valley-enschede","status":"publish","type":"product","link":"https:\/\/airparx.com\/fr\/installations\/bounce-valley-enschede\/","title":{"rendered":"Bounce Valley &#8211; Enschede"},"content":{"rendered":"<p>Bounce Valley \u00e0 Enschede \u00e9tait le deuxi\u00e8me d&rsquo;un d\u00e9ploiement de six parcs aux Pays-Bas avec l&rsquo;un de nos plus grands partenaires dans la r\u00e9gion du Benelux.<\/p>\n<p>Airparx a travaill\u00e9 avec le franchis\u00e9 pour concevoir et cr\u00e9er un parc de plus de 1000 m\u00b2 dans un endroit tr\u00e8s populaire. Nous avons respect\u00e9 toutes les directives relatives \u00e0 la marque et assur\u00e9 la liaison avec les autorit\u00e9s locales et le TUV afin de r\u00e9pondre \u00e0 toutes les exigences op\u00e9rationnelles. Gr\u00e2ce \u00e0 notre connaissance approfondie et \u00e9tendue des normes internationales, les installations d&rsquo;Airparx sont sans doute les plus rapides \u00e0 \u00eatre approuv\u00e9es par les organismes comp\u00e9tents dans les pays \u00e9trangers.<\/p>\n<p>L&rsquo;un des aspects dont nous sommes particuli\u00e8rement fiers \u00e0 Enschede est le parcours d&rsquo;obstacles qui a \u00e9t\u00e9 soigneusement et intelligemment con\u00e7u pour envelopper l&rsquo;espace avec une balayeuse int\u00e9gr\u00e9e de type \u00ab\u00a0Last one standing\u00a0\u00bb. L&rsquo;ensemble du projet maximise la hauteur en incluant des toboggans de 6 m et des sauts de sac.<\/p>\n","protected":false},"excerpt":{"rendered":"<p>Bounce Valley \u00e0 Enschede \u00e9tait le deuxi\u00e8me d&rsquo;un d\u00e9ploiement de six parcs aux Pays-Bas avec l&rsquo;un de nos plus grands partenaires dans la r\u00e9gion du Benelux. Airparx a travaill\u00e9 avec le franchis\u00e9 pour concevoir et cr\u00e9er un parc de plus de 1000 m\u00b2 dans un endroit tr\u00e8s populaire. Nous avons respect\u00e9 toutes les directives relatives [&hellip;]<\/p>\n","protected":false},"featured_media":4439,"template":"","meta":{"_acf_changed":false},"product_brand":[],"product_cat":[83],"product_tag":[],"class_list":{"0":"post-5300","1":"product","2":"type-product","3":"status-publish","4":"has-post-thumbnail","6":"product_cat-parcs-gonflables","8":"first","9":"outofstock","10":"shipping-taxable","11":"product-type-simple"},"acf":[],"yoast_head":"<!-- This site is optimized with the Yoast SEO Premium plugin v26.7 (Yoast SEO v27.3) - https:\/\/yoast.com\/product\/yoast-seo-premium-wordpress\/ -->\n<title>Bounce Valley - Enschede - Airparx<\/title>\n<meta name=\"robots\" content=\"index, follow, max-snippet:-1, max-image-preview:large, max-video-preview:-1\" \/>\n<link rel=\"canonical\" href=\"https:\/\/airparx.com\/fr\/installations\/bounce-valley-enschede\/\" \/>\n<meta property=\"og:locale\" content=\"fr_FR\" \/>\n<meta property=\"og:type\" content=\"article\" \/>\n<meta property=\"og:title\" content=\"Bounce Valley - Enschede\" \/>\n<meta property=\"og:description\" content=\"Bounce Valley \u00e0 Enschede \u00e9tait le deuxi\u00e8me d&rsquo;un d\u00e9ploiement de six parcs aux Pays-Bas avec l&rsquo;un de nos plus grands partenaires dans la r\u00e9gion du Benelux. Airparx a travaill\u00e9 avec le franchis\u00e9 pour concevoir et cr\u00e9er un parc de plus de 1000 m\u00b2 dans un endroit tr\u00e8s populaire. Nous avons respect\u00e9 toutes les directives relatives [&hellip;]\" \/>\n<meta property=\"og:url\" content=\"https:\/\/airparx.com\/fr\/installations\/bounce-valley-enschede\/\" \/>\n<meta property=\"og:site_name\" content=\"Airparx\" \/>\n<meta property=\"article:publisher\" content=\"https:\/\/www.facebook.com\/Airparx\/\" \/>\n<meta property=\"article:modified_time\" content=\"2022-11-22T15:57:58+00:00\" \/>\n<meta property=\"og:image\" content=\"https:\/\/airparx.com\/wp-content\/uploads\/2022\/07\/bounce-valley-enschede-3.jpg\" \/>\n\t<meta property=\"og:image:width\" content=\"1024\" \/>\n\t<meta property=\"og:image:height\" content=\"768\" \/>\n\t<meta property=\"og:image:type\" content=\"image\/jpeg\" \/>\n<meta name=\"twitter:card\" content=\"summary_large_image\" \/>\n<meta name=\"twitter:label1\" content=\"Dur\u00e9e de lecture estim\u00e9e\" \/>\n\t<meta name=\"twitter:data1\" content=\"1 minute\" \/>\n<script type=\"application\/ld+json\" class=\"yoast-schema-graph\">{\"@context\":\"https:\\\/\\\/schema.org\",\"@graph\":[{\"@type\":\"WebPage\",\"@id\":\"https:\\\/\\\/airparx.com\\\/fr\\\/installations\\\/bounce-valley-enschede\\\/\",\"url\":\"https:\\\/\\\/airparx.com\\\/fr\\\/installations\\\/bounce-valley-enschede\\\/\",\"name\":\"Bounce Valley - Enschede - Airparx\",\"isPartOf\":{\"@id\":\"https:\\\/\\\/airparx.com\\\/fr\\\/#website\"},\"primaryImageOfPage\":{\"@id\":\"https:\\\/\\\/airparx.com\\\/fr\\\/installations\\\/bounce-valley-enschede\\\/#primaryimage\"},\"image\":{\"@id\":\"https:\\\/\\\/airparx.com\\\/fr\\\/installations\\\/bounce-valley-enschede\\\/#primaryimage\"},\"thumbnailUrl\":\"https:\\\/\\\/airparx.com\\\/wp-content\\\/uploads\\\/2022\\\/07\\\/bounce-valley-enschede-3.jpg\",\"datePublished\":\"2021-10-15T10:23:35+00:00\",\"dateModified\":\"2022-11-22T15:57:58+00:00\",\"breadcrumb\":{\"@id\":\"https:\\\/\\\/airparx.com\\\/fr\\\/installations\\\/bounce-valley-enschede\\\/#breadcrumb\"},\"inLanguage\":\"fr-FR\",\"potentialAction\":[{\"@type\":\"ReadAction\",\"target\":[\"https:\\\/\\\/airparx.com\\\/fr\\\/installations\\\/bounce-valley-enschede\\\/\"]}]},{\"@type\":\"ImageObject\",\"inLanguage\":\"fr-FR\",\"@id\":\"https:\\\/\\\/airparx.com\\\/fr\\\/installations\\\/bounce-valley-enschede\\\/#primaryimage\",\"url\":\"https:\\\/\\\/airparx.com\\\/wp-content\\\/uploads\\\/2022\\\/07\\\/bounce-valley-enschede-3.jpg\",\"contentUrl\":\"https:\\\/\\\/airparx.com\\\/wp-content\\\/uploads\\\/2022\\\/07\\\/bounce-valley-enschede-3.jpg\",\"width\":1024,\"height\":768},{\"@type\":\"BreadcrumbList\",\"@id\":\"https:\\\/\\\/airparx.com\\\/fr\\\/installations\\\/bounce-valley-enschede\\\/#breadcrumb\",\"itemListElement\":[{\"@type\":\"ListItem\",\"position\":1,\"name\":\"Home\",\"item\":\"https:\\\/\\\/airparx.com\\\/fr\\\/\"},{\"@type\":\"ListItem\",\"position\":2,\"name\":\"Bounce Valley &#8211; Enschede\"}]},{\"@type\":\"WebSite\",\"@id\":\"https:\\\/\\\/airparx.com\\\/fr\\\/#website\",\"url\":\"https:\\\/\\\/airparx.com\\\/fr\\\/\",\"name\":\"Airparx\",\"description\":\"Inflatable &amp; Trampoline Park Supplier\",\"publisher\":{\"@id\":\"https:\\\/\\\/airparx.com\\\/fr\\\/#organization\"},\"potentialAction\":[{\"@type\":\"SearchAction\",\"target\":{\"@type\":\"EntryPoint\",\"urlTemplate\":\"https:\\\/\\\/airparx.com\\\/fr\\\/?s={search_term_string}\"},\"query-input\":{\"@type\":\"PropertyValueSpecification\",\"valueRequired\":true,\"valueName\":\"search_term_string\"}}],\"inLanguage\":\"fr-FR\"},{\"@type\":\"Organization\",\"@id\":\"https:\\\/\\\/airparx.com\\\/fr\\\/#organization\",\"name\":\"Airparx\",\"url\":\"https:\\\/\\\/airparx.com\\\/fr\\\/\",\"logo\":{\"@type\":\"ImageObject\",\"inLanguage\":\"fr-FR\",\"@id\":\"https:\\\/\\\/airparx.com\\\/fr\\\/#\\\/schema\\\/logo\\\/image\\\/\",\"url\":\"https:\\\/\\\/airparx.com\\\/wp-content\\\/uploads\\\/2022\\\/06\\\/Airparx_Logo.png\",\"contentUrl\":\"https:\\\/\\\/airparx.com\\\/wp-content\\\/uploads\\\/2022\\\/06\\\/Airparx_Logo.png\",\"width\":1127,\"height\":461,\"caption\":\"Airparx\"},\"image\":{\"@id\":\"https:\\\/\\\/airparx.com\\\/fr\\\/#\\\/schema\\\/logo\\\/image\\\/\"},\"sameAs\":[\"https:\\\/\\\/www.facebook.com\\\/Airparx\\\/\",\"https:\\\/\\\/www.instagram.com\\\/airparx\\\/\",\"https:\\\/\\\/www.youtube.com\\\/playlist?list=PL2LZnxdxb4eX2paMpuL0QxEvopAtGzyqY\",\"https:\\\/\\\/www.linkedin.com\\\/company\\\/airparx\\\/\"]}]}<\/script>\n<!-- \/ Yoast SEO Premium plugin. -->","yoast_head_json":{"title":"Bounce Valley - Enschede - Airparx","robots":{"index":"index","follow":"follow","max-snippet":"max-snippet:-1","max-image-preview":"max-image-preview:large","max-video-preview":"max-video-preview:-1"},"canonical":"https:\/\/airparx.com\/fr\/installations\/bounce-valley-enschede\/","og_locale":"fr_FR","og_type":"article","og_title":"Bounce Valley - Enschede","og_description":"Bounce Valley \u00e0 Enschede \u00e9tait le deuxi\u00e8me d&rsquo;un d\u00e9ploiement de six parcs aux Pays-Bas avec l&rsquo;un de nos plus grands partenaires dans la r\u00e9gion du Benelux. Airparx a travaill\u00e9 avec le franchis\u00e9 pour concevoir et cr\u00e9er un parc de plus de 1000 m\u00b2 dans un endroit tr\u00e8s populaire. Nous avons respect\u00e9 toutes les directives relatives [&hellip;]","og_url":"https:\/\/airparx.com\/fr\/installations\/bounce-valley-enschede\/","og_site_name":"Airparx","article_publisher":"https:\/\/www.facebook.com\/Airparx\/","article_modified_time":"2022-11-22T15:57:58+00:00","og_image":[{"width":1024,"height":768,"url":"https:\/\/airparx.com\/wp-content\/uploads\/2022\/07\/bounce-valley-enschede-3.jpg","type":"image\/jpeg"}],"twitter_card":"summary_large_image","twitter_misc":{"Dur\u00e9e de lecture estim\u00e9e":"1 minute"},"schema":{"@context":"https:\/\/schema.org","@graph":[{"@type":"WebPage","@id":"https:\/\/airparx.com\/fr\/installations\/bounce-valley-enschede\/","url":"https:\/\/airparx.com\/fr\/installations\/bounce-valley-enschede\/","name":"Bounce Valley - Enschede - Airparx","isPartOf":{"@id":"https:\/\/airparx.com\/fr\/#website"},"primaryImageOfPage":{"@id":"https:\/\/airparx.com\/fr\/installations\/bounce-valley-enschede\/#primaryimage"},"image":{"@id":"https:\/\/airparx.com\/fr\/installations\/bounce-valley-enschede\/#primaryimage"},"thumbnailUrl":"https:\/\/airparx.com\/wp-content\/uploads\/2022\/07\/bounce-valley-enschede-3.jpg","datePublished":"2021-10-15T10:23:35+00:00","dateModified":"2022-11-22T15:57:58+00:00","breadcrumb":{"@id":"https:\/\/airparx.com\/fr\/installations\/bounce-valley-enschede\/#breadcrumb"},"inLanguage":"fr-FR","potentialAction":[{"@type":"ReadAction","target":["https:\/\/airparx.com\/fr\/installations\/bounce-valley-enschede\/"]}]},{"@type":"ImageObject","inLanguage":"fr-FR","@id":"https:\/\/airparx.com\/fr\/installations\/bounce-valley-enschede\/#primaryimage","url":"https:\/\/airparx.com\/wp-content\/uploads\/2022\/07\/bounce-valley-enschede-3.jpg","contentUrl":"https:\/\/airparx.com\/wp-content\/uploads\/2022\/07\/bounce-valley-enschede-3.jpg","width":1024,"height":768},{"@type":"BreadcrumbList","@id":"https:\/\/airparx.com\/fr\/installations\/bounce-valley-enschede\/#breadcrumb","itemListElement":[{"@type":"ListItem","position":1,"name":"Home","item":"https:\/\/airparx.com\/fr\/"},{"@type":"ListItem","position":2,"name":"Bounce Valley &#8211; Enschede"}]},{"@type":"WebSite","@id":"https:\/\/airparx.com\/fr\/#website","url":"https:\/\/airparx.com\/fr\/","name":"Airparx","description":"Inflatable &amp; Trampoline Park Supplier","publisher":{"@id":"https:\/\/airparx.com\/fr\/#organization"},"potentialAction":[{"@type":"SearchAction","target":{"@type":"EntryPoint","urlTemplate":"https:\/\/airparx.com\/fr\/?s={search_term_string}"},"query-input":{"@type":"PropertyValueSpecification","valueRequired":true,"valueName":"search_term_string"}}],"inLanguage":"fr-FR"},{"@type":"Organization","@id":"https:\/\/airparx.com\/fr\/#organization","name":"Airparx","url":"https:\/\/airparx.com\/fr\/","logo":{"@type":"ImageObject","inLanguage":"fr-FR","@id":"https:\/\/airparx.com\/fr\/#\/schema\/logo\/image\/","url":"https:\/\/airparx.com\/wp-content\/uploads\/2022\/06\/Airparx_Logo.png","contentUrl":"https:\/\/airparx.com\/wp-content\/uploads\/2022\/06\/Airparx_Logo.png","width":1127,"height":461,"caption":"Airparx"},"image":{"@id":"https:\/\/airparx.com\/fr\/#\/schema\/logo\/image\/"},"sameAs":["https:\/\/www.facebook.com\/Airparx\/","https:\/\/www.instagram.com\/airparx\/","https:\/\/www.youtube.com\/playlist?list=PL2LZnxdxb4eX2paMpuL0QxEvopAtGzyqY","https:\/\/www.linkedin.com\/company\/airparx\/"]}]}},"_links":{"self":[{"href":"https:\/\/airparx.com\/fr\/wp-json\/wp\/v2\/product\/5300","targetHints":{"allow":["GET"]}}],"collection":[{"href":"https:\/\/airparx.com\/fr\/wp-json\/wp\/v2\/product"}],"about":[{"href":"https:\/\/airparx.com\/fr\/wp-json\/wp\/v2\/types\/product"}],"wp:featuredmedia":[{"embeddable":true,"href":"https:\/\/airparx.com\/fr\/wp-json\/wp\/v2\/media\/4439"}],"wp:attachment":[{"href":"https:\/\/airparx.com\/fr\/wp-json\/wp\/v2\/media?parent=5300"}],"wp:term":[{"taxonomy":"product_brand","embeddable":true,"href":"https:\/\/airparx.com\/fr\/wp-json\/wp\/v2\/product_brand?post=5300"},{"taxonomy":"product_cat","embeddable":true,"href":"https:\/\/airparx.com\/fr\/wp-json\/wp\/v2\/product_cat?post=5300"},{"taxonomy":"product_tag","embeddable":true,"href":"https:\/\/airparx.com\/fr\/wp-json\/wp\/v2\/product_tag?post=5300"}],"curies":[{"name":"wp","href":"https:\/\/api.w.org\/{rel}","templated":true}]}}