{"id":5306,"date":"2021-07-15T11:19:57","date_gmt":"2021-07-15T10:19:57","guid":{"rendered":"https:\/\/airparx.com\/installations\/gravite-luton\/"},"modified":"2022-11-22T15:57:35","modified_gmt":"2022-11-22T15:57:35","slug":"gravite-luton","status":"publish","type":"product","link":"https:\/\/airparx.com\/fr\/installations\/gravite-luton\/","title":{"rendered":"Gravity &#8211; Luton"},"content":{"rendered":"<p>Airparx a travaill\u00e9 avec l&rsquo;un de nos principaux clients, Gravity, pour r\u00e9nover un ancien parc de trampolines afin de rajeunir, rebrasser et r\u00e9am\u00e9nager le parc \u00e0 Luton, \u00e0 l&rsquo;int\u00e9rieur du centre commercial The Galaxy. Airparx a \u00e9t\u00e9 charg\u00e9 de r\u00e9nover les trampolines et d&rsquo;installer un parcours Air Ninja, un parc gonflable et une aire de jeux.<\/p>\n<p>Alors que Gravity poursuit son impressionnante croissance, Airparx continue de grandir avec elle et est fi\u00e8re de son association \u00e0 sa marque et de son r\u00f4le de partenaire de d\u00e9ploiement.<\/p>\n","protected":false},"excerpt":{"rendered":"<p>Airparx a travaill\u00e9 avec l&rsquo;un de nos principaux clients, Gravity, pour r\u00e9nover un ancien parc de trampolines afin de rajeunir, rebrasser et r\u00e9am\u00e9nager le parc \u00e0 Luton, \u00e0 l&rsquo;int\u00e9rieur du centre commercial The Galaxy. Airparx a \u00e9t\u00e9 charg\u00e9 de r\u00e9nover les trampolines et d&rsquo;installer un parcours Air Ninja, un parc gonflable et une aire de [&hellip;]<\/p>\n","protected":false},"featured_media":5366,"template":"","meta":{"_acf_changed":false},"product_brand":[],"product_cat":[94,93,84,83],"product_tag":[],"class_list":{"0":"post-5306","1":"product","2":"type-product","3":"status-publish","4":"has-post-thumbnail","6":"product_cat-adaptation-et-ajouts","7":"product_cat-cours-de-ninja","8":"product_cat-jeux-doux-et-terrains-de-jeux-interieurs","9":"product_cat-parcs-gonflables","11":"first","12":"outofstock","13":"shipping-taxable","14":"product-type-simple"},"acf":[],"yoast_head":"<!-- This site is optimized with the Yoast SEO Premium plugin v26.7 (Yoast SEO v27.3) - https:\/\/yoast.com\/product\/yoast-seo-premium-wordpress\/ -->\n<title>Gravity - Luton - Airparx<\/title>\n<meta name=\"robots\" content=\"index, follow, max-snippet:-1, max-image-preview:large, max-video-preview:-1\" \/>\n<link rel=\"canonical\" href=\"https:\/\/airparx.com\/fr\/installations\/gravite-luton\/\" \/>\n<meta property=\"og:locale\" content=\"fr_FR\" \/>\n<meta property=\"og:type\" content=\"article\" \/>\n<meta property=\"og:title\" content=\"Gravity - Luton\" \/>\n<meta property=\"og:description\" content=\"Airparx a travaill\u00e9 avec l&rsquo;un de nos principaux clients, Gravity, pour r\u00e9nover un ancien parc de trampolines afin de rajeunir, rebrasser et r\u00e9am\u00e9nager le parc \u00e0 Luton, \u00e0 l&rsquo;int\u00e9rieur du centre commercial The Galaxy. Airparx a \u00e9t\u00e9 charg\u00e9 de r\u00e9nover les trampolines et d&rsquo;installer un parcours Air Ninja, un parc gonflable et une aire de [&hellip;]\" \/>\n<meta property=\"og:url\" content=\"https:\/\/airparx.com\/fr\/installations\/gravite-luton\/\" \/>\n<meta property=\"og:site_name\" content=\"Airparx\" \/>\n<meta property=\"article:publisher\" content=\"https:\/\/www.facebook.com\/Airparx\/\" \/>\n<meta property=\"article:modified_time\" content=\"2022-11-22T15:57:35+00:00\" \/>\n<meta property=\"og:image\" content=\"https:\/\/airparx.com\/wp-content\/uploads\/2022\/07\/gravity-luton-9.jpg\" \/>\n\t<meta property=\"og:image:width\" content=\"1024\" \/>\n\t<meta property=\"og:image:height\" content=\"768\" \/>\n\t<meta property=\"og:image:type\" content=\"image\/jpeg\" \/>\n<meta name=\"twitter:card\" content=\"summary_large_image\" \/>\n<script type=\"application\/ld+json\" class=\"yoast-schema-graph\">{\"@context\":\"https:\\\/\\\/schema.org\",\"@graph\":[{\"@type\":\"WebPage\",\"@id\":\"https:\\\/\\\/airparx.com\\\/fr\\\/installations\\\/gravite-luton\\\/\",\"url\":\"https:\\\/\\\/airparx.com\\\/fr\\\/installations\\\/gravite-luton\\\/\",\"name\":\"Gravity - Luton - Airparx\",\"isPartOf\":{\"@id\":\"https:\\\/\\\/airparx.com\\\/fr\\\/#website\"},\"primaryImageOfPage\":{\"@id\":\"https:\\\/\\\/airparx.com\\\/fr\\\/installations\\\/gravite-luton\\\/#primaryimage\"},\"image\":{\"@id\":\"https:\\\/\\\/airparx.com\\\/fr\\\/installations\\\/gravite-luton\\\/#primaryimage\"},\"thumbnailUrl\":\"https:\\\/\\\/airparx.com\\\/wp-content\\\/uploads\\\/2022\\\/07\\\/gravity-luton-9.jpg\",\"datePublished\":\"2021-07-15T10:19:57+00:00\",\"dateModified\":\"2022-11-22T15:57:35+00:00\",\"breadcrumb\":{\"@id\":\"https:\\\/\\\/airparx.com\\\/fr\\\/installations\\\/gravite-luton\\\/#breadcrumb\"},\"inLanguage\":\"fr-FR\",\"potentialAction\":[{\"@type\":\"ReadAction\",\"target\":[\"https:\\\/\\\/airparx.com\\\/fr\\\/installations\\\/gravite-luton\\\/\"]}]},{\"@type\":\"ImageObject\",\"inLanguage\":\"fr-FR\",\"@id\":\"https:\\\/\\\/airparx.com\\\/fr\\\/installations\\\/gravite-luton\\\/#primaryimage\",\"url\":\"https:\\\/\\\/airparx.com\\\/wp-content\\\/uploads\\\/2022\\\/07\\\/gravity-luton-9.jpg\",\"contentUrl\":\"https:\\\/\\\/airparx.com\\\/wp-content\\\/uploads\\\/2022\\\/07\\\/gravity-luton-9.jpg\",\"width\":1024,\"height\":768},{\"@type\":\"BreadcrumbList\",\"@id\":\"https:\\\/\\\/airparx.com\\\/fr\\\/installations\\\/gravite-luton\\\/#breadcrumb\",\"itemListElement\":[{\"@type\":\"ListItem\",\"position\":1,\"name\":\"Home\",\"item\":\"https:\\\/\\\/airparx.com\\\/fr\\\/\"},{\"@type\":\"ListItem\",\"position\":2,\"name\":\"Gravity &#8211; Luton\"}]},{\"@type\":\"WebSite\",\"@id\":\"https:\\\/\\\/airparx.com\\\/fr\\\/#website\",\"url\":\"https:\\\/\\\/airparx.com\\\/fr\\\/\",\"name\":\"Airparx\",\"description\":\"Inflatable &amp; Trampoline Park Supplier\",\"publisher\":{\"@id\":\"https:\\\/\\\/airparx.com\\\/fr\\\/#organization\"},\"potentialAction\":[{\"@type\":\"SearchAction\",\"target\":{\"@type\":\"EntryPoint\",\"urlTemplate\":\"https:\\\/\\\/airparx.com\\\/fr\\\/?s={search_term_string}\"},\"query-input\":{\"@type\":\"PropertyValueSpecification\",\"valueRequired\":true,\"valueName\":\"search_term_string\"}}],\"inLanguage\":\"fr-FR\"},{\"@type\":\"Organization\",\"@id\":\"https:\\\/\\\/airparx.com\\\/fr\\\/#organization\",\"name\":\"Airparx\",\"url\":\"https:\\\/\\\/airparx.com\\\/fr\\\/\",\"logo\":{\"@type\":\"ImageObject\",\"inLanguage\":\"fr-FR\",\"@id\":\"https:\\\/\\\/airparx.com\\\/fr\\\/#\\\/schema\\\/logo\\\/image\\\/\",\"url\":\"https:\\\/\\\/airparx.com\\\/wp-content\\\/uploads\\\/2022\\\/06\\\/Airparx_Logo.png\",\"contentUrl\":\"https:\\\/\\\/airparx.com\\\/wp-content\\\/uploads\\\/2022\\\/06\\\/Airparx_Logo.png\",\"width\":1127,\"height\":461,\"caption\":\"Airparx\"},\"image\":{\"@id\":\"https:\\\/\\\/airparx.com\\\/fr\\\/#\\\/schema\\\/logo\\\/image\\\/\"},\"sameAs\":[\"https:\\\/\\\/www.facebook.com\\\/Airparx\\\/\",\"https:\\\/\\\/www.instagram.com\\\/airparx\\\/\",\"https:\\\/\\\/www.youtube.com\\\/playlist?list=PL2LZnxdxb4eX2paMpuL0QxEvopAtGzyqY\",\"https:\\\/\\\/www.linkedin.com\\\/company\\\/airparx\\\/\"]}]}<\/script>\n<!-- \/ Yoast SEO Premium plugin. -->","yoast_head_json":{"title":"Gravity - Luton - Airparx","robots":{"index":"index","follow":"follow","max-snippet":"max-snippet:-1","max-image-preview":"max-image-preview:large","max-video-preview":"max-video-preview:-1"},"canonical":"https:\/\/airparx.com\/fr\/installations\/gravite-luton\/","og_locale":"fr_FR","og_type":"article","og_title":"Gravity - Luton","og_description":"Airparx a travaill\u00e9 avec l&rsquo;un de nos principaux clients, Gravity, pour r\u00e9nover un ancien parc de trampolines afin de rajeunir, rebrasser et r\u00e9am\u00e9nager le parc \u00e0 Luton, \u00e0 l&rsquo;int\u00e9rieur du centre commercial The Galaxy. Airparx a \u00e9t\u00e9 charg\u00e9 de r\u00e9nover les trampolines et d&rsquo;installer un parcours Air Ninja, un parc gonflable et une aire de [&hellip;]","og_url":"https:\/\/airparx.com\/fr\/installations\/gravite-luton\/","og_site_name":"Airparx","article_publisher":"https:\/\/www.facebook.com\/Airparx\/","article_modified_time":"2022-11-22T15:57:35+00:00","og_image":[{"width":1024,"height":768,"url":"https:\/\/airparx.com\/wp-content\/uploads\/2022\/07\/gravity-luton-9.jpg","type":"image\/jpeg"}],"twitter_card":"summary_large_image","schema":{"@context":"https:\/\/schema.org","@graph":[{"@type":"WebPage","@id":"https:\/\/airparx.com\/fr\/installations\/gravite-luton\/","url":"https:\/\/airparx.com\/fr\/installations\/gravite-luton\/","name":"Gravity - Luton - Airparx","isPartOf":{"@id":"https:\/\/airparx.com\/fr\/#website"},"primaryImageOfPage":{"@id":"https:\/\/airparx.com\/fr\/installations\/gravite-luton\/#primaryimage"},"image":{"@id":"https:\/\/airparx.com\/fr\/installations\/gravite-luton\/#primaryimage"},"thumbnailUrl":"https:\/\/airparx.com\/wp-content\/uploads\/2022\/07\/gravity-luton-9.jpg","datePublished":"2021-07-15T10:19:57+00:00","dateModified":"2022-11-22T15:57:35+00:00","breadcrumb":{"@id":"https:\/\/airparx.com\/fr\/installations\/gravite-luton\/#breadcrumb"},"inLanguage":"fr-FR","potentialAction":[{"@type":"ReadAction","target":["https:\/\/airparx.com\/fr\/installations\/gravite-luton\/"]}]},{"@type":"ImageObject","inLanguage":"fr-FR","@id":"https:\/\/airparx.com\/fr\/installations\/gravite-luton\/#primaryimage","url":"https:\/\/airparx.com\/wp-content\/uploads\/2022\/07\/gravity-luton-9.jpg","contentUrl":"https:\/\/airparx.com\/wp-content\/uploads\/2022\/07\/gravity-luton-9.jpg","width":1024,"height":768},{"@type":"BreadcrumbList","@id":"https:\/\/airparx.com\/fr\/installations\/gravite-luton\/#breadcrumb","itemListElement":[{"@type":"ListItem","position":1,"name":"Home","item":"https:\/\/airparx.com\/fr\/"},{"@type":"ListItem","position":2,"name":"Gravity &#8211; Luton"}]},{"@type":"WebSite","@id":"https:\/\/airparx.com\/fr\/#website","url":"https:\/\/airparx.com\/fr\/","name":"Airparx","description":"Inflatable &amp; Trampoline Park Supplier","publisher":{"@id":"https:\/\/airparx.com\/fr\/#organization"},"potentialAction":[{"@type":"SearchAction","target":{"@type":"EntryPoint","urlTemplate":"https:\/\/airparx.com\/fr\/?s={search_term_string}"},"query-input":{"@type":"PropertyValueSpecification","valueRequired":true,"valueName":"search_term_string"}}],"inLanguage":"fr-FR"},{"@type":"Organization","@id":"https:\/\/airparx.com\/fr\/#organization","name":"Airparx","url":"https:\/\/airparx.com\/fr\/","logo":{"@type":"ImageObject","inLanguage":"fr-FR","@id":"https:\/\/airparx.com\/fr\/#\/schema\/logo\/image\/","url":"https:\/\/airparx.com\/wp-content\/uploads\/2022\/06\/Airparx_Logo.png","contentUrl":"https:\/\/airparx.com\/wp-content\/uploads\/2022\/06\/Airparx_Logo.png","width":1127,"height":461,"caption":"Airparx"},"image":{"@id":"https:\/\/airparx.com\/fr\/#\/schema\/logo\/image\/"},"sameAs":["https:\/\/www.facebook.com\/Airparx\/","https:\/\/www.instagram.com\/airparx\/","https:\/\/www.youtube.com\/playlist?list=PL2LZnxdxb4eX2paMpuL0QxEvopAtGzyqY","https:\/\/www.linkedin.com\/company\/airparx\/"]}]}},"_links":{"self":[{"href":"https:\/\/airparx.com\/fr\/wp-json\/wp\/v2\/product\/5306","targetHints":{"allow":["GET"]}}],"collection":[{"href":"https:\/\/airparx.com\/fr\/wp-json\/wp\/v2\/product"}],"about":[{"href":"https:\/\/airparx.com\/fr\/wp-json\/wp\/v2\/types\/product"}],"wp:featuredmedia":[{"embeddable":true,"href":"https:\/\/airparx.com\/fr\/wp-json\/wp\/v2\/media\/5366"}],"wp:attachment":[{"href":"https:\/\/airparx.com\/fr\/wp-json\/wp\/v2\/media?parent=5306"}],"wp:term":[{"taxonomy":"product_brand","embeddable":true,"href":"https:\/\/airparx.com\/fr\/wp-json\/wp\/v2\/product_brand?post=5306"},{"taxonomy":"product_cat","embeddable":true,"href":"https:\/\/airparx.com\/fr\/wp-json\/wp\/v2\/product_cat?post=5306"},{"taxonomy":"product_tag","embeddable":true,"href":"https:\/\/airparx.com\/fr\/wp-json\/wp\/v2\/product_tag?post=5306"}],"curies":[{"name":"wp","href":"https:\/\/api.w.org\/{rel}","templated":true}]}}