{"id":5422,"date":"2021-07-14T13:13:56","date_gmt":"2021-07-14T12:13:56","guid":{"rendered":"https:\/\/airparx.com\/installations\/airthrill-perth-2\/"},"modified":"2022-11-22T15:57:35","modified_gmt":"2022-11-22T15:57:35","slug":"airthrill-perth","status":"publish","type":"product","link":"https:\/\/airparx.com\/fr\/installations\/airthrill-perth\/","title":{"rendered":"Airthrill &#8211; Perth"},"content":{"rendered":"<p>Le parc gonflable Airthrill Airparx de Perth \u00e9tait le premier et le seul parc gonflable de Perth et de sa r\u00e9gion. Il s&rsquo;agissait \u00e9galement du deuxi\u00e8me parc en \u00c9cosse pour le groupe Wonderworld, qui conna\u00eet un grand succ\u00e8s.<\/p>\n<p>Airparx a aid\u00e9 \u00e0 cr\u00e9er une nouvelle image de marque pour mettre en valeur le nouveau logo et le th\u00e8me de l&rsquo;entreprise par le biais de la couleur et du positionnement du logo.<\/p>\n<p>Une fois de plus, pour Airthrill, Airparx a d\u00e9velopp\u00e9 une connexion unique entre le parc gonflable et le parc de trampoline voisin, ce qui a permis d&rsquo;augmenter le nombre d&rsquo;utilisateurs de 35% au total. En outre, Airparx a cr\u00e9\u00e9 un nouveau programme de formation attrayant qui a \u00e9t\u00e9 pr\u00e9sent\u00e9 sous forme de vierge pour faciliter la supervision sur le site, et qui a \u00e9t\u00e9 extr\u00eamement bien accueilli.<\/p>\n","protected":false},"excerpt":{"rendered":"<p>Le parc gonflable Airthrill Airparx de Perth \u00e9tait le premier et le seul parc gonflable de Perth et de sa r\u00e9gion. Il s&rsquo;agissait \u00e9galement du deuxi\u00e8me parc en \u00c9cosse pour le groupe Wonderworld, qui conna\u00eet un grand succ\u00e8s. Airparx a aid\u00e9 \u00e0 cr\u00e9er une nouvelle image de marque pour mettre en valeur le nouveau logo [&hellip;]<\/p>\n","protected":false},"featured_media":4435,"template":"","meta":{"_acf_changed":false},"product_brand":[],"product_cat":[83],"product_tag":[],"class_list":{"0":"post-5422","1":"product","2":"type-product","3":"status-publish","4":"has-post-thumbnail","6":"product_cat-parcs-gonflables","8":"first","9":"outofstock","10":"shipping-taxable","11":"product-type-simple"},"acf":[],"yoast_head":"<!-- This site is optimized with the Yoast SEO Premium plugin v26.7 (Yoast SEO v27.3) - https:\/\/yoast.com\/product\/yoast-seo-premium-wordpress\/ -->\n<title>Airthrill - Perth - Airparx<\/title>\n<meta name=\"robots\" content=\"index, follow, max-snippet:-1, max-image-preview:large, max-video-preview:-1\" \/>\n<link rel=\"canonical\" href=\"https:\/\/airparx.com\/fr\/installations\/airthrill-perth\/\" \/>\n<meta property=\"og:locale\" content=\"fr_FR\" \/>\n<meta property=\"og:type\" content=\"article\" \/>\n<meta property=\"og:title\" content=\"Airthrill - Perth\" \/>\n<meta property=\"og:description\" content=\"Le parc gonflable Airthrill Airparx de Perth \u00e9tait le premier et le seul parc gonflable de Perth et de sa r\u00e9gion. Il s&rsquo;agissait \u00e9galement du deuxi\u00e8me parc en \u00c9cosse pour le groupe Wonderworld, qui conna\u00eet un grand succ\u00e8s. Airparx a aid\u00e9 \u00e0 cr\u00e9er une nouvelle image de marque pour mettre en valeur le nouveau logo [&hellip;]\" \/>\n<meta property=\"og:url\" content=\"https:\/\/airparx.com\/fr\/installations\/airthrill-perth\/\" \/>\n<meta property=\"og:site_name\" content=\"Airparx\" \/>\n<meta property=\"article:publisher\" content=\"https:\/\/www.facebook.com\/Airparx\/\" \/>\n<meta property=\"article:modified_time\" content=\"2022-11-22T15:57:35+00:00\" \/>\n<meta property=\"og:image\" content=\"https:\/\/airparx.com\/wp-content\/uploads\/2022\/07\/AP55_Wonder-World-_Noah-s-Perth_0713_112537.jpg\" \/>\n\t<meta property=\"og:image:width\" content=\"1024\" \/>\n\t<meta property=\"og:image:height\" content=\"768\" \/>\n\t<meta property=\"og:image:type\" content=\"image\/jpeg\" \/>\n<meta name=\"twitter:card\" content=\"summary_large_image\" \/>\n<meta name=\"twitter:label1\" content=\"Dur\u00e9e de lecture estim\u00e9e\" \/>\n\t<meta name=\"twitter:data1\" content=\"1 minute\" \/>\n<script type=\"application\/ld+json\" class=\"yoast-schema-graph\">{\"@context\":\"https:\\\/\\\/schema.org\",\"@graph\":[{\"@type\":\"WebPage\",\"@id\":\"https:\\\/\\\/airparx.com\\\/fr\\\/installations\\\/airthrill-perth\\\/\",\"url\":\"https:\\\/\\\/airparx.com\\\/fr\\\/installations\\\/airthrill-perth\\\/\",\"name\":\"Airthrill - Perth - Airparx\",\"isPartOf\":{\"@id\":\"https:\\\/\\\/airparx.com\\\/fr\\\/#website\"},\"primaryImageOfPage\":{\"@id\":\"https:\\\/\\\/airparx.com\\\/fr\\\/installations\\\/airthrill-perth\\\/#primaryimage\"},\"image\":{\"@id\":\"https:\\\/\\\/airparx.com\\\/fr\\\/installations\\\/airthrill-perth\\\/#primaryimage\"},\"thumbnailUrl\":\"https:\\\/\\\/airparx.com\\\/wp-content\\\/uploads\\\/2022\\\/07\\\/AP55_Wonder-World-_Noah-s-Perth_0713_112537.jpg\",\"datePublished\":\"2021-07-14T12:13:56+00:00\",\"dateModified\":\"2022-11-22T15:57:35+00:00\",\"breadcrumb\":{\"@id\":\"https:\\\/\\\/airparx.com\\\/fr\\\/installations\\\/airthrill-perth\\\/#breadcrumb\"},\"inLanguage\":\"fr-FR\",\"potentialAction\":[{\"@type\":\"ReadAction\",\"target\":[\"https:\\\/\\\/airparx.com\\\/fr\\\/installations\\\/airthrill-perth\\\/\"]}]},{\"@type\":\"ImageObject\",\"inLanguage\":\"fr-FR\",\"@id\":\"https:\\\/\\\/airparx.com\\\/fr\\\/installations\\\/airthrill-perth\\\/#primaryimage\",\"url\":\"https:\\\/\\\/airparx.com\\\/wp-content\\\/uploads\\\/2022\\\/07\\\/AP55_Wonder-World-_Noah-s-Perth_0713_112537.jpg\",\"contentUrl\":\"https:\\\/\\\/airparx.com\\\/wp-content\\\/uploads\\\/2022\\\/07\\\/AP55_Wonder-World-_Noah-s-Perth_0713_112537.jpg\",\"width\":1024,\"height\":768},{\"@type\":\"BreadcrumbList\",\"@id\":\"https:\\\/\\\/airparx.com\\\/fr\\\/installations\\\/airthrill-perth\\\/#breadcrumb\",\"itemListElement\":[{\"@type\":\"ListItem\",\"position\":1,\"name\":\"Home\",\"item\":\"https:\\\/\\\/airparx.com\\\/fr\\\/\"},{\"@type\":\"ListItem\",\"position\":2,\"name\":\"Airthrill &#8211; Perth\"}]},{\"@type\":\"WebSite\",\"@id\":\"https:\\\/\\\/airparx.com\\\/fr\\\/#website\",\"url\":\"https:\\\/\\\/airparx.com\\\/fr\\\/\",\"name\":\"Airparx\",\"description\":\"Inflatable &amp; Trampoline Park Supplier\",\"publisher\":{\"@id\":\"https:\\\/\\\/airparx.com\\\/fr\\\/#organization\"},\"potentialAction\":[{\"@type\":\"SearchAction\",\"target\":{\"@type\":\"EntryPoint\",\"urlTemplate\":\"https:\\\/\\\/airparx.com\\\/fr\\\/?s={search_term_string}\"},\"query-input\":{\"@type\":\"PropertyValueSpecification\",\"valueRequired\":true,\"valueName\":\"search_term_string\"}}],\"inLanguage\":\"fr-FR\"},{\"@type\":\"Organization\",\"@id\":\"https:\\\/\\\/airparx.com\\\/fr\\\/#organization\",\"name\":\"Airparx\",\"url\":\"https:\\\/\\\/airparx.com\\\/fr\\\/\",\"logo\":{\"@type\":\"ImageObject\",\"inLanguage\":\"fr-FR\",\"@id\":\"https:\\\/\\\/airparx.com\\\/fr\\\/#\\\/schema\\\/logo\\\/image\\\/\",\"url\":\"https:\\\/\\\/airparx.com\\\/wp-content\\\/uploads\\\/2022\\\/06\\\/Airparx_Logo.png\",\"contentUrl\":\"https:\\\/\\\/airparx.com\\\/wp-content\\\/uploads\\\/2022\\\/06\\\/Airparx_Logo.png\",\"width\":1127,\"height\":461,\"caption\":\"Airparx\"},\"image\":{\"@id\":\"https:\\\/\\\/airparx.com\\\/fr\\\/#\\\/schema\\\/logo\\\/image\\\/\"},\"sameAs\":[\"https:\\\/\\\/www.facebook.com\\\/Airparx\\\/\",\"https:\\\/\\\/www.instagram.com\\\/airparx\\\/\",\"https:\\\/\\\/www.youtube.com\\\/playlist?list=PL2LZnxdxb4eX2paMpuL0QxEvopAtGzyqY\",\"https:\\\/\\\/www.linkedin.com\\\/company\\\/airparx\\\/\"]}]}<\/script>\n<!-- \/ Yoast SEO Premium plugin. -->","yoast_head_json":{"title":"Airthrill - Perth - Airparx","robots":{"index":"index","follow":"follow","max-snippet":"max-snippet:-1","max-image-preview":"max-image-preview:large","max-video-preview":"max-video-preview:-1"},"canonical":"https:\/\/airparx.com\/fr\/installations\/airthrill-perth\/","og_locale":"fr_FR","og_type":"article","og_title":"Airthrill - Perth","og_description":"Le parc gonflable Airthrill Airparx de Perth \u00e9tait le premier et le seul parc gonflable de Perth et de sa r\u00e9gion. Il s&rsquo;agissait \u00e9galement du deuxi\u00e8me parc en \u00c9cosse pour le groupe Wonderworld, qui conna\u00eet un grand succ\u00e8s. Airparx a aid\u00e9 \u00e0 cr\u00e9er une nouvelle image de marque pour mettre en valeur le nouveau logo [&hellip;]","og_url":"https:\/\/airparx.com\/fr\/installations\/airthrill-perth\/","og_site_name":"Airparx","article_publisher":"https:\/\/www.facebook.com\/Airparx\/","article_modified_time":"2022-11-22T15:57:35+00:00","og_image":[{"width":1024,"height":768,"url":"https:\/\/airparx.com\/wp-content\/uploads\/2022\/07\/AP55_Wonder-World-_Noah-s-Perth_0713_112537.jpg","type":"image\/jpeg"}],"twitter_card":"summary_large_image","twitter_misc":{"Dur\u00e9e de lecture estim\u00e9e":"1 minute"},"schema":{"@context":"https:\/\/schema.org","@graph":[{"@type":"WebPage","@id":"https:\/\/airparx.com\/fr\/installations\/airthrill-perth\/","url":"https:\/\/airparx.com\/fr\/installations\/airthrill-perth\/","name":"Airthrill - Perth - Airparx","isPartOf":{"@id":"https:\/\/airparx.com\/fr\/#website"},"primaryImageOfPage":{"@id":"https:\/\/airparx.com\/fr\/installations\/airthrill-perth\/#primaryimage"},"image":{"@id":"https:\/\/airparx.com\/fr\/installations\/airthrill-perth\/#primaryimage"},"thumbnailUrl":"https:\/\/airparx.com\/wp-content\/uploads\/2022\/07\/AP55_Wonder-World-_Noah-s-Perth_0713_112537.jpg","datePublished":"2021-07-14T12:13:56+00:00","dateModified":"2022-11-22T15:57:35+00:00","breadcrumb":{"@id":"https:\/\/airparx.com\/fr\/installations\/airthrill-perth\/#breadcrumb"},"inLanguage":"fr-FR","potentialAction":[{"@type":"ReadAction","target":["https:\/\/airparx.com\/fr\/installations\/airthrill-perth\/"]}]},{"@type":"ImageObject","inLanguage":"fr-FR","@id":"https:\/\/airparx.com\/fr\/installations\/airthrill-perth\/#primaryimage","url":"https:\/\/airparx.com\/wp-content\/uploads\/2022\/07\/AP55_Wonder-World-_Noah-s-Perth_0713_112537.jpg","contentUrl":"https:\/\/airparx.com\/wp-content\/uploads\/2022\/07\/AP55_Wonder-World-_Noah-s-Perth_0713_112537.jpg","width":1024,"height":768},{"@type":"BreadcrumbList","@id":"https:\/\/airparx.com\/fr\/installations\/airthrill-perth\/#breadcrumb","itemListElement":[{"@type":"ListItem","position":1,"name":"Home","item":"https:\/\/airparx.com\/fr\/"},{"@type":"ListItem","position":2,"name":"Airthrill &#8211; Perth"}]},{"@type":"WebSite","@id":"https:\/\/airparx.com\/fr\/#website","url":"https:\/\/airparx.com\/fr\/","name":"Airparx","description":"Inflatable &amp; Trampoline Park Supplier","publisher":{"@id":"https:\/\/airparx.com\/fr\/#organization"},"potentialAction":[{"@type":"SearchAction","target":{"@type":"EntryPoint","urlTemplate":"https:\/\/airparx.com\/fr\/?s={search_term_string}"},"query-input":{"@type":"PropertyValueSpecification","valueRequired":true,"valueName":"search_term_string"}}],"inLanguage":"fr-FR"},{"@type":"Organization","@id":"https:\/\/airparx.com\/fr\/#organization","name":"Airparx","url":"https:\/\/airparx.com\/fr\/","logo":{"@type":"ImageObject","inLanguage":"fr-FR","@id":"https:\/\/airparx.com\/fr\/#\/schema\/logo\/image\/","url":"https:\/\/airparx.com\/wp-content\/uploads\/2022\/06\/Airparx_Logo.png","contentUrl":"https:\/\/airparx.com\/wp-content\/uploads\/2022\/06\/Airparx_Logo.png","width":1127,"height":461,"caption":"Airparx"},"image":{"@id":"https:\/\/airparx.com\/fr\/#\/schema\/logo\/image\/"},"sameAs":["https:\/\/www.facebook.com\/Airparx\/","https:\/\/www.instagram.com\/airparx\/","https:\/\/www.youtube.com\/playlist?list=PL2LZnxdxb4eX2paMpuL0QxEvopAtGzyqY","https:\/\/www.linkedin.com\/company\/airparx\/"]}]}},"_links":{"self":[{"href":"https:\/\/airparx.com\/fr\/wp-json\/wp\/v2\/product\/5422","targetHints":{"allow":["GET"]}}],"collection":[{"href":"https:\/\/airparx.com\/fr\/wp-json\/wp\/v2\/product"}],"about":[{"href":"https:\/\/airparx.com\/fr\/wp-json\/wp\/v2\/types\/product"}],"wp:featuredmedia":[{"embeddable":true,"href":"https:\/\/airparx.com\/fr\/wp-json\/wp\/v2\/media\/4435"}],"wp:attachment":[{"href":"https:\/\/airparx.com\/fr\/wp-json\/wp\/v2\/media?parent=5422"}],"wp:term":[{"taxonomy":"product_brand","embeddable":true,"href":"https:\/\/airparx.com\/fr\/wp-json\/wp\/v2\/product_brand?post=5422"},{"taxonomy":"product_cat","embeddable":true,"href":"https:\/\/airparx.com\/fr\/wp-json\/wp\/v2\/product_cat?post=5422"},{"taxonomy":"product_tag","embeddable":true,"href":"https:\/\/airparx.com\/fr\/wp-json\/wp\/v2\/product_tag?post=5422"}],"curies":[{"name":"wp","href":"https:\/\/api.w.org\/{rel}","templated":true}]}}