{"id":5450,"date":"2021-07-14T12:59:31","date_gmt":"2021-07-14T11:59:31","guid":{"rendered":"https:\/\/airparx.com\/installations\/tfou-parc-2\/"},"modified":"2022-11-22T15:57:35","modified_gmt":"2022-11-22T15:57:35","slug":"tfou-parc","status":"publish","type":"product","link":"https:\/\/airparx.com\/fr\/installations\/tfou-parc\/","title":{"rendered":"TFOU Parc"},"content":{"rendered":"<p>Le parc TOFU \u00e9tait la deuxi\u00e8me installation en France avec notre partenaire fran\u00e7ais. Il a \u00e9t\u00e9 cr\u00e9\u00e9 pour le programme t\u00e9l\u00e9vis\u00e9 fran\u00e7ais pour enfants Les Hoofs.<\/p>\n<p>La difficult\u00e9 r\u00e9sidait dans le fait que la zone avait une faible hauteur de plafond, mais cela n&rsquo;a pas pos\u00e9 de probl\u00e8me car Airparxs a une grande exp\u00e9rience des b\u00e2timents dont la hauteur libre est limit\u00e9e.<\/p>\n<p>Il est \u00e9galement tr\u00e8s courant d&rsquo;avoir des obstacles dans les espaces d\u00e9sign\u00e9s et dans ce cas, Airparx a utilis\u00e9 des piliers et des poutres pour abriter les ventilateurs de gonflage et l&rsquo;\u00e9lectricit\u00e9. Les concepteurs d&rsquo;Airparx ont utilis\u00e9 le dessin de Les Hoofs pour inclure de magnifiques personnages en 3D dans cet espace de jeu amusant. Des toboggans et des obstacles plus petits rendent ce parc plus accessible pour les plus jeunes.<\/p>\n<p>Apr\u00e8s le succ\u00e8s du parc TFOU, nous avons maintenant plusieurs autres projets en pr\u00e9paration pour le m\u00eame client.<\/p>\n","protected":false},"excerpt":{"rendered":"<p>Le parc TOFU \u00e9tait la deuxi\u00e8me installation en France avec notre partenaire fran\u00e7ais. Il a \u00e9t\u00e9 cr\u00e9\u00e9 pour le programme t\u00e9l\u00e9vis\u00e9 fran\u00e7ais pour enfants Les Hoofs. La difficult\u00e9 r\u00e9sidait dans le fait que la zone avait une faible hauteur de plafond, mais cela n&rsquo;a pas pos\u00e9 de probl\u00e8me car Airparxs a une grande exp\u00e9rience des [&hellip;]<\/p>\n","protected":false},"featured_media":4381,"template":"","meta":{"_acf_changed":false},"product_brand":[],"product_cat":[83],"product_tag":[],"class_list":{"0":"post-5450","1":"product","2":"type-product","3":"status-publish","4":"has-post-thumbnail","6":"product_cat-parcs-gonflables","8":"first","9":"outofstock","10":"shipping-taxable","11":"product-type-simple"},"acf":[],"yoast_head":"<!-- This site is optimized with the Yoast SEO Premium plugin v26.7 (Yoast SEO v27.3) - https:\/\/yoast.com\/product\/yoast-seo-premium-wordpress\/ -->\n<title>TFOU Parc - Airparx<\/title>\n<meta name=\"robots\" content=\"index, follow, max-snippet:-1, max-image-preview:large, max-video-preview:-1\" \/>\n<link rel=\"canonical\" href=\"https:\/\/airparx.com\/fr\/installations\/tfou-parc\/\" \/>\n<meta property=\"og:locale\" content=\"fr_FR\" \/>\n<meta property=\"og:type\" content=\"article\" \/>\n<meta property=\"og:title\" content=\"TFOU Parc\" \/>\n<meta property=\"og:description\" content=\"Le parc TOFU \u00e9tait la deuxi\u00e8me installation en France avec notre partenaire fran\u00e7ais. Il a \u00e9t\u00e9 cr\u00e9\u00e9 pour le programme t\u00e9l\u00e9vis\u00e9 fran\u00e7ais pour enfants Les Hoofs. La difficult\u00e9 r\u00e9sidait dans le fait que la zone avait une faible hauteur de plafond, mais cela n&rsquo;a pas pos\u00e9 de probl\u00e8me car Airparxs a une grande exp\u00e9rience des [&hellip;]\" \/>\n<meta property=\"og:url\" content=\"https:\/\/airparx.com\/fr\/installations\/tfou-parc\/\" \/>\n<meta property=\"og:site_name\" content=\"Airparx\" \/>\n<meta property=\"article:publisher\" content=\"https:\/\/www.facebook.com\/Airparx\/\" \/>\n<meta property=\"article:modified_time\" content=\"2022-11-22T15:57:35+00:00\" \/>\n<meta property=\"og:image\" content=\"https:\/\/airparx.com\/wp-content\/uploads\/2022\/07\/AP53-TFOU_France_0715_163414.jpg\" \/>\n\t<meta property=\"og:image:width\" content=\"1024\" \/>\n\t<meta property=\"og:image:height\" content=\"768\" \/>\n\t<meta property=\"og:image:type\" content=\"image\/jpeg\" \/>\n<meta name=\"twitter:card\" content=\"summary_large_image\" \/>\n<meta name=\"twitter:label1\" content=\"Dur\u00e9e de lecture estim\u00e9e\" \/>\n\t<meta name=\"twitter:data1\" content=\"1 minute\" \/>\n<script type=\"application\/ld+json\" class=\"yoast-schema-graph\">{\"@context\":\"https:\\\/\\\/schema.org\",\"@graph\":[{\"@type\":\"WebPage\",\"@id\":\"https:\\\/\\\/airparx.com\\\/fr\\\/installations\\\/tfou-parc\\\/\",\"url\":\"https:\\\/\\\/airparx.com\\\/fr\\\/installations\\\/tfou-parc\\\/\",\"name\":\"TFOU Parc - Airparx\",\"isPartOf\":{\"@id\":\"https:\\\/\\\/airparx.com\\\/fr\\\/#website\"},\"primaryImageOfPage\":{\"@id\":\"https:\\\/\\\/airparx.com\\\/fr\\\/installations\\\/tfou-parc\\\/#primaryimage\"},\"image\":{\"@id\":\"https:\\\/\\\/airparx.com\\\/fr\\\/installations\\\/tfou-parc\\\/#primaryimage\"},\"thumbnailUrl\":\"https:\\\/\\\/airparx.com\\\/wp-content\\\/uploads\\\/2022\\\/07\\\/AP53-TFOU_France_0715_163414.jpg\",\"datePublished\":\"2021-07-14T11:59:31+00:00\",\"dateModified\":\"2022-11-22T15:57:35+00:00\",\"breadcrumb\":{\"@id\":\"https:\\\/\\\/airparx.com\\\/fr\\\/installations\\\/tfou-parc\\\/#breadcrumb\"},\"inLanguage\":\"fr-FR\",\"potentialAction\":[{\"@type\":\"ReadAction\",\"target\":[\"https:\\\/\\\/airparx.com\\\/fr\\\/installations\\\/tfou-parc\\\/\"]}]},{\"@type\":\"ImageObject\",\"inLanguage\":\"fr-FR\",\"@id\":\"https:\\\/\\\/airparx.com\\\/fr\\\/installations\\\/tfou-parc\\\/#primaryimage\",\"url\":\"https:\\\/\\\/airparx.com\\\/wp-content\\\/uploads\\\/2022\\\/07\\\/AP53-TFOU_France_0715_163414.jpg\",\"contentUrl\":\"https:\\\/\\\/airparx.com\\\/wp-content\\\/uploads\\\/2022\\\/07\\\/AP53-TFOU_France_0715_163414.jpg\",\"width\":1024,\"height\":768},{\"@type\":\"BreadcrumbList\",\"@id\":\"https:\\\/\\\/airparx.com\\\/fr\\\/installations\\\/tfou-parc\\\/#breadcrumb\",\"itemListElement\":[{\"@type\":\"ListItem\",\"position\":1,\"name\":\"Home\",\"item\":\"https:\\\/\\\/airparx.com\\\/fr\\\/\"},{\"@type\":\"ListItem\",\"position\":2,\"name\":\"TFOU Parc\"}]},{\"@type\":\"WebSite\",\"@id\":\"https:\\\/\\\/airparx.com\\\/fr\\\/#website\",\"url\":\"https:\\\/\\\/airparx.com\\\/fr\\\/\",\"name\":\"Airparx\",\"description\":\"Inflatable &amp; Trampoline Park Supplier\",\"publisher\":{\"@id\":\"https:\\\/\\\/airparx.com\\\/fr\\\/#organization\"},\"potentialAction\":[{\"@type\":\"SearchAction\",\"target\":{\"@type\":\"EntryPoint\",\"urlTemplate\":\"https:\\\/\\\/airparx.com\\\/fr\\\/?s={search_term_string}\"},\"query-input\":{\"@type\":\"PropertyValueSpecification\",\"valueRequired\":true,\"valueName\":\"search_term_string\"}}],\"inLanguage\":\"fr-FR\"},{\"@type\":\"Organization\",\"@id\":\"https:\\\/\\\/airparx.com\\\/fr\\\/#organization\",\"name\":\"Airparx\",\"url\":\"https:\\\/\\\/airparx.com\\\/fr\\\/\",\"logo\":{\"@type\":\"ImageObject\",\"inLanguage\":\"fr-FR\",\"@id\":\"https:\\\/\\\/airparx.com\\\/fr\\\/#\\\/schema\\\/logo\\\/image\\\/\",\"url\":\"https:\\\/\\\/airparx.com\\\/wp-content\\\/uploads\\\/2022\\\/06\\\/Airparx_Logo.png\",\"contentUrl\":\"https:\\\/\\\/airparx.com\\\/wp-content\\\/uploads\\\/2022\\\/06\\\/Airparx_Logo.png\",\"width\":1127,\"height\":461,\"caption\":\"Airparx\"},\"image\":{\"@id\":\"https:\\\/\\\/airparx.com\\\/fr\\\/#\\\/schema\\\/logo\\\/image\\\/\"},\"sameAs\":[\"https:\\\/\\\/www.facebook.com\\\/Airparx\\\/\",\"https:\\\/\\\/www.instagram.com\\\/airparx\\\/\",\"https:\\\/\\\/www.youtube.com\\\/playlist?list=PL2LZnxdxb4eX2paMpuL0QxEvopAtGzyqY\",\"https:\\\/\\\/www.linkedin.com\\\/company\\\/airparx\\\/\"]}]}<\/script>\n<!-- \/ Yoast SEO Premium plugin. -->","yoast_head_json":{"title":"TFOU Parc - Airparx","robots":{"index":"index","follow":"follow","max-snippet":"max-snippet:-1","max-image-preview":"max-image-preview:large","max-video-preview":"max-video-preview:-1"},"canonical":"https:\/\/airparx.com\/fr\/installations\/tfou-parc\/","og_locale":"fr_FR","og_type":"article","og_title":"TFOU Parc","og_description":"Le parc TOFU \u00e9tait la deuxi\u00e8me installation en France avec notre partenaire fran\u00e7ais. Il a \u00e9t\u00e9 cr\u00e9\u00e9 pour le programme t\u00e9l\u00e9vis\u00e9 fran\u00e7ais pour enfants Les Hoofs. La difficult\u00e9 r\u00e9sidait dans le fait que la zone avait une faible hauteur de plafond, mais cela n&rsquo;a pas pos\u00e9 de probl\u00e8me car Airparxs a une grande exp\u00e9rience des [&hellip;]","og_url":"https:\/\/airparx.com\/fr\/installations\/tfou-parc\/","og_site_name":"Airparx","article_publisher":"https:\/\/www.facebook.com\/Airparx\/","article_modified_time":"2022-11-22T15:57:35+00:00","og_image":[{"width":1024,"height":768,"url":"https:\/\/airparx.com\/wp-content\/uploads\/2022\/07\/AP53-TFOU_France_0715_163414.jpg","type":"image\/jpeg"}],"twitter_card":"summary_large_image","twitter_misc":{"Dur\u00e9e de lecture estim\u00e9e":"1 minute"},"schema":{"@context":"https:\/\/schema.org","@graph":[{"@type":"WebPage","@id":"https:\/\/airparx.com\/fr\/installations\/tfou-parc\/","url":"https:\/\/airparx.com\/fr\/installations\/tfou-parc\/","name":"TFOU Parc - Airparx","isPartOf":{"@id":"https:\/\/airparx.com\/fr\/#website"},"primaryImageOfPage":{"@id":"https:\/\/airparx.com\/fr\/installations\/tfou-parc\/#primaryimage"},"image":{"@id":"https:\/\/airparx.com\/fr\/installations\/tfou-parc\/#primaryimage"},"thumbnailUrl":"https:\/\/airparx.com\/wp-content\/uploads\/2022\/07\/AP53-TFOU_France_0715_163414.jpg","datePublished":"2021-07-14T11:59:31+00:00","dateModified":"2022-11-22T15:57:35+00:00","breadcrumb":{"@id":"https:\/\/airparx.com\/fr\/installations\/tfou-parc\/#breadcrumb"},"inLanguage":"fr-FR","potentialAction":[{"@type":"ReadAction","target":["https:\/\/airparx.com\/fr\/installations\/tfou-parc\/"]}]},{"@type":"ImageObject","inLanguage":"fr-FR","@id":"https:\/\/airparx.com\/fr\/installations\/tfou-parc\/#primaryimage","url":"https:\/\/airparx.com\/wp-content\/uploads\/2022\/07\/AP53-TFOU_France_0715_163414.jpg","contentUrl":"https:\/\/airparx.com\/wp-content\/uploads\/2022\/07\/AP53-TFOU_France_0715_163414.jpg","width":1024,"height":768},{"@type":"BreadcrumbList","@id":"https:\/\/airparx.com\/fr\/installations\/tfou-parc\/#breadcrumb","itemListElement":[{"@type":"ListItem","position":1,"name":"Home","item":"https:\/\/airparx.com\/fr\/"},{"@type":"ListItem","position":2,"name":"TFOU Parc"}]},{"@type":"WebSite","@id":"https:\/\/airparx.com\/fr\/#website","url":"https:\/\/airparx.com\/fr\/","name":"Airparx","description":"Inflatable &amp; Trampoline Park Supplier","publisher":{"@id":"https:\/\/airparx.com\/fr\/#organization"},"potentialAction":[{"@type":"SearchAction","target":{"@type":"EntryPoint","urlTemplate":"https:\/\/airparx.com\/fr\/?s={search_term_string}"},"query-input":{"@type":"PropertyValueSpecification","valueRequired":true,"valueName":"search_term_string"}}],"inLanguage":"fr-FR"},{"@type":"Organization","@id":"https:\/\/airparx.com\/fr\/#organization","name":"Airparx","url":"https:\/\/airparx.com\/fr\/","logo":{"@type":"ImageObject","inLanguage":"fr-FR","@id":"https:\/\/airparx.com\/fr\/#\/schema\/logo\/image\/","url":"https:\/\/airparx.com\/wp-content\/uploads\/2022\/06\/Airparx_Logo.png","contentUrl":"https:\/\/airparx.com\/wp-content\/uploads\/2022\/06\/Airparx_Logo.png","width":1127,"height":461,"caption":"Airparx"},"image":{"@id":"https:\/\/airparx.com\/fr\/#\/schema\/logo\/image\/"},"sameAs":["https:\/\/www.facebook.com\/Airparx\/","https:\/\/www.instagram.com\/airparx\/","https:\/\/www.youtube.com\/playlist?list=PL2LZnxdxb4eX2paMpuL0QxEvopAtGzyqY","https:\/\/www.linkedin.com\/company\/airparx\/"]}]}},"_links":{"self":[{"href":"https:\/\/airparx.com\/fr\/wp-json\/wp\/v2\/product\/5450","targetHints":{"allow":["GET"]}}],"collection":[{"href":"https:\/\/airparx.com\/fr\/wp-json\/wp\/v2\/product"}],"about":[{"href":"https:\/\/airparx.com\/fr\/wp-json\/wp\/v2\/types\/product"}],"wp:featuredmedia":[{"embeddable":true,"href":"https:\/\/airparx.com\/fr\/wp-json\/wp\/v2\/media\/4381"}],"wp:attachment":[{"href":"https:\/\/airparx.com\/fr\/wp-json\/wp\/v2\/media?parent=5450"}],"wp:term":[{"taxonomy":"product_brand","embeddable":true,"href":"https:\/\/airparx.com\/fr\/wp-json\/wp\/v2\/product_brand?post=5450"},{"taxonomy":"product_cat","embeddable":true,"href":"https:\/\/airparx.com\/fr\/wp-json\/wp\/v2\/product_cat?post=5450"},{"taxonomy":"product_tag","embeddable":true,"href":"https:\/\/airparx.com\/fr\/wp-json\/wp\/v2\/product_tag?post=5450"}],"curies":[{"name":"wp","href":"https:\/\/api.w.org\/{rel}","templated":true}]}}