{"id":5533,"date":"2021-05-15T11:15:41","date_gmt":"2021-05-15T10:15:41","guid":{"rendered":"https:\/\/airparx.com\/installations\/bounce-valley-breda-2\/"},"modified":"2022-11-22T15:57:37","modified_gmt":"2022-11-22T15:57:37","slug":"bounce-valley-breda","status":"publish","type":"product","link":"https:\/\/airparx.com\/fr\/installations\/bounce-valley-breda\/","title":{"rendered":"Bounce Valley &#8211; Breda"},"content":{"rendered":"<p>Bounce Valley \u00e9tait une franchise nouvellement cr\u00e9\u00e9e avec de grands projets d&rsquo;expansion dans tout le Benelux. \u00c0 ce jour, nous pr\u00e9parons la livraison du<sup>cinqui\u00e8me<\/sup> parc gonflable de Bounce Valley et pr\u00e9voyons d&rsquo;en construire beaucoup d&rsquo;autres dans les ann\u00e9es \u00e0 venir.<\/p>\n<p>En tant que premier parc gonflable des Pays-Bas, Bounce Valley voulait cr\u00e9er une d\u00e9claration et nous nous sommes surpass\u00e9s en termes de design. Le parc s&rsquo;\u00e9tendait sur pr\u00e8s de 1000 m\u00e8tres carr\u00e9s.<\/p>\n<p>Les processus de certification n\u00e9erlandais sont parmi les plus stricts au monde et Airparx a travaill\u00e9 en \u00e9troite collaboration avec TUV pour d\u00e9velopper une norme de test et d&rsquo;\u00e9valuation qui pourrait \u00eatre inspect\u00e9e et d\u00e9ploy\u00e9e sur d&rsquo;autres sites \u00e0 l&rsquo;avenir.<\/p>\n<p>Airparx a r\u00e9ussi \u00e0 livrer cet Airparx dans les d\u00e9lais et le budget impartis pour cr\u00e9er une excellente attraction pour un large \u00e9ventail de groupes d&rsquo;\u00e2ge de participants.<\/p>\n<p>Nous avons appliqu\u00e9 un sch\u00e9ma de couleurs unique et nouveau, ainsi que de nouvelles caract\u00e9ristiques, dont le plus grand toboggan et la plus grande escalade d&rsquo;Europe du Nord. Le dernier homme debout interne (\u00e9galement connu sous le nom de Sweeper) a am\u00e9lior\u00e9 les lignes de vue pour le triage, maximisant ainsi l&rsquo;\u00e9conomie sur les budgets de supervision.<\/p>\n","protected":false},"excerpt":{"rendered":"<p>Bounce Valley \u00e9tait une franchise nouvellement cr\u00e9\u00e9e avec de grands projets d&rsquo;expansion dans tout le Benelux. \u00c0 ce jour, nous pr\u00e9parons la livraison ducinqui\u00e8me parc gonflable de Bounce Valley et pr\u00e9voyons d&rsquo;en construire beaucoup d&rsquo;autres dans les ann\u00e9es \u00e0 venir. En tant que premier parc gonflable des Pays-Bas, Bounce Valley voulait cr\u00e9er une d\u00e9claration et [&hellip;]<\/p>\n","protected":false},"featured_media":4485,"template":"","meta":{"_acf_changed":false},"product_brand":[],"product_cat":[83],"product_tag":[],"class_list":{"0":"post-5533","1":"product","2":"type-product","3":"status-publish","4":"has-post-thumbnail","6":"product_cat-parcs-gonflables","8":"first","9":"outofstock","10":"shipping-taxable","11":"product-type-simple"},"acf":[],"yoast_head":"<!-- This site is optimized with the Yoast SEO Premium plugin v26.7 (Yoast SEO v27.3) - https:\/\/yoast.com\/product\/yoast-seo-premium-wordpress\/ -->\n<title>Bounce Valley - Breda - Airparx<\/title>\n<meta name=\"robots\" content=\"index, follow, max-snippet:-1, max-image-preview:large, max-video-preview:-1\" \/>\n<link rel=\"canonical\" href=\"https:\/\/airparx.com\/fr\/installations\/bounce-valley-breda\/\" \/>\n<meta property=\"og:locale\" content=\"fr_FR\" \/>\n<meta property=\"og:type\" content=\"article\" \/>\n<meta property=\"og:title\" content=\"Bounce Valley - Breda\" \/>\n<meta property=\"og:description\" content=\"Bounce Valley \u00e9tait une franchise nouvellement cr\u00e9\u00e9e avec de grands projets d&rsquo;expansion dans tout le Benelux. \u00c0 ce jour, nous pr\u00e9parons la livraison ducinqui\u00e8me parc gonflable de Bounce Valley et pr\u00e9voyons d&rsquo;en construire beaucoup d&rsquo;autres dans les ann\u00e9es \u00e0 venir. En tant que premier parc gonflable des Pays-Bas, Bounce Valley voulait cr\u00e9er une d\u00e9claration et [&hellip;]\" \/>\n<meta property=\"og:url\" content=\"https:\/\/airparx.com\/fr\/installations\/bounce-valley-breda\/\" \/>\n<meta property=\"og:site_name\" content=\"Airparx\" \/>\n<meta property=\"article:publisher\" content=\"https:\/\/www.facebook.com\/Airparx\/\" \/>\n<meta property=\"article:modified_time\" content=\"2022-11-22T15:57:37+00:00\" \/>\n<meta property=\"og:image\" content=\"https:\/\/airparx.com\/wp-content\/uploads\/2022\/07\/bounce-valley-breda-6.jpg\" \/>\n\t<meta property=\"og:image:width\" content=\"1024\" \/>\n\t<meta property=\"og:image:height\" content=\"768\" \/>\n\t<meta property=\"og:image:type\" content=\"image\/jpeg\" \/>\n<meta name=\"twitter:card\" content=\"summary_large_image\" \/>\n<meta name=\"twitter:label1\" content=\"Dur\u00e9e de lecture estim\u00e9e\" \/>\n\t<meta name=\"twitter:data1\" content=\"1 minute\" \/>\n<script type=\"application\/ld+json\" class=\"yoast-schema-graph\">{\"@context\":\"https:\\\/\\\/schema.org\",\"@graph\":[{\"@type\":\"WebPage\",\"@id\":\"https:\\\/\\\/airparx.com\\\/fr\\\/installations\\\/bounce-valley-breda\\\/\",\"url\":\"https:\\\/\\\/airparx.com\\\/fr\\\/installations\\\/bounce-valley-breda\\\/\",\"name\":\"Bounce Valley - Breda - Airparx\",\"isPartOf\":{\"@id\":\"https:\\\/\\\/airparx.com\\\/fr\\\/#website\"},\"primaryImageOfPage\":{\"@id\":\"https:\\\/\\\/airparx.com\\\/fr\\\/installations\\\/bounce-valley-breda\\\/#primaryimage\"},\"image\":{\"@id\":\"https:\\\/\\\/airparx.com\\\/fr\\\/installations\\\/bounce-valley-breda\\\/#primaryimage\"},\"thumbnailUrl\":\"https:\\\/\\\/airparx.com\\\/wp-content\\\/uploads\\\/2022\\\/07\\\/bounce-valley-breda-6.jpg\",\"datePublished\":\"2021-05-15T10:15:41+00:00\",\"dateModified\":\"2022-11-22T15:57:37+00:00\",\"breadcrumb\":{\"@id\":\"https:\\\/\\\/airparx.com\\\/fr\\\/installations\\\/bounce-valley-breda\\\/#breadcrumb\"},\"inLanguage\":\"fr-FR\",\"potentialAction\":[{\"@type\":\"ReadAction\",\"target\":[\"https:\\\/\\\/airparx.com\\\/fr\\\/installations\\\/bounce-valley-breda\\\/\"]}]},{\"@type\":\"ImageObject\",\"inLanguage\":\"fr-FR\",\"@id\":\"https:\\\/\\\/airparx.com\\\/fr\\\/installations\\\/bounce-valley-breda\\\/#primaryimage\",\"url\":\"https:\\\/\\\/airparx.com\\\/wp-content\\\/uploads\\\/2022\\\/07\\\/bounce-valley-breda-6.jpg\",\"contentUrl\":\"https:\\\/\\\/airparx.com\\\/wp-content\\\/uploads\\\/2022\\\/07\\\/bounce-valley-breda-6.jpg\",\"width\":1024,\"height\":768},{\"@type\":\"BreadcrumbList\",\"@id\":\"https:\\\/\\\/airparx.com\\\/fr\\\/installations\\\/bounce-valley-breda\\\/#breadcrumb\",\"itemListElement\":[{\"@type\":\"ListItem\",\"position\":1,\"name\":\"Home\",\"item\":\"https:\\\/\\\/airparx.com\\\/fr\\\/\"},{\"@type\":\"ListItem\",\"position\":2,\"name\":\"Bounce Valley &#8211; Breda\"}]},{\"@type\":\"WebSite\",\"@id\":\"https:\\\/\\\/airparx.com\\\/fr\\\/#website\",\"url\":\"https:\\\/\\\/airparx.com\\\/fr\\\/\",\"name\":\"Airparx\",\"description\":\"Inflatable &amp; Trampoline Park Supplier\",\"publisher\":{\"@id\":\"https:\\\/\\\/airparx.com\\\/fr\\\/#organization\"},\"potentialAction\":[{\"@type\":\"SearchAction\",\"target\":{\"@type\":\"EntryPoint\",\"urlTemplate\":\"https:\\\/\\\/airparx.com\\\/fr\\\/?s={search_term_string}\"},\"query-input\":{\"@type\":\"PropertyValueSpecification\",\"valueRequired\":true,\"valueName\":\"search_term_string\"}}],\"inLanguage\":\"fr-FR\"},{\"@type\":\"Organization\",\"@id\":\"https:\\\/\\\/airparx.com\\\/fr\\\/#organization\",\"name\":\"Airparx\",\"url\":\"https:\\\/\\\/airparx.com\\\/fr\\\/\",\"logo\":{\"@type\":\"ImageObject\",\"inLanguage\":\"fr-FR\",\"@id\":\"https:\\\/\\\/airparx.com\\\/fr\\\/#\\\/schema\\\/logo\\\/image\\\/\",\"url\":\"https:\\\/\\\/airparx.com\\\/wp-content\\\/uploads\\\/2022\\\/06\\\/Airparx_Logo.png\",\"contentUrl\":\"https:\\\/\\\/airparx.com\\\/wp-content\\\/uploads\\\/2022\\\/06\\\/Airparx_Logo.png\",\"width\":1127,\"height\":461,\"caption\":\"Airparx\"},\"image\":{\"@id\":\"https:\\\/\\\/airparx.com\\\/fr\\\/#\\\/schema\\\/logo\\\/image\\\/\"},\"sameAs\":[\"https:\\\/\\\/www.facebook.com\\\/Airparx\\\/\",\"https:\\\/\\\/www.instagram.com\\\/airparx\\\/\",\"https:\\\/\\\/www.youtube.com\\\/playlist?list=PL2LZnxdxb4eX2paMpuL0QxEvopAtGzyqY\",\"https:\\\/\\\/www.linkedin.com\\\/company\\\/airparx\\\/\"]}]}<\/script>\n<!-- \/ Yoast SEO Premium plugin. -->","yoast_head_json":{"title":"Bounce Valley - Breda - Airparx","robots":{"index":"index","follow":"follow","max-snippet":"max-snippet:-1","max-image-preview":"max-image-preview:large","max-video-preview":"max-video-preview:-1"},"canonical":"https:\/\/airparx.com\/fr\/installations\/bounce-valley-breda\/","og_locale":"fr_FR","og_type":"article","og_title":"Bounce Valley - Breda","og_description":"Bounce Valley \u00e9tait une franchise nouvellement cr\u00e9\u00e9e avec de grands projets d&rsquo;expansion dans tout le Benelux. \u00c0 ce jour, nous pr\u00e9parons la livraison ducinqui\u00e8me parc gonflable de Bounce Valley et pr\u00e9voyons d&rsquo;en construire beaucoup d&rsquo;autres dans les ann\u00e9es \u00e0 venir. En tant que premier parc gonflable des Pays-Bas, Bounce Valley voulait cr\u00e9er une d\u00e9claration et [&hellip;]","og_url":"https:\/\/airparx.com\/fr\/installations\/bounce-valley-breda\/","og_site_name":"Airparx","article_publisher":"https:\/\/www.facebook.com\/Airparx\/","article_modified_time":"2022-11-22T15:57:37+00:00","og_image":[{"width":1024,"height":768,"url":"https:\/\/airparx.com\/wp-content\/uploads\/2022\/07\/bounce-valley-breda-6.jpg","type":"image\/jpeg"}],"twitter_card":"summary_large_image","twitter_misc":{"Dur\u00e9e de lecture estim\u00e9e":"1 minute"},"schema":{"@context":"https:\/\/schema.org","@graph":[{"@type":"WebPage","@id":"https:\/\/airparx.com\/fr\/installations\/bounce-valley-breda\/","url":"https:\/\/airparx.com\/fr\/installations\/bounce-valley-breda\/","name":"Bounce Valley - Breda - Airparx","isPartOf":{"@id":"https:\/\/airparx.com\/fr\/#website"},"primaryImageOfPage":{"@id":"https:\/\/airparx.com\/fr\/installations\/bounce-valley-breda\/#primaryimage"},"image":{"@id":"https:\/\/airparx.com\/fr\/installations\/bounce-valley-breda\/#primaryimage"},"thumbnailUrl":"https:\/\/airparx.com\/wp-content\/uploads\/2022\/07\/bounce-valley-breda-6.jpg","datePublished":"2021-05-15T10:15:41+00:00","dateModified":"2022-11-22T15:57:37+00:00","breadcrumb":{"@id":"https:\/\/airparx.com\/fr\/installations\/bounce-valley-breda\/#breadcrumb"},"inLanguage":"fr-FR","potentialAction":[{"@type":"ReadAction","target":["https:\/\/airparx.com\/fr\/installations\/bounce-valley-breda\/"]}]},{"@type":"ImageObject","inLanguage":"fr-FR","@id":"https:\/\/airparx.com\/fr\/installations\/bounce-valley-breda\/#primaryimage","url":"https:\/\/airparx.com\/wp-content\/uploads\/2022\/07\/bounce-valley-breda-6.jpg","contentUrl":"https:\/\/airparx.com\/wp-content\/uploads\/2022\/07\/bounce-valley-breda-6.jpg","width":1024,"height":768},{"@type":"BreadcrumbList","@id":"https:\/\/airparx.com\/fr\/installations\/bounce-valley-breda\/#breadcrumb","itemListElement":[{"@type":"ListItem","position":1,"name":"Home","item":"https:\/\/airparx.com\/fr\/"},{"@type":"ListItem","position":2,"name":"Bounce Valley &#8211; Breda"}]},{"@type":"WebSite","@id":"https:\/\/airparx.com\/fr\/#website","url":"https:\/\/airparx.com\/fr\/","name":"Airparx","description":"Inflatable &amp; Trampoline Park Supplier","publisher":{"@id":"https:\/\/airparx.com\/fr\/#organization"},"potentialAction":[{"@type":"SearchAction","target":{"@type":"EntryPoint","urlTemplate":"https:\/\/airparx.com\/fr\/?s={search_term_string}"},"query-input":{"@type":"PropertyValueSpecification","valueRequired":true,"valueName":"search_term_string"}}],"inLanguage":"fr-FR"},{"@type":"Organization","@id":"https:\/\/airparx.com\/fr\/#organization","name":"Airparx","url":"https:\/\/airparx.com\/fr\/","logo":{"@type":"ImageObject","inLanguage":"fr-FR","@id":"https:\/\/airparx.com\/fr\/#\/schema\/logo\/image\/","url":"https:\/\/airparx.com\/wp-content\/uploads\/2022\/06\/Airparx_Logo.png","contentUrl":"https:\/\/airparx.com\/wp-content\/uploads\/2022\/06\/Airparx_Logo.png","width":1127,"height":461,"caption":"Airparx"},"image":{"@id":"https:\/\/airparx.com\/fr\/#\/schema\/logo\/image\/"},"sameAs":["https:\/\/www.facebook.com\/Airparx\/","https:\/\/www.instagram.com\/airparx\/","https:\/\/www.youtube.com\/playlist?list=PL2LZnxdxb4eX2paMpuL0QxEvopAtGzyqY","https:\/\/www.linkedin.com\/company\/airparx\/"]}]}},"_links":{"self":[{"href":"https:\/\/airparx.com\/fr\/wp-json\/wp\/v2\/product\/5533","targetHints":{"allow":["GET"]}}],"collection":[{"href":"https:\/\/airparx.com\/fr\/wp-json\/wp\/v2\/product"}],"about":[{"href":"https:\/\/airparx.com\/fr\/wp-json\/wp\/v2\/types\/product"}],"wp:featuredmedia":[{"embeddable":true,"href":"https:\/\/airparx.com\/fr\/wp-json\/wp\/v2\/media\/4485"}],"wp:attachment":[{"href":"https:\/\/airparx.com\/fr\/wp-json\/wp\/v2\/media?parent=5533"}],"wp:term":[{"taxonomy":"product_brand","embeddable":true,"href":"https:\/\/airparx.com\/fr\/wp-json\/wp\/v2\/product_brand?post=5533"},{"taxonomy":"product_cat","embeddable":true,"href":"https:\/\/airparx.com\/fr\/wp-json\/wp\/v2\/product_cat?post=5533"},{"taxonomy":"product_tag","embeddable":true,"href":"https:\/\/airparx.com\/fr\/wp-json\/wp\/v2\/product_tag?post=5533"}],"curies":[{"name":"wp","href":"https:\/\/api.w.org\/{rel}","templated":true}]}}