{"id":9187,"date":"2024-08-14T10:46:39","date_gmt":"2024-08-14T09:46:39","guid":{"rendered":"https:\/\/airparx.com\/?post_type=product&#038;p=9187"},"modified":"2026-02-25T14:49:52","modified_gmt":"2026-02-25T14:49:52","slug":"oxygen-freejumping-copy","status":"publish","type":"product","link":"https:\/\/airparx.com\/fr\/installations\/oxygen-freejumping-copy\/","title":{"rendered":"Vertigo Fun Park"},"content":{"rendered":"<p>En 2022, Airparx a \u00e9t\u00e9 contact\u00e9 par un centre principalement ax\u00e9 sur les jeux souples pour ajouter un parc gonflable en compl\u00e9ment. Apr\u00e8s de nombreuses consultations, le projet s&rsquo;est orient\u00e9 vers un parc gonflable \u00e0 grande \u00e9chelle.<\/p>\n<p>L&rsquo;\u00e9quipe Airparx a travaill\u00e9 avec le client pour rechercher des \u00e9l\u00e9ments interactifs nouveaux et innovants adapt\u00e9s au march\u00e9 cible. Ces \u00e9l\u00e9ments interactifs ont \u00e9t\u00e9 choisis et soigneusement plac\u00e9s dans le parc pour garantir une utilisation optimale de l&rsquo;espace.<\/p>\n<p>En s&rsquo;appuyant sur l&rsquo;exp\u00e9rience d&rsquo;Airparx avec Xtreme Craze, des informations pr\u00e9cieuses ont \u00e9t\u00e9 utilis\u00e9es pour faire avancer ce projet de la conception et de la fabrication jusqu&rsquo;\u00e0 l&rsquo;installation.<\/p>\n<p>Apr\u00e8s 2 ans de d\u00e9veloppement, Vertigo Fun Park, l&rsquo;\u00e9norme parc gonflable int\u00e9rieur de 895 m2, a ouvert ses portes en G\u00e9orgie, aux \u00c9tats-Unis, poursuivant l&rsquo;expansion d&rsquo;Airparx sur le march\u00e9 am\u00e9ricain.<\/p>\n<p>Vertigo Fun Park propose d\u00e9sormais des attractions de parc gonflable pour tous les \u00e2ges, aux c\u00f4t\u00e9s d&rsquo;installations de jeux d&rsquo;arcade interactifs et de gellyball pour les amateurs d&rsquo;aventure de tous niveaux.<\/p>\n","protected":false},"excerpt":{"rendered":"<p>En 2022, Airparx a \u00e9t\u00e9 contact\u00e9 par un centre principalement ax\u00e9 sur les jeux souples pour ajouter un parc gonflable en compl\u00e9ment. Apr\u00e8s de nombreuses consultations, le projet s&rsquo;est orient\u00e9 vers un parc gonflable \u00e0 grande \u00e9chelle. L&rsquo;\u00e9quipe Airparx a travaill\u00e9 avec le client pour rechercher des \u00e9l\u00e9ments interactifs nouveaux et innovants adapt\u00e9s au march\u00e9 [&hellip;]<\/p>\n","protected":false},"featured_media":9124,"template":"","meta":{"_acf_changed":false},"product_brand":[],"product_cat":[87,84,83],"product_tag":[],"class_list":{"0":"post-9187","1":"product","2":"type-product","3":"status-publish","4":"has-post-thumbnail","6":"product_cat-divertissement-interactif","7":"product_cat-jeux-doux-et-terrains-de-jeux-interieurs","8":"product_cat-parcs-gonflables","10":"first","11":"outofstock","12":"featured","13":"shipping-taxable","14":"product-type-simple"},"acf":[],"yoast_head":"<!-- This site is optimized with the Yoast SEO Premium plugin v26.7 (Yoast SEO v27.3) - https:\/\/yoast.com\/product\/yoast-seo-premium-wordpress\/ -->\n<title>Vertigo Fun Park - Airparx<\/title>\n<meta name=\"description\" content=\"Vertigo Fun Park est une installation Airparx. Initialement pr\u00e9vu comme un projet d&#039;ajout, ce projet s&#039;est transform\u00e9 en un parc gonflable \u00e0 grande \u00e9chelle.\" \/>\n<meta name=\"robots\" content=\"index, follow, max-snippet:-1, max-image-preview:large, max-video-preview:-1\" \/>\n<link rel=\"canonical\" href=\"https:\/\/airparx.com\/fr\/installations\/oxygen-freejumping-copy\/\" \/>\n<meta property=\"og:locale\" content=\"fr_FR\" \/>\n<meta property=\"og:type\" content=\"article\" \/>\n<meta property=\"og:title\" content=\"Vertigo Fun Park\" \/>\n<meta property=\"og:description\" content=\"Vertigo Fun Park est une installation Airparx. Initialement pr\u00e9vu comme un projet d&#039;ajout, ce projet s&#039;est transform\u00e9 en un parc gonflable \u00e0 grande \u00e9chelle.\" \/>\n<meta property=\"og:url\" content=\"https:\/\/airparx.com\/fr\/installations\/oxygen-freejumping-copy\/\" \/>\n<meta property=\"og:site_name\" content=\"Airparx\" \/>\n<meta property=\"article:publisher\" content=\"https:\/\/www.facebook.com\/Airparx\/\" \/>\n<meta property=\"article:modified_time\" content=\"2026-02-25T14:49:52+00:00\" \/>\n<meta property=\"og:image\" content=\"https:\/\/airparx.com\/wp-content\/uploads\/2024\/08\/20240516_105921-scaled.jpg\" \/>\n\t<meta property=\"og:image:width\" content=\"2560\" \/>\n\t<meta property=\"og:image:height\" content=\"1920\" \/>\n\t<meta property=\"og:image:type\" content=\"image\/jpeg\" \/>\n<meta name=\"twitter:card\" content=\"summary_large_image\" \/>\n<meta name=\"twitter:label1\" content=\"Dur\u00e9e de lecture estim\u00e9e\" \/>\n\t<meta name=\"twitter:data1\" content=\"1 minute\" \/>\n<script type=\"application\/ld+json\" class=\"yoast-schema-graph\">{\"@context\":\"https:\\\/\\\/schema.org\",\"@graph\":[{\"@type\":\"WebPage\",\"@id\":\"https:\\\/\\\/airparx.com\\\/fr\\\/installations\\\/oxygen-freejumping-copy\\\/\",\"url\":\"https:\\\/\\\/airparx.com\\\/fr\\\/installations\\\/oxygen-freejumping-copy\\\/\",\"name\":\"Vertigo Fun Park - Airparx\",\"isPartOf\":{\"@id\":\"https:\\\/\\\/airparx.com\\\/fr\\\/#website\"},\"primaryImageOfPage\":{\"@id\":\"https:\\\/\\\/airparx.com\\\/fr\\\/installations\\\/oxygen-freejumping-copy\\\/#primaryimage\"},\"image\":{\"@id\":\"https:\\\/\\\/airparx.com\\\/fr\\\/installations\\\/oxygen-freejumping-copy\\\/#primaryimage\"},\"thumbnailUrl\":\"https:\\\/\\\/airparx.com\\\/wp-content\\\/uploads\\\/2024\\\/08\\\/20240516_105921-scaled.jpg\",\"datePublished\":\"2024-08-14T09:46:39+00:00\",\"dateModified\":\"2026-02-25T14:49:52+00:00\",\"description\":\"Vertigo Fun Park est une installation Airparx. Initialement pr\u00e9vu comme un projet d'ajout, ce projet s'est transform\u00e9 en un parc gonflable \u00e0 grande \u00e9chelle.\",\"breadcrumb\":{\"@id\":\"https:\\\/\\\/airparx.com\\\/fr\\\/installations\\\/oxygen-freejumping-copy\\\/#breadcrumb\"},\"inLanguage\":\"fr-FR\",\"potentialAction\":[{\"@type\":\"ReadAction\",\"target\":[\"https:\\\/\\\/airparx.com\\\/fr\\\/installations\\\/oxygen-freejumping-copy\\\/\"]}]},{\"@type\":\"ImageObject\",\"inLanguage\":\"fr-FR\",\"@id\":\"https:\\\/\\\/airparx.com\\\/fr\\\/installations\\\/oxygen-freejumping-copy\\\/#primaryimage\",\"url\":\"https:\\\/\\\/airparx.com\\\/wp-content\\\/uploads\\\/2024\\\/08\\\/20240516_105921-scaled.jpg\",\"contentUrl\":\"https:\\\/\\\/airparx.com\\\/wp-content\\\/uploads\\\/2024\\\/08\\\/20240516_105921-scaled.jpg\",\"width\":2560,\"height\":1920,\"caption\":\"Vertigo Fun Park - Georgia, US\"},{\"@type\":\"BreadcrumbList\",\"@id\":\"https:\\\/\\\/airparx.com\\\/fr\\\/installations\\\/oxygen-freejumping-copy\\\/#breadcrumb\",\"itemListElement\":[{\"@type\":\"ListItem\",\"position\":1,\"name\":\"Home\",\"item\":\"https:\\\/\\\/airparx.com\\\/fr\\\/\"},{\"@type\":\"ListItem\",\"position\":2,\"name\":\"Vertigo Fun Park\"}]},{\"@type\":\"WebSite\",\"@id\":\"https:\\\/\\\/airparx.com\\\/fr\\\/#website\",\"url\":\"https:\\\/\\\/airparx.com\\\/fr\\\/\",\"name\":\"Airparx\",\"description\":\"Inflatable &amp; Trampoline Park Supplier\",\"publisher\":{\"@id\":\"https:\\\/\\\/airparx.com\\\/fr\\\/#organization\"},\"potentialAction\":[{\"@type\":\"SearchAction\",\"target\":{\"@type\":\"EntryPoint\",\"urlTemplate\":\"https:\\\/\\\/airparx.com\\\/fr\\\/?s={search_term_string}\"},\"query-input\":{\"@type\":\"PropertyValueSpecification\",\"valueRequired\":true,\"valueName\":\"search_term_string\"}}],\"inLanguage\":\"fr-FR\"},{\"@type\":\"Organization\",\"@id\":\"https:\\\/\\\/airparx.com\\\/fr\\\/#organization\",\"name\":\"Airparx\",\"url\":\"https:\\\/\\\/airparx.com\\\/fr\\\/\",\"logo\":{\"@type\":\"ImageObject\",\"inLanguage\":\"fr-FR\",\"@id\":\"https:\\\/\\\/airparx.com\\\/fr\\\/#\\\/schema\\\/logo\\\/image\\\/\",\"url\":\"https:\\\/\\\/airparx.com\\\/wp-content\\\/uploads\\\/2022\\\/06\\\/Airparx_Logo.png\",\"contentUrl\":\"https:\\\/\\\/airparx.com\\\/wp-content\\\/uploads\\\/2022\\\/06\\\/Airparx_Logo.png\",\"width\":1127,\"height\":461,\"caption\":\"Airparx\"},\"image\":{\"@id\":\"https:\\\/\\\/airparx.com\\\/fr\\\/#\\\/schema\\\/logo\\\/image\\\/\"},\"sameAs\":[\"https:\\\/\\\/www.facebook.com\\\/Airparx\\\/\",\"https:\\\/\\\/www.instagram.com\\\/airparx\\\/\",\"https:\\\/\\\/www.youtube.com\\\/playlist?list=PL2LZnxdxb4eX2paMpuL0QxEvopAtGzyqY\",\"https:\\\/\\\/www.linkedin.com\\\/company\\\/airparx\\\/\"]}]}<\/script>\n<!-- \/ Yoast SEO Premium plugin. -->","yoast_head_json":{"title":"Vertigo Fun Park - Airparx","description":"Vertigo Fun Park est une installation Airparx. Initialement pr\u00e9vu comme un projet d'ajout, ce projet s'est transform\u00e9 en un parc gonflable \u00e0 grande \u00e9chelle.","robots":{"index":"index","follow":"follow","max-snippet":"max-snippet:-1","max-image-preview":"max-image-preview:large","max-video-preview":"max-video-preview:-1"},"canonical":"https:\/\/airparx.com\/fr\/installations\/oxygen-freejumping-copy\/","og_locale":"fr_FR","og_type":"article","og_title":"Vertigo Fun Park","og_description":"Vertigo Fun Park est une installation Airparx. Initialement pr\u00e9vu comme un projet d'ajout, ce projet s'est transform\u00e9 en un parc gonflable \u00e0 grande \u00e9chelle.","og_url":"https:\/\/airparx.com\/fr\/installations\/oxygen-freejumping-copy\/","og_site_name":"Airparx","article_publisher":"https:\/\/www.facebook.com\/Airparx\/","article_modified_time":"2026-02-25T14:49:52+00:00","og_image":[{"width":2560,"height":1920,"url":"https:\/\/airparx.com\/wp-content\/uploads\/2024\/08\/20240516_105921-scaled.jpg","type":"image\/jpeg"}],"twitter_card":"summary_large_image","twitter_misc":{"Dur\u00e9e de lecture estim\u00e9e":"1 minute"},"schema":{"@context":"https:\/\/schema.org","@graph":[{"@type":"WebPage","@id":"https:\/\/airparx.com\/fr\/installations\/oxygen-freejumping-copy\/","url":"https:\/\/airparx.com\/fr\/installations\/oxygen-freejumping-copy\/","name":"Vertigo Fun Park - Airparx","isPartOf":{"@id":"https:\/\/airparx.com\/fr\/#website"},"primaryImageOfPage":{"@id":"https:\/\/airparx.com\/fr\/installations\/oxygen-freejumping-copy\/#primaryimage"},"image":{"@id":"https:\/\/airparx.com\/fr\/installations\/oxygen-freejumping-copy\/#primaryimage"},"thumbnailUrl":"https:\/\/airparx.com\/wp-content\/uploads\/2024\/08\/20240516_105921-scaled.jpg","datePublished":"2024-08-14T09:46:39+00:00","dateModified":"2026-02-25T14:49:52+00:00","description":"Vertigo Fun Park est une installation Airparx. Initialement pr\u00e9vu comme un projet d'ajout, ce projet s'est transform\u00e9 en un parc gonflable \u00e0 grande \u00e9chelle.","breadcrumb":{"@id":"https:\/\/airparx.com\/fr\/installations\/oxygen-freejumping-copy\/#breadcrumb"},"inLanguage":"fr-FR","potentialAction":[{"@type":"ReadAction","target":["https:\/\/airparx.com\/fr\/installations\/oxygen-freejumping-copy\/"]}]},{"@type":"ImageObject","inLanguage":"fr-FR","@id":"https:\/\/airparx.com\/fr\/installations\/oxygen-freejumping-copy\/#primaryimage","url":"https:\/\/airparx.com\/wp-content\/uploads\/2024\/08\/20240516_105921-scaled.jpg","contentUrl":"https:\/\/airparx.com\/wp-content\/uploads\/2024\/08\/20240516_105921-scaled.jpg","width":2560,"height":1920,"caption":"Vertigo Fun Park - Georgia, US"},{"@type":"BreadcrumbList","@id":"https:\/\/airparx.com\/fr\/installations\/oxygen-freejumping-copy\/#breadcrumb","itemListElement":[{"@type":"ListItem","position":1,"name":"Home","item":"https:\/\/airparx.com\/fr\/"},{"@type":"ListItem","position":2,"name":"Vertigo Fun Park"}]},{"@type":"WebSite","@id":"https:\/\/airparx.com\/fr\/#website","url":"https:\/\/airparx.com\/fr\/","name":"Airparx","description":"Inflatable &amp; Trampoline Park Supplier","publisher":{"@id":"https:\/\/airparx.com\/fr\/#organization"},"potentialAction":[{"@type":"SearchAction","target":{"@type":"EntryPoint","urlTemplate":"https:\/\/airparx.com\/fr\/?s={search_term_string}"},"query-input":{"@type":"PropertyValueSpecification","valueRequired":true,"valueName":"search_term_string"}}],"inLanguage":"fr-FR"},{"@type":"Organization","@id":"https:\/\/airparx.com\/fr\/#organization","name":"Airparx","url":"https:\/\/airparx.com\/fr\/","logo":{"@type":"ImageObject","inLanguage":"fr-FR","@id":"https:\/\/airparx.com\/fr\/#\/schema\/logo\/image\/","url":"https:\/\/airparx.com\/wp-content\/uploads\/2022\/06\/Airparx_Logo.png","contentUrl":"https:\/\/airparx.com\/wp-content\/uploads\/2022\/06\/Airparx_Logo.png","width":1127,"height":461,"caption":"Airparx"},"image":{"@id":"https:\/\/airparx.com\/fr\/#\/schema\/logo\/image\/"},"sameAs":["https:\/\/www.facebook.com\/Airparx\/","https:\/\/www.instagram.com\/airparx\/","https:\/\/www.youtube.com\/playlist?list=PL2LZnxdxb4eX2paMpuL0QxEvopAtGzyqY","https:\/\/www.linkedin.com\/company\/airparx\/"]}]}},"_links":{"self":[{"href":"https:\/\/airparx.com\/fr\/wp-json\/wp\/v2\/product\/9187","targetHints":{"allow":["GET"]}}],"collection":[{"href":"https:\/\/airparx.com\/fr\/wp-json\/wp\/v2\/product"}],"about":[{"href":"https:\/\/airparx.com\/fr\/wp-json\/wp\/v2\/types\/product"}],"wp:featuredmedia":[{"embeddable":true,"href":"https:\/\/airparx.com\/fr\/wp-json\/wp\/v2\/media\/9124"}],"wp:attachment":[{"href":"https:\/\/airparx.com\/fr\/wp-json\/wp\/v2\/media?parent=9187"}],"wp:term":[{"taxonomy":"product_brand","embeddable":true,"href":"https:\/\/airparx.com\/fr\/wp-json\/wp\/v2\/product_brand?post=9187"},{"taxonomy":"product_cat","embeddable":true,"href":"https:\/\/airparx.com\/fr\/wp-json\/wp\/v2\/product_cat?post=9187"},{"taxonomy":"product_tag","embeddable":true,"href":"https:\/\/airparx.com\/fr\/wp-json\/wp\/v2\/product_tag?post=9187"}],"curies":[{"name":"wp","href":"https:\/\/api.w.org\/{rel}","templated":true}]}}