{"id":9208,"date":"2024-08-14T11:14:59","date_gmt":"2024-08-14T10:14:59","guid":{"rendered":"https:\/\/airparx.com\/?post_type=product&#038;p=9208"},"modified":"2026-02-25T14:48:28","modified_gmt":"2026-02-25T14:48:28","slug":"oxygen-freejumping-copy-copy","status":"publish","type":"product","link":"https:\/\/airparx.com\/fr\/installations\/oxygen-freejumping-copy-copy\/","title":{"rendered":"HUPALUPA"},"content":{"rendered":"<p>Depuis 2021, Airparx collabore avec HUPALUPA pour fournir une solution de mini-parc gonflable ext\u00e9rieur modulaire pour leur festival HUPALUPA GO, une version mobile de leur offre actuelle.<\/p>\n<p>En plus de la fabrication et de l\u2019installation de ce parc modulaire, Airparx a \u00e9t\u00e9 charg\u00e9 de concevoir des visuels lumineux et dynamiques qui repr\u00e9sentaient la marque HUPALUPA.<\/p>\n<p>L\u2019objectif principal d\u2019Airparx \u00e9tait de repousser les limites du possible et de perfectionner les mesures de tailles, de dimensions, de volumes d\u2019emballage et de poids, le tout pour une utilisation mobile.<\/p>\n<p>Une approche collaborative avec HUPALUPA a \u00e9t\u00e9 adopt\u00e9e, les designers d\u2019Airparx s\u2019assurant que tous les d\u00e9fis \u00e9taient discut\u00e9s pour r\u00e9pondre aux exigences op\u00e9rationnelles.<\/p>\n<p>L\u2019essentiel \u00e9tait de proposer une gamme d\u2019attractions diff\u00e9rentes qui plaisent \u00e0 la tranche d\u2019\u00e2ge du festival. Le temps de jeu et l\u2019exp\u00e9rience sur les unit\u00e9s ont \u00e9t\u00e9 soigneusement con\u00e7us pour garantir que les utilisateurs restent suffisamment longtemps pour appr\u00e9cier, et juste assez peu pour maintenir la motivation de revenir.<\/p>\n<p>Le concept mobile pour les festivals est devenu si populaire entre 2021 et 2022, impliquant 5 festivals individuels. \u00c0 mesure que la demande augmentait, les attentes aussi. Airparx a cr\u00e9\u00e9 une deuxi\u00e8me unit\u00e9 en 2024 pour r\u00e9pondre \u00e0 la demande d\u2019une offre fantastique.<\/p>\n","protected":false},"excerpt":{"rendered":"<p>Depuis 2021, Airparx collabore avec HUPALUPA pour fournir une solution de mini-parc gonflable ext\u00e9rieur modulaire pour leur festival HUPALUPA GO, une version mobile de leur offre actuelle. En plus de la fabrication et de l\u2019installation de ce parc modulaire, Airparx a \u00e9t\u00e9 charg\u00e9 de concevoir des visuels lumineux et dynamiques qui repr\u00e9sentaient la marque HUPALUPA. [&hellip;]<\/p>\n","protected":false},"featured_media":9052,"template":"","meta":{"_acf_changed":false},"product_brand":[],"product_cat":[83,165],"product_tag":[],"class_list":{"0":"post-9208","1":"product","2":"type-product","3":"status-publish","4":"has-post-thumbnail","6":"product_cat-parcs-gonflables","7":"product_cat-parcs-modulaires","9":"first","10":"outofstock","11":"featured","12":"shipping-taxable","13":"product-type-simple"},"acf":[],"yoast_head":"<!-- This site is optimized with the Yoast SEO Premium plugin v26.7 (Yoast SEO v27.3) - https:\/\/yoast.com\/product\/yoast-seo-premium-wordpress\/ -->\n<title>HUPALUPA - Airparx<\/title>\n<meta name=\"description\" content=\"HUPALUPA est une installation d&#039;Airparx.\" \/>\n<meta name=\"robots\" content=\"index, follow, max-snippet:-1, max-image-preview:large, max-video-preview:-1\" \/>\n<link rel=\"canonical\" href=\"https:\/\/airparx.com\/fr\/installations\/oxygen-freejumping-copy-copy\/\" \/>\n<meta property=\"og:locale\" content=\"fr_FR\" \/>\n<meta property=\"og:type\" content=\"article\" \/>\n<meta property=\"og:title\" content=\"HUPALUPA\" \/>\n<meta property=\"og:description\" content=\"HUPALUPA est une installation d&#039;Airparx.\" \/>\n<meta property=\"og:url\" content=\"https:\/\/airparx.com\/fr\/installations\/oxygen-freejumping-copy-copy\/\" \/>\n<meta property=\"og:site_name\" content=\"Airparx\" \/>\n<meta property=\"article:publisher\" content=\"https:\/\/www.facebook.com\/Airparx\/\" \/>\n<meta property=\"article:modified_time\" content=\"2026-02-25T14:48:28+00:00\" \/>\n<meta property=\"og:image\" content=\"https:\/\/airparx.com\/wp-content\/uploads\/2024\/08\/event_hupalupa_banner.webp\" \/>\n\t<meta property=\"og:image:width\" content=\"1920\" \/>\n\t<meta property=\"og:image:height\" content=\"600\" \/>\n\t<meta property=\"og:image:type\" content=\"image\/webp\" \/>\n<meta name=\"twitter:card\" content=\"summary_large_image\" \/>\n<meta name=\"twitter:label1\" content=\"Dur\u00e9e de lecture estim\u00e9e\" \/>\n\t<meta name=\"twitter:data1\" content=\"1 minute\" \/>\n<script type=\"application\/ld+json\" class=\"yoast-schema-graph\">{\"@context\":\"https:\\\/\\\/schema.org\",\"@graph\":[{\"@type\":\"WebPage\",\"@id\":\"https:\\\/\\\/airparx.com\\\/fr\\\/installations\\\/oxygen-freejumping-copy-copy\\\/\",\"url\":\"https:\\\/\\\/airparx.com\\\/fr\\\/installations\\\/oxygen-freejumping-copy-copy\\\/\",\"name\":\"HUPALUPA - Airparx\",\"isPartOf\":{\"@id\":\"https:\\\/\\\/airparx.com\\\/fr\\\/#website\"},\"primaryImageOfPage\":{\"@id\":\"https:\\\/\\\/airparx.com\\\/fr\\\/installations\\\/oxygen-freejumping-copy-copy\\\/#primaryimage\"},\"image\":{\"@id\":\"https:\\\/\\\/airparx.com\\\/fr\\\/installations\\\/oxygen-freejumping-copy-copy\\\/#primaryimage\"},\"thumbnailUrl\":\"https:\\\/\\\/airparx.com\\\/wp-content\\\/uploads\\\/2024\\\/08\\\/event_hupalupa_banner.webp\",\"datePublished\":\"2024-08-14T10:14:59+00:00\",\"dateModified\":\"2026-02-25T14:48:28+00:00\",\"description\":\"HUPALUPA est une installation d'Airparx.\",\"breadcrumb\":{\"@id\":\"https:\\\/\\\/airparx.com\\\/fr\\\/installations\\\/oxygen-freejumping-copy-copy\\\/#breadcrumb\"},\"inLanguage\":\"fr-FR\",\"potentialAction\":[{\"@type\":\"ReadAction\",\"target\":[\"https:\\\/\\\/airparx.com\\\/fr\\\/installations\\\/oxygen-freejumping-copy-copy\\\/\"]}]},{\"@type\":\"ImageObject\",\"inLanguage\":\"fr-FR\",\"@id\":\"https:\\\/\\\/airparx.com\\\/fr\\\/installations\\\/oxygen-freejumping-copy-copy\\\/#primaryimage\",\"url\":\"https:\\\/\\\/airparx.com\\\/wp-content\\\/uploads\\\/2024\\\/08\\\/event_hupalupa_banner.webp\",\"contentUrl\":\"https:\\\/\\\/airparx.com\\\/wp-content\\\/uploads\\\/2024\\\/08\\\/event_hupalupa_banner.webp\",\"width\":1920,\"height\":600,\"caption\":\"HUPALUPA - Turkey\"},{\"@type\":\"BreadcrumbList\",\"@id\":\"https:\\\/\\\/airparx.com\\\/fr\\\/installations\\\/oxygen-freejumping-copy-copy\\\/#breadcrumb\",\"itemListElement\":[{\"@type\":\"ListItem\",\"position\":1,\"name\":\"Home\",\"item\":\"https:\\\/\\\/airparx.com\\\/fr\\\/\"},{\"@type\":\"ListItem\",\"position\":2,\"name\":\"HUPALUPA\"}]},{\"@type\":\"WebSite\",\"@id\":\"https:\\\/\\\/airparx.com\\\/fr\\\/#website\",\"url\":\"https:\\\/\\\/airparx.com\\\/fr\\\/\",\"name\":\"Airparx\",\"description\":\"Inflatable &amp; Trampoline Park Supplier\",\"publisher\":{\"@id\":\"https:\\\/\\\/airparx.com\\\/fr\\\/#organization\"},\"potentialAction\":[{\"@type\":\"SearchAction\",\"target\":{\"@type\":\"EntryPoint\",\"urlTemplate\":\"https:\\\/\\\/airparx.com\\\/fr\\\/?s={search_term_string}\"},\"query-input\":{\"@type\":\"PropertyValueSpecification\",\"valueRequired\":true,\"valueName\":\"search_term_string\"}}],\"inLanguage\":\"fr-FR\"},{\"@type\":\"Organization\",\"@id\":\"https:\\\/\\\/airparx.com\\\/fr\\\/#organization\",\"name\":\"Airparx\",\"url\":\"https:\\\/\\\/airparx.com\\\/fr\\\/\",\"logo\":{\"@type\":\"ImageObject\",\"inLanguage\":\"fr-FR\",\"@id\":\"https:\\\/\\\/airparx.com\\\/fr\\\/#\\\/schema\\\/logo\\\/image\\\/\",\"url\":\"https:\\\/\\\/airparx.com\\\/wp-content\\\/uploads\\\/2022\\\/06\\\/Airparx_Logo.png\",\"contentUrl\":\"https:\\\/\\\/airparx.com\\\/wp-content\\\/uploads\\\/2022\\\/06\\\/Airparx_Logo.png\",\"width\":1127,\"height\":461,\"caption\":\"Airparx\"},\"image\":{\"@id\":\"https:\\\/\\\/airparx.com\\\/fr\\\/#\\\/schema\\\/logo\\\/image\\\/\"},\"sameAs\":[\"https:\\\/\\\/www.facebook.com\\\/Airparx\\\/\",\"https:\\\/\\\/www.instagram.com\\\/airparx\\\/\",\"https:\\\/\\\/www.youtube.com\\\/playlist?list=PL2LZnxdxb4eX2paMpuL0QxEvopAtGzyqY\",\"https:\\\/\\\/www.linkedin.com\\\/company\\\/airparx\\\/\"]}]}<\/script>\n<!-- \/ Yoast SEO Premium plugin. -->","yoast_head_json":{"title":"HUPALUPA - Airparx","description":"HUPALUPA est une installation d'Airparx.","robots":{"index":"index","follow":"follow","max-snippet":"max-snippet:-1","max-image-preview":"max-image-preview:large","max-video-preview":"max-video-preview:-1"},"canonical":"https:\/\/airparx.com\/fr\/installations\/oxygen-freejumping-copy-copy\/","og_locale":"fr_FR","og_type":"article","og_title":"HUPALUPA","og_description":"HUPALUPA est une installation d'Airparx.","og_url":"https:\/\/airparx.com\/fr\/installations\/oxygen-freejumping-copy-copy\/","og_site_name":"Airparx","article_publisher":"https:\/\/www.facebook.com\/Airparx\/","article_modified_time":"2026-02-25T14:48:28+00:00","og_image":[{"width":1920,"height":600,"url":"https:\/\/airparx.com\/wp-content\/uploads\/2024\/08\/event_hupalupa_banner.webp","type":"image\/webp"}],"twitter_card":"summary_large_image","twitter_misc":{"Dur\u00e9e de lecture estim\u00e9e":"1 minute"},"schema":{"@context":"https:\/\/schema.org","@graph":[{"@type":"WebPage","@id":"https:\/\/airparx.com\/fr\/installations\/oxygen-freejumping-copy-copy\/","url":"https:\/\/airparx.com\/fr\/installations\/oxygen-freejumping-copy-copy\/","name":"HUPALUPA - Airparx","isPartOf":{"@id":"https:\/\/airparx.com\/fr\/#website"},"primaryImageOfPage":{"@id":"https:\/\/airparx.com\/fr\/installations\/oxygen-freejumping-copy-copy\/#primaryimage"},"image":{"@id":"https:\/\/airparx.com\/fr\/installations\/oxygen-freejumping-copy-copy\/#primaryimage"},"thumbnailUrl":"https:\/\/airparx.com\/wp-content\/uploads\/2024\/08\/event_hupalupa_banner.webp","datePublished":"2024-08-14T10:14:59+00:00","dateModified":"2026-02-25T14:48:28+00:00","description":"HUPALUPA est une installation d'Airparx.","breadcrumb":{"@id":"https:\/\/airparx.com\/fr\/installations\/oxygen-freejumping-copy-copy\/#breadcrumb"},"inLanguage":"fr-FR","potentialAction":[{"@type":"ReadAction","target":["https:\/\/airparx.com\/fr\/installations\/oxygen-freejumping-copy-copy\/"]}]},{"@type":"ImageObject","inLanguage":"fr-FR","@id":"https:\/\/airparx.com\/fr\/installations\/oxygen-freejumping-copy-copy\/#primaryimage","url":"https:\/\/airparx.com\/wp-content\/uploads\/2024\/08\/event_hupalupa_banner.webp","contentUrl":"https:\/\/airparx.com\/wp-content\/uploads\/2024\/08\/event_hupalupa_banner.webp","width":1920,"height":600,"caption":"HUPALUPA - Turkey"},{"@type":"BreadcrumbList","@id":"https:\/\/airparx.com\/fr\/installations\/oxygen-freejumping-copy-copy\/#breadcrumb","itemListElement":[{"@type":"ListItem","position":1,"name":"Home","item":"https:\/\/airparx.com\/fr\/"},{"@type":"ListItem","position":2,"name":"HUPALUPA"}]},{"@type":"WebSite","@id":"https:\/\/airparx.com\/fr\/#website","url":"https:\/\/airparx.com\/fr\/","name":"Airparx","description":"Inflatable &amp; Trampoline Park Supplier","publisher":{"@id":"https:\/\/airparx.com\/fr\/#organization"},"potentialAction":[{"@type":"SearchAction","target":{"@type":"EntryPoint","urlTemplate":"https:\/\/airparx.com\/fr\/?s={search_term_string}"},"query-input":{"@type":"PropertyValueSpecification","valueRequired":true,"valueName":"search_term_string"}}],"inLanguage":"fr-FR"},{"@type":"Organization","@id":"https:\/\/airparx.com\/fr\/#organization","name":"Airparx","url":"https:\/\/airparx.com\/fr\/","logo":{"@type":"ImageObject","inLanguage":"fr-FR","@id":"https:\/\/airparx.com\/fr\/#\/schema\/logo\/image\/","url":"https:\/\/airparx.com\/wp-content\/uploads\/2022\/06\/Airparx_Logo.png","contentUrl":"https:\/\/airparx.com\/wp-content\/uploads\/2022\/06\/Airparx_Logo.png","width":1127,"height":461,"caption":"Airparx"},"image":{"@id":"https:\/\/airparx.com\/fr\/#\/schema\/logo\/image\/"},"sameAs":["https:\/\/www.facebook.com\/Airparx\/","https:\/\/www.instagram.com\/airparx\/","https:\/\/www.youtube.com\/playlist?list=PL2LZnxdxb4eX2paMpuL0QxEvopAtGzyqY","https:\/\/www.linkedin.com\/company\/airparx\/"]}]}},"_links":{"self":[{"href":"https:\/\/airparx.com\/fr\/wp-json\/wp\/v2\/product\/9208","targetHints":{"allow":["GET"]}}],"collection":[{"href":"https:\/\/airparx.com\/fr\/wp-json\/wp\/v2\/product"}],"about":[{"href":"https:\/\/airparx.com\/fr\/wp-json\/wp\/v2\/types\/product"}],"wp:featuredmedia":[{"embeddable":true,"href":"https:\/\/airparx.com\/fr\/wp-json\/wp\/v2\/media\/9052"}],"wp:attachment":[{"href":"https:\/\/airparx.com\/fr\/wp-json\/wp\/v2\/media?parent=9208"}],"wp:term":[{"taxonomy":"product_brand","embeddable":true,"href":"https:\/\/airparx.com\/fr\/wp-json\/wp\/v2\/product_brand?post=9208"},{"taxonomy":"product_cat","embeddable":true,"href":"https:\/\/airparx.com\/fr\/wp-json\/wp\/v2\/product_cat?post=9208"},{"taxonomy":"product_tag","embeddable":true,"href":"https:\/\/airparx.com\/fr\/wp-json\/wp\/v2\/product_tag?post=9208"}],"curies":[{"name":"wp","href":"https:\/\/api.w.org\/{rel}","templated":true}]}}