{"id":9501,"date":"2024-09-06T13:34:54","date_gmt":"2024-09-06T12:34:54","guid":{"rendered":"https:\/\/airparx.com\/?post_type=product&#038;p=9501"},"modified":"2026-02-25T14:48:18","modified_gmt":"2026-02-25T14:48:18","slug":"oxygen-freejumping-copy-copy-copy","status":"publish","type":"product","link":"https:\/\/airparx.com\/fr\/installations\/oxygen-freejumping-copy-copy-copy\/","title":{"rendered":"Centre de loisirs de Bracknell"},"content":{"rendered":"<p>En 2021, la succursale du centre de loisirs Everyone Active \u00e0 Bracknell a identifi\u00e9 le besoin de r\u00e9nover compl\u00e8tement son aire de jeux souple, car l&rsquo;installation existante \u00e9tait obsol\u00e8te, n\u00e9cessitant un rebranding total.<\/p>\n<p>Leurs objectifs principaux \u00e9taient d&rsquo;augmenter la surface et leur offre de f\u00eates d&rsquo;anniversaire, ajoutant ainsi une source de revenus am\u00e9lior\u00e9e \u00e0 leur site.<\/p>\n<p>Airparx a \u00e9t\u00e9 charg\u00e9 de concevoir, fabriquer et installer une nouvelle structure de jeu am\u00e9lior\u00e9e, un espace tout-petits et d&rsquo;optimiser leur mezzanine avec des jeux interactifs, le tout pour s\u00e9duire plusieurs groupes d&rsquo;\u00e2ge.<\/p>\n<p>Play World Bracknell a \u00e9t\u00e9 install\u00e9 en 2024 &#8211; une toute nouvelle aire de jeux souple comprenant une multitude d&rsquo;attractions incluant un toboggan Astra, des ponts de corde, un terrain de football interactif, un Freestyle Duo, des piscines \u00e0 balles et un espace B\u00e9b\u00e9s et Tout-petits.<\/p>\n","protected":false},"excerpt":{"rendered":"<p>En 2021, la succursale du centre de loisirs Everyone Active \u00e0 Bracknell a identifi\u00e9 le besoin de r\u00e9nover compl\u00e8tement son aire de jeux souple, car l&rsquo;installation existante \u00e9tait obsol\u00e8te, n\u00e9cessitant un rebranding total. Leurs objectifs principaux \u00e9taient d&rsquo;augmenter la surface et leur offre de f\u00eates d&rsquo;anniversaire, ajoutant ainsi une source de revenus am\u00e9lior\u00e9e \u00e0 leur [&hellip;]<\/p>\n","protected":false},"featured_media":9414,"template":"","meta":{"_acf_changed":false},"product_brand":[],"product_cat":[94,87,84],"product_tag":[],"class_list":{"0":"post-9501","1":"product","2":"type-product","3":"status-publish","4":"has-post-thumbnail","6":"product_cat-adaptation-et-ajouts","7":"product_cat-divertissement-interactif","8":"product_cat-jeux-doux-et-terrains-de-jeux-interieurs","10":"first","11":"outofstock","12":"featured","13":"shipping-taxable","14":"product-type-simple"},"acf":[],"yoast_head":"<!-- This site is optimized with the Yoast SEO Premium plugin v26.7 (Yoast SEO v27.3) - https:\/\/yoast.com\/product\/yoast-seo-premium-wordpress\/ -->\n<title>Centre de loisirs de Bracknell - Airparx<\/title>\n<meta name=\"description\" content=\"Le centre de loisirs Everyone Active de Bracknell a demand\u00e9 \u00e0 Airparx de r\u00e9organiser compl\u00e8tement son aire de jeux pour enfants et de s&#039;adresser \u00e0 plusieurs groupes d&#039;\u00e2ge.\" \/>\n<meta name=\"robots\" content=\"index, follow, max-snippet:-1, max-image-preview:large, max-video-preview:-1\" \/>\n<link rel=\"canonical\" href=\"https:\/\/airparx.com\/fr\/installations\/oxygen-freejumping-copy-copy-copy\/\" \/>\n<meta property=\"og:locale\" content=\"fr_FR\" \/>\n<meta property=\"og:type\" content=\"article\" \/>\n<meta property=\"og:title\" content=\"Centre de loisirs de Bracknell\" \/>\n<meta property=\"og:description\" content=\"Le centre de loisirs Everyone Active de Bracknell a demand\u00e9 \u00e0 Airparx de r\u00e9organiser compl\u00e8tement son aire de jeux pour enfants et de s&#039;adresser \u00e0 plusieurs groupes d&#039;\u00e2ge.\" \/>\n<meta property=\"og:url\" content=\"https:\/\/airparx.com\/fr\/installations\/oxygen-freejumping-copy-copy-copy\/\" \/>\n<meta property=\"og:site_name\" content=\"Airparx\" \/>\n<meta property=\"article:publisher\" content=\"https:\/\/www.facebook.com\/Airparx\/\" \/>\n<meta property=\"article:modified_time\" content=\"2026-02-25T14:48:18+00:00\" \/>\n<meta property=\"og:image\" content=\"https:\/\/airparx.com\/wp-content\/uploads\/2024\/09\/17.jpg\" \/>\n\t<meta property=\"og:image:width\" content=\"1366\" \/>\n\t<meta property=\"og:image:height\" content=\"768\" \/>\n\t<meta property=\"og:image:type\" content=\"image\/jpeg\" \/>\n<meta name=\"twitter:card\" content=\"summary_large_image\" \/>\n<meta name=\"twitter:label1\" content=\"Dur\u00e9e de lecture estim\u00e9e\" \/>\n\t<meta name=\"twitter:data1\" content=\"1 minute\" \/>\n<script type=\"application\/ld+json\" class=\"yoast-schema-graph\">{\"@context\":\"https:\\\/\\\/schema.org\",\"@graph\":[{\"@type\":\"WebPage\",\"@id\":\"https:\\\/\\\/airparx.com\\\/fr\\\/installations\\\/oxygen-freejumping-copy-copy-copy\\\/\",\"url\":\"https:\\\/\\\/airparx.com\\\/fr\\\/installations\\\/oxygen-freejumping-copy-copy-copy\\\/\",\"name\":\"Centre de loisirs de Bracknell - Airparx\",\"isPartOf\":{\"@id\":\"https:\\\/\\\/airparx.com\\\/fr\\\/#website\"},\"primaryImageOfPage\":{\"@id\":\"https:\\\/\\\/airparx.com\\\/fr\\\/installations\\\/oxygen-freejumping-copy-copy-copy\\\/#primaryimage\"},\"image\":{\"@id\":\"https:\\\/\\\/airparx.com\\\/fr\\\/installations\\\/oxygen-freejumping-copy-copy-copy\\\/#primaryimage\"},\"thumbnailUrl\":\"https:\\\/\\\/airparx.com\\\/wp-content\\\/uploads\\\/2024\\\/09\\\/17.jpg\",\"datePublished\":\"2024-09-06T12:34:54+00:00\",\"dateModified\":\"2026-02-25T14:48:18+00:00\",\"description\":\"Le centre de loisirs Everyone Active de Bracknell a demand\u00e9 \u00e0 Airparx de r\u00e9organiser compl\u00e8tement son aire de jeux pour enfants et de s'adresser \u00e0 plusieurs groupes d'\u00e2ge.\",\"breadcrumb\":{\"@id\":\"https:\\\/\\\/airparx.com\\\/fr\\\/installations\\\/oxygen-freejumping-copy-copy-copy\\\/#breadcrumb\"},\"inLanguage\":\"fr-FR\",\"potentialAction\":[{\"@type\":\"ReadAction\",\"target\":[\"https:\\\/\\\/airparx.com\\\/fr\\\/installations\\\/oxygen-freejumping-copy-copy-copy\\\/\"]}]},{\"@type\":\"ImageObject\",\"inLanguage\":\"fr-FR\",\"@id\":\"https:\\\/\\\/airparx.com\\\/fr\\\/installations\\\/oxygen-freejumping-copy-copy-copy\\\/#primaryimage\",\"url\":\"https:\\\/\\\/airparx.com\\\/wp-content\\\/uploads\\\/2024\\\/09\\\/17.jpg\",\"contentUrl\":\"https:\\\/\\\/airparx.com\\\/wp-content\\\/uploads\\\/2024\\\/09\\\/17.jpg\",\"width\":1366,\"height\":768,\"caption\":\"Play World - Bracknell Leisure Centre\"},{\"@type\":\"BreadcrumbList\",\"@id\":\"https:\\\/\\\/airparx.com\\\/fr\\\/installations\\\/oxygen-freejumping-copy-copy-copy\\\/#breadcrumb\",\"itemListElement\":[{\"@type\":\"ListItem\",\"position\":1,\"name\":\"Home\",\"item\":\"https:\\\/\\\/airparx.com\\\/fr\\\/\"},{\"@type\":\"ListItem\",\"position\":2,\"name\":\"Centre de loisirs de Bracknell\"}]},{\"@type\":\"WebSite\",\"@id\":\"https:\\\/\\\/airparx.com\\\/fr\\\/#website\",\"url\":\"https:\\\/\\\/airparx.com\\\/fr\\\/\",\"name\":\"Airparx\",\"description\":\"Inflatable &amp; Trampoline Park Supplier\",\"publisher\":{\"@id\":\"https:\\\/\\\/airparx.com\\\/fr\\\/#organization\"},\"potentialAction\":[{\"@type\":\"SearchAction\",\"target\":{\"@type\":\"EntryPoint\",\"urlTemplate\":\"https:\\\/\\\/airparx.com\\\/fr\\\/?s={search_term_string}\"},\"query-input\":{\"@type\":\"PropertyValueSpecification\",\"valueRequired\":true,\"valueName\":\"search_term_string\"}}],\"inLanguage\":\"fr-FR\"},{\"@type\":\"Organization\",\"@id\":\"https:\\\/\\\/airparx.com\\\/fr\\\/#organization\",\"name\":\"Airparx\",\"url\":\"https:\\\/\\\/airparx.com\\\/fr\\\/\",\"logo\":{\"@type\":\"ImageObject\",\"inLanguage\":\"fr-FR\",\"@id\":\"https:\\\/\\\/airparx.com\\\/fr\\\/#\\\/schema\\\/logo\\\/image\\\/\",\"url\":\"https:\\\/\\\/airparx.com\\\/wp-content\\\/uploads\\\/2022\\\/06\\\/Airparx_Logo.png\",\"contentUrl\":\"https:\\\/\\\/airparx.com\\\/wp-content\\\/uploads\\\/2022\\\/06\\\/Airparx_Logo.png\",\"width\":1127,\"height\":461,\"caption\":\"Airparx\"},\"image\":{\"@id\":\"https:\\\/\\\/airparx.com\\\/fr\\\/#\\\/schema\\\/logo\\\/image\\\/\"},\"sameAs\":[\"https:\\\/\\\/www.facebook.com\\\/Airparx\\\/\",\"https:\\\/\\\/www.instagram.com\\\/airparx\\\/\",\"https:\\\/\\\/www.youtube.com\\\/playlist?list=PL2LZnxdxb4eX2paMpuL0QxEvopAtGzyqY\",\"https:\\\/\\\/www.linkedin.com\\\/company\\\/airparx\\\/\"]}]}<\/script>\n<!-- \/ Yoast SEO Premium plugin. -->","yoast_head_json":{"title":"Centre de loisirs de Bracknell - Airparx","description":"Le centre de loisirs Everyone Active de Bracknell a demand\u00e9 \u00e0 Airparx de r\u00e9organiser compl\u00e8tement son aire de jeux pour enfants et de s'adresser \u00e0 plusieurs groupes d'\u00e2ge.","robots":{"index":"index","follow":"follow","max-snippet":"max-snippet:-1","max-image-preview":"max-image-preview:large","max-video-preview":"max-video-preview:-1"},"canonical":"https:\/\/airparx.com\/fr\/installations\/oxygen-freejumping-copy-copy-copy\/","og_locale":"fr_FR","og_type":"article","og_title":"Centre de loisirs de Bracknell","og_description":"Le centre de loisirs Everyone Active de Bracknell a demand\u00e9 \u00e0 Airparx de r\u00e9organiser compl\u00e8tement son aire de jeux pour enfants et de s'adresser \u00e0 plusieurs groupes d'\u00e2ge.","og_url":"https:\/\/airparx.com\/fr\/installations\/oxygen-freejumping-copy-copy-copy\/","og_site_name":"Airparx","article_publisher":"https:\/\/www.facebook.com\/Airparx\/","article_modified_time":"2026-02-25T14:48:18+00:00","og_image":[{"width":1366,"height":768,"url":"https:\/\/airparx.com\/wp-content\/uploads\/2024\/09\/17.jpg","type":"image\/jpeg"}],"twitter_card":"summary_large_image","twitter_misc":{"Dur\u00e9e de lecture estim\u00e9e":"1 minute"},"schema":{"@context":"https:\/\/schema.org","@graph":[{"@type":"WebPage","@id":"https:\/\/airparx.com\/fr\/installations\/oxygen-freejumping-copy-copy-copy\/","url":"https:\/\/airparx.com\/fr\/installations\/oxygen-freejumping-copy-copy-copy\/","name":"Centre de loisirs de Bracknell - Airparx","isPartOf":{"@id":"https:\/\/airparx.com\/fr\/#website"},"primaryImageOfPage":{"@id":"https:\/\/airparx.com\/fr\/installations\/oxygen-freejumping-copy-copy-copy\/#primaryimage"},"image":{"@id":"https:\/\/airparx.com\/fr\/installations\/oxygen-freejumping-copy-copy-copy\/#primaryimage"},"thumbnailUrl":"https:\/\/airparx.com\/wp-content\/uploads\/2024\/09\/17.jpg","datePublished":"2024-09-06T12:34:54+00:00","dateModified":"2026-02-25T14:48:18+00:00","description":"Le centre de loisirs Everyone Active de Bracknell a demand\u00e9 \u00e0 Airparx de r\u00e9organiser compl\u00e8tement son aire de jeux pour enfants et de s'adresser \u00e0 plusieurs groupes d'\u00e2ge.","breadcrumb":{"@id":"https:\/\/airparx.com\/fr\/installations\/oxygen-freejumping-copy-copy-copy\/#breadcrumb"},"inLanguage":"fr-FR","potentialAction":[{"@type":"ReadAction","target":["https:\/\/airparx.com\/fr\/installations\/oxygen-freejumping-copy-copy-copy\/"]}]},{"@type":"ImageObject","inLanguage":"fr-FR","@id":"https:\/\/airparx.com\/fr\/installations\/oxygen-freejumping-copy-copy-copy\/#primaryimage","url":"https:\/\/airparx.com\/wp-content\/uploads\/2024\/09\/17.jpg","contentUrl":"https:\/\/airparx.com\/wp-content\/uploads\/2024\/09\/17.jpg","width":1366,"height":768,"caption":"Play World - Bracknell Leisure Centre"},{"@type":"BreadcrumbList","@id":"https:\/\/airparx.com\/fr\/installations\/oxygen-freejumping-copy-copy-copy\/#breadcrumb","itemListElement":[{"@type":"ListItem","position":1,"name":"Home","item":"https:\/\/airparx.com\/fr\/"},{"@type":"ListItem","position":2,"name":"Centre de loisirs de Bracknell"}]},{"@type":"WebSite","@id":"https:\/\/airparx.com\/fr\/#website","url":"https:\/\/airparx.com\/fr\/","name":"Airparx","description":"Inflatable &amp; Trampoline Park Supplier","publisher":{"@id":"https:\/\/airparx.com\/fr\/#organization"},"potentialAction":[{"@type":"SearchAction","target":{"@type":"EntryPoint","urlTemplate":"https:\/\/airparx.com\/fr\/?s={search_term_string}"},"query-input":{"@type":"PropertyValueSpecification","valueRequired":true,"valueName":"search_term_string"}}],"inLanguage":"fr-FR"},{"@type":"Organization","@id":"https:\/\/airparx.com\/fr\/#organization","name":"Airparx","url":"https:\/\/airparx.com\/fr\/","logo":{"@type":"ImageObject","inLanguage":"fr-FR","@id":"https:\/\/airparx.com\/fr\/#\/schema\/logo\/image\/","url":"https:\/\/airparx.com\/wp-content\/uploads\/2022\/06\/Airparx_Logo.png","contentUrl":"https:\/\/airparx.com\/wp-content\/uploads\/2022\/06\/Airparx_Logo.png","width":1127,"height":461,"caption":"Airparx"},"image":{"@id":"https:\/\/airparx.com\/fr\/#\/schema\/logo\/image\/"},"sameAs":["https:\/\/www.facebook.com\/Airparx\/","https:\/\/www.instagram.com\/airparx\/","https:\/\/www.youtube.com\/playlist?list=PL2LZnxdxb4eX2paMpuL0QxEvopAtGzyqY","https:\/\/www.linkedin.com\/company\/airparx\/"]}]}},"_links":{"self":[{"href":"https:\/\/airparx.com\/fr\/wp-json\/wp\/v2\/product\/9501","targetHints":{"allow":["GET"]}}],"collection":[{"href":"https:\/\/airparx.com\/fr\/wp-json\/wp\/v2\/product"}],"about":[{"href":"https:\/\/airparx.com\/fr\/wp-json\/wp\/v2\/types\/product"}],"wp:featuredmedia":[{"embeddable":true,"href":"https:\/\/airparx.com\/fr\/wp-json\/wp\/v2\/media\/9414"}],"wp:attachment":[{"href":"https:\/\/airparx.com\/fr\/wp-json\/wp\/v2\/media?parent=9501"}],"wp:term":[{"taxonomy":"product_brand","embeddable":true,"href":"https:\/\/airparx.com\/fr\/wp-json\/wp\/v2\/product_brand?post=9501"},{"taxonomy":"product_cat","embeddable":true,"href":"https:\/\/airparx.com\/fr\/wp-json\/wp\/v2\/product_cat?post=9501"},{"taxonomy":"product_tag","embeddable":true,"href":"https:\/\/airparx.com\/fr\/wp-json\/wp\/v2\/product_tag?post=9501"}],"curies":[{"name":"wp","href":"https:\/\/api.w.org\/{rel}","templated":true}]}}