{"id":9515,"date":"2024-09-09T14:18:04","date_gmt":"2024-09-09T13:18:04","guid":{"rendered":"https:\/\/airparx.com\/?post_type=product&#038;p=9515"},"modified":"2026-02-25T14:47:35","modified_gmt":"2026-02-25T14:47:35","slug":"oxygen-freejumping-copy-copy-copy-copy","status":"publish","type":"product","link":"https:\/\/airparx.com\/fr\/installations\/oxygen-freejumping-copy-copy-copy-copy\/","title":{"rendered":"Jump In &#8211; Camberley"},"content":{"rendered":"<p>En avril 2024, Airparx a \u00e9t\u00e9 contact\u00e9 par Jump In Camberley pour concevoir un parc de trampolines int\u00e9grant nos attractions les plus r\u00e9centes disponibles en parcs gonflables.<\/p>\n<p>En tant que site existant n\u00e9cessitant une mise \u00e0 jour et des am\u00e9liorations, notre mission \u00e9tait claire. Nous avons con\u00e7u un parc gonflable de haute qualit\u00e9 qui optimise l&rsquo;espace et augmente ainsi la capacit\u00e9 de leur offre tout en actualisant tous les visuels pour les aligner avec leur image de marque.<\/p>\n<p>Gr\u00e2ce \u00e0 une planification m\u00e9ticuleuse, l&rsquo;\u00e9quipe Airparx a r\u00e9alis\u00e9 une installation impeccable. En seulement 1 jour, nous avons effectu\u00e9 le d\u00e9montage et l&rsquo;installation avec succ\u00e8s, permettant au parc d&rsquo;ouvrir \u00e0 temps pour la p\u00e9riode estivale charg\u00e9e comme pr\u00e9vu.<\/p>\n<p>Jump In Adventure Park \u00e0 Camberley a ouvert en juillet 2024 et regorge d&rsquo;activit\u00e9s amusantes pour toute la famille. Ce parc de trampolines comprend d\u00e9sormais de multiples attractions incluant des trampolines mur \u00e0 mur, des airbags g\u00e9ants, des poutres de combat, du wipeout, des tumble tracks, des toboggans extr\u00eames et bien s\u00fbr, des gonflables.<\/p>\n","protected":false},"excerpt":{"rendered":"<p>En avril 2024, Airparx a \u00e9t\u00e9 contact\u00e9 par Jump In Camberley pour concevoir un parc de trampolines int\u00e9grant nos attractions les plus r\u00e9centes disponibles en parcs gonflables. En tant que site existant n\u00e9cessitant une mise \u00e0 jour et des am\u00e9liorations, notre mission \u00e9tait claire. Nous avons con\u00e7u un parc gonflable de haute qualit\u00e9 qui optimise [&hellip;]<\/p>\n","protected":false},"featured_media":9459,"template":"","meta":{"_acf_changed":false},"product_brand":[],"product_cat":[86,83],"product_tag":[],"class_list":{"0":"post-9515","1":"product","2":"type-product","3":"status-publish","4":"has-post-thumbnail","6":"product_cat-parcs-de-trampoline","7":"product_cat-parcs-gonflables","9":"first","10":"outofstock","11":"featured","12":"shipping-taxable","13":"product-type-simple"},"acf":[],"yoast_head":"<!-- This site is optimized with the Yoast SEO Premium plugin v26.7 (Yoast SEO v27.3) - https:\/\/yoast.com\/product\/yoast-seo-premium-wordpress\/ -->\n<title>Jump In - Camberley - Airparx<\/title>\n<meta name=\"description\" content=\"En avril 2024, Airparx a \u00e9t\u00e9 contact\u00e9 par Jump In Camberley pour concevoir un parc de trampolines int\u00e9grant nos derni\u00e8res attractions en mati\u00e8re de parcs gonflables.\" \/>\n<meta name=\"robots\" content=\"index, follow, max-snippet:-1, max-image-preview:large, max-video-preview:-1\" \/>\n<link rel=\"canonical\" href=\"https:\/\/airparx.com\/fr\/installations\/oxygen-freejumping-copy-copy-copy-copy\/\" \/>\n<meta property=\"og:locale\" content=\"fr_FR\" \/>\n<meta property=\"og:type\" content=\"article\" \/>\n<meta property=\"og:title\" content=\"Jump In - Camberley\" \/>\n<meta property=\"og:description\" content=\"En avril 2024, Airparx a \u00e9t\u00e9 contact\u00e9 par Jump In Camberley pour concevoir un parc de trampolines int\u00e9grant nos derni\u00e8res attractions en mati\u00e8re de parcs gonflables.\" \/>\n<meta property=\"og:url\" content=\"https:\/\/airparx.com\/fr\/installations\/oxygen-freejumping-copy-copy-copy-copy\/\" \/>\n<meta property=\"og:site_name\" content=\"Airparx\" \/>\n<meta property=\"article:publisher\" content=\"https:\/\/www.facebook.com\/Airparx\/\" \/>\n<meta property=\"article:modified_time\" content=\"2026-02-25T14:47:35+00:00\" \/>\n<meta property=\"og:image\" content=\"https:\/\/airparx.com\/wp-content\/uploads\/2024\/09\/22.jpg\" \/>\n\t<meta property=\"og:image:width\" content=\"1366\" \/>\n\t<meta property=\"og:image:height\" content=\"768\" \/>\n\t<meta property=\"og:image:type\" content=\"image\/jpeg\" \/>\n<meta name=\"twitter:card\" content=\"summary_large_image\" \/>\n<meta name=\"twitter:label1\" content=\"Dur\u00e9e de lecture estim\u00e9e\" \/>\n\t<meta name=\"twitter:data1\" content=\"1 minute\" \/>\n<script type=\"application\/ld+json\" class=\"yoast-schema-graph\">{\"@context\":\"https:\\\/\\\/schema.org\",\"@graph\":[{\"@type\":\"WebPage\",\"@id\":\"https:\\\/\\\/airparx.com\\\/fr\\\/installations\\\/oxygen-freejumping-copy-copy-copy-copy\\\/\",\"url\":\"https:\\\/\\\/airparx.com\\\/fr\\\/installations\\\/oxygen-freejumping-copy-copy-copy-copy\\\/\",\"name\":\"Jump In - Camberley - Airparx\",\"isPartOf\":{\"@id\":\"https:\\\/\\\/airparx.com\\\/fr\\\/#website\"},\"primaryImageOfPage\":{\"@id\":\"https:\\\/\\\/airparx.com\\\/fr\\\/installations\\\/oxygen-freejumping-copy-copy-copy-copy\\\/#primaryimage\"},\"image\":{\"@id\":\"https:\\\/\\\/airparx.com\\\/fr\\\/installations\\\/oxygen-freejumping-copy-copy-copy-copy\\\/#primaryimage\"},\"thumbnailUrl\":\"https:\\\/\\\/airparx.com\\\/wp-content\\\/uploads\\\/2024\\\/09\\\/22.jpg\",\"datePublished\":\"2024-09-09T13:18:04+00:00\",\"dateModified\":\"2026-02-25T14:47:35+00:00\",\"description\":\"En avril 2024, Airparx a \u00e9t\u00e9 contact\u00e9 par Jump In Camberley pour concevoir un parc de trampolines int\u00e9grant nos derni\u00e8res attractions en mati\u00e8re de parcs gonflables.\",\"breadcrumb\":{\"@id\":\"https:\\\/\\\/airparx.com\\\/fr\\\/installations\\\/oxygen-freejumping-copy-copy-copy-copy\\\/#breadcrumb\"},\"inLanguage\":\"fr-FR\",\"potentialAction\":[{\"@type\":\"ReadAction\",\"target\":[\"https:\\\/\\\/airparx.com\\\/fr\\\/installations\\\/oxygen-freejumping-copy-copy-copy-copy\\\/\"]}]},{\"@type\":\"ImageObject\",\"inLanguage\":\"fr-FR\",\"@id\":\"https:\\\/\\\/airparx.com\\\/fr\\\/installations\\\/oxygen-freejumping-copy-copy-copy-copy\\\/#primaryimage\",\"url\":\"https:\\\/\\\/airparx.com\\\/wp-content\\\/uploads\\\/2024\\\/09\\\/22.jpg\",\"contentUrl\":\"https:\\\/\\\/airparx.com\\\/wp-content\\\/uploads\\\/2024\\\/09\\\/22.jpg\",\"width\":1366,\"height\":768,\"caption\":\"Jump In by Air Hop - Camberley\"},{\"@type\":\"BreadcrumbList\",\"@id\":\"https:\\\/\\\/airparx.com\\\/fr\\\/installations\\\/oxygen-freejumping-copy-copy-copy-copy\\\/#breadcrumb\",\"itemListElement\":[{\"@type\":\"ListItem\",\"position\":1,\"name\":\"Home\",\"item\":\"https:\\\/\\\/airparx.com\\\/fr\\\/\"},{\"@type\":\"ListItem\",\"position\":2,\"name\":\"Jump In &#8211; Camberley\"}]},{\"@type\":\"WebSite\",\"@id\":\"https:\\\/\\\/airparx.com\\\/fr\\\/#website\",\"url\":\"https:\\\/\\\/airparx.com\\\/fr\\\/\",\"name\":\"Airparx\",\"description\":\"Inflatable &amp; Trampoline Park Supplier\",\"publisher\":{\"@id\":\"https:\\\/\\\/airparx.com\\\/fr\\\/#organization\"},\"potentialAction\":[{\"@type\":\"SearchAction\",\"target\":{\"@type\":\"EntryPoint\",\"urlTemplate\":\"https:\\\/\\\/airparx.com\\\/fr\\\/?s={search_term_string}\"},\"query-input\":{\"@type\":\"PropertyValueSpecification\",\"valueRequired\":true,\"valueName\":\"search_term_string\"}}],\"inLanguage\":\"fr-FR\"},{\"@type\":\"Organization\",\"@id\":\"https:\\\/\\\/airparx.com\\\/fr\\\/#organization\",\"name\":\"Airparx\",\"url\":\"https:\\\/\\\/airparx.com\\\/fr\\\/\",\"logo\":{\"@type\":\"ImageObject\",\"inLanguage\":\"fr-FR\",\"@id\":\"https:\\\/\\\/airparx.com\\\/fr\\\/#\\\/schema\\\/logo\\\/image\\\/\",\"url\":\"https:\\\/\\\/airparx.com\\\/wp-content\\\/uploads\\\/2022\\\/06\\\/Airparx_Logo.png\",\"contentUrl\":\"https:\\\/\\\/airparx.com\\\/wp-content\\\/uploads\\\/2022\\\/06\\\/Airparx_Logo.png\",\"width\":1127,\"height\":461,\"caption\":\"Airparx\"},\"image\":{\"@id\":\"https:\\\/\\\/airparx.com\\\/fr\\\/#\\\/schema\\\/logo\\\/image\\\/\"},\"sameAs\":[\"https:\\\/\\\/www.facebook.com\\\/Airparx\\\/\",\"https:\\\/\\\/www.instagram.com\\\/airparx\\\/\",\"https:\\\/\\\/www.youtube.com\\\/playlist?list=PL2LZnxdxb4eX2paMpuL0QxEvopAtGzyqY\",\"https:\\\/\\\/www.linkedin.com\\\/company\\\/airparx\\\/\"]}]}<\/script>\n<!-- \/ Yoast SEO Premium plugin. -->","yoast_head_json":{"title":"Jump In - Camberley - Airparx","description":"En avril 2024, Airparx a \u00e9t\u00e9 contact\u00e9 par Jump In Camberley pour concevoir un parc de trampolines int\u00e9grant nos derni\u00e8res attractions en mati\u00e8re de parcs gonflables.","robots":{"index":"index","follow":"follow","max-snippet":"max-snippet:-1","max-image-preview":"max-image-preview:large","max-video-preview":"max-video-preview:-1"},"canonical":"https:\/\/airparx.com\/fr\/installations\/oxygen-freejumping-copy-copy-copy-copy\/","og_locale":"fr_FR","og_type":"article","og_title":"Jump In - Camberley","og_description":"En avril 2024, Airparx a \u00e9t\u00e9 contact\u00e9 par Jump In Camberley pour concevoir un parc de trampolines int\u00e9grant nos derni\u00e8res attractions en mati\u00e8re de parcs gonflables.","og_url":"https:\/\/airparx.com\/fr\/installations\/oxygen-freejumping-copy-copy-copy-copy\/","og_site_name":"Airparx","article_publisher":"https:\/\/www.facebook.com\/Airparx\/","article_modified_time":"2026-02-25T14:47:35+00:00","og_image":[{"width":1366,"height":768,"url":"https:\/\/airparx.com\/wp-content\/uploads\/2024\/09\/22.jpg","type":"image\/jpeg"}],"twitter_card":"summary_large_image","twitter_misc":{"Dur\u00e9e de lecture estim\u00e9e":"1 minute"},"schema":{"@context":"https:\/\/schema.org","@graph":[{"@type":"WebPage","@id":"https:\/\/airparx.com\/fr\/installations\/oxygen-freejumping-copy-copy-copy-copy\/","url":"https:\/\/airparx.com\/fr\/installations\/oxygen-freejumping-copy-copy-copy-copy\/","name":"Jump In - Camberley - Airparx","isPartOf":{"@id":"https:\/\/airparx.com\/fr\/#website"},"primaryImageOfPage":{"@id":"https:\/\/airparx.com\/fr\/installations\/oxygen-freejumping-copy-copy-copy-copy\/#primaryimage"},"image":{"@id":"https:\/\/airparx.com\/fr\/installations\/oxygen-freejumping-copy-copy-copy-copy\/#primaryimage"},"thumbnailUrl":"https:\/\/airparx.com\/wp-content\/uploads\/2024\/09\/22.jpg","datePublished":"2024-09-09T13:18:04+00:00","dateModified":"2026-02-25T14:47:35+00:00","description":"En avril 2024, Airparx a \u00e9t\u00e9 contact\u00e9 par Jump In Camberley pour concevoir un parc de trampolines int\u00e9grant nos derni\u00e8res attractions en mati\u00e8re de parcs gonflables.","breadcrumb":{"@id":"https:\/\/airparx.com\/fr\/installations\/oxygen-freejumping-copy-copy-copy-copy\/#breadcrumb"},"inLanguage":"fr-FR","potentialAction":[{"@type":"ReadAction","target":["https:\/\/airparx.com\/fr\/installations\/oxygen-freejumping-copy-copy-copy-copy\/"]}]},{"@type":"ImageObject","inLanguage":"fr-FR","@id":"https:\/\/airparx.com\/fr\/installations\/oxygen-freejumping-copy-copy-copy-copy\/#primaryimage","url":"https:\/\/airparx.com\/wp-content\/uploads\/2024\/09\/22.jpg","contentUrl":"https:\/\/airparx.com\/wp-content\/uploads\/2024\/09\/22.jpg","width":1366,"height":768,"caption":"Jump In by Air Hop - Camberley"},{"@type":"BreadcrumbList","@id":"https:\/\/airparx.com\/fr\/installations\/oxygen-freejumping-copy-copy-copy-copy\/#breadcrumb","itemListElement":[{"@type":"ListItem","position":1,"name":"Home","item":"https:\/\/airparx.com\/fr\/"},{"@type":"ListItem","position":2,"name":"Jump In &#8211; Camberley"}]},{"@type":"WebSite","@id":"https:\/\/airparx.com\/fr\/#website","url":"https:\/\/airparx.com\/fr\/","name":"Airparx","description":"Inflatable &amp; Trampoline Park Supplier","publisher":{"@id":"https:\/\/airparx.com\/fr\/#organization"},"potentialAction":[{"@type":"SearchAction","target":{"@type":"EntryPoint","urlTemplate":"https:\/\/airparx.com\/fr\/?s={search_term_string}"},"query-input":{"@type":"PropertyValueSpecification","valueRequired":true,"valueName":"search_term_string"}}],"inLanguage":"fr-FR"},{"@type":"Organization","@id":"https:\/\/airparx.com\/fr\/#organization","name":"Airparx","url":"https:\/\/airparx.com\/fr\/","logo":{"@type":"ImageObject","inLanguage":"fr-FR","@id":"https:\/\/airparx.com\/fr\/#\/schema\/logo\/image\/","url":"https:\/\/airparx.com\/wp-content\/uploads\/2022\/06\/Airparx_Logo.png","contentUrl":"https:\/\/airparx.com\/wp-content\/uploads\/2022\/06\/Airparx_Logo.png","width":1127,"height":461,"caption":"Airparx"},"image":{"@id":"https:\/\/airparx.com\/fr\/#\/schema\/logo\/image\/"},"sameAs":["https:\/\/www.facebook.com\/Airparx\/","https:\/\/www.instagram.com\/airparx\/","https:\/\/www.youtube.com\/playlist?list=PL2LZnxdxb4eX2paMpuL0QxEvopAtGzyqY","https:\/\/www.linkedin.com\/company\/airparx\/"]}]}},"_links":{"self":[{"href":"https:\/\/airparx.com\/fr\/wp-json\/wp\/v2\/product\/9515","targetHints":{"allow":["GET"]}}],"collection":[{"href":"https:\/\/airparx.com\/fr\/wp-json\/wp\/v2\/product"}],"about":[{"href":"https:\/\/airparx.com\/fr\/wp-json\/wp\/v2\/types\/product"}],"wp:featuredmedia":[{"embeddable":true,"href":"https:\/\/airparx.com\/fr\/wp-json\/wp\/v2\/media\/9459"}],"wp:attachment":[{"href":"https:\/\/airparx.com\/fr\/wp-json\/wp\/v2\/media?parent=9515"}],"wp:term":[{"taxonomy":"product_brand","embeddable":true,"href":"https:\/\/airparx.com\/fr\/wp-json\/wp\/v2\/product_brand?post=9515"},{"taxonomy":"product_cat","embeddable":true,"href":"https:\/\/airparx.com\/fr\/wp-json\/wp\/v2\/product_cat?post=9515"},{"taxonomy":"product_tag","embeddable":true,"href":"https:\/\/airparx.com\/fr\/wp-json\/wp\/v2\/product_tag?post=9515"}],"curies":[{"name":"wp","href":"https:\/\/api.w.org\/{rel}","templated":true}]}}