{"id":7287,"date":"2022-06-15T11:40:45","date_gmt":"2022-06-15T10:40:45","guid":{"rendered":"https:\/\/airparx.com\/installazioni-in-evidenza\/"},"modified":"2024-09-13T11:12:37","modified_gmt":"2024-09-13T10:12:37","slug":"installazioni-in-evidenza","status":"publish","type":"page","link":"https:\/\/airparx.com\/it\/installazioni-in-evidenza\/","title":{"rendered":"Installazioni in evidenza"},"content":{"rendered":"<div class=\"wp-core-heading\">\n<h2 class=\"wp-block-heading\">Esplora le installazioni Airparx in primo piano<\/h2>\n<\/div>\n\n<div class=\"wp-core-paragraph\">\n<p>Approfondisci una serie di installazioni presentate da Airparx nel corso degli anni, dai parchi gonfiabili e trampolini alle aree soft play e ai percorsi ad ostacoli ninja di tutto il mondo.\nSe stai cercando un&#8217;offerta di prodotti singoli o un&#8217;intera installazione di intrattenimento per famiglie, in particolare per la prima volta, questa \u00e8 la sezione che fa per te.\nContinua a leggere per saperne di pi\u00f9 sui tipi di clienti e sui brief tipici con cui lavoriamo, su alcune sfide chiave, sui nostri processi e, naturalmente, sui risultati con le testimonianze dei principali stakeholder.  <\/p>\n<\/div>\n\n<\/div><\/div><\/section><\/div><div id=''><\/div>\t<section class=\"bg-dark py-2 py-m-3 py-l-4\">\n\t\t<div class=\"wrap\">\n\t\t\t<article>\n\t\t\t\t<div class=\"row valign\">\n\t\t\t\t\t<div class=\"col-12 col-m-6\">\n\t\t\t\t\t\t<div class=\"animation fadein fromleft\" data-onscreen=\"false\">\n\t\t\t\t\t\t\t\t\t\t\t\t\t\t\t<figure class=\"block show-m\">\n\t\t\t\t\t\t\t\t\t<img data-src=\"https:\/\/airparx.com\/wp-content\/uploads\/2024\/08\/Untitled-design.jpg\" \/>\n\t\t\t\t\t\t\t\t<\/figure>\n\t\t\t\t\t\t\t\t\t\t\t\t\t<\/div>\n\t\t\t\t\t<\/div>\n\t\t\t\t\t<div class=\"col-12 col-m-6 mt-2 mt-m-0\">\n\t\t\t\t\t\t<div class=\"animation fadein fromright\" data-onscreen=\"false\">\n\t\t\t\t\t\t\t\t\t\t\t\t\t\t\t<h2>Hupalupa &#8211; Parco mobile modulare all&#8217;aperto in Turchia<\/h2>\n<p>Dal 2021 Airparx collabora con HUPALUPA per fornire una soluzione modulare di mini air park per il suo HUPALUPA GO Festival, una versione mobile della sua offerta attuale.<\/p>\n<p>Questo concetto di design e installazione mobile \u00e8 stato rivoluzionario ed \u00e8 diventato cos\u00ec popolare per Hupalupa che Airparx ha creato una seconda unit\u00e0 per soddisfare le esigenze di un&#8217;offerta fantastica.<\/p>\n<p><a class=\"button red\" href=\"https:\/\/airparx.com\/it\/installazioni-in-evidenza\/installazione-airparx-hupalupa\/\">Vedi le installazioni in primo piano<\/a><\/p>\n\t\t\t\t\t\t\t\t\t\t\t\t\t\t\t\t<figure class=\"block hide-m\">\n\t\t\t\t\t\t\t\t\t<img data-src=\"https:\/\/airparx.com\/wp-content\/uploads\/2024\/08\/Untitled-design.jpg\" \/>\n\t\t\t\t\t\t\t\t<\/figure>\n\t\t\t\t\t\t\t\t\t\t\t\t\t<\/div>\n\t\t\t\t\t<\/div>\n\t\t\t\t<\/div>\n\t\t\t<\/article>\n\t\t<\/div>\n\t<\/section>\n\n\t<section class=\"my-2 my-m-3 my-l-4\"><div class=\"wrap\"><div class=\"row\"><div class=\"col-12\">\n\n<\/div><\/div><\/section><\/div><div id=''><\/div>\t<section class=\"my-2 my-m-3 my-l-4\">\n\t\t<div class=\"wrap\">\n\t\t\t<article>\n\t\t\t\t<div class=\"row valign\">\n\t\t\t\t\t<div class=\"col-12 col-m-6\">\n\t\t\t\t\t\t<div class=\"animation fadein fromleft\" data-onscreen=\"false\">\n\t\t\t\t\t\t\t\t\t\t\t\t\t\t\t<h2>Vertigo Fun Park &#8211; Un enorme parco gonfiabile negli Stati Uniti<\/h2>\n<p>Nel 2024, dopo due anni di lavoro, ha aperto Vertigo Fun Park, un parco gonfiabile di 895 m2 in Georgia, negli Stati Uniti.<\/p>\n<p>Inizialmente era stato progettato come un piccolo retrofit per aggiungere un gonfiabile al loro centro giochi prevalentemente soft, ma dopo molte riflessioni, il progetto si \u00e8 spostato verso un parco gonfiabile a grandezza naturale per creare qualcosa di veramente speciale.<\/p>\n<p><a class=\"button red\" href=\"https:\/\/airparx.com\/it\/installazioni-in-evidenza\/installazione-airparx-vertigo-fun-park\/\">Vedi le installazioni in primo piano<\/a><\/p>\n\t\t\t\t\t\t\t\t\t\t\t\t\t<\/div>\n\t\t\t\t\t<\/div>\n\t\t\t\t\t<div class=\"col-12 col-m-6 mt-2 mt-m-0\">\n\t\t\t\t\t\t<div class=\"animation fadein fromright\" data-onscreen=\"false\">\n\t\t\t\t\t\t\t\t\t\t\t\t\t\t\t<figure class=\"block\">\n\t\t\t\t\t\t\t\t\t<img data-src=\"https:\/\/airparx.com\/wp-content\/uploads\/2024\/08\/Untitled-design-3.png\" \/>\n\t\t\t\t\t\t\t\t<\/figure>\n\t\t\t\t\t\t\t\t\t\t\t\t\t<\/div>\n\t\t\t\t\t<\/div>\n\t\t\t\t<\/div>\n\t\t\t<\/article>\n\t\t<\/div>\n\t<\/section>\n\n\t<section class=\"my-2 my-m-3 my-l-4\"><div class=\"wrap\"><div class=\"row\"><div class=\"col-12\">\n\n<\/div><\/div><\/section><\/div><div id=''><\/div>\t<section class=\"bg-dark py-2 py-m-3 py-l-4\">\n\t\t<div class=\"wrap\">\n\t\t\t<article>\n\t\t\t\t<div class=\"row\">\n\t\t\t\t\t<div class=\"col-12 col-m-6\">\n\t\t\t\t\t\t<div class=\"animation fadein fromleft\" data-onscreen=\"false\">\n\t\t\t\t\t\t\t\t\t\t\t\t\t\t\t<figure class=\"block show-m\">\n\t\t\t\t\t\t\t\t\t<img data-src=\"https:\/\/airparx.com\/wp-content\/uploads\/2024\/09\/17.jpg\" \/>\n\t\t\t\t\t\t\t\t<\/figure>\n\t\t\t\t\t\t\t\t\t\t\t\t\t<\/div>\n\t\t\t\t\t<\/div>\n\t\t\t\t\t<div class=\"col-12 col-m-6 mt-2 mt-m-0\">\n\t\t\t\t\t\t<div class=\"animation fadein fromright\" data-onscreen=\"false\">\n\t\t\t\t\t\t\t\t\t\t\t\t\t\t\t<h2 class=\"wp-block-heading\">Play World &#8211; Area giochi morbidi per il centro ricreativo di Bracknell<\/h2>\n<p>Nel 2021, la filiale del centro ricreativo di Bracknell di Everyone Active ha individuato la necessit\u00e0 di rinnovare completamente l&#8217;offerta di giochi per bambini, dato che il sito esistente era ormai obsoleto, e di effettuare un rebrand totale.<\/p>\n<p>Airparx \u00e8 stata incaricata di progettare, produrre e installare una struttura ludica nuova e migliorata, con giochi interattivi e un&#8217;area per bambini che si rivolge a diverse fasce d&#8217;et\u00e0.<\/p>\n<p><a class=\"button red\" href=\"https:\/\/airparx.com\/it\/installazioni-in-evidenza\/installazione-di-airparx-tutti-attivi\/\">Vedi le installazioni in primo piano<\/a><\/p>\n\t\t\t\t\t\t\t\t\t\t\t\t\t\t\t\t<figure class=\"block hide-m\">\n\t\t\t\t\t\t\t\t\t<img data-src=\"https:\/\/airparx.com\/wp-content\/uploads\/2024\/09\/17.jpg\" \/>\n\t\t\t\t\t\t\t\t<\/figure>\n\t\t\t\t\t\t\t\t\t\t\t\t\t<\/div>\n\t\t\t\t\t<\/div>\n\t\t\t\t<\/div>\n\t\t\t<\/article>\n\t\t<\/div>\n\t<\/section>\n\n\t<section class=\"my-2 my-m-3 my-l-4\"><div class=\"wrap\"><div class=\"row\"><div class=\"col-12\">","protected":false},"excerpt":{"rendered":"<p>Esplora le installazioni Airparx in primo piano Approfondisci una serie di installazioni presentate da Airparx nel corso degli anni, dai parchi gonfiabili e trampolini alle aree soft play e ai percorsi ad ostacoli ninja di tutto il mondo. Se stai cercando un&#8217;offerta di prodotti singoli o un&#8217;intera installazione di intrattenimento per famiglie, in particolare per [&hellip;]<\/p>\n","protected":false},"author":1,"featured_media":6491,"parent":0,"menu_order":0,"comment_status":"closed","ping_status":"closed","template":"","meta":{"_acf_changed":false,"footnotes":""},"class_list":["post-7287","page","type-page","status-publish","has-post-thumbnail","hentry"],"acf":[],"yoast_head":"<!-- This site is optimized with the Yoast SEO Premium plugin v26.7 (Yoast SEO v27.3) - https:\/\/yoast.com\/product\/yoast-seo-premium-wordpress\/ -->\n<title>Installazioni in evidenza - Airparx<\/title>\n<meta name=\"robots\" content=\"index, follow, max-snippet:-1, max-image-preview:large, max-video-preview:-1\" \/>\n<link rel=\"canonical\" href=\"https:\/\/airparx.com\/it\/installazioni-in-evidenza\/\" \/>\n<meta property=\"og:locale\" content=\"it_IT\" \/>\n<meta property=\"og:type\" content=\"article\" \/>\n<meta property=\"og:title\" content=\"Installazioni in evidenza\" \/>\n<meta property=\"og:description\" content=\"Esplora le installazioni Airparx in primo piano Approfondisci una serie di installazioni presentate da Airparx nel corso degli anni, dai parchi gonfiabili e trampolini alle aree soft play e ai percorsi ad ostacoli ninja di tutto il mondo. Se stai cercando un&#8217;offerta di prodotti singoli o un&#8217;intera installazione di intrattenimento per famiglie, in particolare per [&hellip;]\" \/>\n<meta property=\"og:url\" content=\"https:\/\/airparx.com\/it\/installazioni-in-evidenza\/\" \/>\n<meta property=\"og:site_name\" content=\"Airparx\" \/>\n<meta property=\"article:publisher\" content=\"https:\/\/www.facebook.com\/Airparx\/\" \/>\n<meta property=\"article:modified_time\" content=\"2024-09-13T10:12:37+00:00\" \/>\n<meta property=\"og:image\" content=\"https:\/\/airparx.com\/wp-content\/uploads\/2022\/06\/IMG_1973-scaled.jpeg\" \/>\n\t<meta property=\"og:image:width\" content=\"2560\" \/>\n\t<meta property=\"og:image:height\" content=\"1920\" \/>\n\t<meta property=\"og:image:type\" content=\"image\/jpeg\" \/>\n<meta name=\"twitter:card\" content=\"summary_large_image\" \/>\n<meta name=\"twitter:label1\" content=\"Tempo di lettura stimato\" \/>\n\t<meta name=\"twitter:data1\" content=\"1 minuto\" \/>\n<script type=\"application\/ld+json\" class=\"yoast-schema-graph\">{\"@context\":\"https:\\\/\\\/schema.org\",\"@graph\":[{\"@type\":\"WebPage\",\"@id\":\"https:\\\/\\\/airparx.com\\\/it\\\/installazioni-in-evidenza\\\/\",\"url\":\"https:\\\/\\\/airparx.com\\\/it\\\/installazioni-in-evidenza\\\/\",\"name\":\"Installazioni in evidenza - Airparx\",\"isPartOf\":{\"@id\":\"https:\\\/\\\/airparx.com\\\/it\\\/#website\"},\"primaryImageOfPage\":{\"@id\":\"https:\\\/\\\/airparx.com\\\/it\\\/installazioni-in-evidenza\\\/#primaryimage\"},\"image\":{\"@id\":\"https:\\\/\\\/airparx.com\\\/it\\\/installazioni-in-evidenza\\\/#primaryimage\"},\"thumbnailUrl\":\"https:\\\/\\\/airparx.com\\\/wp-content\\\/uploads\\\/2022\\\/06\\\/IMG_1973-scaled.jpeg\",\"datePublished\":\"2022-06-15T10:40:45+00:00\",\"dateModified\":\"2024-09-13T10:12:37+00:00\",\"breadcrumb\":{\"@id\":\"https:\\\/\\\/airparx.com\\\/it\\\/installazioni-in-evidenza\\\/#breadcrumb\"},\"inLanguage\":\"it-IT\",\"potentialAction\":[{\"@type\":\"ReadAction\",\"target\":[\"https:\\\/\\\/airparx.com\\\/it\\\/installazioni-in-evidenza\\\/\"]}]},{\"@type\":\"ImageObject\",\"inLanguage\":\"it-IT\",\"@id\":\"https:\\\/\\\/airparx.com\\\/it\\\/installazioni-in-evidenza\\\/#primaryimage\",\"url\":\"https:\\\/\\\/airparx.com\\\/wp-content\\\/uploads\\\/2022\\\/06\\\/IMG_1973-scaled.jpeg\",\"contentUrl\":\"https:\\\/\\\/airparx.com\\\/wp-content\\\/uploads\\\/2022\\\/06\\\/IMG_1973-scaled.jpeg\",\"width\":2560,\"height\":1920,\"caption\":\"trampoline park and inflatable park\"},{\"@type\":\"BreadcrumbList\",\"@id\":\"https:\\\/\\\/airparx.com\\\/it\\\/installazioni-in-evidenza\\\/#breadcrumb\",\"itemListElement\":[{\"@type\":\"ListItem\",\"position\":1,\"name\":\"Home\",\"item\":\"https:\\\/\\\/airparx.com\\\/it\\\/\"},{\"@type\":\"ListItem\",\"position\":2,\"name\":\"Installazioni in evidenza\"}]},{\"@type\":\"WebSite\",\"@id\":\"https:\\\/\\\/airparx.com\\\/it\\\/#website\",\"url\":\"https:\\\/\\\/airparx.com\\\/it\\\/\",\"name\":\"Airparx\",\"description\":\"Inflatable &amp; Trampoline Park Supplier\",\"publisher\":{\"@id\":\"https:\\\/\\\/airparx.com\\\/it\\\/#organization\"},\"potentialAction\":[{\"@type\":\"SearchAction\",\"target\":{\"@type\":\"EntryPoint\",\"urlTemplate\":\"https:\\\/\\\/airparx.com\\\/it\\\/?s={search_term_string}\"},\"query-input\":{\"@type\":\"PropertyValueSpecification\",\"valueRequired\":true,\"valueName\":\"search_term_string\"}}],\"inLanguage\":\"it-IT\"},{\"@type\":\"Organization\",\"@id\":\"https:\\\/\\\/airparx.com\\\/it\\\/#organization\",\"name\":\"Airparx\",\"url\":\"https:\\\/\\\/airparx.com\\\/it\\\/\",\"logo\":{\"@type\":\"ImageObject\",\"inLanguage\":\"it-IT\",\"@id\":\"https:\\\/\\\/airparx.com\\\/it\\\/#\\\/schema\\\/logo\\\/image\\\/\",\"url\":\"https:\\\/\\\/airparx.com\\\/wp-content\\\/uploads\\\/2022\\\/06\\\/Airparx_Logo.png\",\"contentUrl\":\"https:\\\/\\\/airparx.com\\\/wp-content\\\/uploads\\\/2022\\\/06\\\/Airparx_Logo.png\",\"width\":1127,\"height\":461,\"caption\":\"Airparx\"},\"image\":{\"@id\":\"https:\\\/\\\/airparx.com\\\/it\\\/#\\\/schema\\\/logo\\\/image\\\/\"},\"sameAs\":[\"https:\\\/\\\/www.facebook.com\\\/Airparx\\\/\",\"https:\\\/\\\/www.instagram.com\\\/airparx\\\/\",\"https:\\\/\\\/www.youtube.com\\\/playlist?list=PL2LZnxdxb4eX2paMpuL0QxEvopAtGzyqY\",\"https:\\\/\\\/www.linkedin.com\\\/company\\\/airparx\\\/\"]}]}<\/script>\n<!-- \/ Yoast SEO Premium plugin. -->","yoast_head_json":{"title":"Installazioni in evidenza - Airparx","robots":{"index":"index","follow":"follow","max-snippet":"max-snippet:-1","max-image-preview":"max-image-preview:large","max-video-preview":"max-video-preview:-1"},"canonical":"https:\/\/airparx.com\/it\/installazioni-in-evidenza\/","og_locale":"it_IT","og_type":"article","og_title":"Installazioni in evidenza","og_description":"Esplora le installazioni Airparx in primo piano Approfondisci una serie di installazioni presentate da Airparx nel corso degli anni, dai parchi gonfiabili e trampolini alle aree soft play e ai percorsi ad ostacoli ninja di tutto il mondo. Se stai cercando un&#8217;offerta di prodotti singoli o un&#8217;intera installazione di intrattenimento per famiglie, in particolare per [&hellip;]","og_url":"https:\/\/airparx.com\/it\/installazioni-in-evidenza\/","og_site_name":"Airparx","article_publisher":"https:\/\/www.facebook.com\/Airparx\/","article_modified_time":"2024-09-13T10:12:37+00:00","og_image":[{"width":2560,"height":1920,"url":"https:\/\/airparx.com\/wp-content\/uploads\/2022\/06\/IMG_1973-scaled.jpeg","type":"image\/jpeg"}],"twitter_card":"summary_large_image","twitter_misc":{"Tempo di lettura stimato":"1 minuto"},"schema":{"@context":"https:\/\/schema.org","@graph":[{"@type":"WebPage","@id":"https:\/\/airparx.com\/it\/installazioni-in-evidenza\/","url":"https:\/\/airparx.com\/it\/installazioni-in-evidenza\/","name":"Installazioni in evidenza - Airparx","isPartOf":{"@id":"https:\/\/airparx.com\/it\/#website"},"primaryImageOfPage":{"@id":"https:\/\/airparx.com\/it\/installazioni-in-evidenza\/#primaryimage"},"image":{"@id":"https:\/\/airparx.com\/it\/installazioni-in-evidenza\/#primaryimage"},"thumbnailUrl":"https:\/\/airparx.com\/wp-content\/uploads\/2022\/06\/IMG_1973-scaled.jpeg","datePublished":"2022-06-15T10:40:45+00:00","dateModified":"2024-09-13T10:12:37+00:00","breadcrumb":{"@id":"https:\/\/airparx.com\/it\/installazioni-in-evidenza\/#breadcrumb"},"inLanguage":"it-IT","potentialAction":[{"@type":"ReadAction","target":["https:\/\/airparx.com\/it\/installazioni-in-evidenza\/"]}]},{"@type":"ImageObject","inLanguage":"it-IT","@id":"https:\/\/airparx.com\/it\/installazioni-in-evidenza\/#primaryimage","url":"https:\/\/airparx.com\/wp-content\/uploads\/2022\/06\/IMG_1973-scaled.jpeg","contentUrl":"https:\/\/airparx.com\/wp-content\/uploads\/2022\/06\/IMG_1973-scaled.jpeg","width":2560,"height":1920,"caption":"trampoline park and inflatable park"},{"@type":"BreadcrumbList","@id":"https:\/\/airparx.com\/it\/installazioni-in-evidenza\/#breadcrumb","itemListElement":[{"@type":"ListItem","position":1,"name":"Home","item":"https:\/\/airparx.com\/it\/"},{"@type":"ListItem","position":2,"name":"Installazioni in evidenza"}]},{"@type":"WebSite","@id":"https:\/\/airparx.com\/it\/#website","url":"https:\/\/airparx.com\/it\/","name":"Airparx","description":"Inflatable &amp; Trampoline Park Supplier","publisher":{"@id":"https:\/\/airparx.com\/it\/#organization"},"potentialAction":[{"@type":"SearchAction","target":{"@type":"EntryPoint","urlTemplate":"https:\/\/airparx.com\/it\/?s={search_term_string}"},"query-input":{"@type":"PropertyValueSpecification","valueRequired":true,"valueName":"search_term_string"}}],"inLanguage":"it-IT"},{"@type":"Organization","@id":"https:\/\/airparx.com\/it\/#organization","name":"Airparx","url":"https:\/\/airparx.com\/it\/","logo":{"@type":"ImageObject","inLanguage":"it-IT","@id":"https:\/\/airparx.com\/it\/#\/schema\/logo\/image\/","url":"https:\/\/airparx.com\/wp-content\/uploads\/2022\/06\/Airparx_Logo.png","contentUrl":"https:\/\/airparx.com\/wp-content\/uploads\/2022\/06\/Airparx_Logo.png","width":1127,"height":461,"caption":"Airparx"},"image":{"@id":"https:\/\/airparx.com\/it\/#\/schema\/logo\/image\/"},"sameAs":["https:\/\/www.facebook.com\/Airparx\/","https:\/\/www.instagram.com\/airparx\/","https:\/\/www.youtube.com\/playlist?list=PL2LZnxdxb4eX2paMpuL0QxEvopAtGzyqY","https:\/\/www.linkedin.com\/company\/airparx\/"]}]}},"_links":{"self":[{"href":"https:\/\/airparx.com\/it\/wp-json\/wp\/v2\/pages\/7287","targetHints":{"allow":["GET"]}}],"collection":[{"href":"https:\/\/airparx.com\/it\/wp-json\/wp\/v2\/pages"}],"about":[{"href":"https:\/\/airparx.com\/it\/wp-json\/wp\/v2\/types\/page"}],"author":[{"embeddable":true,"href":"https:\/\/airparx.com\/it\/wp-json\/wp\/v2\/users\/1"}],"replies":[{"embeddable":true,"href":"https:\/\/airparx.com\/it\/wp-json\/wp\/v2\/comments?post=7287"}],"version-history":[{"count":6,"href":"https:\/\/airparx.com\/it\/wp-json\/wp\/v2\/pages\/7287\/revisions"}],"predecessor-version":[{"id":9834,"href":"https:\/\/airparx.com\/it\/wp-json\/wp\/v2\/pages\/7287\/revisions\/9834"}],"wp:featuredmedia":[{"embeddable":true,"href":"https:\/\/airparx.com\/it\/wp-json\/wp\/v2\/media\/6491"}],"wp:attachment":[{"href":"https:\/\/airparx.com\/it\/wp-json\/wp\/v2\/media?parent=7287"}],"curies":[{"name":"wp","href":"https:\/\/api.w.org\/{rel}","templated":true}]}}