{"id":9676,"date":"2024-08-09T10:29:20","date_gmt":"2024-08-09T09:29:20","guid":{"rendered":"https:\/\/airparx.com\/installazioni-in-evidenza\/installazione-airparx-hupalupa\/"},"modified":"2024-09-13T09:07:59","modified_gmt":"2024-09-13T08:07:59","slug":"installazione-airparx-hupalupa","status":"publish","type":"page","link":"https:\/\/airparx.com\/it\/installazioni-in-evidenza\/installazione-airparx-hupalupa\/","title":{"rendered":"Installazione Airparx &#8211; Hupalupa"},"content":{"rendered":"<div class=\"wp-core-heading\">\n<h2 class=\"wp-block-heading\">Un parco mobile modulare all&#8217;aperto in Turchia<\/h2>\n<\/div>\n\n<div class=\"wp-core-paragraph\">\n<p><em>&#8220;Grazie ai nostri sforzi collettivi, abbiamo dato vita a due giganteschi percorsi ad ostacoli gonfiabili. Crediamo che questi parchi gonfiabili siano un ottimo esempio per tutto il mondo. Un enorme ringraziamento a tutto il team, dalle vendite all&#8217;installazione, per il loro eccezionale contributo al progetto Hupalupa Go. Airparx ha dimostrato di essere un partner straordinario&#8221;.<\/em> &#8211; Merve Sengul, Hupalupa.<\/p>\n<\/div>\n\n\n<blockquote class=\"wp-block-quote is-style-default has-medium-font-size is-layout-flow wp-block-quote-is-layout-flow\"><div class=\"wp-core-paragraph\">\n<p><\/p>\n<\/div><\/blockquote>\n\n\n<\/div><\/div><\/section><\/div><div id=''><\/div>\t<section class=\"bg-dark py-2 py-m-3 py-l-4\">\n\t\t<div class=\"wrap\">\n\t\t\t<article>\n\t\t\t\t<div class=\"row valign\">\n\t\t\t\t\t<div class=\"col-12 col-m-6\">\n\t\t\t\t\t\t<div class=\"animation fadein fromleft\" data-onscreen=\"false\">\n\t\t\t\t\t\t\t\t\t\t\t\t\t\t\t<h2>Il breve<\/h2>\n<p>  Dal 2021 Airparx collabora con HUPALUPA per fornire una soluzione modulare di mini parco aereo all&#8217;aperto per il suo HUPALUPA GO Festival, una versione mobile della sua offerta attuale.<br \/>\nHupalupa, in Turchia, offre un&#8217;esperienza unica ed emozionante ai visitatori di tutte le et\u00e0, combinando divertimento, eccitazione e avventura grazie a una destinazione con una serie di attrazioni coinvolgenti.<br \/>\nOltre a produrre e installare questo parco modulare, Airparx \u00e8 stata incaricata di progettare un&#8217;opera d&#8217;arte luminosa e vivace che rappresentasse il marchio Hupalupa.  <\/p>\n\t\t\t\t\t\t\t\t\t\t\t\t\t<\/div>\n\t\t\t\t\t<\/div>\n\t\t\t\t\t<div class=\"col-12 col-m-6 mt-2 mt-m-0\">\n\t\t\t\t\t\t<div class=\"animation fadein fromright\" data-onscreen=\"false\">\n\t\t\t\t\t\t\t\t\t\t\t\t\t\t\t<figure class=\"block\">\n\t\t\t\t\t\t\t\t\t<img data-src=\"https:\/\/airparx.com\/wp-content\/uploads\/2024\/08\/Untitled-design.png\" \/>\n\t\t\t\t\t\t\t\t<\/figure>\n\t\t\t\t\t\t\t\t\t\t\t\t\t<\/div>\n\t\t\t\t\t<\/div>\n\t\t\t\t<\/div>\n\t\t\t<\/article>\n\t\t<\/div>\n\t<\/section>\n\n\t<section class=\"my-2 my-m-3 my-l-4\"><div class=\"wrap\"><div class=\"row\"><div class=\"col-12\">\n\n<\/div><\/div><\/section><\/div><div id=''><\/div>\t<section class=\"my-2 my-m-3 my-l-4\">\n\t\t<div class=\"wrap\">\n\t\t\t<article>\n\t\t\t\t<div class=\"row valign\">\n\t\t\t\t\t<div class=\"col-12 col-m-6\">\n\t\t\t\t\t\t<div class=\"animation fadein fromleft\" data-onscreen=\"false\">\n\t\t\t\t\t\t\t\t\t\t\t\t\t\t\t<figure class=\"block show-m\">\n\t\t\t\t\t\t\t\t\t<img data-src=\"https:\/\/airparx.com\/wp-content\/uploads\/2024\/08\/1.jpg\" \/>\n\t\t\t\t\t\t\t\t<\/figure>\n\t\t\t\t\t\t\t\t\t\t\t\t\t<\/div>\n\t\t\t\t\t<\/div>\n\t\t\t\t\t<div class=\"col-12 col-m-6 mt-2 mt-m-0\">\n\t\t\t\t\t\t<div class=\"animation fadein fromright\" data-onscreen=\"false\">\n\t\t\t\t\t\t\t\t\t\t\t\t\t\t\t<h2>La sfida<\/h2>\n<p>  La sfida di questo parco modulare \u00e8 stata quella di essere mobile, cio\u00e8 di poter essere imballato e spostato facilmente in Turchia.<br \/>\nL&#8217;obiettivo principale di Airparx \u00e8 stato quello di superare i limiti del possibile e di perfezionare le misure, le dimensioni degli imballaggi, le dimensioni e il peso per un utilizzo mobile.<br \/>\nEra importante assicurarsi che il progetto fosse perfetto dal punto di vista logistico.<br \/>\nUna per una dovevano essere decise le attrazioni, il numero di moduli, le dimensioni delle unit\u00e0 e il modo in cui sarebbero state collegate tra loro.   <\/p>\n\t\t\t\t\t\t\t\t\t\t\t\t\t\t\t\t<figure class=\"block hide-m\">\n\t\t\t\t\t\t\t\t\t<img data-src=\"https:\/\/airparx.com\/wp-content\/uploads\/2024\/08\/1.jpg\" \/>\n\t\t\t\t\t\t\t\t<\/figure>\n\t\t\t\t\t\t\t\t\t\t\t\t\t<\/div>\n\t\t\t\t\t<\/div>\n\t\t\t\t<\/div>\n\t\t\t<\/article>\n\t\t<\/div>\n\t<\/section>\n\n\t<section class=\"my-2 my-m-3 my-l-4\"><div class=\"wrap\"><div class=\"row\"><div class=\"col-12\">\n\n<\/div><\/div><\/section><\/div><div id=''><\/div>\t<section class=\"bg-dark py-2 py-m-3 py-l-4\">\n\t\t<div class=\"wrap\">\n\t\t\t<article>\n\t\t\t\t<div class=\"row\">\n\t\t\t\t\t<div class=\"col-12 col-m-6\">\n\t\t\t\t\t\t<div class=\"animation fadein fromleft\" data-onscreen=\"false\">\n\t\t\t\t\t\t\t\t\t\t\t\t\t\t\t<h2>Il processo<\/h2>\n<p>  \u00c8 stato adottato un approccio collaborativo con Hupalupa, in quanto i progettisti di Airparx dovevano assicurarsi che tutte le sfide fossero discusse per soddisfare i requisiti operativi.<br \/>\nL&#8217;obiettivo era quello di offrire una gamma di attrazioni diverse che si adattassero all&#8217;et\u00e0 demografica del festival.<br \/>\nIl tempo di permanenza e l&#8217;esperienza sulle unit\u00e0 sono stati attentamente studiati per garantire che gli utenti restino in funzione abbastanza a lungo per divertirsi e abbastanza a lungo per mantenere la motivazione a tornare.<br \/>\nEssendo uno dei prodotti pi\u00f9 recenti della gamma Airparx, questo progetto \u00e8 stato assegnato al team di cucitori pi\u00f9 esperto dello stabilimento di produzione.<br \/>\nQuesto team di cucitori esperti ha prodotto oltre 180 parchi in tutto il mondo ed \u00e8 sempre pronto ad affrontare nuove sfide.    <\/p>\n\t\t\t\t\t\t\t\t\t\t\t\t\t<\/div>\n\t\t\t\t\t<\/div>\n\t\t\t\t\t<div class=\"col-12 col-m-6 mt-2 mt-m-0\">\n\t\t\t\t\t\t<div class=\"animation fadein fromright\" data-onscreen=\"false\">\n\t\t\t\t\t\t\t\t\t\t\t\t\t\t\t<figure class=\"block\">\n\t\t\t\t\t\t\t\t\t<img data-src=\"https:\/\/airparx.com\/wp-content\/uploads\/2024\/08\/2.jpg\" \/>\n\t\t\t\t\t\t\t\t<\/figure>\n\t\t\t\t\t\t\t\t\t\t\t\t\t<\/div>\n\t\t\t\t\t<\/div>\n\t\t\t\t<\/div>\n\t\t\t<\/article>\n\t\t<\/div>\n\t<\/section>\n\n\t<section class=\"my-2 my-m-3 my-l-4\"><div class=\"wrap\"><div class=\"row\"><div class=\"col-12\">\n\n<\/div><\/div><\/section><\/div><div id=''><\/div>\t<section class=\"my-2 my-m-3 my-l-4\">\n\t\t<div class=\"wrap\">\n\t\t\t<article>\n\t\t\t\t<div class=\"row\">\n\t\t\t\t\t<div class=\"col-12 col-m-6\">\n\t\t\t\t\t\t<div class=\"animation fadein fromleft\" data-onscreen=\"false\">\n\t\t\t\t\t\t\t\t\t\t\t\t\t\t\t<figure class=\"block show-m\">\n\t\t\t\t\t\t\t\t\t<img data-src=\"https:\/\/airparx.com\/wp-content\/uploads\/2024\/08\/4.jpg\" \/>\n\t\t\t\t\t\t\t\t<\/figure>\n\t\t\t\t\t\t\t\t\t\t\t\t\t<\/div>\n\t\t\t\t\t<\/div>\n\t\t\t\t\t<div class=\"col-12 col-m-6 mt-2 mt-m-0\">\n\t\t\t\t\t\t<div class=\"animation fadein fromright\" data-onscreen=\"false\">\n\t\t\t\t\t\t\t\t\t\t\t\t\t\t\t<h2>Il risultato<\/h2>\n<p>  Poich\u00e9 questo concetto di design e installazione mobile era rivoluzionario, Airparx ha inviato in Turchia un team di installazione su misura, per addestrare e testare la prima installazione e l&#8217;imballaggio.<br \/>\nIn questo modo l&#8217;installazione, il crollo e l&#8217;imballaggio sono avvenuti in ore record.<br \/>\nIl concetto di mobile per i festival \u00e8 diventato cos\u00ec popolare tra il 2021 e il 2022, quando sono stati organizzati 5 singoli festival.<br \/>\nCon l&#8217;aumento della domanda, sono aumentate anche le aspettative.<br \/>\nAirparx ha creato una seconda unit\u00e0 nel 2024 per soddisfare la domanda di una fantastica offerta.<br \/>\nScopri le nostre ultime installazioni <strong><a href=\"https:\/\/airparx.com\/it\/installazioni\/\">QUI<\/a><\/strong>     <\/p>\n\t\t\t\t\t\t\t\t\t\t\t\t\t\t\t\t<figure class=\"block hide-m\">\n\t\t\t\t\t\t\t\t\t<img data-src=\"https:\/\/airparx.com\/wp-content\/uploads\/2024\/08\/4.jpg\" \/>\n\t\t\t\t\t\t\t\t<\/figure>\n\t\t\t\t\t\t\t\t\t\t\t\t\t<\/div>\n\t\t\t\t\t<\/div>\n\t\t\t\t<\/div>\n\t\t\t<\/article>\n\t\t<\/div>\n\t<\/section>\n\n\t<section class=\"my-2 my-m-3 my-l-4\"><div class=\"wrap\"><div class=\"row\"><div class=\"col-12\">\n\n\n<div class=\"wp-block-group\"><div class=\"wp-block-group__inner-container is-layout-flow wp-block-group-is-layout-flow\">\n<section class=\"my-2 my-m-3 mt-l-4\">\n<div class=\"wrap\">\n<div class=\"row\">\n<article>\n<div class=\"col-12 col-m-7\">\n<h4>Contattaci oggi stesso!<\/h4>\n<p>Sei pronto a fare il salto di qualit\u00e0 e a portare l&#8217;emozione nella tua sede?\nNon esitare a contattarci per avere maggiori informazioni, per conoscere i prezzi o per discutere delle tue esigenze specifiche.\nIl nostro team di Airparx \u00e8 a tua disposizione per aiutarti a trasformare la tua visione in realt\u00e0.  <\/p>\n\n<div class=\"wpcf7 no-js\" id=\"wpcf7-f7365-o1\" lang=\"it-IT\" dir=\"ltr\" data-wpcf7-id=\"7365\">\n<div class=\"screen-reader-response\"><p role=\"status\" aria-live=\"polite\" aria-atomic=\"true\"><\/p> <ul><\/ul><\/div>\n<form action=\"\/it\/wp-json\/wp\/v2\/pages\/9676#wpcf7-f7365-o1\" method=\"post\" class=\"wpcf7-form init\" aria-label=\"Modulo di contatto\" novalidate=\"novalidate\" data-status=\"init\">\n<fieldset class=\"hidden-fields-container\"><input type=\"hidden\" name=\"_wpcf7\" value=\"7365\" \/><input type=\"hidden\" name=\"_wpcf7_version\" value=\"6.1.5\" \/><input type=\"hidden\" name=\"_wpcf7_locale\" value=\"it_IT\" \/><input type=\"hidden\" name=\"_wpcf7_unit_tag\" value=\"wpcf7-f7365-o1\" \/><input type=\"hidden\" name=\"_wpcf7_container_post\" value=\"0\" \/><input type=\"hidden\" name=\"_wpcf7_posted_data_hash\" value=\"\" \/><input type=\"hidden\" name=\"_wpcf7_recaptcha_response\" value=\"\" \/>\n<\/fieldset>\n<div class=\"row\">\n\t<div class=\"col-12 col-s-6\">\n\t\t<p><label for=\"Name\">Nome*<\/label><br \/>\n<span class=\"wpcf7-form-control-wrap\" data-name=\"FirstName\"><input size=\"40\" maxlength=\"400\" class=\"wpcf7-form-control wpcf7-text wpcf7-validates-as-required\" aria-required=\"true\" aria-invalid=\"false\" value=\"\" type=\"text\" name=\"FirstName\" \/><\/span>\n\t\t<\/p>\n\t<\/div>\n\t<div class=\"col-12 col-s-6\">\n\t\t<p><label for=\"Name\">Cognome*<\/label><br \/>\n<span class=\"wpcf7-form-control-wrap\" data-name=\"LastName\"><input size=\"40\" maxlength=\"400\" class=\"wpcf7-form-control wpcf7-text wpcf7-validates-as-required\" aria-required=\"true\" aria-invalid=\"false\" value=\"\" type=\"text\" name=\"LastName\" \/><\/span>\n\t\t<\/p>\n\t<\/div>\n\t<div class=\"col-12 col-s-6 mt-05 mt-s-0\">\n\t\t<p><label for=\"Email\">Indirizzo e-mail*<\/label><br \/>\n<span class=\"wpcf7-form-control-wrap\" data-name=\"Email\"><input size=\"40\" maxlength=\"400\" class=\"wpcf7-form-control wpcf7-email wpcf7-validates-as-required wpcf7-text wpcf7-validates-as-email\" aria-required=\"true\" aria-invalid=\"false\" value=\"\" type=\"email\" name=\"Email\" \/><\/span>\n\t\t<\/p>\n\t<\/div>\n<\/div>\n<div class=\"row\">\n\t<div class=\"col-12 col-s-6 mt-05 mt-s-0\">\n\t\t<p><label for=\"Company\">Nome della societ\u00e0 (facoltativo)<\/label><br \/>\n<span class=\"wpcf7-form-control-wrap\" data-name=\"Company\"><input size=\"40\" maxlength=\"400\" class=\"wpcf7-form-control wpcf7-text\" aria-invalid=\"false\" value=\"\" type=\"text\" name=\"Company\" \/><\/span>\n\t\t<\/p>\n\t<\/div>\n\t<div class=\"col-12 col-s-6\">\n\t\t<p><label for=\"Phone\">Numero di telefono (facoltativo)<\/label><br \/>\n<span class=\"wpcf7-form-control-wrap\" data-name=\"Phone\"><input size=\"40\" maxlength=\"400\" class=\"wpcf7-form-control wpcf7-tel wpcf7-text wpcf7-validates-as-tel\" aria-invalid=\"false\" value=\"\" type=\"tel\" name=\"Phone\" \/><\/span>\n\t\t<\/p>\n\t<\/div>\n<\/div>\n<div class=\"row\">\n\t<div class=\"col-12 col-s-6\">\n\t\t<p><label for=\"Country\">Paese (opzionale)<\/label><br \/>\n<span class=\"wpcf7-form-control-wrap\" data-name=\"Country\"><input size=\"40\" maxlength=\"400\" class=\"wpcf7-form-control wpcf7-text\" aria-invalid=\"false\" value=\"\" type=\"text\" name=\"Country\" \/><\/span>\n\t\t<\/p>\n\t<\/div>\n<\/div>\n<p><label for=\"Message\">Messaggio*<\/label><br \/>\n<span class=\"wpcf7-form-control-wrap\" data-name=\"Message\"><textarea cols=\"40\" rows=\"6\" maxlength=\"2000\" class=\"wpcf7-form-control wpcf7-textarea wpcf7-validates-as-required\" aria-required=\"true\" aria-invalid=\"false\" name=\"Message\"><\/textarea><\/span>\n<\/p>\n<p>Iscriviti al marketing per essere sempre aggiornato sui nostri ultimi prodotti, sulle novit\u00e0 e sulle offerte speciali.<br \/>\n<span class=\"wpcf7-form-control-wrap\" data-name=\"newsletter\"><span class=\"wpcf7-form-control wpcf7-radio\"><span class=\"wpcf7-list-item first\"><label><input type=\"radio\" name=\"newsletter\" value=\"S\u00ec\" \/><span class=\"wpcf7-list-item-label\">S\u00ec<\/span><\/label><\/span><span class=\"wpcf7-list-item last\"><label><input type=\"radio\" name=\"newsletter\" value=\"No\" checked=\"checked\" \/><span class=\"wpcf7-list-item-label\">No<\/span><\/label><\/span><\/span><\/span>\n<\/p>\n<div id=\"refer-div\">\n<\/div>\n<p><input class=\"wpcf7-form-control wpcf7-submit has-spinner button\" type=\"submit\" value=\"Invia\" \/>\n<\/p><div class=\"wpcf7-response-output\" aria-hidden=\"true\"><\/div>\n<\/form>\n<\/div>\n\n<\/div>\n<p><!--.col--><\/p>\n<div class=\"col-5 col-xl-4 pull-xl-1 show-m mt-4\">\n<div class=\"usp-list\">\n<ul>\n<li>Leader del settore<\/li>\n<li>Soluzione chiavi in mano<\/li>\n<li>Installazioni in tutto il mondo<\/li>\n<li>Prodotto in casa<\/li>\n<li>Un servizio clienti all&#8217;avanguardia  <\/li>\n<\/ul>\n<\/div>\n<p><!--.usp-list--><\/p>\n<h5 class=\"mt-2\">In alternativa chiamaci al numero<\/h5>\n<p class=\"mt-05 text-cyan\"><strong> <i class=\"fa fa-phone mr-05\" aria-hidden=\"true\"><\/i>  +44(0) 1179 414918  <\/strong><\/p>\n<\/div>\n<p><!--.col--><\/p>\n<\/article>\n<\/div>\n<p><!--.row--><\/p>\n<\/div>\n<p><!--.wrap--><\/p>\n<\/section>\n<\/div><\/div>\n","protected":false},"excerpt":{"rendered":"<p>Un parco mobile modulare all&#8217;aperto in Turchia &#8220;Grazie ai nostri sforzi collettivi, abbiamo dato vita a due giganteschi percorsi ad ostacoli gonfiabili. Crediamo che questi parchi gonfiabili siano un ottimo esempio per tutto il mondo. Un enorme ringraziamento a tutto il team, dalle vendite all&#8217;installazione, per il loro eccezionale contributo al progetto Hupalupa Go. Airparx [&hellip;]<\/p>\n","protected":false},"author":1,"featured_media":9054,"parent":7287,"menu_order":0,"comment_status":"closed","ping_status":"closed","template":"","meta":{"_acf_changed":false,"footnotes":""},"class_list":["post-9676","page","type-page","status-publish","has-post-thumbnail","hentry"],"acf":[],"yoast_head":"<!-- This site is optimized with the Yoast SEO Premium plugin v26.7 (Yoast SEO v27.3) - https:\/\/yoast.com\/product\/yoast-seo-premium-wordpress\/ -->\n<title>Installazione Airparx - Hupalupa - Airparx<\/title>\n<meta name=\"description\" content=\"Hupalupa \u00e8 un&#039;installazione Airparx. Si tratta di un concetto rivoluzionario di design mobile che offre una soluzione di parco gonfiabile modulare all&#039;aperto.\" \/>\n<meta name=\"robots\" content=\"index, follow, max-snippet:-1, max-image-preview:large, max-video-preview:-1\" \/>\n<link rel=\"canonical\" href=\"https:\/\/airparx.com\/it\/installazioni-in-evidenza\/installazione-airparx-hupalupa\/\" \/>\n<meta property=\"og:locale\" content=\"it_IT\" \/>\n<meta property=\"og:type\" content=\"article\" \/>\n<meta property=\"og:title\" content=\"Installazione Airparx - Hupalupa\" \/>\n<meta property=\"og:description\" content=\"Hupalupa \u00e8 un&#039;installazione Airparx. Si tratta di un concetto rivoluzionario di design mobile che offre una soluzione di parco gonfiabile modulare all&#039;aperto.\" \/>\n<meta property=\"og:url\" content=\"https:\/\/airparx.com\/it\/installazioni-in-evidenza\/installazione-airparx-hupalupa\/\" \/>\n<meta property=\"og:site_name\" content=\"Airparx\" \/>\n<meta property=\"article:publisher\" content=\"https:\/\/www.facebook.com\/Airparx\/\" \/>\n<meta property=\"article:modified_time\" content=\"2024-09-13T08:07:59+00:00\" \/>\n<meta property=\"og:image\" content=\"https:\/\/airparx.com\/wp-content\/uploads\/2024\/08\/event_hupalupa_banner.webp\" \/>\n\t<meta property=\"og:image:width\" content=\"1920\" \/>\n\t<meta property=\"og:image:height\" content=\"600\" \/>\n\t<meta property=\"og:image:type\" content=\"image\/webp\" \/>\n<meta name=\"twitter:card\" content=\"summary_large_image\" \/>\n<meta name=\"twitter:label1\" content=\"Tempo di lettura stimato\" \/>\n\t<meta name=\"twitter:data1\" content=\"1 minuto\" \/>\n<script type=\"application\/ld+json\" class=\"yoast-schema-graph\">{\"@context\":\"https:\\\/\\\/schema.org\",\"@graph\":[{\"@type\":\"WebPage\",\"@id\":\"https:\\\/\\\/airparx.com\\\/it\\\/installazioni-in-evidenza\\\/installazione-airparx-hupalupa\\\/\",\"url\":\"https:\\\/\\\/airparx.com\\\/it\\\/installazioni-in-evidenza\\\/installazione-airparx-hupalupa\\\/\",\"name\":\"Installazione Airparx - Hupalupa - Airparx\",\"isPartOf\":{\"@id\":\"https:\\\/\\\/airparx.com\\\/it\\\/#website\"},\"primaryImageOfPage\":{\"@id\":\"https:\\\/\\\/airparx.com\\\/it\\\/installazioni-in-evidenza\\\/installazione-airparx-hupalupa\\\/#primaryimage\"},\"image\":{\"@id\":\"https:\\\/\\\/airparx.com\\\/it\\\/installazioni-in-evidenza\\\/installazione-airparx-hupalupa\\\/#primaryimage\"},\"thumbnailUrl\":\"https:\\\/\\\/airparx.com\\\/wp-content\\\/uploads\\\/2024\\\/08\\\/event_hupalupa_banner.webp\",\"datePublished\":\"2024-08-09T09:29:20+00:00\",\"dateModified\":\"2024-09-13T08:07:59+00:00\",\"description\":\"Hupalupa \u00e8 un'installazione Airparx. Si tratta di un concetto rivoluzionario di design mobile che offre una soluzione di parco gonfiabile modulare all'aperto.\",\"breadcrumb\":{\"@id\":\"https:\\\/\\\/airparx.com\\\/it\\\/installazioni-in-evidenza\\\/installazione-airparx-hupalupa\\\/#breadcrumb\"},\"inLanguage\":\"it-IT\",\"potentialAction\":[{\"@type\":\"ReadAction\",\"target\":[\"https:\\\/\\\/airparx.com\\\/it\\\/installazioni-in-evidenza\\\/installazione-airparx-hupalupa\\\/\"]}]},{\"@type\":\"ImageObject\",\"inLanguage\":\"it-IT\",\"@id\":\"https:\\\/\\\/airparx.com\\\/it\\\/installazioni-in-evidenza\\\/installazione-airparx-hupalupa\\\/#primaryimage\",\"url\":\"https:\\\/\\\/airparx.com\\\/wp-content\\\/uploads\\\/2024\\\/08\\\/event_hupalupa_banner.webp\",\"contentUrl\":\"https:\\\/\\\/airparx.com\\\/wp-content\\\/uploads\\\/2024\\\/08\\\/event_hupalupa_banner.webp\",\"width\":1920,\"height\":600,\"caption\":\"HUPALUPA - Turkey\"},{\"@type\":\"BreadcrumbList\",\"@id\":\"https:\\\/\\\/airparx.com\\\/it\\\/installazioni-in-evidenza\\\/installazione-airparx-hupalupa\\\/#breadcrumb\",\"itemListElement\":[{\"@type\":\"ListItem\",\"position\":1,\"name\":\"Home\",\"item\":\"https:\\\/\\\/airparx.com\\\/it\\\/\"},{\"@type\":\"ListItem\",\"position\":2,\"name\":\"Installazioni in evidenza\",\"item\":\"https:\\\/\\\/airparx.com\\\/it\\\/installazioni-in-evidenza\\\/\"},{\"@type\":\"ListItem\",\"position\":3,\"name\":\"Installazione Airparx &#8211; Hupalupa\"}]},{\"@type\":\"WebSite\",\"@id\":\"https:\\\/\\\/airparx.com\\\/it\\\/#website\",\"url\":\"https:\\\/\\\/airparx.com\\\/it\\\/\",\"name\":\"Airparx\",\"description\":\"Inflatable &amp; Trampoline Park Supplier\",\"publisher\":{\"@id\":\"https:\\\/\\\/airparx.com\\\/it\\\/#organization\"},\"potentialAction\":[{\"@type\":\"SearchAction\",\"target\":{\"@type\":\"EntryPoint\",\"urlTemplate\":\"https:\\\/\\\/airparx.com\\\/it\\\/?s={search_term_string}\"},\"query-input\":{\"@type\":\"PropertyValueSpecification\",\"valueRequired\":true,\"valueName\":\"search_term_string\"}}],\"inLanguage\":\"it-IT\"},{\"@type\":\"Organization\",\"@id\":\"https:\\\/\\\/airparx.com\\\/it\\\/#organization\",\"name\":\"Airparx\",\"url\":\"https:\\\/\\\/airparx.com\\\/it\\\/\",\"logo\":{\"@type\":\"ImageObject\",\"inLanguage\":\"it-IT\",\"@id\":\"https:\\\/\\\/airparx.com\\\/it\\\/#\\\/schema\\\/logo\\\/image\\\/\",\"url\":\"https:\\\/\\\/airparx.com\\\/wp-content\\\/uploads\\\/2022\\\/06\\\/Airparx_Logo.png\",\"contentUrl\":\"https:\\\/\\\/airparx.com\\\/wp-content\\\/uploads\\\/2022\\\/06\\\/Airparx_Logo.png\",\"width\":1127,\"height\":461,\"caption\":\"Airparx\"},\"image\":{\"@id\":\"https:\\\/\\\/airparx.com\\\/it\\\/#\\\/schema\\\/logo\\\/image\\\/\"},\"sameAs\":[\"https:\\\/\\\/www.facebook.com\\\/Airparx\\\/\",\"https:\\\/\\\/www.instagram.com\\\/airparx\\\/\",\"https:\\\/\\\/www.youtube.com\\\/playlist?list=PL2LZnxdxb4eX2paMpuL0QxEvopAtGzyqY\",\"https:\\\/\\\/www.linkedin.com\\\/company\\\/airparx\\\/\"]}]}<\/script>\n<!-- \/ Yoast SEO Premium plugin. -->","yoast_head_json":{"title":"Installazione Airparx - Hupalupa - Airparx","description":"Hupalupa \u00e8 un'installazione Airparx. Si tratta di un concetto rivoluzionario di design mobile che offre una soluzione di parco gonfiabile modulare all'aperto.","robots":{"index":"index","follow":"follow","max-snippet":"max-snippet:-1","max-image-preview":"max-image-preview:large","max-video-preview":"max-video-preview:-1"},"canonical":"https:\/\/airparx.com\/it\/installazioni-in-evidenza\/installazione-airparx-hupalupa\/","og_locale":"it_IT","og_type":"article","og_title":"Installazione Airparx - Hupalupa","og_description":"Hupalupa \u00e8 un'installazione Airparx. Si tratta di un concetto rivoluzionario di design mobile che offre una soluzione di parco gonfiabile modulare all'aperto.","og_url":"https:\/\/airparx.com\/it\/installazioni-in-evidenza\/installazione-airparx-hupalupa\/","og_site_name":"Airparx","article_publisher":"https:\/\/www.facebook.com\/Airparx\/","article_modified_time":"2024-09-13T08:07:59+00:00","og_image":[{"width":1920,"height":600,"url":"https:\/\/airparx.com\/wp-content\/uploads\/2024\/08\/event_hupalupa_banner.webp","type":"image\/webp"}],"twitter_card":"summary_large_image","twitter_misc":{"Tempo di lettura stimato":"1 minuto"},"schema":{"@context":"https:\/\/schema.org","@graph":[{"@type":"WebPage","@id":"https:\/\/airparx.com\/it\/installazioni-in-evidenza\/installazione-airparx-hupalupa\/","url":"https:\/\/airparx.com\/it\/installazioni-in-evidenza\/installazione-airparx-hupalupa\/","name":"Installazione Airparx - Hupalupa - Airparx","isPartOf":{"@id":"https:\/\/airparx.com\/it\/#website"},"primaryImageOfPage":{"@id":"https:\/\/airparx.com\/it\/installazioni-in-evidenza\/installazione-airparx-hupalupa\/#primaryimage"},"image":{"@id":"https:\/\/airparx.com\/it\/installazioni-in-evidenza\/installazione-airparx-hupalupa\/#primaryimage"},"thumbnailUrl":"https:\/\/airparx.com\/wp-content\/uploads\/2024\/08\/event_hupalupa_banner.webp","datePublished":"2024-08-09T09:29:20+00:00","dateModified":"2024-09-13T08:07:59+00:00","description":"Hupalupa \u00e8 un'installazione Airparx. Si tratta di un concetto rivoluzionario di design mobile che offre una soluzione di parco gonfiabile modulare all'aperto.","breadcrumb":{"@id":"https:\/\/airparx.com\/it\/installazioni-in-evidenza\/installazione-airparx-hupalupa\/#breadcrumb"},"inLanguage":"it-IT","potentialAction":[{"@type":"ReadAction","target":["https:\/\/airparx.com\/it\/installazioni-in-evidenza\/installazione-airparx-hupalupa\/"]}]},{"@type":"ImageObject","inLanguage":"it-IT","@id":"https:\/\/airparx.com\/it\/installazioni-in-evidenza\/installazione-airparx-hupalupa\/#primaryimage","url":"https:\/\/airparx.com\/wp-content\/uploads\/2024\/08\/event_hupalupa_banner.webp","contentUrl":"https:\/\/airparx.com\/wp-content\/uploads\/2024\/08\/event_hupalupa_banner.webp","width":1920,"height":600,"caption":"HUPALUPA - Turkey"},{"@type":"BreadcrumbList","@id":"https:\/\/airparx.com\/it\/installazioni-in-evidenza\/installazione-airparx-hupalupa\/#breadcrumb","itemListElement":[{"@type":"ListItem","position":1,"name":"Home","item":"https:\/\/airparx.com\/it\/"},{"@type":"ListItem","position":2,"name":"Installazioni in evidenza","item":"https:\/\/airparx.com\/it\/installazioni-in-evidenza\/"},{"@type":"ListItem","position":3,"name":"Installazione Airparx &#8211; Hupalupa"}]},{"@type":"WebSite","@id":"https:\/\/airparx.com\/it\/#website","url":"https:\/\/airparx.com\/it\/","name":"Airparx","description":"Inflatable &amp; Trampoline Park Supplier","publisher":{"@id":"https:\/\/airparx.com\/it\/#organization"},"potentialAction":[{"@type":"SearchAction","target":{"@type":"EntryPoint","urlTemplate":"https:\/\/airparx.com\/it\/?s={search_term_string}"},"query-input":{"@type":"PropertyValueSpecification","valueRequired":true,"valueName":"search_term_string"}}],"inLanguage":"it-IT"},{"@type":"Organization","@id":"https:\/\/airparx.com\/it\/#organization","name":"Airparx","url":"https:\/\/airparx.com\/it\/","logo":{"@type":"ImageObject","inLanguage":"it-IT","@id":"https:\/\/airparx.com\/it\/#\/schema\/logo\/image\/","url":"https:\/\/airparx.com\/wp-content\/uploads\/2022\/06\/Airparx_Logo.png","contentUrl":"https:\/\/airparx.com\/wp-content\/uploads\/2022\/06\/Airparx_Logo.png","width":1127,"height":461,"caption":"Airparx"},"image":{"@id":"https:\/\/airparx.com\/it\/#\/schema\/logo\/image\/"},"sameAs":["https:\/\/www.facebook.com\/Airparx\/","https:\/\/www.instagram.com\/airparx\/","https:\/\/www.youtube.com\/playlist?list=PL2LZnxdxb4eX2paMpuL0QxEvopAtGzyqY","https:\/\/www.linkedin.com\/company\/airparx\/"]}]}},"_links":{"self":[{"href":"https:\/\/airparx.com\/it\/wp-json\/wp\/v2\/pages\/9676","targetHints":{"allow":["GET"]}}],"collection":[{"href":"https:\/\/airparx.com\/it\/wp-json\/wp\/v2\/pages"}],"about":[{"href":"https:\/\/airparx.com\/it\/wp-json\/wp\/v2\/types\/page"}],"author":[{"embeddable":true,"href":"https:\/\/airparx.com\/it\/wp-json\/wp\/v2\/users\/1"}],"replies":[{"embeddable":true,"href":"https:\/\/airparx.com\/it\/wp-json\/wp\/v2\/comments?post=9676"}],"version-history":[{"count":2,"href":"https:\/\/airparx.com\/it\/wp-json\/wp\/v2\/pages\/9676\/revisions"}],"predecessor-version":[{"id":9801,"href":"https:\/\/airparx.com\/it\/wp-json\/wp\/v2\/pages\/9676\/revisions\/9801"}],"up":[{"embeddable":true,"href":"https:\/\/airparx.com\/it\/wp-json\/wp\/v2\/pages\/7287"}],"wp:featuredmedia":[{"embeddable":true,"href":"https:\/\/airparx.com\/it\/wp-json\/wp\/v2\/media\/9054"}],"wp:attachment":[{"href":"https:\/\/airparx.com\/it\/wp-json\/wp\/v2\/media?parent=9676"}],"curies":[{"name":"wp","href":"https:\/\/api.w.org\/{rel}","templated":true}]}}