{"id":9714,"date":"2024-08-28T08:38:53","date_gmt":"2024-08-28T07:38:53","guid":{"rendered":"https:\/\/airparx.com\/accademia-di-formazione-airparx-powered-by-kidztivity\/"},"modified":"2024-09-19T10:34:08","modified_gmt":"2024-09-19T09:34:08","slug":"accademia-di-formazione-airparx-powered-by-kidztivity","status":"publish","type":"page","link":"https:\/\/airparx.com\/it\/accademia-di-formazione-airparx-powered-by-kidztivity\/","title":{"rendered":"Accademia di formazione Airparx, Powered by Kidztivity"},"content":{"rendered":"\n<div class=\"wp-block-columns is-layout-flex wp-container-core-columns-is-layout-9d6595d7 wp-block-columns-is-layout-flex\">\n<div class=\"wp-block-column is-layout-flow wp-block-column-is-layout-flow\"><div class=\"wp-core-paragraph\">\n<p>Airparx ha stretto una partnership con Kidztivity per offrire ai Centri di Intrattenimento Familiare la Airparx Training Academy.\nKidztivity si occuper\u00e0 di fornire ai Centri di Intrattenimento Familiare una formazione leader a livello mondiale, sia durante l&#8217;installazione di nuovi prodotti, sia per coinvolgere nuovamente i team che lavorano con le attrezzature esistenti. <\/p>\n<\/div><\/div>\n<\/div>\n<\/div><\/div><\/section><\/div><div id=''><\/div>\t<section class=\"bg-scuro py-2 py-m-3 py-l-4\">\n\t\t<div class=\"wrap\">\n\t\t\t<article>\n\t\t\t\t<div class=\"row valign\">\n\t\t\t\t\t<div class=\"col-12 col-m-6\">\n\t\t\t\t\t\t<div class=\"animation fadein fromleft\" data-onscreen=\"false\">\n\t\t\t\t\t\t\t\t\t\t\t\t\t\t\t<h2><b>Chi sono i Kidztivity?<\/b><\/h2>\n<p><a href=\"https:\/\/kidztivity.com\"><strong>Kidztivity<\/strong><\/a> sono specialisti di attivit\u00e0 per bambini all&#8217;avanguardia nell&#8217;innovazione delle attivit\u00e0 per bambini.<br \/>\nOffrono formazione, consulenza e sviluppo di programmi riconosciuti dall&#8217;industria, grazie a oltre 25 anni di esperienza nel settore.<br \/>\nIn linea con i valori di Airparx, Kidztivity si impegna a fornire soluzioni di livello mondiale che ispirino e coinvolgano le giovani menti, promuovendo l&#8217;amore per l&#8217;attivit\u00e0 fisica e lo sport per tutta la vita.  <\/p>\n\t\t\t\t\t\t\t\t\t\t\t\t\t<\/div>\n\t\t\t\t\t<\/div>\n\t\t\t\t\t<div class=\"col-12 col-m-6 mt-2 mt-m-0\">\n\t\t\t\t\t\t<div class=\"animation fadein fromright\" data-onscreen=\"false\">\n\t\t\t\t\t\t\t\t\t\t\t\t\t\t\t<figure class=\"block\">\n\t\t\t\t\t\t\t\t\t<img data-src=\"https:\/\/airparx.com\/wp-content\/uploads\/2024\/08\/16.png\" \/>\n\t\t\t\t\t\t\t\t<\/figure>\n\t\t\t\t\t\t\t\t\t\t\t\t\t<\/div>\n\t\t\t\t\t<\/div>\n\t\t\t\t<\/div>\n\t\t\t<\/article>\n\t\t<\/div>\n\t<\/section>\n\n\t<section class=\"my-2 my-m-3 my-l-4\"><div class=\"wrap\"><div class=\"row\"><div class=\"col-12\"><\/div><\/div><\/section><\/div><div id=''><\/div>\t<section class=\"my-2 my-m-3 my-l-4\">\n\t\t<div class=\"wrap\">\n\t\t\t<article>\n\t\t\t\t<div class=\"row valign\">\n\t\t\t\t\t<div class=\"col-12 col-m-6\">\n\t\t\t\t\t\t<div class=\"animation fadein fromleft\" data-onscreen=\"false\">\n\t\t\t\t\t\t\t\t\t\t\t\t\t\t\t<figure class=\"block show-m\">\n\t\t\t\t\t\t\t\t\t<img data-src=\"https:\/\/airparx.com\/wp-content\/uploads\/2024\/08\/Airparx-Website-Images.png\" \/>\n\t\t\t\t\t\t\t\t<\/figure>\n\t\t\t\t\t\t\t\t\t\t\t\t\t<\/div>\n\t\t\t\t\t<\/div>\n\t\t\t\t\t<div class=\"col-12 col-m-6 mt-2 mt-m-0\">\n\t\t\t\t\t\t<div class=\"animation fadein fromright\" data-onscreen=\"false\">\n\t\t\t\t\t\t\t\t\t\t\t\t\t\t\t<h2>Kidztivity in collaborazione con Airparx<\/h2>\n<p>  L&#8217;Accademia di formazione Airparx, promossa da Kidztivity, si concentrer\u00e0 sull&#8217;erogazione di formazione leader a livello mondiale ai FEC sia durante l&#8217;installazione di nuovi prodotti sia per coinvolgere nuovamente i team che lavorano con le attrezzature esistenti.<br \/>\nQuesta partnership offre ai clienti Airparx una serie esclusiva di webinar gratuiti, oltre a offerte sui servizi di istruzione e formazione.<br \/>\nI clienti Airparx esistenti hanno ora accesso a sconti esclusivi e i nuovi clienti potranno beneficiare della formazione nell&#8217;ambito di nuovi pacchetti di installazione che mirano a migliorare l&#8217;esperienza complessiva sia degli operatori che dei loro clienti.  <\/p>\n\t\t\t\t\t\t\t\t\t\t\t\t\t\t\t\t<figure class=\"block hide-m\">\n\t\t\t\t\t\t\t\t\t<img data-src=\"https:\/\/airparx.com\/wp-content\/uploads\/2024\/08\/Airparx-Website-Images.png\" \/>\n\t\t\t\t\t\t\t\t<\/figure>\n\t\t\t\t\t\t\t\t\t\t\t\t\t<\/div>\n\t\t\t\t\t<\/div>\n\t\t\t\t<\/div>\n\t\t\t<\/article>\n\t\t<\/div>\n\t<\/section>\n\n\t<section class=\"my-2 my-m-3 my-l-4\"><div class=\"wrap\"><div class=\"row\"><div class=\"col-12\"><\/div><\/div><\/section><\/div><div id=''><\/div>\t<section class=\"bg-scuro py-2 py-m-3 py-l-4\">\n\t\t<div class=\"wrap\">\n\t\t\t<article>\n\t\t\t\t<div class=\"row valign\">\n\t\t\t\t\t<div class=\"col-12 col-m-6\">\n\t\t\t\t\t\t<div class=\"animation fadein fromleft\" data-onscreen=\"false\">\n\t\t\t\t\t\t\t\t\t\t\t\t\t\t\t<h2><b>Webinar di Kidztivity<\/b><\/h2>\n<p>  Il primo dei webinar interattivi, che si terr\u00e0 il 30 settembre alle 14:00 GMT, esaminer\u00e0 i passi necessari per lanciare e gestire campi vacanze unici all&#8217;interno dei FEC.<br \/>\nVerranno presentate delle semplici guide &#8220;fatte apposta per te&#8221; per incrementare le entrate e le visite ripetute e favorire la crescita dell&#8217;attivit\u00e0.<br \/>\nLa seconda, il 3 ottobre alle 14:00 GMT, sar\u00e0 un&#8217;introduzione al miglioramento del coinvolgimento tra i team di attivit\u00e0, i bambini e le famiglie, e tratter\u00e0 di conversazione, gestione delle situazioni difficili, presentazione delle attrezzature e gestione di mini sfide.  <\/p>\n\t\t\t\t\t\t\t\t\t\t\t\t\t<\/div>\n\t\t\t\t\t<\/div>\n\t\t\t\t\t<div class=\"col-12 col-m-6 mt-2 mt-m-0\">\n\t\t\t\t\t\t<div class=\"animation fadein fromright\" data-onscreen=\"false\">\n\t\t\t\t\t\t\t\t\t\t\t\t\t\t\t<figure class=\"block\">\n\t\t\t\t\t\t\t\t\t<img data-src=\"https:\/\/airparx.com\/wp-content\/uploads\/2024\/08\/15.png\" \/>\n\t\t\t\t\t\t\t\t<\/figure>\n\t\t\t\t\t\t\t\t\t\t\t\t\t<\/div>\n\t\t\t\t\t<\/div>\n\t\t\t\t<\/div>\n\t\t\t<\/article>\n\t\t<\/div>\n\t<\/section>\n\n\t<section class=\"my-2 my-m-3 my-l-4\"><div class=\"wrap\"><div class=\"row\"><div class=\"col-12\"><div class=\"wp-core-heading\">\n<h2 class=\"wp-block-heading\">Iscriviti oggi stesso!<\/h2>\n<\/div><div class=\"wp-core-paragraph\">\n<p>Webinar 1: 30 settembre 2024, ore 14:00 GMT<\/p>\n<\/div><div class=\"wp-core-paragraph\">\n<p>Aumentare le entrate con i campi vacanze: un&#8217;introduzione al lancio dei campi vacanze all&#8217;interno del tuo FEC<\/p>\n<\/div><div class=\"wp-core-paragraph\">\n<p>Iscriviti <a href=\"https:\/\/zoom.us\/webinar\/register\/WN_kR6z5xvdQAK5w-OuELdOVw#\/registration\"><strong>QUI<\/strong><\/a><\/p>\n<\/div><div class=\"wp-core-paragraph\">\n<p>Webinar 2: 3 ottobre 2024, ore 14:00 GMT<\/p>\n<\/div><div class=\"wp-core-paragraph\">\n<p>Migliora il tuo coinvolgimento dei clienti &#8211; un&#8217;introduzione per coinvolgere meglio bambini e famiglie con il tuo FEC<\/p>\n<\/div><div class=\"wp-core-paragraph\">\n<p>Iscriviti <a href=\"https:\/\/zoom.us\/webinar\/register\/WN_JpqQiQEIRrOvVcrKtnvS3A#\/registration\"><strong>QUI<\/strong><\/a><\/p>\n<\/div>\n<div class=\"wp-block-group\"><div class=\"wp-block-group__inner-container is-layout-flow wp-block-group-is-layout-flow\">\n<section class=\"my-2 my-m-3 mt-l-4\">\n<div class=\"wrap\">\n<div class=\"row\">\n<article>\n<div class=\"col-12 col-m-7\">\n<h4>Contattaci oggi stesso!<\/h4>\n<p>Sei pronto a fare il salto di qualit\u00e0 e a portare l&#8217;emozione nella tua sede?\nNon esitare a contattarci per avere maggiori informazioni, per conoscere i prezzi o per discutere delle tue esigenze specifiche.\nIl nostro team di Airparx \u00e8 a tua disposizione per aiutarti a trasformare la tua visione in realt\u00e0.  <\/p>\n\n<div class=\"wpcf7 no-js\" id=\"wpcf7-f7365-o1\" lang=\"it-IT\" dir=\"ltr\" data-wpcf7-id=\"7365\">\n<div class=\"screen-reader-response\"><p role=\"status\" aria-live=\"polite\" aria-atomic=\"true\"><\/p> <ul><\/ul><\/div>\n<form action=\"\/it\/wp-json\/wp\/v2\/pages\/9714#wpcf7-f7365-o1\" method=\"post\" class=\"wpcf7-form init\" aria-label=\"Modulo di contatto\" novalidate=\"novalidate\" data-status=\"init\">\n<fieldset class=\"hidden-fields-container\"><input type=\"hidden\" name=\"_wpcf7\" value=\"7365\" \/><input type=\"hidden\" name=\"_wpcf7_version\" value=\"6.1.5\" \/><input type=\"hidden\" name=\"_wpcf7_locale\" value=\"it_IT\" \/><input type=\"hidden\" name=\"_wpcf7_unit_tag\" value=\"wpcf7-f7365-o1\" \/><input type=\"hidden\" name=\"_wpcf7_container_post\" value=\"0\" \/><input type=\"hidden\" name=\"_wpcf7_posted_data_hash\" value=\"\" \/><input type=\"hidden\" name=\"_wpcf7_recaptcha_response\" value=\"\" \/>\n<\/fieldset>\n<div class=\"row\">\n\t<div class=\"col-12 col-s-6\">\n\t\t<p><label for=\"Name\">Nome*<\/label><br \/>\n<span class=\"wpcf7-form-control-wrap\" data-name=\"FirstName\"><input size=\"40\" maxlength=\"400\" class=\"wpcf7-form-control wpcf7-text wpcf7-validates-as-required\" aria-required=\"true\" aria-invalid=\"false\" value=\"\" type=\"text\" name=\"FirstName\" \/><\/span>\n\t\t<\/p>\n\t<\/div>\n\t<div class=\"col-12 col-s-6\">\n\t\t<p><label for=\"Name\">Cognome*<\/label><br \/>\n<span class=\"wpcf7-form-control-wrap\" data-name=\"LastName\"><input size=\"40\" maxlength=\"400\" class=\"wpcf7-form-control wpcf7-text wpcf7-validates-as-required\" aria-required=\"true\" aria-invalid=\"false\" value=\"\" type=\"text\" name=\"LastName\" \/><\/span>\n\t\t<\/p>\n\t<\/div>\n\t<div class=\"col-12 col-s-6 mt-05 mt-s-0\">\n\t\t<p><label for=\"Email\">Indirizzo e-mail*<\/label><br \/>\n<span class=\"wpcf7-form-control-wrap\" data-name=\"Email\"><input size=\"40\" maxlength=\"400\" class=\"wpcf7-form-control wpcf7-email wpcf7-validates-as-required wpcf7-text wpcf7-validates-as-email\" aria-required=\"true\" aria-invalid=\"false\" value=\"\" type=\"email\" name=\"Email\" \/><\/span>\n\t\t<\/p>\n\t<\/div>\n<\/div>\n<div class=\"row\">\n\t<div class=\"col-12 col-s-6 mt-05 mt-s-0\">\n\t\t<p><label for=\"Company\">Nome della societ\u00e0 (facoltativo)<\/label><br \/>\n<span class=\"wpcf7-form-control-wrap\" data-name=\"Company\"><input size=\"40\" maxlength=\"400\" class=\"wpcf7-form-control wpcf7-text\" aria-invalid=\"false\" value=\"\" type=\"text\" name=\"Company\" \/><\/span>\n\t\t<\/p>\n\t<\/div>\n\t<div class=\"col-12 col-s-6\">\n\t\t<p><label for=\"Phone\">Numero di telefono (facoltativo)<\/label><br \/>\n<span class=\"wpcf7-form-control-wrap\" data-name=\"Phone\"><input size=\"40\" maxlength=\"400\" class=\"wpcf7-form-control wpcf7-tel wpcf7-text wpcf7-validates-as-tel\" aria-invalid=\"false\" value=\"\" type=\"tel\" name=\"Phone\" \/><\/span>\n\t\t<\/p>\n\t<\/div>\n<\/div>\n<div class=\"row\">\n\t<div class=\"col-12 col-s-6\">\n\t\t<p><label for=\"Country\">Paese (opzionale)<\/label><br \/>\n<span class=\"wpcf7-form-control-wrap\" data-name=\"Country\"><input size=\"40\" maxlength=\"400\" class=\"wpcf7-form-control wpcf7-text\" aria-invalid=\"false\" value=\"\" type=\"text\" name=\"Country\" \/><\/span>\n\t\t<\/p>\n\t<\/div>\n<\/div>\n<p><label for=\"Message\">Messaggio*<\/label><br \/>\n<span class=\"wpcf7-form-control-wrap\" data-name=\"Message\"><textarea cols=\"40\" rows=\"6\" maxlength=\"2000\" class=\"wpcf7-form-control wpcf7-textarea wpcf7-validates-as-required\" aria-required=\"true\" aria-invalid=\"false\" name=\"Message\"><\/textarea><\/span>\n<\/p>\n<p>Iscriviti al marketing per essere sempre aggiornato sui nostri ultimi prodotti, sulle novit\u00e0 e sulle offerte speciali.<br \/>\n<span class=\"wpcf7-form-control-wrap\" data-name=\"newsletter\"><span class=\"wpcf7-form-control wpcf7-radio\"><span class=\"wpcf7-list-item first\"><label><input type=\"radio\" name=\"newsletter\" value=\"S\u00ec\" \/><span class=\"wpcf7-list-item-label\">S\u00ec<\/span><\/label><\/span><span class=\"wpcf7-list-item last\"><label><input type=\"radio\" name=\"newsletter\" value=\"No\" checked=\"checked\" \/><span class=\"wpcf7-list-item-label\">No<\/span><\/label><\/span><\/span><\/span>\n<\/p>\n<div id=\"refer-div\">\n<\/div>\n<p><input class=\"wpcf7-form-control wpcf7-submit has-spinner button\" type=\"submit\" value=\"Invia\" \/>\n<\/p><div class=\"wpcf7-response-output\" aria-hidden=\"true\"><\/div>\n<\/form>\n<\/div>\n\n<\/div>\n<p><!--.col--><\/p>\n<div class=\"col-5 col-xl-4 pull-xl-1 show-m mt-4\">\n<div class=\"usp-list\">\n<ul>\n<li>Leader del settore<\/li>\n<li>Soluzione chiavi in mano<\/li>\n<li>Installazioni in tutto il mondo<\/li>\n<li>Prodotto in casa<\/li>\n<li>Un servizio clienti all&#8217;avanguardia  <\/li>\n<\/ul>\n<\/div>\n<p><!--.usp-list--><\/p>\n<h5 class=\"mt-2\">In alternativa chiamaci al numero<\/h5>\n<p class=\"mt-05 text-cyan\"><strong> <i class=\"fa fa-phone mr-05\" aria-hidden=\"true\"><\/i>  +44(0) 1179 414918  <\/strong><\/p>\n<\/div>\n<p><!--.col--><\/p>\n<\/article>\n<\/div>\n<p><!--.row--><\/p>\n<\/div>\n<p><!--.wrap--><\/p>\n<\/section>\n<\/div><\/div>\n","protected":false},"excerpt":{"rendered":"<p>Airparx ha stretto una partnership con Kidztivity per offrire ai Centri di Intrattenimento Familiare la Airparx Training Academy. Kidztivity si occuper\u00e0 di fornire ai Centri di Intrattenimento Familiare una formazione leader a livello mondiale, sia durante l&#8217;installazione di nuovi prodotti, sia per coinvolgere nuovamente i team che lavorano con le attrezzature esistenti. Iscriviti oggi stesso! [&hellip;]<\/p>\n","protected":false},"author":1,"featured_media":9353,"parent":0,"menu_order":0,"comment_status":"closed","ping_status":"closed","template":"","meta":{"_acf_changed":false,"footnotes":""},"class_list":["post-9714","page","type-page","status-publish","has-post-thumbnail","hentry"],"acf":[],"yoast_head":"<!-- This site is optimized with the Yoast SEO Premium plugin v26.7 (Yoast SEO v27.3) - https:\/\/yoast.com\/product\/yoast-seo-premium-wordpress\/ -->\n<title>Accademia di formazione Airparx, Powered by Kidztivity - Airparx<\/title>\n<meta name=\"description\" content=\"Airparx collabora con Kidztivity, specialista in attivit\u00e0 per bambini, per offrire ai centri di intrattenimento per famiglie l&#039;Accademia di formazione Airparx.\" \/>\n<meta name=\"robots\" content=\"index, follow, max-snippet:-1, max-image-preview:large, max-video-preview:-1\" \/>\n<link rel=\"canonical\" href=\"https:\/\/airparx.com\/it\/accademia-di-formazione-airparx-powered-by-kidztivity\/\" \/>\n<meta property=\"og:locale\" content=\"it_IT\" \/>\n<meta property=\"og:type\" content=\"article\" \/>\n<meta property=\"og:title\" content=\"Accademia di formazione Airparx, Powered by Kidztivity\" \/>\n<meta property=\"og:description\" content=\"Airparx collabora con Kidztivity, specialista in attivit\u00e0 per bambini, per offrire ai centri di intrattenimento per famiglie l&#039;Accademia di formazione Airparx.\" \/>\n<meta property=\"og:url\" content=\"https:\/\/airparx.com\/it\/accademia-di-formazione-airparx-powered-by-kidztivity\/\" \/>\n<meta property=\"og:site_name\" content=\"Airparx\" \/>\n<meta property=\"article:publisher\" content=\"https:\/\/www.facebook.com\/Airparx\/\" \/>\n<meta property=\"article:modified_time\" content=\"2024-09-19T09:34:08+00:00\" \/>\n<meta property=\"og:image\" content=\"https:\/\/airparx.com\/wp-content\/uploads\/2024\/08\/Airparx-Website-Images-1.png\" \/>\n\t<meta property=\"og:image:width\" content=\"1366\" \/>\n\t<meta property=\"og:image:height\" content=\"768\" \/>\n\t<meta property=\"og:image:type\" content=\"image\/png\" \/>\n<meta name=\"twitter:card\" content=\"summary_large_image\" \/>\n<meta name=\"twitter:label1\" content=\"Tempo di lettura stimato\" \/>\n\t<meta name=\"twitter:data1\" content=\"1 minuto\" \/>\n<script type=\"application\/ld+json\" class=\"yoast-schema-graph\">{\"@context\":\"https:\\\/\\\/schema.org\",\"@graph\":[{\"@type\":\"WebPage\",\"@id\":\"https:\\\/\\\/airparx.com\\\/it\\\/accademia-di-formazione-airparx-powered-by-kidztivity\\\/\",\"url\":\"https:\\\/\\\/airparx.com\\\/it\\\/accademia-di-formazione-airparx-powered-by-kidztivity\\\/\",\"name\":\"Accademia di formazione Airparx, Powered by Kidztivity - Airparx\",\"isPartOf\":{\"@id\":\"https:\\\/\\\/airparx.com\\\/it\\\/#website\"},\"primaryImageOfPage\":{\"@id\":\"https:\\\/\\\/airparx.com\\\/it\\\/accademia-di-formazione-airparx-powered-by-kidztivity\\\/#primaryimage\"},\"image\":{\"@id\":\"https:\\\/\\\/airparx.com\\\/it\\\/accademia-di-formazione-airparx-powered-by-kidztivity\\\/#primaryimage\"},\"thumbnailUrl\":\"https:\\\/\\\/airparx.com\\\/wp-content\\\/uploads\\\/2024\\\/08\\\/Airparx-Website-Images-1-e1747305863615.png\",\"datePublished\":\"2024-08-28T07:38:53+00:00\",\"dateModified\":\"2024-09-19T09:34:08+00:00\",\"description\":\"Airparx collabora con Kidztivity, specialista in attivit\u00e0 per bambini, per offrire ai centri di intrattenimento per famiglie l'Accademia di formazione Airparx.\",\"breadcrumb\":{\"@id\":\"https:\\\/\\\/airparx.com\\\/it\\\/accademia-di-formazione-airparx-powered-by-kidztivity\\\/#breadcrumb\"},\"inLanguage\":\"it-IT\",\"potentialAction\":[{\"@type\":\"ReadAction\",\"target\":[\"https:\\\/\\\/airparx.com\\\/it\\\/accademia-di-formazione-airparx-powered-by-kidztivity\\\/\"]}]},{\"@type\":\"ImageObject\",\"inLanguage\":\"it-IT\",\"@id\":\"https:\\\/\\\/airparx.com\\\/it\\\/accademia-di-formazione-airparx-powered-by-kidztivity\\\/#primaryimage\",\"url\":\"https:\\\/\\\/airparx.com\\\/wp-content\\\/uploads\\\/2024\\\/08\\\/Airparx-Website-Images-1-e1747305863615.png\",\"contentUrl\":\"https:\\\/\\\/airparx.com\\\/wp-content\\\/uploads\\\/2024\\\/08\\\/Airparx-Website-Images-1-e1747305863615.png\",\"width\":1366,\"height\":768,\"caption\":\"Airparx Training Academy - Kidztivity\"},{\"@type\":\"BreadcrumbList\",\"@id\":\"https:\\\/\\\/airparx.com\\\/it\\\/accademia-di-formazione-airparx-powered-by-kidztivity\\\/#breadcrumb\",\"itemListElement\":[{\"@type\":\"ListItem\",\"position\":1,\"name\":\"Home\",\"item\":\"https:\\\/\\\/airparx.com\\\/it\\\/\"},{\"@type\":\"ListItem\",\"position\":2,\"name\":\"Accademia di formazione Airparx, Powered by Kidztivity\"}]},{\"@type\":\"WebSite\",\"@id\":\"https:\\\/\\\/airparx.com\\\/it\\\/#website\",\"url\":\"https:\\\/\\\/airparx.com\\\/it\\\/\",\"name\":\"Airparx\",\"description\":\"Inflatable &amp; Trampoline Park Supplier\",\"publisher\":{\"@id\":\"https:\\\/\\\/airparx.com\\\/it\\\/#organization\"},\"potentialAction\":[{\"@type\":\"SearchAction\",\"target\":{\"@type\":\"EntryPoint\",\"urlTemplate\":\"https:\\\/\\\/airparx.com\\\/it\\\/?s={search_term_string}\"},\"query-input\":{\"@type\":\"PropertyValueSpecification\",\"valueRequired\":true,\"valueName\":\"search_term_string\"}}],\"inLanguage\":\"it-IT\"},{\"@type\":\"Organization\",\"@id\":\"https:\\\/\\\/airparx.com\\\/it\\\/#organization\",\"name\":\"Airparx\",\"url\":\"https:\\\/\\\/airparx.com\\\/it\\\/\",\"logo\":{\"@type\":\"ImageObject\",\"inLanguage\":\"it-IT\",\"@id\":\"https:\\\/\\\/airparx.com\\\/it\\\/#\\\/schema\\\/logo\\\/image\\\/\",\"url\":\"https:\\\/\\\/airparx.com\\\/wp-content\\\/uploads\\\/2022\\\/06\\\/Airparx_Logo.png\",\"contentUrl\":\"https:\\\/\\\/airparx.com\\\/wp-content\\\/uploads\\\/2022\\\/06\\\/Airparx_Logo.png\",\"width\":1127,\"height\":461,\"caption\":\"Airparx\"},\"image\":{\"@id\":\"https:\\\/\\\/airparx.com\\\/it\\\/#\\\/schema\\\/logo\\\/image\\\/\"},\"sameAs\":[\"https:\\\/\\\/www.facebook.com\\\/Airparx\\\/\",\"https:\\\/\\\/www.instagram.com\\\/airparx\\\/\",\"https:\\\/\\\/www.youtube.com\\\/playlist?list=PL2LZnxdxb4eX2paMpuL0QxEvopAtGzyqY\",\"https:\\\/\\\/www.linkedin.com\\\/company\\\/airparx\\\/\"]}]}<\/script>\n<!-- \/ Yoast SEO Premium plugin. -->","yoast_head_json":{"title":"Accademia di formazione Airparx, Powered by Kidztivity - Airparx","description":"Airparx collabora con Kidztivity, specialista in attivit\u00e0 per bambini, per offrire ai centri di intrattenimento per famiglie l'Accademia di formazione Airparx.","robots":{"index":"index","follow":"follow","max-snippet":"max-snippet:-1","max-image-preview":"max-image-preview:large","max-video-preview":"max-video-preview:-1"},"canonical":"https:\/\/airparx.com\/it\/accademia-di-formazione-airparx-powered-by-kidztivity\/","og_locale":"it_IT","og_type":"article","og_title":"Accademia di formazione Airparx, Powered by Kidztivity","og_description":"Airparx collabora con Kidztivity, specialista in attivit\u00e0 per bambini, per offrire ai centri di intrattenimento per famiglie l'Accademia di formazione Airparx.","og_url":"https:\/\/airparx.com\/it\/accademia-di-formazione-airparx-powered-by-kidztivity\/","og_site_name":"Airparx","article_publisher":"https:\/\/www.facebook.com\/Airparx\/","article_modified_time":"2024-09-19T09:34:08+00:00","og_image":[{"width":1366,"height":768,"url":"https:\/\/airparx.com\/wp-content\/uploads\/2024\/08\/Airparx-Website-Images-1.png","type":"image\/png"}],"twitter_card":"summary_large_image","twitter_misc":{"Tempo di lettura stimato":"1 minuto"},"schema":{"@context":"https:\/\/schema.org","@graph":[{"@type":"WebPage","@id":"https:\/\/airparx.com\/it\/accademia-di-formazione-airparx-powered-by-kidztivity\/","url":"https:\/\/airparx.com\/it\/accademia-di-formazione-airparx-powered-by-kidztivity\/","name":"Accademia di formazione Airparx, Powered by Kidztivity - Airparx","isPartOf":{"@id":"https:\/\/airparx.com\/it\/#website"},"primaryImageOfPage":{"@id":"https:\/\/airparx.com\/it\/accademia-di-formazione-airparx-powered-by-kidztivity\/#primaryimage"},"image":{"@id":"https:\/\/airparx.com\/it\/accademia-di-formazione-airparx-powered-by-kidztivity\/#primaryimage"},"thumbnailUrl":"https:\/\/airparx.com\/wp-content\/uploads\/2024\/08\/Airparx-Website-Images-1-e1747305863615.png","datePublished":"2024-08-28T07:38:53+00:00","dateModified":"2024-09-19T09:34:08+00:00","description":"Airparx collabora con Kidztivity, specialista in attivit\u00e0 per bambini, per offrire ai centri di intrattenimento per famiglie l'Accademia di formazione Airparx.","breadcrumb":{"@id":"https:\/\/airparx.com\/it\/accademia-di-formazione-airparx-powered-by-kidztivity\/#breadcrumb"},"inLanguage":"it-IT","potentialAction":[{"@type":"ReadAction","target":["https:\/\/airparx.com\/it\/accademia-di-formazione-airparx-powered-by-kidztivity\/"]}]},{"@type":"ImageObject","inLanguage":"it-IT","@id":"https:\/\/airparx.com\/it\/accademia-di-formazione-airparx-powered-by-kidztivity\/#primaryimage","url":"https:\/\/airparx.com\/wp-content\/uploads\/2024\/08\/Airparx-Website-Images-1-e1747305863615.png","contentUrl":"https:\/\/airparx.com\/wp-content\/uploads\/2024\/08\/Airparx-Website-Images-1-e1747305863615.png","width":1366,"height":768,"caption":"Airparx Training Academy - Kidztivity"},{"@type":"BreadcrumbList","@id":"https:\/\/airparx.com\/it\/accademia-di-formazione-airparx-powered-by-kidztivity\/#breadcrumb","itemListElement":[{"@type":"ListItem","position":1,"name":"Home","item":"https:\/\/airparx.com\/it\/"},{"@type":"ListItem","position":2,"name":"Accademia di formazione Airparx, Powered by Kidztivity"}]},{"@type":"WebSite","@id":"https:\/\/airparx.com\/it\/#website","url":"https:\/\/airparx.com\/it\/","name":"Airparx","description":"Inflatable &amp; Trampoline Park Supplier","publisher":{"@id":"https:\/\/airparx.com\/it\/#organization"},"potentialAction":[{"@type":"SearchAction","target":{"@type":"EntryPoint","urlTemplate":"https:\/\/airparx.com\/it\/?s={search_term_string}"},"query-input":{"@type":"PropertyValueSpecification","valueRequired":true,"valueName":"search_term_string"}}],"inLanguage":"it-IT"},{"@type":"Organization","@id":"https:\/\/airparx.com\/it\/#organization","name":"Airparx","url":"https:\/\/airparx.com\/it\/","logo":{"@type":"ImageObject","inLanguage":"it-IT","@id":"https:\/\/airparx.com\/it\/#\/schema\/logo\/image\/","url":"https:\/\/airparx.com\/wp-content\/uploads\/2022\/06\/Airparx_Logo.png","contentUrl":"https:\/\/airparx.com\/wp-content\/uploads\/2022\/06\/Airparx_Logo.png","width":1127,"height":461,"caption":"Airparx"},"image":{"@id":"https:\/\/airparx.com\/it\/#\/schema\/logo\/image\/"},"sameAs":["https:\/\/www.facebook.com\/Airparx\/","https:\/\/www.instagram.com\/airparx\/","https:\/\/www.youtube.com\/playlist?list=PL2LZnxdxb4eX2paMpuL0QxEvopAtGzyqY","https:\/\/www.linkedin.com\/company\/airparx\/"]}]}},"_links":{"self":[{"href":"https:\/\/airparx.com\/it\/wp-json\/wp\/v2\/pages\/9714","targetHints":{"allow":["GET"]}}],"collection":[{"href":"https:\/\/airparx.com\/it\/wp-json\/wp\/v2\/pages"}],"about":[{"href":"https:\/\/airparx.com\/it\/wp-json\/wp\/v2\/types\/page"}],"author":[{"embeddable":true,"href":"https:\/\/airparx.com\/it\/wp-json\/wp\/v2\/users\/1"}],"replies":[{"embeddable":true,"href":"https:\/\/airparx.com\/it\/wp-json\/wp\/v2\/comments?post=9714"}],"version-history":[{"count":1,"href":"https:\/\/airparx.com\/it\/wp-json\/wp\/v2\/pages\/9714\/revisions"}],"predecessor-version":[{"id":9716,"href":"https:\/\/airparx.com\/it\/wp-json\/wp\/v2\/pages\/9714\/revisions\/9716"}],"wp:featuredmedia":[{"embeddable":true,"href":"https:\/\/airparx.com\/it\/wp-json\/wp\/v2\/media\/9353"}],"wp:attachment":[{"href":"https:\/\/airparx.com\/it\/wp-json\/wp\/v2\/media?parent=9714"}],"curies":[{"name":"wp","href":"https:\/\/api.w.org\/{rel}","templated":true}]}}