{"id":12584,"date":"2026-01-30T12:16:09","date_gmt":"2026-01-30T12:16:09","guid":{"rendered":"https:\/\/airparx.com\/installations\/owaza\/"},"modified":"2026-01-30T12:16:09","modified_gmt":"2026-01-30T12:16:09","slug":"owaza","status":"publish","type":"product","link":"https:\/\/airparx.com\/it\/installations\/owaza\/","title":{"rendered":"Owaza"},"content":{"rendered":"<div class=\"css-e3521u css-1rm7u2e css-1k07npk css-1v8x7dw\">\n<div class=\"css-1xqtj3d-resultContainer\">\n<div class=\"css-e3521u css-1rm7u2e css-1k07npk css-1v8x7dw\">\n<div class=\"css-1xqtj3d-resultContainer\">\n<p>Continuando la nostra tradizione degli anni precedenti, il 2025 \u00e8 stato un altro periodo entusiasmante di crescita e collaborazione per Airparx. Abbiamo avuto il piacere di lavorare a stretto contatto con molti dei nostri clienti abituali, rafforzando partnership consolidate e accogliendo al contempo diversi nuovi franchise nella crescente famiglia Airparx. Questo mix di relazioni durature e nuove opportunit\u00e0 riflette il nostro impegno nel supportare le esigenze in continua evoluzione del settore del tempo libero e delle attrazioni.<\/p>\n<p>Uno dei progetti di punta dell&#8217;anno \u00e8 stata un&#8217;importante installazione per OWAZA, un nuovo cliente con sede a Charleroi, in Belgio. Per OWAZA, abbiamo progettato e consegnato un grande parco gonfiabile su due livelli che offre un&#8217;esperienza dinamica e coinvolgente per i visitatori. Il layout innovativo parte dal soppalco e si sviluppa fluidamente fino a comprendere l&#8217;intero piano terra, con varie sezioni gonfiabili collegate tra loro da un imponente scivolo a rampa. Questo design accurato massimizza sia il valore ludico che il flusso dei visitatori, garantendo un&#8217;esperienza memorabile per tutte le et\u00e0.<\/p>\n<p>Sebbene questa rappresenti la prima avventura di OWAZA nel mercato dei centri di intrattenimento per famiglie (FEC), i proprietari portano con s\u00e9 una vasta esperienza nella gestione di strutture sportive e ricreative, inclusi popolari campi da padel. Il loro background nell&#8217;offrire esperienze ricreative di alta qualit\u00e0 li posiziona bene per il successo in questo nuovo settore. Con ulteriori installazioni gi\u00e0 in fase di pianificazione, OWAZA \u00e8 pronta ad affermarsi come un marchio di rilievo e innovativo nel competitivo panorama dei FEC in Europa.<\/p>\n<\/div>\n<\/div>\n<\/div>\n<\/div>\n","protected":false},"excerpt":{"rendered":"<p>Continuando la nostra tradizione degli anni precedenti, il 2025 \u00e8 stato un altro periodo entusiasmante di crescita e collaborazione per Airparx. Abbiamo avuto il piacere di lavorare a stretto contatto con molti dei nostri clienti abituali, rafforzando partnership consolidate e accogliendo al contempo diversi nuovi franchise nella crescente famiglia Airparx. Questo mix di relazioni durature [&hellip;]<\/p>\n","protected":false},"featured_media":12497,"template":"","meta":{"_acf_changed":false},"product_brand":[],"product_cat":[116],"product_tag":[],"class_list":{"0":"post-12584","1":"product","2":"type-product","3":"status-publish","4":"has-post-thumbnail","6":"product_cat-parchi-gonfiabili","8":"first","9":"instock","10":"shipping-taxable","11":"product-type-simple"},"acf":[],"yoast_head":"<!-- This site is optimized with the Yoast SEO Premium plugin v26.7 (Yoast SEO v27.3) - https:\/\/yoast.com\/product\/yoast-seo-premium-wordpress\/ -->\n<title>Owaza - Airparx<\/title>\n<meta name=\"robots\" content=\"index, follow, max-snippet:-1, max-image-preview:large, max-video-preview:-1\" \/>\n<link rel=\"canonical\" href=\"https:\/\/airparx.com\/it\/installations\/owaza\/\" \/>\n<meta property=\"og:locale\" content=\"it_IT\" \/>\n<meta property=\"og:type\" content=\"article\" \/>\n<meta property=\"og:title\" content=\"Owaza\" \/>\n<meta property=\"og:description\" content=\"Continuando la nostra tradizione degli anni precedenti, il 2025 \u00e8 stato un altro periodo entusiasmante di crescita e collaborazione per Airparx. Abbiamo avuto il piacere di lavorare a stretto contatto con molti dei nostri clienti abituali, rafforzando partnership consolidate e accogliendo al contempo diversi nuovi franchise nella crescente famiglia Airparx. Questo mix di relazioni durature [&hellip;]\" \/>\n<meta property=\"og:url\" content=\"https:\/\/airparx.com\/it\/installations\/owaza\/\" \/>\n<meta property=\"og:site_name\" content=\"Airparx\" \/>\n<meta property=\"article:publisher\" content=\"https:\/\/www.facebook.com\/Airparx\/\" \/>\n<meta property=\"og:image\" content=\"https:\/\/airparx.com\/wp-content\/uploads\/2026\/01\/Owaza_10-scaled.jpg\" \/>\n\t<meta property=\"og:image:width\" content=\"2560\" \/>\n\t<meta property=\"og:image:height\" content=\"1920\" \/>\n\t<meta property=\"og:image:type\" content=\"image\/jpeg\" \/>\n<meta name=\"twitter:card\" content=\"summary_large_image\" \/>\n<meta name=\"twitter:label1\" content=\"Tempo di lettura stimato\" \/>\n\t<meta name=\"twitter:data1\" content=\"1 minuto\" \/>\n<script type=\"application\/ld+json\" class=\"yoast-schema-graph\">{\"@context\":\"https:\\\/\\\/schema.org\",\"@graph\":[{\"@type\":\"WebPage\",\"@id\":\"https:\\\/\\\/airparx.com\\\/it\\\/installations\\\/owaza\\\/\",\"url\":\"https:\\\/\\\/airparx.com\\\/it\\\/installations\\\/owaza\\\/\",\"name\":\"Owaza - Airparx\",\"isPartOf\":{\"@id\":\"https:\\\/\\\/airparx.com\\\/it\\\/#website\"},\"primaryImageOfPage\":{\"@id\":\"https:\\\/\\\/airparx.com\\\/it\\\/installations\\\/owaza\\\/#primaryimage\"},\"image\":{\"@id\":\"https:\\\/\\\/airparx.com\\\/it\\\/installations\\\/owaza\\\/#primaryimage\"},\"thumbnailUrl\":\"https:\\\/\\\/airparx.com\\\/wp-content\\\/uploads\\\/2026\\\/01\\\/Owaza_10-scaled.jpg\",\"datePublished\":\"2026-01-30T12:16:09+00:00\",\"breadcrumb\":{\"@id\":\"https:\\\/\\\/airparx.com\\\/it\\\/installations\\\/owaza\\\/#breadcrumb\"},\"inLanguage\":\"it-IT\",\"potentialAction\":[{\"@type\":\"ReadAction\",\"target\":[\"https:\\\/\\\/airparx.com\\\/it\\\/installations\\\/owaza\\\/\"]}]},{\"@type\":\"ImageObject\",\"inLanguage\":\"it-IT\",\"@id\":\"https:\\\/\\\/airparx.com\\\/it\\\/installations\\\/owaza\\\/#primaryimage\",\"url\":\"https:\\\/\\\/airparx.com\\\/wp-content\\\/uploads\\\/2026\\\/01\\\/Owaza_10-scaled.jpg\",\"contentUrl\":\"https:\\\/\\\/airparx.com\\\/wp-content\\\/uploads\\\/2026\\\/01\\\/Owaza_10-scaled.jpg\",\"width\":2560,\"height\":1920},{\"@type\":\"BreadcrumbList\",\"@id\":\"https:\\\/\\\/airparx.com\\\/it\\\/installations\\\/owaza\\\/#breadcrumb\",\"itemListElement\":[{\"@type\":\"ListItem\",\"position\":1,\"name\":\"Home\",\"item\":\"https:\\\/\\\/airparx.com\\\/it\\\/\"},{\"@type\":\"ListItem\",\"position\":2,\"name\":\"Owaza\"}]},{\"@type\":\"WebSite\",\"@id\":\"https:\\\/\\\/airparx.com\\\/it\\\/#website\",\"url\":\"https:\\\/\\\/airparx.com\\\/it\\\/\",\"name\":\"Airparx\",\"description\":\"Inflatable &amp; Trampoline Park Supplier\",\"publisher\":{\"@id\":\"https:\\\/\\\/airparx.com\\\/it\\\/#organization\"},\"potentialAction\":[{\"@type\":\"SearchAction\",\"target\":{\"@type\":\"EntryPoint\",\"urlTemplate\":\"https:\\\/\\\/airparx.com\\\/it\\\/?s={search_term_string}\"},\"query-input\":{\"@type\":\"PropertyValueSpecification\",\"valueRequired\":true,\"valueName\":\"search_term_string\"}}],\"inLanguage\":\"it-IT\"},{\"@type\":\"Organization\",\"@id\":\"https:\\\/\\\/airparx.com\\\/it\\\/#organization\",\"name\":\"Airparx\",\"url\":\"https:\\\/\\\/airparx.com\\\/it\\\/\",\"logo\":{\"@type\":\"ImageObject\",\"inLanguage\":\"it-IT\",\"@id\":\"https:\\\/\\\/airparx.com\\\/it\\\/#\\\/schema\\\/logo\\\/image\\\/\",\"url\":\"https:\\\/\\\/airparx.com\\\/wp-content\\\/uploads\\\/2022\\\/06\\\/Airparx_Logo.png\",\"contentUrl\":\"https:\\\/\\\/airparx.com\\\/wp-content\\\/uploads\\\/2022\\\/06\\\/Airparx_Logo.png\",\"width\":1127,\"height\":461,\"caption\":\"Airparx\"},\"image\":{\"@id\":\"https:\\\/\\\/airparx.com\\\/it\\\/#\\\/schema\\\/logo\\\/image\\\/\"},\"sameAs\":[\"https:\\\/\\\/www.facebook.com\\\/Airparx\\\/\",\"https:\\\/\\\/www.instagram.com\\\/airparx\\\/\",\"https:\\\/\\\/www.youtube.com\\\/playlist?list=PL2LZnxdxb4eX2paMpuL0QxEvopAtGzyqY\",\"https:\\\/\\\/www.linkedin.com\\\/company\\\/airparx\\\/\"]}]}<\/script>\n<!-- \/ Yoast SEO Premium plugin. -->","yoast_head_json":{"title":"Owaza - Airparx","robots":{"index":"index","follow":"follow","max-snippet":"max-snippet:-1","max-image-preview":"max-image-preview:large","max-video-preview":"max-video-preview:-1"},"canonical":"https:\/\/airparx.com\/it\/installations\/owaza\/","og_locale":"it_IT","og_type":"article","og_title":"Owaza","og_description":"Continuando la nostra tradizione degli anni precedenti, il 2025 \u00e8 stato un altro periodo entusiasmante di crescita e collaborazione per Airparx. Abbiamo avuto il piacere di lavorare a stretto contatto con molti dei nostri clienti abituali, rafforzando partnership consolidate e accogliendo al contempo diversi nuovi franchise nella crescente famiglia Airparx. Questo mix di relazioni durature [&hellip;]","og_url":"https:\/\/airparx.com\/it\/installations\/owaza\/","og_site_name":"Airparx","article_publisher":"https:\/\/www.facebook.com\/Airparx\/","og_image":[{"width":2560,"height":1920,"url":"https:\/\/airparx.com\/wp-content\/uploads\/2026\/01\/Owaza_10-scaled.jpg","type":"image\/jpeg"}],"twitter_card":"summary_large_image","twitter_misc":{"Tempo di lettura stimato":"1 minuto"},"schema":{"@context":"https:\/\/schema.org","@graph":[{"@type":"WebPage","@id":"https:\/\/airparx.com\/it\/installations\/owaza\/","url":"https:\/\/airparx.com\/it\/installations\/owaza\/","name":"Owaza - Airparx","isPartOf":{"@id":"https:\/\/airparx.com\/it\/#website"},"primaryImageOfPage":{"@id":"https:\/\/airparx.com\/it\/installations\/owaza\/#primaryimage"},"image":{"@id":"https:\/\/airparx.com\/it\/installations\/owaza\/#primaryimage"},"thumbnailUrl":"https:\/\/airparx.com\/wp-content\/uploads\/2026\/01\/Owaza_10-scaled.jpg","datePublished":"2026-01-30T12:16:09+00:00","breadcrumb":{"@id":"https:\/\/airparx.com\/it\/installations\/owaza\/#breadcrumb"},"inLanguage":"it-IT","potentialAction":[{"@type":"ReadAction","target":["https:\/\/airparx.com\/it\/installations\/owaza\/"]}]},{"@type":"ImageObject","inLanguage":"it-IT","@id":"https:\/\/airparx.com\/it\/installations\/owaza\/#primaryimage","url":"https:\/\/airparx.com\/wp-content\/uploads\/2026\/01\/Owaza_10-scaled.jpg","contentUrl":"https:\/\/airparx.com\/wp-content\/uploads\/2026\/01\/Owaza_10-scaled.jpg","width":2560,"height":1920},{"@type":"BreadcrumbList","@id":"https:\/\/airparx.com\/it\/installations\/owaza\/#breadcrumb","itemListElement":[{"@type":"ListItem","position":1,"name":"Home","item":"https:\/\/airparx.com\/it\/"},{"@type":"ListItem","position":2,"name":"Owaza"}]},{"@type":"WebSite","@id":"https:\/\/airparx.com\/it\/#website","url":"https:\/\/airparx.com\/it\/","name":"Airparx","description":"Inflatable &amp; Trampoline Park Supplier","publisher":{"@id":"https:\/\/airparx.com\/it\/#organization"},"potentialAction":[{"@type":"SearchAction","target":{"@type":"EntryPoint","urlTemplate":"https:\/\/airparx.com\/it\/?s={search_term_string}"},"query-input":{"@type":"PropertyValueSpecification","valueRequired":true,"valueName":"search_term_string"}}],"inLanguage":"it-IT"},{"@type":"Organization","@id":"https:\/\/airparx.com\/it\/#organization","name":"Airparx","url":"https:\/\/airparx.com\/it\/","logo":{"@type":"ImageObject","inLanguage":"it-IT","@id":"https:\/\/airparx.com\/it\/#\/schema\/logo\/image\/","url":"https:\/\/airparx.com\/wp-content\/uploads\/2022\/06\/Airparx_Logo.png","contentUrl":"https:\/\/airparx.com\/wp-content\/uploads\/2022\/06\/Airparx_Logo.png","width":1127,"height":461,"caption":"Airparx"},"image":{"@id":"https:\/\/airparx.com\/it\/#\/schema\/logo\/image\/"},"sameAs":["https:\/\/www.facebook.com\/Airparx\/","https:\/\/www.instagram.com\/airparx\/","https:\/\/www.youtube.com\/playlist?list=PL2LZnxdxb4eX2paMpuL0QxEvopAtGzyqY","https:\/\/www.linkedin.com\/company\/airparx\/"]}]}},"_links":{"self":[{"href":"https:\/\/airparx.com\/it\/wp-json\/wp\/v2\/product\/12584","targetHints":{"allow":["GET"]}}],"collection":[{"href":"https:\/\/airparx.com\/it\/wp-json\/wp\/v2\/product"}],"about":[{"href":"https:\/\/airparx.com\/it\/wp-json\/wp\/v2\/types\/product"}],"wp:featuredmedia":[{"embeddable":true,"href":"https:\/\/airparx.com\/it\/wp-json\/wp\/v2\/media\/12497"}],"wp:attachment":[{"href":"https:\/\/airparx.com\/it\/wp-json\/wp\/v2\/media?parent=12584"}],"wp:term":[{"taxonomy":"product_brand","embeddable":true,"href":"https:\/\/airparx.com\/it\/wp-json\/wp\/v2\/product_brand?post=12584"},{"taxonomy":"product_cat","embeddable":true,"href":"https:\/\/airparx.com\/it\/wp-json\/wp\/v2\/product_cat?post=12584"},{"taxonomy":"product_tag","embeddable":true,"href":"https:\/\/airparx.com\/it\/wp-json\/wp\/v2\/product_tag?post=12584"}],"curies":[{"name":"wp","href":"https:\/\/api.w.org\/{rel}","templated":true}]}}