{"id":12587,"date":"2025-11-17T15:36:32","date_gmt":"2025-11-17T15:36:32","guid":{"rendered":"https:\/\/airparx.com\/installations\/area52-veliko-tarnovo\/"},"modified":"2025-11-17T15:36:32","modified_gmt":"2025-11-17T15:36:32","slug":"area52-veliko-tarnovo","status":"publish","type":"product","link":"https:\/\/airparx.com\/it\/installations\/area52-veliko-tarnovo\/","title":{"rendered":"Area52 &#8211; Veliko Tarnovo"},"content":{"rendered":"<p>Apertura di una nuova struttura presso <b><u>AREA52<\/u><\/b> a Veliko Tarnovo, Bulgaria.<\/p>\n<p>Questo \u00e8 il 3<sup>\u00b0<\/sup> parco aperto sotto il marchio Area52, di propriet\u00e0 e gestione di Jonathan Hargreaves e soci.<\/p>\n<p>Airparx \u00e8 stata nominata fornitore principale delle attivit\u00e0: abbiamo installato un parco gonfiabile, tappeti elastici, un Air Bag con torre di salto, Walk the Wall, Rugged Interactive FreeStyle Duos, oltre a 2 Valo Air Jump e una Valo Arena per 6 giocatori in stretta collaborazione con Valo Motion.<\/p>\n<p>Oltre alla fantastica offerta di intrattenimento per famiglie al piano terra, il soppalco superiore offre agli spettatori una splendida vista sul parco, proponendo anche cucina italiana, un bar con licenza, freccette interattive, tavoli da biliardo e persino due simulatori di corse ImSim.<\/p>\n<p>Il Responsabile dello Sviluppo Aziendale di Airparx ha dichiarato: <i>&#8220;\u00c8 stato un privilegio lavorare a stretto contatto con Area52, dal concept al completamento, curando ogni dettaglio fin dall&#8217;inizio. Partecipare poi all&#8217;inaugurazione del 10<sup> ottobre \u00e8 stato un onore per vivere l&#8217;entusiasmo, i sorrisi e le risate delle famiglie presenti. Airparx augura ad Area52 VT Park ogni successo.&#8221;<\/sup> <\/i><\/p>\n","protected":false},"excerpt":{"rendered":"<p>Apertura di una nuova struttura presso AREA52 a Veliko Tarnovo, Bulgaria. Questo \u00e8 il 3\u00b0 parco aperto sotto il marchio Area52, di propriet\u00e0 e gestione di Jonathan Hargreaves e soci. Airparx \u00e8 stata nominata fornitore principale delle attivit\u00e0: abbiamo installato un parco gonfiabile, tappeti elastici, un Air Bag con torre di salto, Walk the Wall, [&hellip;]<\/p>\n","protected":false},"featured_media":11408,"template":"","meta":{"_acf_changed":false},"product_brand":[],"product_cat":[122,119,116],"product_tag":[],"class_list":{"0":"post-12587","1":"product","2":"type-product","3":"status-publish","4":"has-post-thumbnail","6":"product_cat-interattivo","7":"product_cat-parchi-di-trampolino","8":"product_cat-parchi-gonfiabili","10":"first","11":"outofstock","12":"shipping-taxable","13":"product-type-simple"},"acf":[],"yoast_head":"<!-- This site is optimized with the Yoast SEO Premium plugin v26.7 (Yoast SEO v27.3) - https:\/\/yoast.com\/product\/yoast-seo-premium-wordpress\/ -->\n<title>Area52 - Veliko Tarnovo - Airparx<\/title>\n<meta name=\"robots\" content=\"index, follow, max-snippet:-1, max-image-preview:large, max-video-preview:-1\" \/>\n<link rel=\"canonical\" href=\"https:\/\/airparx.com\/it\/installations\/area52-veliko-tarnovo\/\" \/>\n<meta property=\"og:locale\" content=\"it_IT\" \/>\n<meta property=\"og:type\" content=\"article\" \/>\n<meta property=\"og:title\" content=\"Area52 - Veliko Tarnovo\" \/>\n<meta property=\"og:description\" content=\"Apertura di una nuova struttura presso AREA52 a Veliko Tarnovo, Bulgaria. Questo \u00e8 il 3\u00b0 parco aperto sotto il marchio Area52, di propriet\u00e0 e gestione di Jonathan Hargreaves e soci. Airparx \u00e8 stata nominata fornitore principale delle attivit\u00e0: abbiamo installato un parco gonfiabile, tappeti elastici, un Air Bag con torre di salto, Walk the Wall, [&hellip;]\" \/>\n<meta property=\"og:url\" content=\"https:\/\/airparx.com\/it\/installations\/area52-veliko-tarnovo\/\" \/>\n<meta property=\"og:site_name\" content=\"Airparx\" \/>\n<meta property=\"article:publisher\" content=\"https:\/\/www.facebook.com\/Airparx\/\" \/>\n<meta property=\"og:image\" content=\"https:\/\/airparx.com\/wp-content\/uploads\/2025\/11\/Area-52-Bulgaria-VT-1-scaled.jpg\" \/>\n\t<meta property=\"og:image:width\" content=\"2560\" \/>\n\t<meta property=\"og:image:height\" content=\"1920\" \/>\n\t<meta property=\"og:image:type\" content=\"image\/jpeg\" \/>\n<meta name=\"twitter:card\" content=\"summary_large_image\" \/>\n<meta name=\"twitter:label1\" content=\"Tempo di lettura stimato\" \/>\n\t<meta name=\"twitter:data1\" content=\"1 minuto\" \/>\n<script type=\"application\/ld+json\" class=\"yoast-schema-graph\">{\"@context\":\"https:\\\/\\\/schema.org\",\"@graph\":[{\"@type\":\"WebPage\",\"@id\":\"https:\\\/\\\/airparx.com\\\/it\\\/installations\\\/area52-veliko-tarnovo\\\/\",\"url\":\"https:\\\/\\\/airparx.com\\\/it\\\/installations\\\/area52-veliko-tarnovo\\\/\",\"name\":\"Area52 - Veliko Tarnovo - Airparx\",\"isPartOf\":{\"@id\":\"https:\\\/\\\/airparx.com\\\/it\\\/#website\"},\"primaryImageOfPage\":{\"@id\":\"https:\\\/\\\/airparx.com\\\/it\\\/installations\\\/area52-veliko-tarnovo\\\/#primaryimage\"},\"image\":{\"@id\":\"https:\\\/\\\/airparx.com\\\/it\\\/installations\\\/area52-veliko-tarnovo\\\/#primaryimage\"},\"thumbnailUrl\":\"https:\\\/\\\/airparx.com\\\/wp-content\\\/uploads\\\/2025\\\/11\\\/Area-52-Bulgaria-VT-1-scaled.jpg\",\"datePublished\":\"2025-11-17T15:36:32+00:00\",\"breadcrumb\":{\"@id\":\"https:\\\/\\\/airparx.com\\\/it\\\/installations\\\/area52-veliko-tarnovo\\\/#breadcrumb\"},\"inLanguage\":\"it-IT\",\"potentialAction\":[{\"@type\":\"ReadAction\",\"target\":[\"https:\\\/\\\/airparx.com\\\/it\\\/installations\\\/area52-veliko-tarnovo\\\/\"]}]},{\"@type\":\"ImageObject\",\"inLanguage\":\"it-IT\",\"@id\":\"https:\\\/\\\/airparx.com\\\/it\\\/installations\\\/area52-veliko-tarnovo\\\/#primaryimage\",\"url\":\"https:\\\/\\\/airparx.com\\\/wp-content\\\/uploads\\\/2025\\\/11\\\/Area-52-Bulgaria-VT-1-scaled.jpg\",\"contentUrl\":\"https:\\\/\\\/airparx.com\\\/wp-content\\\/uploads\\\/2025\\\/11\\\/Area-52-Bulgaria-VT-1-scaled.jpg\",\"width\":2560,\"height\":1920},{\"@type\":\"BreadcrumbList\",\"@id\":\"https:\\\/\\\/airparx.com\\\/it\\\/installations\\\/area52-veliko-tarnovo\\\/#breadcrumb\",\"itemListElement\":[{\"@type\":\"ListItem\",\"position\":1,\"name\":\"Home\",\"item\":\"https:\\\/\\\/airparx.com\\\/it\\\/\"},{\"@type\":\"ListItem\",\"position\":2,\"name\":\"Area52 &#8211; Veliko Tarnovo\"}]},{\"@type\":\"WebSite\",\"@id\":\"https:\\\/\\\/airparx.com\\\/it\\\/#website\",\"url\":\"https:\\\/\\\/airparx.com\\\/it\\\/\",\"name\":\"Airparx\",\"description\":\"Inflatable &amp; Trampoline Park Supplier\",\"publisher\":{\"@id\":\"https:\\\/\\\/airparx.com\\\/it\\\/#organization\"},\"potentialAction\":[{\"@type\":\"SearchAction\",\"target\":{\"@type\":\"EntryPoint\",\"urlTemplate\":\"https:\\\/\\\/airparx.com\\\/it\\\/?s={search_term_string}\"},\"query-input\":{\"@type\":\"PropertyValueSpecification\",\"valueRequired\":true,\"valueName\":\"search_term_string\"}}],\"inLanguage\":\"it-IT\"},{\"@type\":\"Organization\",\"@id\":\"https:\\\/\\\/airparx.com\\\/it\\\/#organization\",\"name\":\"Airparx\",\"url\":\"https:\\\/\\\/airparx.com\\\/it\\\/\",\"logo\":{\"@type\":\"ImageObject\",\"inLanguage\":\"it-IT\",\"@id\":\"https:\\\/\\\/airparx.com\\\/it\\\/#\\\/schema\\\/logo\\\/image\\\/\",\"url\":\"https:\\\/\\\/airparx.com\\\/wp-content\\\/uploads\\\/2022\\\/06\\\/Airparx_Logo.png\",\"contentUrl\":\"https:\\\/\\\/airparx.com\\\/wp-content\\\/uploads\\\/2022\\\/06\\\/Airparx_Logo.png\",\"width\":1127,\"height\":461,\"caption\":\"Airparx\"},\"image\":{\"@id\":\"https:\\\/\\\/airparx.com\\\/it\\\/#\\\/schema\\\/logo\\\/image\\\/\"},\"sameAs\":[\"https:\\\/\\\/www.facebook.com\\\/Airparx\\\/\",\"https:\\\/\\\/www.instagram.com\\\/airparx\\\/\",\"https:\\\/\\\/www.youtube.com\\\/playlist?list=PL2LZnxdxb4eX2paMpuL0QxEvopAtGzyqY\",\"https:\\\/\\\/www.linkedin.com\\\/company\\\/airparx\\\/\"]}]}<\/script>\n<!-- \/ Yoast SEO Premium plugin. -->","yoast_head_json":{"title":"Area52 - Veliko Tarnovo - Airparx","robots":{"index":"index","follow":"follow","max-snippet":"max-snippet:-1","max-image-preview":"max-image-preview:large","max-video-preview":"max-video-preview:-1"},"canonical":"https:\/\/airparx.com\/it\/installations\/area52-veliko-tarnovo\/","og_locale":"it_IT","og_type":"article","og_title":"Area52 - Veliko Tarnovo","og_description":"Apertura di una nuova struttura presso AREA52 a Veliko Tarnovo, Bulgaria. Questo \u00e8 il 3\u00b0 parco aperto sotto il marchio Area52, di propriet\u00e0 e gestione di Jonathan Hargreaves e soci. Airparx \u00e8 stata nominata fornitore principale delle attivit\u00e0: abbiamo installato un parco gonfiabile, tappeti elastici, un Air Bag con torre di salto, Walk the Wall, [&hellip;]","og_url":"https:\/\/airparx.com\/it\/installations\/area52-veliko-tarnovo\/","og_site_name":"Airparx","article_publisher":"https:\/\/www.facebook.com\/Airparx\/","og_image":[{"width":2560,"height":1920,"url":"https:\/\/airparx.com\/wp-content\/uploads\/2025\/11\/Area-52-Bulgaria-VT-1-scaled.jpg","type":"image\/jpeg"}],"twitter_card":"summary_large_image","twitter_misc":{"Tempo di lettura stimato":"1 minuto"},"schema":{"@context":"https:\/\/schema.org","@graph":[{"@type":"WebPage","@id":"https:\/\/airparx.com\/it\/installations\/area52-veliko-tarnovo\/","url":"https:\/\/airparx.com\/it\/installations\/area52-veliko-tarnovo\/","name":"Area52 - Veliko Tarnovo - Airparx","isPartOf":{"@id":"https:\/\/airparx.com\/it\/#website"},"primaryImageOfPage":{"@id":"https:\/\/airparx.com\/it\/installations\/area52-veliko-tarnovo\/#primaryimage"},"image":{"@id":"https:\/\/airparx.com\/it\/installations\/area52-veliko-tarnovo\/#primaryimage"},"thumbnailUrl":"https:\/\/airparx.com\/wp-content\/uploads\/2025\/11\/Area-52-Bulgaria-VT-1-scaled.jpg","datePublished":"2025-11-17T15:36:32+00:00","breadcrumb":{"@id":"https:\/\/airparx.com\/it\/installations\/area52-veliko-tarnovo\/#breadcrumb"},"inLanguage":"it-IT","potentialAction":[{"@type":"ReadAction","target":["https:\/\/airparx.com\/it\/installations\/area52-veliko-tarnovo\/"]}]},{"@type":"ImageObject","inLanguage":"it-IT","@id":"https:\/\/airparx.com\/it\/installations\/area52-veliko-tarnovo\/#primaryimage","url":"https:\/\/airparx.com\/wp-content\/uploads\/2025\/11\/Area-52-Bulgaria-VT-1-scaled.jpg","contentUrl":"https:\/\/airparx.com\/wp-content\/uploads\/2025\/11\/Area-52-Bulgaria-VT-1-scaled.jpg","width":2560,"height":1920},{"@type":"BreadcrumbList","@id":"https:\/\/airparx.com\/it\/installations\/area52-veliko-tarnovo\/#breadcrumb","itemListElement":[{"@type":"ListItem","position":1,"name":"Home","item":"https:\/\/airparx.com\/it\/"},{"@type":"ListItem","position":2,"name":"Area52 &#8211; Veliko Tarnovo"}]},{"@type":"WebSite","@id":"https:\/\/airparx.com\/it\/#website","url":"https:\/\/airparx.com\/it\/","name":"Airparx","description":"Inflatable &amp; Trampoline Park Supplier","publisher":{"@id":"https:\/\/airparx.com\/it\/#organization"},"potentialAction":[{"@type":"SearchAction","target":{"@type":"EntryPoint","urlTemplate":"https:\/\/airparx.com\/it\/?s={search_term_string}"},"query-input":{"@type":"PropertyValueSpecification","valueRequired":true,"valueName":"search_term_string"}}],"inLanguage":"it-IT"},{"@type":"Organization","@id":"https:\/\/airparx.com\/it\/#organization","name":"Airparx","url":"https:\/\/airparx.com\/it\/","logo":{"@type":"ImageObject","inLanguage":"it-IT","@id":"https:\/\/airparx.com\/it\/#\/schema\/logo\/image\/","url":"https:\/\/airparx.com\/wp-content\/uploads\/2022\/06\/Airparx_Logo.png","contentUrl":"https:\/\/airparx.com\/wp-content\/uploads\/2022\/06\/Airparx_Logo.png","width":1127,"height":461,"caption":"Airparx"},"image":{"@id":"https:\/\/airparx.com\/it\/#\/schema\/logo\/image\/"},"sameAs":["https:\/\/www.facebook.com\/Airparx\/","https:\/\/www.instagram.com\/airparx\/","https:\/\/www.youtube.com\/playlist?list=PL2LZnxdxb4eX2paMpuL0QxEvopAtGzyqY","https:\/\/www.linkedin.com\/company\/airparx\/"]}]}},"_links":{"self":[{"href":"https:\/\/airparx.com\/it\/wp-json\/wp\/v2\/product\/12587","targetHints":{"allow":["GET"]}}],"collection":[{"href":"https:\/\/airparx.com\/it\/wp-json\/wp\/v2\/product"}],"about":[{"href":"https:\/\/airparx.com\/it\/wp-json\/wp\/v2\/types\/product"}],"wp:featuredmedia":[{"embeddable":true,"href":"https:\/\/airparx.com\/it\/wp-json\/wp\/v2\/media\/11408"}],"wp:attachment":[{"href":"https:\/\/airparx.com\/it\/wp-json\/wp\/v2\/media?parent=12587"}],"wp:term":[{"taxonomy":"product_brand","embeddable":true,"href":"https:\/\/airparx.com\/it\/wp-json\/wp\/v2\/product_brand?post=12587"},{"taxonomy":"product_cat","embeddable":true,"href":"https:\/\/airparx.com\/it\/wp-json\/wp\/v2\/product_cat?post=12587"},{"taxonomy":"product_tag","embeddable":true,"href":"https:\/\/airparx.com\/it\/wp-json\/wp\/v2\/product_tag?post=12587"}],"curies":[{"name":"wp","href":"https:\/\/api.w.org\/{rel}","templated":true}]}}