{"id":12600,"date":"2025-05-31T12:03:58","date_gmt":"2025-05-31T11:03:58","guid":{"rendered":"https:\/\/airparx.com\/installations\/sobell-leisure-centre\/"},"modified":"2025-05-31T12:03:58","modified_gmt":"2025-05-31T11:03:58","slug":"sobell-leisure-centre","status":"publish","type":"product","link":"https:\/\/airparx.com\/it\/installations\/sobell-leisure-centre\/","title":{"rendered":"Sobell Leisure Centre"},"content":{"rendered":"<p>Il Sobell Leisure Centre riapre con un centro d&#8217;intrattenimento per famiglie all&#8217;avanguardia dopo una devastante inondazione<\/p>\n<p>Londra, Regno Unito \u2014 Maggio 2025<\/p>\n<p>Valore totale del progetto: \u00a31,7m<\/p>\n<p>Dopo la devastante inondazione del 2022, l&#8217;iconico Sobell Leisure Centre di Islington, gestito da GLL Better, ha riaperto le sue porte con una visione audace: una destinazione d&#8217;intrattenimento multi-attivit\u00e0 completamente reinventata, progettata per rilanciare il coinvolgimento della comunit\u00e0 e ispirare il gioco attivo a ogni et\u00e0.<\/p>\n<p>Sotto la guida di Airparx, leader mondiale nelle soluzioni di intrattenimento attivo, l&#8217;ampia ristrutturazione ha trasformato la struttura in una vibrante Active Multi-Zone: una fusione dinamica di attivit\u00e0 fisica, gioco, brivido e tecnologia immersiva. Le nuove strutture includono:<\/p>\n<p>Un parco di trampolini e gonfiabili che offre divertimento ad alta energia e sfide interattive<\/p>\n<p>La pi\u00f9 grande Interactive Strike Arena del Regno Unito, realizzata in collaborazione con gli specialisti di Rugged Interactive<\/p>\n<p>Un campo sportivo interattivo che unisce giochi tradizionali e tecnologia all&#8217;avanguardia<\/p>\n<p>La Zip Zag Thrill Ride, un&#8217;avventura che sfida la gravit\u00e0 firmata Zip Zag<\/p>\n<p>Un&#8217;ampia e immersiva Active Soft Play Zone per i pi\u00f9 piccoli, sviluppata insieme a The Play Company<\/p>\n<p>Quello che un tempo era un normale centro ricreativo si \u00e8 evoluto in una vera destinazione per famiglie, scuole e gruppi comunitari, nel cuore di Islington, Londra, Regno Unito.<\/p>\n<p>\u201cQuesto progetto \u00e8 pi\u00f9 di una semplice ristrutturazione; \u00e8 una dichiarazione sul futuro del tempo libero per la comunit\u00e0\u201d, ha dichiarato Daniel Billington, Head of Business Development di Airparx. \u201cLavorando in stretta collaborazione con la visione e le esigenze di GLL, ci siamo affidati al supporto e all&#8217;esperienza di The Play Company, Rugged Interactive e Zip Zag per creare un centro d&#8217;intrattenimento per famiglie inclusivo e immersivo che incoraggi il movimento, l&#8217;interazione e il divertimento per ogni generazione\u201d.<\/p>\n<p>Il progetto esemplifica una nuova era nell&#8217;offerta per il tempo libero, unendo innovazione e accessibilit\u00e0 per garantire un ampio interesse. Progettato pensando all&#8217;impatto sulla comunit\u00e0, il centro rinnovato mira a incrementare i livelli di attivit\u00e0 fisica, promuovere l&#8217;interazione sociale e diventare un pilastro della vita familiare attiva nel quartiere e oltre.<\/p>\n<p>\u201cSiamo orgogliosi di vedere il Sobell Leisure Centre riaprire con un&#8217;offerta cos\u00ec unica e coinvolgente\u201d, ha affermato Adam Knight, General Manager del Sobell LC per GLL. \u201cQuesta struttura stabilisce un nuovo punto di riferimento per l&#8217;intrattenimento attivo urbano in un centro ricreativo e sottolinea il nostro impegno nell&#8217;offrire esperienze di qualit\u00e0 e inclusive, creando un percorso per rendere la comunit\u00e0 locale pi\u00f9 attiva\u201d.<\/p>\n<p>La nuova Active Play e Multi-Zone del Sobell \u00e8 ora aperta al pubblico, con sessioni disponibili per tutte le fasce d&#8217;et\u00e0 e abilit\u00e0. Questo sito di punta per GLL definisce nuovi standard nel settore del tempo libero nel Regno Unito, dimostrando come gli spazi sottoutilizzati dei centri sportivi possano essere trasformati sia per generare entrate, sia per offrire alle comunit\u00e0 spazi sicuri e coinvolgenti dove bambini e famiglie possono essere fisicamente attivi e creare ricordi divertenti.<\/p>\n","protected":false},"excerpt":{"rendered":"<p>Il Sobell Leisure Centre riapre con un centro d&#8217;intrattenimento per famiglie all&#8217;avanguardia dopo una devastante inondazione Londra, Regno Unito \u2014 Maggio 2025 Valore totale del progetto: \u00a31,7m Dopo la devastante inondazione del 2022, l&#8217;iconico Sobell Leisure Centre di Islington, gestito da GLL Better, ha riaperto le sue porte con una visione audace: una destinazione d&#8217;intrattenimento [&hellip;]<\/p>\n","protected":false},"featured_media":11178,"template":"","meta":{"_acf_changed":false},"product_brand":[],"product_cat":[118,122,119,116],"product_tag":[],"class_list":{"0":"post-12600","1":"product","2":"type-product","3":"status-publish","4":"has-post-thumbnail","6":"product_cat-giochi-morbidi-e-parchi-giochi-per-interni","7":"product_cat-interattivo","8":"product_cat-parchi-di-trampolino","9":"product_cat-parchi-gonfiabili","11":"first","12":"outofstock","13":"shipping-taxable","14":"product-type-simple"},"acf":[],"yoast_head":"<!-- This site is optimized with the Yoast SEO Premium plugin v26.7 (Yoast SEO v27.3) - https:\/\/yoast.com\/product\/yoast-seo-premium-wordpress\/ -->\n<title>Sobell Leisure Centre - Airparx<\/title>\n<meta name=\"robots\" content=\"index, follow, max-snippet:-1, max-image-preview:large, max-video-preview:-1\" \/>\n<link rel=\"canonical\" href=\"https:\/\/airparx.com\/it\/installations\/sobell-leisure-centre\/\" \/>\n<meta property=\"og:locale\" content=\"it_IT\" \/>\n<meta property=\"og:type\" content=\"article\" \/>\n<meta property=\"og:title\" content=\"Sobell Leisure Centre\" \/>\n<meta property=\"og:description\" content=\"Il Sobell Leisure Centre riapre con un centro d&#8217;intrattenimento per famiglie all&#8217;avanguardia dopo una devastante inondazione Londra, Regno Unito \u2014 Maggio 2025 Valore totale del progetto: \u00a31,7m Dopo la devastante inondazione del 2022, l&#8217;iconico Sobell Leisure Centre di Islington, gestito da GLL Better, ha riaperto le sue porte con una visione audace: una destinazione d&#8217;intrattenimento [&hellip;]\" \/>\n<meta property=\"og:url\" content=\"https:\/\/airparx.com\/it\/installations\/sobell-leisure-centre\/\" \/>\n<meta property=\"og:site_name\" content=\"Airparx\" \/>\n<meta property=\"article:publisher\" content=\"https:\/\/www.facebook.com\/Airparx\/\" \/>\n<meta property=\"og:image\" content=\"https:\/\/airparx.com\/wp-content\/uploads\/2025\/11\/GLL-SOBEL-76.jpg\" \/>\n\t<meta property=\"og:image:width\" content=\"2200\" \/>\n\t<meta property=\"og:image:height\" content=\"1467\" \/>\n\t<meta property=\"og:image:type\" content=\"image\/jpeg\" \/>\n<meta name=\"twitter:card\" content=\"summary_large_image\" \/>\n<meta name=\"twitter:label1\" content=\"Tempo di lettura stimato\" \/>\n\t<meta name=\"twitter:data1\" content=\"2 minuti\" \/>\n<script type=\"application\/ld+json\" class=\"yoast-schema-graph\">{\"@context\":\"https:\\\/\\\/schema.org\",\"@graph\":[{\"@type\":\"WebPage\",\"@id\":\"https:\\\/\\\/airparx.com\\\/it\\\/installations\\\/sobell-leisure-centre\\\/\",\"url\":\"https:\\\/\\\/airparx.com\\\/it\\\/installations\\\/sobell-leisure-centre\\\/\",\"name\":\"Sobell Leisure Centre - Airparx\",\"isPartOf\":{\"@id\":\"https:\\\/\\\/airparx.com\\\/it\\\/#website\"},\"primaryImageOfPage\":{\"@id\":\"https:\\\/\\\/airparx.com\\\/it\\\/installations\\\/sobell-leisure-centre\\\/#primaryimage\"},\"image\":{\"@id\":\"https:\\\/\\\/airparx.com\\\/it\\\/installations\\\/sobell-leisure-centre\\\/#primaryimage\"},\"thumbnailUrl\":\"https:\\\/\\\/airparx.com\\\/wp-content\\\/uploads\\\/2025\\\/11\\\/GLL-SOBEL-76.jpg\",\"datePublished\":\"2025-05-31T11:03:58+00:00\",\"breadcrumb\":{\"@id\":\"https:\\\/\\\/airparx.com\\\/it\\\/installations\\\/sobell-leisure-centre\\\/#breadcrumb\"},\"inLanguage\":\"it-IT\",\"potentialAction\":[{\"@type\":\"ReadAction\",\"target\":[\"https:\\\/\\\/airparx.com\\\/it\\\/installations\\\/sobell-leisure-centre\\\/\"]}]},{\"@type\":\"ImageObject\",\"inLanguage\":\"it-IT\",\"@id\":\"https:\\\/\\\/airparx.com\\\/it\\\/installations\\\/sobell-leisure-centre\\\/#primaryimage\",\"url\":\"https:\\\/\\\/airparx.com\\\/wp-content\\\/uploads\\\/2025\\\/11\\\/GLL-SOBEL-76.jpg\",\"contentUrl\":\"https:\\\/\\\/airparx.com\\\/wp-content\\\/uploads\\\/2025\\\/11\\\/GLL-SOBEL-76.jpg\",\"width\":2200,\"height\":1467},{\"@type\":\"BreadcrumbList\",\"@id\":\"https:\\\/\\\/airparx.com\\\/it\\\/installations\\\/sobell-leisure-centre\\\/#breadcrumb\",\"itemListElement\":[{\"@type\":\"ListItem\",\"position\":1,\"name\":\"Home\",\"item\":\"https:\\\/\\\/airparx.com\\\/it\\\/\"},{\"@type\":\"ListItem\",\"position\":2,\"name\":\"Sobell Leisure Centre\"}]},{\"@type\":\"WebSite\",\"@id\":\"https:\\\/\\\/airparx.com\\\/it\\\/#website\",\"url\":\"https:\\\/\\\/airparx.com\\\/it\\\/\",\"name\":\"Airparx\",\"description\":\"Inflatable &amp; Trampoline Park Supplier\",\"publisher\":{\"@id\":\"https:\\\/\\\/airparx.com\\\/it\\\/#organization\"},\"potentialAction\":[{\"@type\":\"SearchAction\",\"target\":{\"@type\":\"EntryPoint\",\"urlTemplate\":\"https:\\\/\\\/airparx.com\\\/it\\\/?s={search_term_string}\"},\"query-input\":{\"@type\":\"PropertyValueSpecification\",\"valueRequired\":true,\"valueName\":\"search_term_string\"}}],\"inLanguage\":\"it-IT\"},{\"@type\":\"Organization\",\"@id\":\"https:\\\/\\\/airparx.com\\\/it\\\/#organization\",\"name\":\"Airparx\",\"url\":\"https:\\\/\\\/airparx.com\\\/it\\\/\",\"logo\":{\"@type\":\"ImageObject\",\"inLanguage\":\"it-IT\",\"@id\":\"https:\\\/\\\/airparx.com\\\/it\\\/#\\\/schema\\\/logo\\\/image\\\/\",\"url\":\"https:\\\/\\\/airparx.com\\\/wp-content\\\/uploads\\\/2022\\\/06\\\/Airparx_Logo.png\",\"contentUrl\":\"https:\\\/\\\/airparx.com\\\/wp-content\\\/uploads\\\/2022\\\/06\\\/Airparx_Logo.png\",\"width\":1127,\"height\":461,\"caption\":\"Airparx\"},\"image\":{\"@id\":\"https:\\\/\\\/airparx.com\\\/it\\\/#\\\/schema\\\/logo\\\/image\\\/\"},\"sameAs\":[\"https:\\\/\\\/www.facebook.com\\\/Airparx\\\/\",\"https:\\\/\\\/www.instagram.com\\\/airparx\\\/\",\"https:\\\/\\\/www.youtube.com\\\/playlist?list=PL2LZnxdxb4eX2paMpuL0QxEvopAtGzyqY\",\"https:\\\/\\\/www.linkedin.com\\\/company\\\/airparx\\\/\"]}]}<\/script>\n<!-- \/ Yoast SEO Premium plugin. -->","yoast_head_json":{"title":"Sobell Leisure Centre - Airparx","robots":{"index":"index","follow":"follow","max-snippet":"max-snippet:-1","max-image-preview":"max-image-preview:large","max-video-preview":"max-video-preview:-1"},"canonical":"https:\/\/airparx.com\/it\/installations\/sobell-leisure-centre\/","og_locale":"it_IT","og_type":"article","og_title":"Sobell Leisure Centre","og_description":"Il Sobell Leisure Centre riapre con un centro d&#8217;intrattenimento per famiglie all&#8217;avanguardia dopo una devastante inondazione Londra, Regno Unito \u2014 Maggio 2025 Valore totale del progetto: \u00a31,7m Dopo la devastante inondazione del 2022, l&#8217;iconico Sobell Leisure Centre di Islington, gestito da GLL Better, ha riaperto le sue porte con una visione audace: una destinazione d&#8217;intrattenimento [&hellip;]","og_url":"https:\/\/airparx.com\/it\/installations\/sobell-leisure-centre\/","og_site_name":"Airparx","article_publisher":"https:\/\/www.facebook.com\/Airparx\/","og_image":[{"width":2200,"height":1467,"url":"https:\/\/airparx.com\/wp-content\/uploads\/2025\/11\/GLL-SOBEL-76.jpg","type":"image\/jpeg"}],"twitter_card":"summary_large_image","twitter_misc":{"Tempo di lettura stimato":"2 minuti"},"schema":{"@context":"https:\/\/schema.org","@graph":[{"@type":"WebPage","@id":"https:\/\/airparx.com\/it\/installations\/sobell-leisure-centre\/","url":"https:\/\/airparx.com\/it\/installations\/sobell-leisure-centre\/","name":"Sobell Leisure Centre - Airparx","isPartOf":{"@id":"https:\/\/airparx.com\/it\/#website"},"primaryImageOfPage":{"@id":"https:\/\/airparx.com\/it\/installations\/sobell-leisure-centre\/#primaryimage"},"image":{"@id":"https:\/\/airparx.com\/it\/installations\/sobell-leisure-centre\/#primaryimage"},"thumbnailUrl":"https:\/\/airparx.com\/wp-content\/uploads\/2025\/11\/GLL-SOBEL-76.jpg","datePublished":"2025-05-31T11:03:58+00:00","breadcrumb":{"@id":"https:\/\/airparx.com\/it\/installations\/sobell-leisure-centre\/#breadcrumb"},"inLanguage":"it-IT","potentialAction":[{"@type":"ReadAction","target":["https:\/\/airparx.com\/it\/installations\/sobell-leisure-centre\/"]}]},{"@type":"ImageObject","inLanguage":"it-IT","@id":"https:\/\/airparx.com\/it\/installations\/sobell-leisure-centre\/#primaryimage","url":"https:\/\/airparx.com\/wp-content\/uploads\/2025\/11\/GLL-SOBEL-76.jpg","contentUrl":"https:\/\/airparx.com\/wp-content\/uploads\/2025\/11\/GLL-SOBEL-76.jpg","width":2200,"height":1467},{"@type":"BreadcrumbList","@id":"https:\/\/airparx.com\/it\/installations\/sobell-leisure-centre\/#breadcrumb","itemListElement":[{"@type":"ListItem","position":1,"name":"Home","item":"https:\/\/airparx.com\/it\/"},{"@type":"ListItem","position":2,"name":"Sobell Leisure Centre"}]},{"@type":"WebSite","@id":"https:\/\/airparx.com\/it\/#website","url":"https:\/\/airparx.com\/it\/","name":"Airparx","description":"Inflatable &amp; Trampoline Park Supplier","publisher":{"@id":"https:\/\/airparx.com\/it\/#organization"},"potentialAction":[{"@type":"SearchAction","target":{"@type":"EntryPoint","urlTemplate":"https:\/\/airparx.com\/it\/?s={search_term_string}"},"query-input":{"@type":"PropertyValueSpecification","valueRequired":true,"valueName":"search_term_string"}}],"inLanguage":"it-IT"},{"@type":"Organization","@id":"https:\/\/airparx.com\/it\/#organization","name":"Airparx","url":"https:\/\/airparx.com\/it\/","logo":{"@type":"ImageObject","inLanguage":"it-IT","@id":"https:\/\/airparx.com\/it\/#\/schema\/logo\/image\/","url":"https:\/\/airparx.com\/wp-content\/uploads\/2022\/06\/Airparx_Logo.png","contentUrl":"https:\/\/airparx.com\/wp-content\/uploads\/2022\/06\/Airparx_Logo.png","width":1127,"height":461,"caption":"Airparx"},"image":{"@id":"https:\/\/airparx.com\/it\/#\/schema\/logo\/image\/"},"sameAs":["https:\/\/www.facebook.com\/Airparx\/","https:\/\/www.instagram.com\/airparx\/","https:\/\/www.youtube.com\/playlist?list=PL2LZnxdxb4eX2paMpuL0QxEvopAtGzyqY","https:\/\/www.linkedin.com\/company\/airparx\/"]}]}},"_links":{"self":[{"href":"https:\/\/airparx.com\/it\/wp-json\/wp\/v2\/product\/12600","targetHints":{"allow":["GET"]}}],"collection":[{"href":"https:\/\/airparx.com\/it\/wp-json\/wp\/v2\/product"}],"about":[{"href":"https:\/\/airparx.com\/it\/wp-json\/wp\/v2\/types\/product"}],"wp:featuredmedia":[{"embeddable":true,"href":"https:\/\/airparx.com\/it\/wp-json\/wp\/v2\/media\/11178"}],"wp:attachment":[{"href":"https:\/\/airparx.com\/it\/wp-json\/wp\/v2\/media?parent=12600"}],"wp:term":[{"taxonomy":"product_brand","embeddable":true,"href":"https:\/\/airparx.com\/it\/wp-json\/wp\/v2\/product_brand?post=12600"},{"taxonomy":"product_cat","embeddable":true,"href":"https:\/\/airparx.com\/it\/wp-json\/wp\/v2\/product_cat?post=12600"},{"taxonomy":"product_tag","embeddable":true,"href":"https:\/\/airparx.com\/it\/wp-json\/wp\/v2\/product_tag?post=12600"}],"curies":[{"name":"wp","href":"https:\/\/api.w.org\/{rel}","templated":true}]}}