{"id":7244,"date":"2022-11-01T11:59:17","date_gmt":"2022-11-01T11:59:17","guid":{"rendered":"https:\/\/airparx.com\/installations\/salto-libero-dallossigeno\/"},"modified":"2023-02-07T10:33:11","modified_gmt":"2023-02-07T10:33:11","slug":"salto-senza-ossigeno","status":"publish","type":"product","link":"https:\/\/airparx.com\/it\/installations\/salto-senza-ossigeno\/","title":{"rendered":"Oxygen Freejumping"},"content":{"rendered":"<p><span data-sheets-value=\"{\"1\":2,\"2\":\"\\\"As part of Oxygen\u2019s recent acquisition trail, they purchased an existing site in Wilmslow near Manchester, UK and operated it as it was for a few months.\\n\\nThis site was in need of some refurbishment works, park improvements and a full facelift to bring it in line with Oxygen\u2019s other sites; and to drive the visitor experience alongside user dwell time too. \\n\\nAirparx was commissioned as the main activity provider, with other suppliers appointed to look after the catering, reception, signage, party rooms, AV and all other key elements for a family activity centre.\\n\\nOut went half the activity space, and in its place went a brand new 200m2 Mini Inflatable Park, and Interactive Multi Use Sports Pitch to the rear of the park. A new and repositioned Jump Tower and Air Bag Top Sheet was positioned in the middle of the park alongside brand new trampoline bed padding plus parkour jumping obstacles. \\n\\nThen to the front left of the park, as you enter through the fantastic new signature \u2018Oxygen Excite Tunnel\u2019 the visitors will find a 3-storey Soft Play Frame, alongside a 6-line Fun Climbing Wall space with interactive timers and auto belay system. \\n\\nFrom start to finish the rip out, and new activity install works took a total of only 6 weeks, with the facility reopening on schedule to the public ready for the October School Holiday period. \\n\\\"\"}\" data-sheets-userformat=\"{\"2\":25469,\"3\":{\"1\":0},\"5\":{\"1\":[{\"1\":2,\"2\":0,\"5\":{\"1\":2,\"2\":13421772}},{\"1\":0,\"2\":0,\"3\":3},{\"1\":1,\"2\":0,\"4\":1}]},\"6\":{\"1\":[{\"1\":2,\"2\":0,\"5\":{\"1\":2,\"2\":13421772}},{\"1\":0,\"2\":0,\"3\":3},{\"1\":1,\"2\":0,\"4\":1}]},\"7\":{\"1\":[{\"1\":2,\"2\":0,\"5\":{\"1\":2,\"2\":13421772}},{\"1\":0,\"2\":0,\"3\":3},{\"1\":1,\"2\":0,\"4\":1}]},\"8\":{\"1\":[{\"1\":2,\"2\":0,\"5\":{\"1\":2,\"2\":13421772}},{\"1\":0,\"2\":0,\"3\":3},{\"1\":1,\"2\":0,\"4\":1}]},\"9\":1,\"11\":3,\"12\":0,\"16\":12,\"17\":1}\">Nell&#8217;ambito del recente percorso di acquisizione, Oxygen ha acquistato un sito esistente a Wilmslow, vicino a Manchester, nel Regno Unito, e lo ha gestito cos\u00ec com&#8217;era per alcuni mesi.<\/span><\/p>\n<p>Questo sito aveva bisogno di alcuni lavori di ristrutturazione, di migliorare il parco e di un lifting completo per allinearlo agli altri siti di Oxygen e per migliorare l&#8217;esperienza dei visitatori e il tempo di permanenza degli utenti.<\/p>\n<p>Airparx \u00e8 stato incaricato come fornitore principale di attivit\u00e0, mentre altri fornitori si sono occupati di catering, reception, segnaletica, sale per feste, AV e di tutti gli altri elementi chiave per un centro di attivit\u00e0 per famiglie.<\/p>\n<p>La met\u00e0 dello spazio per le attivit\u00e0 \u00e8 stata eliminata e al suo posto sono stati realizzati un nuovissimo mini parco gonfiabile di 200 m2 e un campo sportivo interattivo multiuso sul retro del parco. Al centro del parco sono stati posizionati una nuova torre di salto e un telo Air Bag, oltre a una nuova imbottitura per il letto del trampolino e a ostacoli per il parkour jumping.<\/p>\n<p>Poi, nella parte anteriore sinistra del parco, entrando attraverso il nuovo e fantastico &#8220;Oxygen Excite Tunnel&#8221;, i visitatori troveranno una struttura Soft Play a 3 piani, insieme a una parete di arrampicata divertente a 6 linee con timer interattivi e sistema di assicurazione automatica.<\/p>\n<p>Dall&#8217;inizio alla fine i lavori di smantellamento e installazione di nuove attivit\u00e0 sono durati in totale solo 6 settimane, con la riapertura dell&#8217;impianto al pubblico nei tempi previsti per il periodo delle vacanze scolastiche di ottobre.<\/p>\n","protected":false},"excerpt":{"rendered":"<p>Nell&#8217;ambito del recente percorso di acquisizione, Oxygen ha acquistato un sito esistente a Wilmslow, vicino a Manchester, nel Regno Unito, e lo ha gestito cos\u00ec com&#8217;era per alcuni mesi. Questo sito aveva bisogno di alcuni lavori di ristrutturazione, di migliorare il parco e di un lifting completo per allinearlo agli altri siti di Oxygen e [&hellip;]<\/p>\n","protected":false},"featured_media":7192,"template":"","meta":{"_acf_changed":false},"product_brand":[],"product_cat":[118,122,116],"product_tag":[],"class_list":{"0":"post-7244","1":"product","2":"type-product","3":"status-publish","4":"has-post-thumbnail","6":"product_cat-giochi-morbidi-e-parchi-giochi-per-interni","7":"product_cat-interattivo","8":"product_cat-parchi-gonfiabili","10":"first","11":"outofstock","12":"shipping-taxable","13":"product-type-simple"},"acf":[],"yoast_head":"<!-- This site is optimized with the Yoast SEO Premium plugin v26.7 (Yoast SEO v27.3) - https:\/\/yoast.com\/product\/yoast-seo-premium-wordpress\/ -->\n<title>Oxygen Freejumping - Airparx<\/title>\n<meta name=\"robots\" content=\"index, follow, max-snippet:-1, max-image-preview:large, max-video-preview:-1\" \/>\n<link rel=\"canonical\" href=\"https:\/\/airparx.com\/it\/installations\/salto-senza-ossigeno\/\" \/>\n<meta property=\"og:locale\" content=\"it_IT\" \/>\n<meta property=\"og:type\" content=\"article\" \/>\n<meta property=\"og:title\" content=\"Oxygen Freejumping\" \/>\n<meta property=\"og:description\" content=\"Nell&#8217;ambito del recente percorso di acquisizione, Oxygen ha acquistato un sito esistente a Wilmslow, vicino a Manchester, nel Regno Unito, e lo ha gestito cos\u00ec com&#8217;era per alcuni mesi. Questo sito aveva bisogno di alcuni lavori di ristrutturazione, di migliorare il parco e di un lifting completo per allinearlo agli altri siti di Oxygen e [&hellip;]\" \/>\n<meta property=\"og:url\" content=\"https:\/\/airparx.com\/it\/installations\/salto-senza-ossigeno\/\" \/>\n<meta property=\"og:site_name\" content=\"Airparx\" \/>\n<meta property=\"article:publisher\" content=\"https:\/\/www.facebook.com\/Airparx\/\" \/>\n<meta property=\"article:modified_time\" content=\"2023-02-07T10:33:11+00:00\" \/>\n<meta property=\"og:image\" content=\"https:\/\/airparx.com\/wp-content\/uploads\/2022\/11\/Oxygen-Freejumping-5.jpg\" \/>\n\t<meta property=\"og:image:width\" content=\"1024\" \/>\n\t<meta property=\"og:image:height\" content=\"768\" \/>\n\t<meta property=\"og:image:type\" content=\"image\/jpeg\" \/>\n<meta name=\"twitter:card\" content=\"summary_large_image\" \/>\n<meta name=\"twitter:label1\" content=\"Tempo di lettura stimato\" \/>\n\t<meta name=\"twitter:data1\" content=\"1 minuto\" \/>\n<script type=\"application\/ld+json\" class=\"yoast-schema-graph\">{\"@context\":\"https:\\\/\\\/schema.org\",\"@graph\":[{\"@type\":\"WebPage\",\"@id\":\"https:\\\/\\\/airparx.com\\\/it\\\/installations\\\/salto-senza-ossigeno\\\/\",\"url\":\"https:\\\/\\\/airparx.com\\\/it\\\/installations\\\/salto-senza-ossigeno\\\/\",\"name\":\"Oxygen Freejumping - Airparx\",\"isPartOf\":{\"@id\":\"https:\\\/\\\/airparx.com\\\/it\\\/#website\"},\"primaryImageOfPage\":{\"@id\":\"https:\\\/\\\/airparx.com\\\/it\\\/installations\\\/salto-senza-ossigeno\\\/#primaryimage\"},\"image\":{\"@id\":\"https:\\\/\\\/airparx.com\\\/it\\\/installations\\\/salto-senza-ossigeno\\\/#primaryimage\"},\"thumbnailUrl\":\"https:\\\/\\\/airparx.com\\\/wp-content\\\/uploads\\\/2022\\\/11\\\/Oxygen-Freejumping-5.jpg\",\"datePublished\":\"2022-11-01T11:59:17+00:00\",\"dateModified\":\"2023-02-07T10:33:11+00:00\",\"breadcrumb\":{\"@id\":\"https:\\\/\\\/airparx.com\\\/it\\\/installations\\\/salto-senza-ossigeno\\\/#breadcrumb\"},\"inLanguage\":\"it-IT\",\"potentialAction\":[{\"@type\":\"ReadAction\",\"target\":[\"https:\\\/\\\/airparx.com\\\/it\\\/installations\\\/salto-senza-ossigeno\\\/\"]}]},{\"@type\":\"ImageObject\",\"inLanguage\":\"it-IT\",\"@id\":\"https:\\\/\\\/airparx.com\\\/it\\\/installations\\\/salto-senza-ossigeno\\\/#primaryimage\",\"url\":\"https:\\\/\\\/airparx.com\\\/wp-content\\\/uploads\\\/2022\\\/11\\\/Oxygen-Freejumping-5.jpg\",\"contentUrl\":\"https:\\\/\\\/airparx.com\\\/wp-content\\\/uploads\\\/2022\\\/11\\\/Oxygen-Freejumping-5.jpg\",\"width\":1024,\"height\":768},{\"@type\":\"BreadcrumbList\",\"@id\":\"https:\\\/\\\/airparx.com\\\/it\\\/installations\\\/salto-senza-ossigeno\\\/#breadcrumb\",\"itemListElement\":[{\"@type\":\"ListItem\",\"position\":1,\"name\":\"Home\",\"item\":\"https:\\\/\\\/airparx.com\\\/it\\\/\"},{\"@type\":\"ListItem\",\"position\":2,\"name\":\"Oxygen Freejumping\"}]},{\"@type\":\"WebSite\",\"@id\":\"https:\\\/\\\/airparx.com\\\/it\\\/#website\",\"url\":\"https:\\\/\\\/airparx.com\\\/it\\\/\",\"name\":\"Airparx\",\"description\":\"Inflatable &amp; Trampoline Park Supplier\",\"publisher\":{\"@id\":\"https:\\\/\\\/airparx.com\\\/it\\\/#organization\"},\"potentialAction\":[{\"@type\":\"SearchAction\",\"target\":{\"@type\":\"EntryPoint\",\"urlTemplate\":\"https:\\\/\\\/airparx.com\\\/it\\\/?s={search_term_string}\"},\"query-input\":{\"@type\":\"PropertyValueSpecification\",\"valueRequired\":true,\"valueName\":\"search_term_string\"}}],\"inLanguage\":\"it-IT\"},{\"@type\":\"Organization\",\"@id\":\"https:\\\/\\\/airparx.com\\\/it\\\/#organization\",\"name\":\"Airparx\",\"url\":\"https:\\\/\\\/airparx.com\\\/it\\\/\",\"logo\":{\"@type\":\"ImageObject\",\"inLanguage\":\"it-IT\",\"@id\":\"https:\\\/\\\/airparx.com\\\/it\\\/#\\\/schema\\\/logo\\\/image\\\/\",\"url\":\"https:\\\/\\\/airparx.com\\\/wp-content\\\/uploads\\\/2022\\\/06\\\/Airparx_Logo.png\",\"contentUrl\":\"https:\\\/\\\/airparx.com\\\/wp-content\\\/uploads\\\/2022\\\/06\\\/Airparx_Logo.png\",\"width\":1127,\"height\":461,\"caption\":\"Airparx\"},\"image\":{\"@id\":\"https:\\\/\\\/airparx.com\\\/it\\\/#\\\/schema\\\/logo\\\/image\\\/\"},\"sameAs\":[\"https:\\\/\\\/www.facebook.com\\\/Airparx\\\/\",\"https:\\\/\\\/www.instagram.com\\\/airparx\\\/\",\"https:\\\/\\\/www.youtube.com\\\/playlist?list=PL2LZnxdxb4eX2paMpuL0QxEvopAtGzyqY\",\"https:\\\/\\\/www.linkedin.com\\\/company\\\/airparx\\\/\"]}]}<\/script>\n<!-- \/ Yoast SEO Premium plugin. -->","yoast_head_json":{"title":"Oxygen Freejumping - Airparx","robots":{"index":"index","follow":"follow","max-snippet":"max-snippet:-1","max-image-preview":"max-image-preview:large","max-video-preview":"max-video-preview:-1"},"canonical":"https:\/\/airparx.com\/it\/installations\/salto-senza-ossigeno\/","og_locale":"it_IT","og_type":"article","og_title":"Oxygen Freejumping","og_description":"Nell&#8217;ambito del recente percorso di acquisizione, Oxygen ha acquistato un sito esistente a Wilmslow, vicino a Manchester, nel Regno Unito, e lo ha gestito cos\u00ec com&#8217;era per alcuni mesi. Questo sito aveva bisogno di alcuni lavori di ristrutturazione, di migliorare il parco e di un lifting completo per allinearlo agli altri siti di Oxygen e [&hellip;]","og_url":"https:\/\/airparx.com\/it\/installations\/salto-senza-ossigeno\/","og_site_name":"Airparx","article_publisher":"https:\/\/www.facebook.com\/Airparx\/","article_modified_time":"2023-02-07T10:33:11+00:00","og_image":[{"width":1024,"height":768,"url":"https:\/\/airparx.com\/wp-content\/uploads\/2022\/11\/Oxygen-Freejumping-5.jpg","type":"image\/jpeg"}],"twitter_card":"summary_large_image","twitter_misc":{"Tempo di lettura stimato":"1 minuto"},"schema":{"@context":"https:\/\/schema.org","@graph":[{"@type":"WebPage","@id":"https:\/\/airparx.com\/it\/installations\/salto-senza-ossigeno\/","url":"https:\/\/airparx.com\/it\/installations\/salto-senza-ossigeno\/","name":"Oxygen Freejumping - Airparx","isPartOf":{"@id":"https:\/\/airparx.com\/it\/#website"},"primaryImageOfPage":{"@id":"https:\/\/airparx.com\/it\/installations\/salto-senza-ossigeno\/#primaryimage"},"image":{"@id":"https:\/\/airparx.com\/it\/installations\/salto-senza-ossigeno\/#primaryimage"},"thumbnailUrl":"https:\/\/airparx.com\/wp-content\/uploads\/2022\/11\/Oxygen-Freejumping-5.jpg","datePublished":"2022-11-01T11:59:17+00:00","dateModified":"2023-02-07T10:33:11+00:00","breadcrumb":{"@id":"https:\/\/airparx.com\/it\/installations\/salto-senza-ossigeno\/#breadcrumb"},"inLanguage":"it-IT","potentialAction":[{"@type":"ReadAction","target":["https:\/\/airparx.com\/it\/installations\/salto-senza-ossigeno\/"]}]},{"@type":"ImageObject","inLanguage":"it-IT","@id":"https:\/\/airparx.com\/it\/installations\/salto-senza-ossigeno\/#primaryimage","url":"https:\/\/airparx.com\/wp-content\/uploads\/2022\/11\/Oxygen-Freejumping-5.jpg","contentUrl":"https:\/\/airparx.com\/wp-content\/uploads\/2022\/11\/Oxygen-Freejumping-5.jpg","width":1024,"height":768},{"@type":"BreadcrumbList","@id":"https:\/\/airparx.com\/it\/installations\/salto-senza-ossigeno\/#breadcrumb","itemListElement":[{"@type":"ListItem","position":1,"name":"Home","item":"https:\/\/airparx.com\/it\/"},{"@type":"ListItem","position":2,"name":"Oxygen Freejumping"}]},{"@type":"WebSite","@id":"https:\/\/airparx.com\/it\/#website","url":"https:\/\/airparx.com\/it\/","name":"Airparx","description":"Inflatable &amp; Trampoline Park Supplier","publisher":{"@id":"https:\/\/airparx.com\/it\/#organization"},"potentialAction":[{"@type":"SearchAction","target":{"@type":"EntryPoint","urlTemplate":"https:\/\/airparx.com\/it\/?s={search_term_string}"},"query-input":{"@type":"PropertyValueSpecification","valueRequired":true,"valueName":"search_term_string"}}],"inLanguage":"it-IT"},{"@type":"Organization","@id":"https:\/\/airparx.com\/it\/#organization","name":"Airparx","url":"https:\/\/airparx.com\/it\/","logo":{"@type":"ImageObject","inLanguage":"it-IT","@id":"https:\/\/airparx.com\/it\/#\/schema\/logo\/image\/","url":"https:\/\/airparx.com\/wp-content\/uploads\/2022\/06\/Airparx_Logo.png","contentUrl":"https:\/\/airparx.com\/wp-content\/uploads\/2022\/06\/Airparx_Logo.png","width":1127,"height":461,"caption":"Airparx"},"image":{"@id":"https:\/\/airparx.com\/it\/#\/schema\/logo\/image\/"},"sameAs":["https:\/\/www.facebook.com\/Airparx\/","https:\/\/www.instagram.com\/airparx\/","https:\/\/www.youtube.com\/playlist?list=PL2LZnxdxb4eX2paMpuL0QxEvopAtGzyqY","https:\/\/www.linkedin.com\/company\/airparx\/"]}]}},"_links":{"self":[{"href":"https:\/\/airparx.com\/it\/wp-json\/wp\/v2\/product\/7244","targetHints":{"allow":["GET"]}}],"collection":[{"href":"https:\/\/airparx.com\/it\/wp-json\/wp\/v2\/product"}],"about":[{"href":"https:\/\/airparx.com\/it\/wp-json\/wp\/v2\/types\/product"}],"wp:featuredmedia":[{"embeddable":true,"href":"https:\/\/airparx.com\/it\/wp-json\/wp\/v2\/media\/7192"}],"wp:attachment":[{"href":"https:\/\/airparx.com\/it\/wp-json\/wp\/v2\/media?parent=7244"}],"wp:term":[{"taxonomy":"product_brand","embeddable":true,"href":"https:\/\/airparx.com\/it\/wp-json\/wp\/v2\/product_brand?post=7244"},{"taxonomy":"product_cat","embeddable":true,"href":"https:\/\/airparx.com\/it\/wp-json\/wp\/v2\/product_cat?post=7244"},{"taxonomy":"product_tag","embeddable":true,"href":"https:\/\/airparx.com\/it\/wp-json\/wp\/v2\/product_tag?post=7244"}],"curies":[{"name":"wp","href":"https:\/\/api.w.org\/{rel}","templated":true}]}}