{"id":7248,"date":"2021-08-31T08:56:56","date_gmt":"2021-08-31T07:56:56","guid":{"rendered":"https:\/\/airparx.com\/installations\/altiplano-2\/"},"modified":"2022-12-09T12:44:26","modified_gmt":"2022-12-09T12:44:26","slug":"altiplano","status":"publish","type":"product","link":"https:\/\/airparx.com\/it\/installations\/altiplano\/","title":{"rendered":"Altiplano"},"content":{"rendered":"<p>Altiplano Park \u00e8 stato creato in collaborazione con il nostro agente francese e ha rappresentato una sfida particolare per la nostra prima consegna in Francia.<\/p>\n<p>In seguito al desiderio del cliente finale di migliorare e aggiornare l&#8217;attuale parco di trampolini con un parco gonfiabile Airparx, il progetto ha posto diversi problemi, in particolare quello di avere uno spazio cos\u00ec piccolo da utilizzare nel tentativo di fornire qualcosa che aggiungesse una nuova dimensione all&#8217;esperienza dei visitatori.<\/p>\n<p>Il concetto che abbiamo creato \u00e8 un parco gonfiabile con un percorso a ostacoli incorporato che circonda l&#8217;intero perimetro del parco. Questa combinazione ha permesso di incorporare con successo attivit\u00e0 sia per i giocatori pi\u00f9 giovani che per quelli pi\u00f9 anziani.<\/p>\n<p>Il progetto \u00e8 stato un successo e ha portato un numero aggiuntivo di 90 utenti nella struttura, fondendo le strutture esistenti con il nuovo parco gonfiabile.<\/p>\n","protected":false},"excerpt":{"rendered":"<p>Altiplano Park \u00e8 stato creato in collaborazione con il nostro agente francese e ha rappresentato una sfida particolare per la nostra prima consegna in Francia. In seguito al desiderio del cliente finale di migliorare e aggiornare l&#8217;attuale parco di trampolini con un parco gonfiabile Airparx, il progetto ha posto diversi problemi, in particolare quello di [&hellip;]<\/p>\n","protected":false},"featured_media":6689,"template":"","meta":{"_acf_changed":false},"product_brand":[],"product_cat":[116],"product_tag":[],"class_list":{"0":"post-7248","1":"product","2":"type-product","3":"status-publish","4":"has-post-thumbnail","6":"product_cat-parchi-gonfiabili","8":"first","9":"outofstock","10":"shipping-taxable","11":"product-type-simple"},"acf":[],"yoast_head":"<!-- This site is optimized with the Yoast SEO Premium plugin v26.7 (Yoast SEO v27.3) - https:\/\/yoast.com\/product\/yoast-seo-premium-wordpress\/ -->\n<title>Altiplano - Airparx<\/title>\n<meta name=\"robots\" content=\"index, follow, max-snippet:-1, max-image-preview:large, max-video-preview:-1\" \/>\n<link rel=\"canonical\" href=\"https:\/\/airparx.com\/it\/installations\/altiplano\/\" \/>\n<meta property=\"og:locale\" content=\"it_IT\" \/>\n<meta property=\"og:type\" content=\"article\" \/>\n<meta property=\"og:title\" content=\"Altiplano\" \/>\n<meta property=\"og:description\" content=\"Altiplano Park \u00e8 stato creato in collaborazione con il nostro agente francese e ha rappresentato una sfida particolare per la nostra prima consegna in Francia. In seguito al desiderio del cliente finale di migliorare e aggiornare l&#8217;attuale parco di trampolini con un parco gonfiabile Airparx, il progetto ha posto diversi problemi, in particolare quello di [&hellip;]\" \/>\n<meta property=\"og:url\" content=\"https:\/\/airparx.com\/it\/installations\/altiplano\/\" \/>\n<meta property=\"og:site_name\" content=\"Airparx\" \/>\n<meta property=\"article:publisher\" content=\"https:\/\/www.facebook.com\/Airparx\/\" \/>\n<meta property=\"article:modified_time\" content=\"2022-12-09T12:44:26+00:00\" \/>\n<meta property=\"og:image\" content=\"https:\/\/airparx.com\/wp-content\/uploads\/2021\/08\/AP46_Altiplano_0101002142.jpg\" \/>\n\t<meta property=\"og:image:width\" content=\"1024\" \/>\n\t<meta property=\"og:image:height\" content=\"768\" \/>\n\t<meta property=\"og:image:type\" content=\"image\/jpeg\" \/>\n<meta name=\"twitter:card\" content=\"summary_large_image\" \/>\n<meta name=\"twitter:label1\" content=\"Tempo di lettura stimato\" \/>\n\t<meta name=\"twitter:data1\" content=\"1 minuto\" \/>\n<script type=\"application\/ld+json\" class=\"yoast-schema-graph\">{\"@context\":\"https:\\\/\\\/schema.org\",\"@graph\":[{\"@type\":\"WebPage\",\"@id\":\"https:\\\/\\\/airparx.com\\\/it\\\/installations\\\/altiplano\\\/\",\"url\":\"https:\\\/\\\/airparx.com\\\/it\\\/installations\\\/altiplano\\\/\",\"name\":\"Altiplano - Airparx\",\"isPartOf\":{\"@id\":\"https:\\\/\\\/airparx.com\\\/it\\\/#website\"},\"primaryImageOfPage\":{\"@id\":\"https:\\\/\\\/airparx.com\\\/it\\\/installations\\\/altiplano\\\/#primaryimage\"},\"image\":{\"@id\":\"https:\\\/\\\/airparx.com\\\/it\\\/installations\\\/altiplano\\\/#primaryimage\"},\"thumbnailUrl\":\"https:\\\/\\\/airparx.com\\\/wp-content\\\/uploads\\\/2021\\\/08\\\/AP46_Altiplano_0101002142.jpg\",\"datePublished\":\"2021-08-31T07:56:56+00:00\",\"dateModified\":\"2022-12-09T12:44:26+00:00\",\"breadcrumb\":{\"@id\":\"https:\\\/\\\/airparx.com\\\/it\\\/installations\\\/altiplano\\\/#breadcrumb\"},\"inLanguage\":\"it-IT\",\"potentialAction\":[{\"@type\":\"ReadAction\",\"target\":[\"https:\\\/\\\/airparx.com\\\/it\\\/installations\\\/altiplano\\\/\"]}]},{\"@type\":\"ImageObject\",\"inLanguage\":\"it-IT\",\"@id\":\"https:\\\/\\\/airparx.com\\\/it\\\/installations\\\/altiplano\\\/#primaryimage\",\"url\":\"https:\\\/\\\/airparx.com\\\/wp-content\\\/uploads\\\/2021\\\/08\\\/AP46_Altiplano_0101002142.jpg\",\"contentUrl\":\"https:\\\/\\\/airparx.com\\\/wp-content\\\/uploads\\\/2021\\\/08\\\/AP46_Altiplano_0101002142.jpg\",\"width\":1024,\"height\":768,\"caption\":\"C:DCIM100GOPROGOPR2513.GPR\"},{\"@type\":\"BreadcrumbList\",\"@id\":\"https:\\\/\\\/airparx.com\\\/it\\\/installations\\\/altiplano\\\/#breadcrumb\",\"itemListElement\":[{\"@type\":\"ListItem\",\"position\":1,\"name\":\"Home\",\"item\":\"https:\\\/\\\/airparx.com\\\/it\\\/\"},{\"@type\":\"ListItem\",\"position\":2,\"name\":\"Altiplano\"}]},{\"@type\":\"WebSite\",\"@id\":\"https:\\\/\\\/airparx.com\\\/it\\\/#website\",\"url\":\"https:\\\/\\\/airparx.com\\\/it\\\/\",\"name\":\"Airparx\",\"description\":\"Inflatable &amp; Trampoline Park Supplier\",\"publisher\":{\"@id\":\"https:\\\/\\\/airparx.com\\\/it\\\/#organization\"},\"potentialAction\":[{\"@type\":\"SearchAction\",\"target\":{\"@type\":\"EntryPoint\",\"urlTemplate\":\"https:\\\/\\\/airparx.com\\\/it\\\/?s={search_term_string}\"},\"query-input\":{\"@type\":\"PropertyValueSpecification\",\"valueRequired\":true,\"valueName\":\"search_term_string\"}}],\"inLanguage\":\"it-IT\"},{\"@type\":\"Organization\",\"@id\":\"https:\\\/\\\/airparx.com\\\/it\\\/#organization\",\"name\":\"Airparx\",\"url\":\"https:\\\/\\\/airparx.com\\\/it\\\/\",\"logo\":{\"@type\":\"ImageObject\",\"inLanguage\":\"it-IT\",\"@id\":\"https:\\\/\\\/airparx.com\\\/it\\\/#\\\/schema\\\/logo\\\/image\\\/\",\"url\":\"https:\\\/\\\/airparx.com\\\/wp-content\\\/uploads\\\/2022\\\/06\\\/Airparx_Logo.png\",\"contentUrl\":\"https:\\\/\\\/airparx.com\\\/wp-content\\\/uploads\\\/2022\\\/06\\\/Airparx_Logo.png\",\"width\":1127,\"height\":461,\"caption\":\"Airparx\"},\"image\":{\"@id\":\"https:\\\/\\\/airparx.com\\\/it\\\/#\\\/schema\\\/logo\\\/image\\\/\"},\"sameAs\":[\"https:\\\/\\\/www.facebook.com\\\/Airparx\\\/\",\"https:\\\/\\\/www.instagram.com\\\/airparx\\\/\",\"https:\\\/\\\/www.youtube.com\\\/playlist?list=PL2LZnxdxb4eX2paMpuL0QxEvopAtGzyqY\",\"https:\\\/\\\/www.linkedin.com\\\/company\\\/airparx\\\/\"]}]}<\/script>\n<!-- \/ Yoast SEO Premium plugin. -->","yoast_head_json":{"title":"Altiplano - Airparx","robots":{"index":"index","follow":"follow","max-snippet":"max-snippet:-1","max-image-preview":"max-image-preview:large","max-video-preview":"max-video-preview:-1"},"canonical":"https:\/\/airparx.com\/it\/installations\/altiplano\/","og_locale":"it_IT","og_type":"article","og_title":"Altiplano","og_description":"Altiplano Park \u00e8 stato creato in collaborazione con il nostro agente francese e ha rappresentato una sfida particolare per la nostra prima consegna in Francia. In seguito al desiderio del cliente finale di migliorare e aggiornare l&#8217;attuale parco di trampolini con un parco gonfiabile Airparx, il progetto ha posto diversi problemi, in particolare quello di [&hellip;]","og_url":"https:\/\/airparx.com\/it\/installations\/altiplano\/","og_site_name":"Airparx","article_publisher":"https:\/\/www.facebook.com\/Airparx\/","article_modified_time":"2022-12-09T12:44:26+00:00","og_image":[{"width":1024,"height":768,"url":"https:\/\/airparx.com\/wp-content\/uploads\/2021\/08\/AP46_Altiplano_0101002142.jpg","type":"image\/jpeg"}],"twitter_card":"summary_large_image","twitter_misc":{"Tempo di lettura stimato":"1 minuto"},"schema":{"@context":"https:\/\/schema.org","@graph":[{"@type":"WebPage","@id":"https:\/\/airparx.com\/it\/installations\/altiplano\/","url":"https:\/\/airparx.com\/it\/installations\/altiplano\/","name":"Altiplano - Airparx","isPartOf":{"@id":"https:\/\/airparx.com\/it\/#website"},"primaryImageOfPage":{"@id":"https:\/\/airparx.com\/it\/installations\/altiplano\/#primaryimage"},"image":{"@id":"https:\/\/airparx.com\/it\/installations\/altiplano\/#primaryimage"},"thumbnailUrl":"https:\/\/airparx.com\/wp-content\/uploads\/2021\/08\/AP46_Altiplano_0101002142.jpg","datePublished":"2021-08-31T07:56:56+00:00","dateModified":"2022-12-09T12:44:26+00:00","breadcrumb":{"@id":"https:\/\/airparx.com\/it\/installations\/altiplano\/#breadcrumb"},"inLanguage":"it-IT","potentialAction":[{"@type":"ReadAction","target":["https:\/\/airparx.com\/it\/installations\/altiplano\/"]}]},{"@type":"ImageObject","inLanguage":"it-IT","@id":"https:\/\/airparx.com\/it\/installations\/altiplano\/#primaryimage","url":"https:\/\/airparx.com\/wp-content\/uploads\/2021\/08\/AP46_Altiplano_0101002142.jpg","contentUrl":"https:\/\/airparx.com\/wp-content\/uploads\/2021\/08\/AP46_Altiplano_0101002142.jpg","width":1024,"height":768,"caption":"C:DCIM100GOPROGOPR2513.GPR"},{"@type":"BreadcrumbList","@id":"https:\/\/airparx.com\/it\/installations\/altiplano\/#breadcrumb","itemListElement":[{"@type":"ListItem","position":1,"name":"Home","item":"https:\/\/airparx.com\/it\/"},{"@type":"ListItem","position":2,"name":"Altiplano"}]},{"@type":"WebSite","@id":"https:\/\/airparx.com\/it\/#website","url":"https:\/\/airparx.com\/it\/","name":"Airparx","description":"Inflatable &amp; Trampoline Park Supplier","publisher":{"@id":"https:\/\/airparx.com\/it\/#organization"},"potentialAction":[{"@type":"SearchAction","target":{"@type":"EntryPoint","urlTemplate":"https:\/\/airparx.com\/it\/?s={search_term_string}"},"query-input":{"@type":"PropertyValueSpecification","valueRequired":true,"valueName":"search_term_string"}}],"inLanguage":"it-IT"},{"@type":"Organization","@id":"https:\/\/airparx.com\/it\/#organization","name":"Airparx","url":"https:\/\/airparx.com\/it\/","logo":{"@type":"ImageObject","inLanguage":"it-IT","@id":"https:\/\/airparx.com\/it\/#\/schema\/logo\/image\/","url":"https:\/\/airparx.com\/wp-content\/uploads\/2022\/06\/Airparx_Logo.png","contentUrl":"https:\/\/airparx.com\/wp-content\/uploads\/2022\/06\/Airparx_Logo.png","width":1127,"height":461,"caption":"Airparx"},"image":{"@id":"https:\/\/airparx.com\/it\/#\/schema\/logo\/image\/"},"sameAs":["https:\/\/www.facebook.com\/Airparx\/","https:\/\/www.instagram.com\/airparx\/","https:\/\/www.youtube.com\/playlist?list=PL2LZnxdxb4eX2paMpuL0QxEvopAtGzyqY","https:\/\/www.linkedin.com\/company\/airparx\/"]}]}},"_links":{"self":[{"href":"https:\/\/airparx.com\/it\/wp-json\/wp\/v2\/product\/7248","targetHints":{"allow":["GET"]}}],"collection":[{"href":"https:\/\/airparx.com\/it\/wp-json\/wp\/v2\/product"}],"about":[{"href":"https:\/\/airparx.com\/it\/wp-json\/wp\/v2\/types\/product"}],"wp:featuredmedia":[{"embeddable":true,"href":"https:\/\/airparx.com\/it\/wp-json\/wp\/v2\/media\/6689"}],"wp:attachment":[{"href":"https:\/\/airparx.com\/it\/wp-json\/wp\/v2\/media?parent=7248"}],"wp:term":[{"taxonomy":"product_brand","embeddable":true,"href":"https:\/\/airparx.com\/it\/wp-json\/wp\/v2\/product_brand?post=7248"},{"taxonomy":"product_cat","embeddable":true,"href":"https:\/\/airparx.com\/it\/wp-json\/wp\/v2\/product_cat?post=7248"},{"taxonomy":"product_tag","embeddable":true,"href":"https:\/\/airparx.com\/it\/wp-json\/wp\/v2\/product_tag?post=7248"}],"curies":[{"name":"wp","href":"https:\/\/api.w.org\/{rel}","templated":true}]}}