{"id":7261,"date":"2022-06-15T09:11:28","date_gmt":"2022-06-15T08:11:28","guid":{"rendered":"https:\/\/airparx.com\/installations\/centro-ricreativo-tarka\/"},"modified":"2022-12-09T13:46:11","modified_gmt":"2022-12-09T13:46:11","slug":"tarka-centro-ricreativo","status":"publish","type":"product","link":"https:\/\/airparx.com\/it\/installations\/tarka-centro-ricreativo\/","title":{"rendered":"Tarka Leisure Centre"},"content":{"rendered":"<p>Parkwood Leisure, cliente chiave nel settore del tempo libero, ha commissionato ad Airparx il lavoro sul suo nuovo sito di punta nel sud-ovest dell&#8217;Inghilterra. Il progetto prevedeva la realizzazione di un&#8217;area giochi multilivello di grande impatto visivo e all&#8217;avanguardia sul mercato, che fosse il punto di riferimento dell&#8217;offerta ludica locale.<\/p>\n<p>Il progetto presentava alcune particolarit\u00e0 e sfide uniche, tra le quali spiccava il concetto di collocare l&#8217;area giochi sopra l&#8217;area della reception. Per ottenere questo passaggio dalla sala principale alla reception \u00e8 stato necessario un lavoro di progettazione e installazione perfetto al millimetro.<\/p>\n<p>In secondo luogo, le nostre conoscenze ingegneristiche sono state fondamentali in quanto siamo stati incaricati di affiancare e supportare l&#8217;appaltatore principale nelle fasi di progettazione e installazione.<\/p>\n<p>Airparx ha realizzato il progetto rispettando i tempi e il budget previsti, fornendo un&#8217;area giochi per una fascia d&#8217;et\u00e0 che va dai bambini fino ai 12 anni.<\/p>\n<p>I meravigliosi temi e le attivit\u00e0 fanno un uso fantastico dei nostri PVC di alta qualit\u00e0, della schiuma e delle nostre capacit\u00e0 di stampa.<\/p>\n","protected":false},"excerpt":{"rendered":"<p>Parkwood Leisure, cliente chiave nel settore del tempo libero, ha commissionato ad Airparx il lavoro sul suo nuovo sito di punta nel sud-ovest dell&#8217;Inghilterra. Il progetto prevedeva la realizzazione di un&#8217;area giochi multilivello di grande impatto visivo e all&#8217;avanguardia sul mercato, che fosse il punto di riferimento dell&#8217;offerta ludica locale. Il progetto presentava alcune particolarit\u00e0 [&hellip;]<\/p>\n","protected":false},"featured_media":6900,"template":"","meta":{"_acf_changed":false},"product_brand":[],"product_cat":[118],"product_tag":[],"class_list":{"0":"post-7261","1":"product","2":"type-product","3":"status-publish","4":"has-post-thumbnail","6":"product_cat-giochi-morbidi-e-parchi-giochi-per-interni","8":"first","9":"outofstock","10":"shipping-taxable","11":"product-type-simple"},"acf":[],"yoast_head":"<!-- This site is optimized with the Yoast SEO Premium plugin v26.7 (Yoast SEO v27.3) - https:\/\/yoast.com\/product\/yoast-seo-premium-wordpress\/ -->\n<title>Tarka Leisure Centre - Airparx<\/title>\n<meta name=\"robots\" content=\"index, follow, max-snippet:-1, max-image-preview:large, max-video-preview:-1\" \/>\n<link rel=\"canonical\" href=\"https:\/\/airparx.com\/it\/installations\/tarka-centro-ricreativo\/\" \/>\n<meta property=\"og:locale\" content=\"it_IT\" \/>\n<meta property=\"og:type\" content=\"article\" \/>\n<meta property=\"og:title\" content=\"Tarka Leisure Centre\" \/>\n<meta property=\"og:description\" content=\"Parkwood Leisure, cliente chiave nel settore del tempo libero, ha commissionato ad Airparx il lavoro sul suo nuovo sito di punta nel sud-ovest dell&#8217;Inghilterra. Il progetto prevedeva la realizzazione di un&#8217;area giochi multilivello di grande impatto visivo e all&#8217;avanguardia sul mercato, che fosse il punto di riferimento dell&#8217;offerta ludica locale. Il progetto presentava alcune particolarit\u00e0 [&hellip;]\" \/>\n<meta property=\"og:url\" content=\"https:\/\/airparx.com\/it\/installations\/tarka-centro-ricreativo\/\" \/>\n<meta property=\"og:site_name\" content=\"Airparx\" \/>\n<meta property=\"article:publisher\" content=\"https:\/\/www.facebook.com\/Airparx\/\" \/>\n<meta property=\"article:modified_time\" content=\"2022-12-09T13:46:11+00:00\" \/>\n<meta property=\"og:image\" content=\"https:\/\/airparx.com\/wp-content\/uploads\/2022\/07\/tarka-leisure-centre-2.jpg\" \/>\n\t<meta property=\"og:image:width\" content=\"1024\" \/>\n\t<meta property=\"og:image:height\" content=\"768\" \/>\n\t<meta property=\"og:image:type\" content=\"image\/jpeg\" \/>\n<meta name=\"twitter:card\" content=\"summary_large_image\" \/>\n<meta name=\"twitter:label1\" content=\"Tempo di lettura stimato\" \/>\n\t<meta name=\"twitter:data1\" content=\"1 minuto\" \/>\n<script type=\"application\/ld+json\" class=\"yoast-schema-graph\">{\"@context\":\"https:\\\/\\\/schema.org\",\"@graph\":[{\"@type\":\"WebPage\",\"@id\":\"https:\\\/\\\/airparx.com\\\/it\\\/installations\\\/tarka-centro-ricreativo\\\/\",\"url\":\"https:\\\/\\\/airparx.com\\\/it\\\/installations\\\/tarka-centro-ricreativo\\\/\",\"name\":\"Tarka Leisure Centre - Airparx\",\"isPartOf\":{\"@id\":\"https:\\\/\\\/airparx.com\\\/it\\\/#website\"},\"primaryImageOfPage\":{\"@id\":\"https:\\\/\\\/airparx.com\\\/it\\\/installations\\\/tarka-centro-ricreativo\\\/#primaryimage\"},\"image\":{\"@id\":\"https:\\\/\\\/airparx.com\\\/it\\\/installations\\\/tarka-centro-ricreativo\\\/#primaryimage\"},\"thumbnailUrl\":\"https:\\\/\\\/airparx.com\\\/wp-content\\\/uploads\\\/2022\\\/07\\\/tarka-leisure-centre-2.jpg\",\"datePublished\":\"2022-06-15T08:11:28+00:00\",\"dateModified\":\"2022-12-09T13:46:11+00:00\",\"breadcrumb\":{\"@id\":\"https:\\\/\\\/airparx.com\\\/it\\\/installations\\\/tarka-centro-ricreativo\\\/#breadcrumb\"},\"inLanguage\":\"it-IT\",\"potentialAction\":[{\"@type\":\"ReadAction\",\"target\":[\"https:\\\/\\\/airparx.com\\\/it\\\/installations\\\/tarka-centro-ricreativo\\\/\"]}]},{\"@type\":\"ImageObject\",\"inLanguage\":\"it-IT\",\"@id\":\"https:\\\/\\\/airparx.com\\\/it\\\/installations\\\/tarka-centro-ricreativo\\\/#primaryimage\",\"url\":\"https:\\\/\\\/airparx.com\\\/wp-content\\\/uploads\\\/2022\\\/07\\\/tarka-leisure-centre-2.jpg\",\"contentUrl\":\"https:\\\/\\\/airparx.com\\\/wp-content\\\/uploads\\\/2022\\\/07\\\/tarka-leisure-centre-2.jpg\",\"width\":1024,\"height\":768},{\"@type\":\"BreadcrumbList\",\"@id\":\"https:\\\/\\\/airparx.com\\\/it\\\/installations\\\/tarka-centro-ricreativo\\\/#breadcrumb\",\"itemListElement\":[{\"@type\":\"ListItem\",\"position\":1,\"name\":\"Home\",\"item\":\"https:\\\/\\\/airparx.com\\\/it\\\/\"},{\"@type\":\"ListItem\",\"position\":2,\"name\":\"Tarka Leisure Centre\"}]},{\"@type\":\"WebSite\",\"@id\":\"https:\\\/\\\/airparx.com\\\/it\\\/#website\",\"url\":\"https:\\\/\\\/airparx.com\\\/it\\\/\",\"name\":\"Airparx\",\"description\":\"Inflatable &amp; Trampoline Park Supplier\",\"publisher\":{\"@id\":\"https:\\\/\\\/airparx.com\\\/it\\\/#organization\"},\"potentialAction\":[{\"@type\":\"SearchAction\",\"target\":{\"@type\":\"EntryPoint\",\"urlTemplate\":\"https:\\\/\\\/airparx.com\\\/it\\\/?s={search_term_string}\"},\"query-input\":{\"@type\":\"PropertyValueSpecification\",\"valueRequired\":true,\"valueName\":\"search_term_string\"}}],\"inLanguage\":\"it-IT\"},{\"@type\":\"Organization\",\"@id\":\"https:\\\/\\\/airparx.com\\\/it\\\/#organization\",\"name\":\"Airparx\",\"url\":\"https:\\\/\\\/airparx.com\\\/it\\\/\",\"logo\":{\"@type\":\"ImageObject\",\"inLanguage\":\"it-IT\",\"@id\":\"https:\\\/\\\/airparx.com\\\/it\\\/#\\\/schema\\\/logo\\\/image\\\/\",\"url\":\"https:\\\/\\\/airparx.com\\\/wp-content\\\/uploads\\\/2022\\\/06\\\/Airparx_Logo.png\",\"contentUrl\":\"https:\\\/\\\/airparx.com\\\/wp-content\\\/uploads\\\/2022\\\/06\\\/Airparx_Logo.png\",\"width\":1127,\"height\":461,\"caption\":\"Airparx\"},\"image\":{\"@id\":\"https:\\\/\\\/airparx.com\\\/it\\\/#\\\/schema\\\/logo\\\/image\\\/\"},\"sameAs\":[\"https:\\\/\\\/www.facebook.com\\\/Airparx\\\/\",\"https:\\\/\\\/www.instagram.com\\\/airparx\\\/\",\"https:\\\/\\\/www.youtube.com\\\/playlist?list=PL2LZnxdxb4eX2paMpuL0QxEvopAtGzyqY\",\"https:\\\/\\\/www.linkedin.com\\\/company\\\/airparx\\\/\"]}]}<\/script>\n<!-- \/ Yoast SEO Premium plugin. -->","yoast_head_json":{"title":"Tarka Leisure Centre - Airparx","robots":{"index":"index","follow":"follow","max-snippet":"max-snippet:-1","max-image-preview":"max-image-preview:large","max-video-preview":"max-video-preview:-1"},"canonical":"https:\/\/airparx.com\/it\/installations\/tarka-centro-ricreativo\/","og_locale":"it_IT","og_type":"article","og_title":"Tarka Leisure Centre","og_description":"Parkwood Leisure, cliente chiave nel settore del tempo libero, ha commissionato ad Airparx il lavoro sul suo nuovo sito di punta nel sud-ovest dell&#8217;Inghilterra. Il progetto prevedeva la realizzazione di un&#8217;area giochi multilivello di grande impatto visivo e all&#8217;avanguardia sul mercato, che fosse il punto di riferimento dell&#8217;offerta ludica locale. Il progetto presentava alcune particolarit\u00e0 [&hellip;]","og_url":"https:\/\/airparx.com\/it\/installations\/tarka-centro-ricreativo\/","og_site_name":"Airparx","article_publisher":"https:\/\/www.facebook.com\/Airparx\/","article_modified_time":"2022-12-09T13:46:11+00:00","og_image":[{"width":1024,"height":768,"url":"https:\/\/airparx.com\/wp-content\/uploads\/2022\/07\/tarka-leisure-centre-2.jpg","type":"image\/jpeg"}],"twitter_card":"summary_large_image","twitter_misc":{"Tempo di lettura stimato":"1 minuto"},"schema":{"@context":"https:\/\/schema.org","@graph":[{"@type":"WebPage","@id":"https:\/\/airparx.com\/it\/installations\/tarka-centro-ricreativo\/","url":"https:\/\/airparx.com\/it\/installations\/tarka-centro-ricreativo\/","name":"Tarka Leisure Centre - Airparx","isPartOf":{"@id":"https:\/\/airparx.com\/it\/#website"},"primaryImageOfPage":{"@id":"https:\/\/airparx.com\/it\/installations\/tarka-centro-ricreativo\/#primaryimage"},"image":{"@id":"https:\/\/airparx.com\/it\/installations\/tarka-centro-ricreativo\/#primaryimage"},"thumbnailUrl":"https:\/\/airparx.com\/wp-content\/uploads\/2022\/07\/tarka-leisure-centre-2.jpg","datePublished":"2022-06-15T08:11:28+00:00","dateModified":"2022-12-09T13:46:11+00:00","breadcrumb":{"@id":"https:\/\/airparx.com\/it\/installations\/tarka-centro-ricreativo\/#breadcrumb"},"inLanguage":"it-IT","potentialAction":[{"@type":"ReadAction","target":["https:\/\/airparx.com\/it\/installations\/tarka-centro-ricreativo\/"]}]},{"@type":"ImageObject","inLanguage":"it-IT","@id":"https:\/\/airparx.com\/it\/installations\/tarka-centro-ricreativo\/#primaryimage","url":"https:\/\/airparx.com\/wp-content\/uploads\/2022\/07\/tarka-leisure-centre-2.jpg","contentUrl":"https:\/\/airparx.com\/wp-content\/uploads\/2022\/07\/tarka-leisure-centre-2.jpg","width":1024,"height":768},{"@type":"BreadcrumbList","@id":"https:\/\/airparx.com\/it\/installations\/tarka-centro-ricreativo\/#breadcrumb","itemListElement":[{"@type":"ListItem","position":1,"name":"Home","item":"https:\/\/airparx.com\/it\/"},{"@type":"ListItem","position":2,"name":"Tarka Leisure Centre"}]},{"@type":"WebSite","@id":"https:\/\/airparx.com\/it\/#website","url":"https:\/\/airparx.com\/it\/","name":"Airparx","description":"Inflatable &amp; Trampoline Park Supplier","publisher":{"@id":"https:\/\/airparx.com\/it\/#organization"},"potentialAction":[{"@type":"SearchAction","target":{"@type":"EntryPoint","urlTemplate":"https:\/\/airparx.com\/it\/?s={search_term_string}"},"query-input":{"@type":"PropertyValueSpecification","valueRequired":true,"valueName":"search_term_string"}}],"inLanguage":"it-IT"},{"@type":"Organization","@id":"https:\/\/airparx.com\/it\/#organization","name":"Airparx","url":"https:\/\/airparx.com\/it\/","logo":{"@type":"ImageObject","inLanguage":"it-IT","@id":"https:\/\/airparx.com\/it\/#\/schema\/logo\/image\/","url":"https:\/\/airparx.com\/wp-content\/uploads\/2022\/06\/Airparx_Logo.png","contentUrl":"https:\/\/airparx.com\/wp-content\/uploads\/2022\/06\/Airparx_Logo.png","width":1127,"height":461,"caption":"Airparx"},"image":{"@id":"https:\/\/airparx.com\/it\/#\/schema\/logo\/image\/"},"sameAs":["https:\/\/www.facebook.com\/Airparx\/","https:\/\/www.instagram.com\/airparx\/","https:\/\/www.youtube.com\/playlist?list=PL2LZnxdxb4eX2paMpuL0QxEvopAtGzyqY","https:\/\/www.linkedin.com\/company\/airparx\/"]}]}},"_links":{"self":[{"href":"https:\/\/airparx.com\/it\/wp-json\/wp\/v2\/product\/7261","targetHints":{"allow":["GET"]}}],"collection":[{"href":"https:\/\/airparx.com\/it\/wp-json\/wp\/v2\/product"}],"about":[{"href":"https:\/\/airparx.com\/it\/wp-json\/wp\/v2\/types\/product"}],"wp:featuredmedia":[{"embeddable":true,"href":"https:\/\/airparx.com\/it\/wp-json\/wp\/v2\/media\/6900"}],"wp:attachment":[{"href":"https:\/\/airparx.com\/it\/wp-json\/wp\/v2\/media?parent=7261"}],"wp:term":[{"taxonomy":"product_brand","embeddable":true,"href":"https:\/\/airparx.com\/it\/wp-json\/wp\/v2\/product_brand?post=7261"},{"taxonomy":"product_cat","embeddable":true,"href":"https:\/\/airparx.com\/it\/wp-json\/wp\/v2\/product_cat?post=7261"},{"taxonomy":"product_tag","embeddable":true,"href":"https:\/\/airparx.com\/it\/wp-json\/wp\/v2\/product_tag?post=7261"}],"curies":[{"name":"wp","href":"https:\/\/api.w.org\/{rel}","templated":true}]}}