{"id":7263,"date":"2022-05-31T10:43:05","date_gmt":"2022-05-31T09:43:05","guid":{"rendered":"https:\/\/airparx.com\/installations\/la-fattoria-del-gelato\/"},"modified":"2022-12-09T13:46:11","modified_gmt":"2022-12-09T13:46:11","slug":"la-fattoria-del-gelato","status":"publish","type":"product","link":"https:\/\/airparx.com\/it\/installations\/la-fattoria-del-gelato\/","title":{"rendered":"The Ice Cream Farm"},"content":{"rendered":"<p>Questo bellissimo parco gonfiabile \u00e8 finito alla The Ice Cream Farm, nel Cheshire, nel Regno Unito.<\/p>\n<p>La Fattoria del Gelato \u00e8 un parco giochi situato nella loro fattoria, dove producono il loro gelato e offrono diverse attivit\u00e0 all&#8217;aperto. Jonathan, proprietario di The Ice Cream Farm, si \u00e8 rivolto ad Airparx con una sfida interessante. All&#8217;interno del parco della fattoria c&#8217;erano degli spazi morti che dovevano essere riempiti in vista delle imminenti vacanze scolastiche. Dopo aver discusso i diversi stili di parco gonfiabile che possiamo offrire, \u00e8 emerso chiaramente che la soluzione migliore era quella di creare un percorso ad ostacoli, con sezioni modulari, in modo che gli ospiti potessero caricarsi e diventare cos\u00ec caldi e stanchi da dover comprare un altro gelato! Migliorando il fattore divertimento per gli ospiti e le vendite di gelato!<\/p>\n<p>Questo gonfiabile ha un&#8217;aggiunta: un tetto inclinato che permette all&#8217;intera unit\u00e0 di affrontare le condizioni climatiche della primavera\/estate britannica. Il tetto inclinato allontana l&#8217;acqua piovana dal centro del gonfiabile verso i bordi,<\/p>\n<p>riducendo drasticamente i tempi di inattivit\u00e0 necessari per asciugare il gonfiabile dopo una pioggia. All&#8217;interno dell&#8217;unit\u00e0 ci sono scivoli, salti dalla base e tanti altri fantastici ostacoli che contribuiscono a regalare ai visitatori della Fattoria del Gelato una giornata da ricordare.<\/p>\n","protected":false},"excerpt":{"rendered":"<p>Questo bellissimo parco gonfiabile \u00e8 finito alla The Ice Cream Farm, nel Cheshire, nel Regno Unito. La Fattoria del Gelato \u00e8 un parco giochi situato nella loro fattoria, dove producono il loro gelato e offrono diverse attivit\u00e0 all&#8217;aperto. Jonathan, proprietario di The Ice Cream Farm, si \u00e8 rivolto ad Airparx con una sfida interessante. All&#8217;interno [&hellip;]<\/p>\n","protected":false},"featured_media":6968,"template":"","meta":{"_acf_changed":false},"product_brand":[],"product_cat":[116],"product_tag":[],"class_list":{"0":"post-7263","1":"product","2":"type-product","3":"status-publish","4":"has-post-thumbnail","6":"product_cat-parchi-gonfiabili","8":"first","9":"outofstock","10":"shipping-taxable","11":"product-type-simple"},"acf":[],"yoast_head":"<!-- This site is optimized with the Yoast SEO Premium plugin v26.7 (Yoast SEO v27.3) - https:\/\/yoast.com\/product\/yoast-seo-premium-wordpress\/ -->\n<title>The Ice Cream Farm - Airparx<\/title>\n<meta name=\"robots\" content=\"index, follow, max-snippet:-1, max-image-preview:large, max-video-preview:-1\" \/>\n<link rel=\"canonical\" href=\"https:\/\/airparx.com\/it\/installations\/la-fattoria-del-gelato\/\" \/>\n<meta property=\"og:locale\" content=\"it_IT\" \/>\n<meta property=\"og:type\" content=\"article\" \/>\n<meta property=\"og:title\" content=\"The Ice Cream Farm\" \/>\n<meta property=\"og:description\" content=\"Questo bellissimo parco gonfiabile \u00e8 finito alla The Ice Cream Farm, nel Cheshire, nel Regno Unito. La Fattoria del Gelato \u00e8 un parco giochi situato nella loro fattoria, dove producono il loro gelato e offrono diverse attivit\u00e0 all&#8217;aperto. Jonathan, proprietario di The Ice Cream Farm, si \u00e8 rivolto ad Airparx con una sfida interessante. All&#8217;interno [&hellip;]\" \/>\n<meta property=\"og:url\" content=\"https:\/\/airparx.com\/it\/installations\/la-fattoria-del-gelato\/\" \/>\n<meta property=\"og:site_name\" content=\"Airparx\" \/>\n<meta property=\"article:publisher\" content=\"https:\/\/www.facebook.com\/Airparx\/\" \/>\n<meta property=\"article:modified_time\" content=\"2022-12-09T13:46:11+00:00\" \/>\n<meta property=\"og:image\" content=\"https:\/\/airparx.com\/wp-content\/uploads\/2022\/07\/the-ice-cream-factory-1.jpg\" \/>\n\t<meta property=\"og:image:width\" content=\"1024\" \/>\n\t<meta property=\"og:image:height\" content=\"768\" \/>\n\t<meta property=\"og:image:type\" content=\"image\/jpeg\" \/>\n<meta name=\"twitter:card\" content=\"summary_large_image\" \/>\n<meta name=\"twitter:label1\" content=\"Tempo di lettura stimato\" \/>\n\t<meta name=\"twitter:data1\" content=\"1 minuto\" \/>\n<script type=\"application\/ld+json\" class=\"yoast-schema-graph\">{\"@context\":\"https:\\\/\\\/schema.org\",\"@graph\":[{\"@type\":\"WebPage\",\"@id\":\"https:\\\/\\\/airparx.com\\\/it\\\/installations\\\/la-fattoria-del-gelato\\\/\",\"url\":\"https:\\\/\\\/airparx.com\\\/it\\\/installations\\\/la-fattoria-del-gelato\\\/\",\"name\":\"The Ice Cream Farm - Airparx\",\"isPartOf\":{\"@id\":\"https:\\\/\\\/airparx.com\\\/it\\\/#website\"},\"primaryImageOfPage\":{\"@id\":\"https:\\\/\\\/airparx.com\\\/it\\\/installations\\\/la-fattoria-del-gelato\\\/#primaryimage\"},\"image\":{\"@id\":\"https:\\\/\\\/airparx.com\\\/it\\\/installations\\\/la-fattoria-del-gelato\\\/#primaryimage\"},\"thumbnailUrl\":\"https:\\\/\\\/airparx.com\\\/wp-content\\\/uploads\\\/2022\\\/07\\\/the-ice-cream-factory-1.jpg\",\"datePublished\":\"2022-05-31T09:43:05+00:00\",\"dateModified\":\"2022-12-09T13:46:11+00:00\",\"breadcrumb\":{\"@id\":\"https:\\\/\\\/airparx.com\\\/it\\\/installations\\\/la-fattoria-del-gelato\\\/#breadcrumb\"},\"inLanguage\":\"it-IT\",\"potentialAction\":[{\"@type\":\"ReadAction\",\"target\":[\"https:\\\/\\\/airparx.com\\\/it\\\/installations\\\/la-fattoria-del-gelato\\\/\"]}]},{\"@type\":\"ImageObject\",\"inLanguage\":\"it-IT\",\"@id\":\"https:\\\/\\\/airparx.com\\\/it\\\/installations\\\/la-fattoria-del-gelato\\\/#primaryimage\",\"url\":\"https:\\\/\\\/airparx.com\\\/wp-content\\\/uploads\\\/2022\\\/07\\\/the-ice-cream-factory-1.jpg\",\"contentUrl\":\"https:\\\/\\\/airparx.com\\\/wp-content\\\/uploads\\\/2022\\\/07\\\/the-ice-cream-factory-1.jpg\",\"width\":1024,\"height\":768},{\"@type\":\"BreadcrumbList\",\"@id\":\"https:\\\/\\\/airparx.com\\\/it\\\/installations\\\/la-fattoria-del-gelato\\\/#breadcrumb\",\"itemListElement\":[{\"@type\":\"ListItem\",\"position\":1,\"name\":\"Home\",\"item\":\"https:\\\/\\\/airparx.com\\\/it\\\/\"},{\"@type\":\"ListItem\",\"position\":2,\"name\":\"The Ice Cream Farm\"}]},{\"@type\":\"WebSite\",\"@id\":\"https:\\\/\\\/airparx.com\\\/it\\\/#website\",\"url\":\"https:\\\/\\\/airparx.com\\\/it\\\/\",\"name\":\"Airparx\",\"description\":\"Inflatable &amp; Trampoline Park Supplier\",\"publisher\":{\"@id\":\"https:\\\/\\\/airparx.com\\\/it\\\/#organization\"},\"potentialAction\":[{\"@type\":\"SearchAction\",\"target\":{\"@type\":\"EntryPoint\",\"urlTemplate\":\"https:\\\/\\\/airparx.com\\\/it\\\/?s={search_term_string}\"},\"query-input\":{\"@type\":\"PropertyValueSpecification\",\"valueRequired\":true,\"valueName\":\"search_term_string\"}}],\"inLanguage\":\"it-IT\"},{\"@type\":\"Organization\",\"@id\":\"https:\\\/\\\/airparx.com\\\/it\\\/#organization\",\"name\":\"Airparx\",\"url\":\"https:\\\/\\\/airparx.com\\\/it\\\/\",\"logo\":{\"@type\":\"ImageObject\",\"inLanguage\":\"it-IT\",\"@id\":\"https:\\\/\\\/airparx.com\\\/it\\\/#\\\/schema\\\/logo\\\/image\\\/\",\"url\":\"https:\\\/\\\/airparx.com\\\/wp-content\\\/uploads\\\/2022\\\/06\\\/Airparx_Logo.png\",\"contentUrl\":\"https:\\\/\\\/airparx.com\\\/wp-content\\\/uploads\\\/2022\\\/06\\\/Airparx_Logo.png\",\"width\":1127,\"height\":461,\"caption\":\"Airparx\"},\"image\":{\"@id\":\"https:\\\/\\\/airparx.com\\\/it\\\/#\\\/schema\\\/logo\\\/image\\\/\"},\"sameAs\":[\"https:\\\/\\\/www.facebook.com\\\/Airparx\\\/\",\"https:\\\/\\\/www.instagram.com\\\/airparx\\\/\",\"https:\\\/\\\/www.youtube.com\\\/playlist?list=PL2LZnxdxb4eX2paMpuL0QxEvopAtGzyqY\",\"https:\\\/\\\/www.linkedin.com\\\/company\\\/airparx\\\/\"]}]}<\/script>\n<!-- \/ Yoast SEO Premium plugin. -->","yoast_head_json":{"title":"The Ice Cream Farm - Airparx","robots":{"index":"index","follow":"follow","max-snippet":"max-snippet:-1","max-image-preview":"max-image-preview:large","max-video-preview":"max-video-preview:-1"},"canonical":"https:\/\/airparx.com\/it\/installations\/la-fattoria-del-gelato\/","og_locale":"it_IT","og_type":"article","og_title":"The Ice Cream Farm","og_description":"Questo bellissimo parco gonfiabile \u00e8 finito alla The Ice Cream Farm, nel Cheshire, nel Regno Unito. La Fattoria del Gelato \u00e8 un parco giochi situato nella loro fattoria, dove producono il loro gelato e offrono diverse attivit\u00e0 all&#8217;aperto. Jonathan, proprietario di The Ice Cream Farm, si \u00e8 rivolto ad Airparx con una sfida interessante. All&#8217;interno [&hellip;]","og_url":"https:\/\/airparx.com\/it\/installations\/la-fattoria-del-gelato\/","og_site_name":"Airparx","article_publisher":"https:\/\/www.facebook.com\/Airparx\/","article_modified_time":"2022-12-09T13:46:11+00:00","og_image":[{"width":1024,"height":768,"url":"https:\/\/airparx.com\/wp-content\/uploads\/2022\/07\/the-ice-cream-factory-1.jpg","type":"image\/jpeg"}],"twitter_card":"summary_large_image","twitter_misc":{"Tempo di lettura stimato":"1 minuto"},"schema":{"@context":"https:\/\/schema.org","@graph":[{"@type":"WebPage","@id":"https:\/\/airparx.com\/it\/installations\/la-fattoria-del-gelato\/","url":"https:\/\/airparx.com\/it\/installations\/la-fattoria-del-gelato\/","name":"The Ice Cream Farm - Airparx","isPartOf":{"@id":"https:\/\/airparx.com\/it\/#website"},"primaryImageOfPage":{"@id":"https:\/\/airparx.com\/it\/installations\/la-fattoria-del-gelato\/#primaryimage"},"image":{"@id":"https:\/\/airparx.com\/it\/installations\/la-fattoria-del-gelato\/#primaryimage"},"thumbnailUrl":"https:\/\/airparx.com\/wp-content\/uploads\/2022\/07\/the-ice-cream-factory-1.jpg","datePublished":"2022-05-31T09:43:05+00:00","dateModified":"2022-12-09T13:46:11+00:00","breadcrumb":{"@id":"https:\/\/airparx.com\/it\/installations\/la-fattoria-del-gelato\/#breadcrumb"},"inLanguage":"it-IT","potentialAction":[{"@type":"ReadAction","target":["https:\/\/airparx.com\/it\/installations\/la-fattoria-del-gelato\/"]}]},{"@type":"ImageObject","inLanguage":"it-IT","@id":"https:\/\/airparx.com\/it\/installations\/la-fattoria-del-gelato\/#primaryimage","url":"https:\/\/airparx.com\/wp-content\/uploads\/2022\/07\/the-ice-cream-factory-1.jpg","contentUrl":"https:\/\/airparx.com\/wp-content\/uploads\/2022\/07\/the-ice-cream-factory-1.jpg","width":1024,"height":768},{"@type":"BreadcrumbList","@id":"https:\/\/airparx.com\/it\/installations\/la-fattoria-del-gelato\/#breadcrumb","itemListElement":[{"@type":"ListItem","position":1,"name":"Home","item":"https:\/\/airparx.com\/it\/"},{"@type":"ListItem","position":2,"name":"The Ice Cream Farm"}]},{"@type":"WebSite","@id":"https:\/\/airparx.com\/it\/#website","url":"https:\/\/airparx.com\/it\/","name":"Airparx","description":"Inflatable &amp; Trampoline Park Supplier","publisher":{"@id":"https:\/\/airparx.com\/it\/#organization"},"potentialAction":[{"@type":"SearchAction","target":{"@type":"EntryPoint","urlTemplate":"https:\/\/airparx.com\/it\/?s={search_term_string}"},"query-input":{"@type":"PropertyValueSpecification","valueRequired":true,"valueName":"search_term_string"}}],"inLanguage":"it-IT"},{"@type":"Organization","@id":"https:\/\/airparx.com\/it\/#organization","name":"Airparx","url":"https:\/\/airparx.com\/it\/","logo":{"@type":"ImageObject","inLanguage":"it-IT","@id":"https:\/\/airparx.com\/it\/#\/schema\/logo\/image\/","url":"https:\/\/airparx.com\/wp-content\/uploads\/2022\/06\/Airparx_Logo.png","contentUrl":"https:\/\/airparx.com\/wp-content\/uploads\/2022\/06\/Airparx_Logo.png","width":1127,"height":461,"caption":"Airparx"},"image":{"@id":"https:\/\/airparx.com\/it\/#\/schema\/logo\/image\/"},"sameAs":["https:\/\/www.facebook.com\/Airparx\/","https:\/\/www.instagram.com\/airparx\/","https:\/\/www.youtube.com\/playlist?list=PL2LZnxdxb4eX2paMpuL0QxEvopAtGzyqY","https:\/\/www.linkedin.com\/company\/airparx\/"]}]}},"_links":{"self":[{"href":"https:\/\/airparx.com\/it\/wp-json\/wp\/v2\/product\/7263","targetHints":{"allow":["GET"]}}],"collection":[{"href":"https:\/\/airparx.com\/it\/wp-json\/wp\/v2\/product"}],"about":[{"href":"https:\/\/airparx.com\/it\/wp-json\/wp\/v2\/types\/product"}],"wp:featuredmedia":[{"embeddable":true,"href":"https:\/\/airparx.com\/it\/wp-json\/wp\/v2\/media\/6968"}],"wp:attachment":[{"href":"https:\/\/airparx.com\/it\/wp-json\/wp\/v2\/media?parent=7263"}],"wp:term":[{"taxonomy":"product_brand","embeddable":true,"href":"https:\/\/airparx.com\/it\/wp-json\/wp\/v2\/product_brand?post=7263"},{"taxonomy":"product_cat","embeddable":true,"href":"https:\/\/airparx.com\/it\/wp-json\/wp\/v2\/product_cat?post=7263"},{"taxonomy":"product_tag","embeddable":true,"href":"https:\/\/airparx.com\/it\/wp-json\/wp\/v2\/product_tag?post=7263"}],"curies":[{"name":"wp","href":"https:\/\/api.w.org\/{rel}","templated":true}]}}