{"id":9685,"date":"2024-08-09T10:29:20","date_gmt":"2024-08-09T09:29:20","guid":{"rendered":"https:\/\/airparx.com\/aanbevolen-installaties\/airparx-installatie-hupalupa\/"},"modified":"2024-09-13T09:07:32","modified_gmt":"2024-09-13T08:07:32","slug":"airparx-installatie-hupalupa","status":"publish","type":"page","link":"https:\/\/airparx.com\/nl\/aanbevolen-installaties\/airparx-installatie-hupalupa\/","title":{"rendered":"Airparx installatie &#8211; Hupalupa"},"content":{"rendered":"<div class=\"wp-core-heading\">\n<h2 class=\"wp-block-heading\">Een mobiel modulair buitenpark in Turkije<\/h2>\n<\/div>\n\n<div class=\"wp-core-paragraph\">\n<p><em>&#8220;Dankzij onze gezamenlijke inspanningen hebben we twee gigantische opblaasbare hindernisbanen tot leven gebracht. Wij geloven dat deze opblaasbare parken uitstekende voorbeelden zijn voor de hele wereld. Hartelijk dank aan het hele team, van verkoop tot installatie, voor hun uitstekende bijdragen aan het Hupalupa Go project. Airparx heeft bewezen een opmerkelijke partner te zijn.&#8221;<\/em> &#8211; Merve Sengul, Hupalupa.<\/p>\n<\/div>\n\n\n<blockquote class=\"wp-block-quote is-style-default has-medium-font-size is-layout-flow wp-block-quote-is-layout-flow\"><div class=\"wp-core-paragraph\">\n<p><\/p>\n<\/div><\/blockquote>\n\n\n<\/div><\/div><\/section><\/div><div id=''><\/div>\t<section class=\"bg-dark py-2 py-m-3 py-l-4\">\n\t\t<div class=\"wrap\">\n\t\t\t<article>\n\t\t\t\t<div class=\"row valign\">\n\t\t\t\t\t<div class=\"col-12 col-m-6\">\n\t\t\t\t\t\t<div class=\"animation fadein fromleft\" data-onscreen=\"false\">\n\t\t\t\t\t\t\t\t\t\t\t\t\t\t\t<h2>De korte<\/h2>\n<p>  Sinds 2021 werkt Airparx samen met Hupalupa aan een modulaire outdoor mini-luchtparkoplossing voor hun HUPALUPA GO Festival &#8211; een mobiele versie van hun huidige aanbod.<br \/>\nHupalupa, in Turkije, biedt een unieke en spannende ervaring voor bezoekers van alle leeftijden die plezier, spanning en avontuur combineert door een bestemming te bieden met een scala aan boeiende attracties.<br \/>\nSamen met de productie en installatie van dit modulaire park, kreeg Airparx de opdracht om helder en levendig artwork te ontwerpen dat het merk Hupalupa vertegenwoordigt.  <\/p>\n\t\t\t\t\t\t\t\t\t\t\t\t\t<\/div>\n\t\t\t\t\t<\/div>\n\t\t\t\t\t<div class=\"col-12 col-m-6 mt-2 mt-m-0\">\n\t\t\t\t\t\t<div class=\"animation fadein fromright\" data-onscreen=\"false\">\n\t\t\t\t\t\t\t\t\t\t\t\t\t\t\t<figure class=\"block\">\n\t\t\t\t\t\t\t\t\t<img data-src=\"https:\/\/airparx.com\/wp-content\/uploads\/2024\/08\/Untitled-design.png\" \/>\n\t\t\t\t\t\t\t\t<\/figure>\n\t\t\t\t\t\t\t\t\t\t\t\t\t<\/div>\n\t\t\t\t\t<\/div>\n\t\t\t\t<\/div>\n\t\t\t<\/article>\n\t\t<\/div>\n\t<\/section>\n\n\t<section class=\"my-2 my-m-3 my-l-4\"><div class=\"wrap\"><div class=\"row\"><div class=\"col-12\">\n\n<\/div><\/div><\/section><\/div><div id=''><\/div>\t<section class=\"my-2 my-m-3 my-l-4\">\n\t\t<div class=\"wrap\">\n\t\t\t<article>\n\t\t\t\t<div class=\"row valign\">\n\t\t\t\t\t<div class=\"col-12 col-m-6\">\n\t\t\t\t\t\t<div class=\"animation fadein fromleft\" data-onscreen=\"false\">\n\t\t\t\t\t\t\t\t\t\t\t\t\t\t\t<figure class=\"block show-m\">\n\t\t\t\t\t\t\t\t\t<img data-src=\"https:\/\/airparx.com\/wp-content\/uploads\/2024\/08\/1.jpg\" \/>\n\t\t\t\t\t\t\t\t<\/figure>\n\t\t\t\t\t\t\t\t\t\t\t\t\t<\/div>\n\t\t\t\t\t<\/div>\n\t\t\t\t\t<div class=\"col-12 col-m-6 mt-2 mt-m-0\">\n\t\t\t\t\t\t<div class=\"animation fadein fromright\" data-onscreen=\"false\">\n\t\t\t\t\t\t\t\t\t\t\t\t\t\t\t<h2>De uitdaging<\/h2>\n<p>  De uitdaging van dit modulaire park was dat het door de aard van de opdracht mobiel moest zijn &#8211; ingepakt en gemakkelijk verplaatsbaar in Turkije.<br \/>\nDe belangrijkste focus van Airparx was het verleggen van de grenzen van wat mogelijk is en het perfectioneren van de afmetingen, verpakkingsmaten, afmetingen en gewicht voor mobiel gebruik.<br \/>\nHet was belangrijk om ervoor te zorgen dat het project logistiek helemaal in orde was.<br \/>\nE\u00e9n voor \u00e9\u00e9n moesten de attracties worden bepaald, hoeveel modules er zouden komen, de afmetingen van de units en hoe ze allemaal met elkaar verbonden zouden worden.   <\/p>\n\t\t\t\t\t\t\t\t\t\t\t\t\t\t\t\t<figure class=\"block hide-m\">\n\t\t\t\t\t\t\t\t\t<img data-src=\"https:\/\/airparx.com\/wp-content\/uploads\/2024\/08\/1.jpg\" \/>\n\t\t\t\t\t\t\t\t<\/figure>\n\t\t\t\t\t\t\t\t\t\t\t\t\t<\/div>\n\t\t\t\t\t<\/div>\n\t\t\t\t<\/div>\n\t\t\t<\/article>\n\t\t<\/div>\n\t<\/section>\n\n\t<section class=\"my-2 my-m-3 my-l-4\"><div class=\"wrap\"><div class=\"row\"><div class=\"col-12\">\n\n<\/div><\/div><\/section><\/div><div id=''><\/div>\t<section class=\"bg-dark py-2 py-m-3 py-l-4\">\n\t\t<div class=\"wrap\">\n\t\t\t<article>\n\t\t\t\t<div class=\"row\">\n\t\t\t\t\t<div class=\"col-12 col-m-6\">\n\t\t\t\t\t\t<div class=\"animation fadein fromleft\" data-onscreen=\"false\">\n\t\t\t\t\t\t\t\t\t\t\t\t\t\t\t<h2>Het proces<\/h2>\n<p>  Er werd gekozen voor een gezamenlijke aanpak met Hupalupa, waarbij de ontwerpers van Airparx ervoor moesten zorgen dat alle uitdagingen werden besproken om aan de operationele vereisten te voldoen.<br \/>\nHet belangrijkste was om een reeks verschillende attracties te bieden die de leeftijdsdemografie van het festival aanspreken.<br \/>\nDe verblijftijd en ervaring op de units werden zorgvuldig ontworpen om ervoor te zorgen dat gebruikers lang genoeg in de lucht zijn om te genieten en net kort genoeg om gemotiveerd te blijven om terug te keren.<br \/>\nAls een van de nieuwste producten in het Airparx assortiment werd dit project toegewezen aan het meest ervaren stikteam in de productiefaciliteit.<br \/>\nDit ervaren team van stiksters heeft wereldwijd meer dan 180 parken geproduceerd en staat altijd klaar om nieuwe uitdagingen aan te gaan.    <\/p>\n\t\t\t\t\t\t\t\t\t\t\t\t\t<\/div>\n\t\t\t\t\t<\/div>\n\t\t\t\t\t<div class=\"col-12 col-m-6 mt-2 mt-m-0\">\n\t\t\t\t\t\t<div class=\"animation fadein fromright\" data-onscreen=\"false\">\n\t\t\t\t\t\t\t\t\t\t\t\t\t\t\t<figure class=\"block\">\n\t\t\t\t\t\t\t\t\t<img data-src=\"https:\/\/airparx.com\/wp-content\/uploads\/2024\/08\/2.jpg\" \/>\n\t\t\t\t\t\t\t\t<\/figure>\n\t\t\t\t\t\t\t\t\t\t\t\t\t<\/div>\n\t\t\t\t\t<\/div>\n\t\t\t\t<\/div>\n\t\t\t<\/article>\n\t\t<\/div>\n\t<\/section>\n\n\t<section class=\"my-2 my-m-3 my-l-4\"><div class=\"wrap\"><div class=\"row\"><div class=\"col-12\">\n\n<\/div><\/div><\/section><\/div><div id=''><\/div>\t<section class=\"my-2 my-m-3 my-l-4\">\n\t\t<div class=\"wrap\">\n\t\t\t<article>\n\t\t\t\t<div class=\"row\">\n\t\t\t\t\t<div class=\"col-12 col-m-6\">\n\t\t\t\t\t\t<div class=\"animation fadein fromleft\" data-onscreen=\"false\">\n\t\t\t\t\t\t\t\t\t\t\t\t\t\t\t<figure class=\"block show-m\">\n\t\t\t\t\t\t\t\t\t<img data-src=\"https:\/\/airparx.com\/wp-content\/uploads\/2024\/08\/4.jpg\" \/>\n\t\t\t\t\t\t\t\t<\/figure>\n\t\t\t\t\t\t\t\t\t\t\t\t\t<\/div>\n\t\t\t\t\t<\/div>\n\t\t\t\t\t<div class=\"col-12 col-m-6 mt-2 mt-m-0\">\n\t\t\t\t\t\t<div class=\"animation fadein fromright\" data-onscreen=\"false\">\n\t\t\t\t\t\t\t\t\t\t\t\t\t\t\t<h2>Het resultaat<\/h2>\n<p>  Omdat dit concept van mobiel ontwerp en installatie revolutionair was, stuurde Airparx een installatieteam op maat naar Turkije om de eerste installatie te trainen en te testen.<br \/>\nDit resulteerde in de installatie- en inklaptijd en het inpakken in recorduren.<br \/>\nHet mobiele concept voor festivals werd zo populair tussen 2021 en 2022, waarbij 5 individuele festivals betrokken waren.<br \/>\nNaarmate de vraag toenam, namen ook de verwachtingen toe.<br \/>\nAirparx cre\u00eberde een 2e unit in 2024 om aan de vraag van een fantastisch aanbod te voldoen.<br \/>\nOntdek onze nieuwste installaties <strong><a href=\"https:\/\/airparx.com\/nl\/installaties\/\">HIER<\/a><\/strong>     <\/p>\n\t\t\t\t\t\t\t\t\t\t\t\t\t\t\t\t<figure class=\"block hide-m\">\n\t\t\t\t\t\t\t\t\t<img data-src=\"https:\/\/airparx.com\/wp-content\/uploads\/2024\/08\/4.jpg\" \/>\n\t\t\t\t\t\t\t\t<\/figure>\n\t\t\t\t\t\t\t\t\t\t\t\t\t<\/div>\n\t\t\t\t\t<\/div>\n\t\t\t\t<\/div>\n\t\t\t<\/article>\n\t\t<\/div>\n\t<\/section>\n\n\t<section class=\"my-2 my-m-3 my-l-4\"><div class=\"wrap\"><div class=\"row\"><div class=\"col-12\">\n\n\n<div class=\"wp-block-group\"><div class=\"wp-block-group__inner-container is-layout-flow wp-block-group-is-layout-flow\">\n<section class=\"my-2 my-m-3 mt-l-4\">\n<div class=\"wrap\">\n<div class=\"row\">\n<article>\n<div class=\"col-12 col-m-7\">\n<h4>Neem vandaag nog contact met ons op!<\/h4>\n<p>Klaar om de volgende sprong te wagen en de opwinding naar uw locatie te brengen?\nNeem gerust contact met ons op voor meer informatie, prijsinformatie of om uw specifieke wensen te bespreken.\nOns toegewijde Airparx team staat klaar om u te helpen uw visie werkelijkheid te laten worden.  <\/p>\n\n<div class=\"wpcf7 no-js\" id=\"wpcf7-f3850-o1\" lang=\"nl-NL\" dir=\"ltr\" data-wpcf7-id=\"3850\">\n<div class=\"screen-reader-response\"><p role=\"status\" aria-live=\"polite\" aria-atomic=\"true\"><\/p> <ul><\/ul><\/div>\n<form action=\"\/nl\/wp-json\/wp\/v2\/pages\/9685#wpcf7-f3850-o1\" method=\"post\" class=\"wpcf7-form init\" aria-label=\"Contactformulier\" novalidate=\"novalidate\" data-status=\"init\">\n<fieldset class=\"hidden-fields-container\"><input type=\"hidden\" name=\"_wpcf7\" value=\"3850\" \/><input type=\"hidden\" name=\"_wpcf7_version\" value=\"6.1.5\" \/><input type=\"hidden\" name=\"_wpcf7_locale\" value=\"nl_NL\" \/><input type=\"hidden\" name=\"_wpcf7_unit_tag\" value=\"wpcf7-f3850-o1\" \/><input type=\"hidden\" name=\"_wpcf7_container_post\" value=\"0\" \/><input type=\"hidden\" name=\"_wpcf7_posted_data_hash\" value=\"\" \/><input type=\"hidden\" name=\"_wpcf7_recaptcha_response\" value=\"\" \/>\n<\/fieldset>\n<div class=\"row\">\n\t<div class=\"col-12 col-s-6\">\n\t\t<p><label for=\"Name\">Voornaam*<\/label><br \/>\n<span class=\"wpcf7-form-control-wrap\" data-name=\"FirstName\"><input size=\"40\" maxlength=\"400\" class=\"wpcf7-form-control wpcf7-text wpcf7-validates-as-required\" aria-required=\"true\" aria-invalid=\"false\" value=\"\" type=\"text\" name=\"FirstName\" \/><\/span>\n\t\t<\/p>\n\t<\/div>\n\t<div class=\"col-12 col-s-6\">\n\t\t<p><label for=\"Name\">Achternaam*<\/label><br \/>\n<span class=\"wpcf7-form-control-wrap\" data-name=\"LastName\"><input size=\"40\" maxlength=\"400\" class=\"wpcf7-form-control wpcf7-text wpcf7-validates-as-required\" aria-required=\"true\" aria-invalid=\"false\" value=\"\" type=\"text\" name=\"LastName\" \/><\/span>\n\t\t<\/p>\n\t<\/div>\n\t<div class=\"col-12 col-s-6 mt-05 mt-s-0\">\n\t\t<p><label for=\"Email\">E-mailadres*<\/label><br \/>\n<span class=\"wpcf7-form-control-wrap\" data-name=\"Email\"><input size=\"40\" maxlength=\"400\" class=\"wpcf7-form-control wpcf7-email wpcf7-validates-as-required wpcf7-text wpcf7-validates-as-email\" aria-required=\"true\" aria-invalid=\"false\" value=\"\" type=\"email\" name=\"Email\" \/><\/span>\n\t\t<\/p>\n\t<\/div>\n<\/div>\n<div class=\"row\">\n\t<div class=\"col-12 col-s-6 mt-05 mt-s-0\">\n\t\t<p><label for=\"Company\">Bedrijfsnaam (optioneel)<\/label><br \/>\n<span class=\"wpcf7-form-control-wrap\" data-name=\"Company\"><input size=\"40\" maxlength=\"400\" class=\"wpcf7-form-control wpcf7-text\" aria-invalid=\"false\" value=\"\" type=\"text\" name=\"Company\" \/><\/span>\n\t\t<\/p>\n\t<\/div>\n\t<div class=\"col-12 col-s-6\">\n\t\t<p><label for=\"Phone\">Telefoonnummer (optioneel)<\/label><br \/>\n<span class=\"wpcf7-form-control-wrap\" data-name=\"Phone\"><input size=\"40\" maxlength=\"400\" class=\"wpcf7-form-control wpcf7-tel wpcf7-text wpcf7-validates-as-tel\" aria-invalid=\"false\" value=\"\" type=\"tel\" name=\"Phone\" \/><\/span>\n\t\t<\/p>\n\t<\/div>\n<\/div>\n<div class=\"row\">\n\t<div class=\"col-12 col-s-6\">\n\t\t<p><label for=\"Country\">Land (optioneel)<\/label><br \/>\n<span class=\"wpcf7-form-control-wrap\" data-name=\"Country\"><input size=\"40\" maxlength=\"400\" class=\"wpcf7-form-control wpcf7-text\" aria-invalid=\"false\" value=\"\" type=\"text\" name=\"Country\" \/><\/span>\n\t\t<\/p>\n\t<\/div>\n<\/div>\n<p><label for=\"Message\">Bericht*<\/label><br \/>\n<span class=\"wpcf7-form-control-wrap\" data-name=\"Message\"><textarea cols=\"40\" rows=\"6\" maxlength=\"2000\" class=\"wpcf7-form-control wpcf7-textarea wpcf7-validates-as-required\" aria-required=\"true\" aria-invalid=\"false\" name=\"Message\"><\/textarea><\/span>\n<\/p>\n<p>Meld je aan voor marketing om op de hoogte te blijven van onze nieuwste producten, nieuws en speciale aanbiedingen<br \/>\n<span class=\"wpcf7-form-control-wrap\" data-name=\"newsletter\"><span class=\"wpcf7-form-control wpcf7-radio\"><span class=\"wpcf7-list-item first\"><label><input type=\"radio\" name=\"newsletter\" value=\"Ja\" \/><span class=\"wpcf7-list-item-label\">Ja<\/span><\/label><\/span><span class=\"wpcf7-list-item last\"><label><input type=\"radio\" name=\"newsletter\" value=\"Nee\" checked=\"checked\" \/><span class=\"wpcf7-list-item-label\">Nee<\/span><\/label><\/span><\/span><\/span>\n<\/p>\n<div id=\"refer-div\">\n<\/div>\n<p><input class=\"wpcf7-form-control wpcf7-submit has-spinner button\" type=\"submit\" value=\"Verzenden\" \/>\n<\/p><div class=\"wpcf7-response-output\" aria-hidden=\"true\"><\/div>\n<\/form>\n<\/div>\n\n<\/div>\n<p><!--.col--><\/p>\n<div class=\"col-5 col-xl-4 pull-xl-1 show-m mt-4\">\n<div class=\"usp-list\">\n<ul>\n<li>Marktleider<\/li>\n<li>Turn Key oplossing<\/li>\n<li>Installaties over de hele wereld<\/li>\n<li>In huis gefabriceerd<\/li>\n<li>Toonaangevende klantenservice  <\/li>\n<\/ul>\n<\/div>\n<p><!--.usp-list--><\/p>\n<h5 class=\"mt-2\">Je kunt ons ook bellen op<\/h5>\n<p class=\"mt-05 text-cyan\"><strong> <i class=\"fa fa-phone mr-05\" aria-hidden=\"true\"><\/i>  +44(0) 1179 414918  <\/strong><\/p>\n<\/div>\n<p><!--.col--><\/p>\n<\/article>\n<\/div>\n<p><!--.row--><\/p>\n<\/div>\n<p><!--.wrap--><\/p>\n<\/section>\n<\/div><\/div>\n","protected":false},"excerpt":{"rendered":"<p>Een mobiel modulair buitenpark in Turkije &#8220;Dankzij onze gezamenlijke inspanningen hebben we twee gigantische opblaasbare hindernisbanen tot leven gebracht. Wij geloven dat deze opblaasbare parken uitstekende voorbeelden zijn voor de hele wereld. Hartelijk dank aan het hele team, van verkoop tot installatie, voor hun uitstekende bijdragen aan het Hupalupa Go project. Airparx heeft bewezen een [&hellip;]<\/p>\n","protected":false},"author":1,"featured_media":9051,"parent":3646,"menu_order":0,"comment_status":"closed","ping_status":"closed","template":"","meta":{"_acf_changed":false,"footnotes":""},"class_list":["post-9685","page","type-page","status-publish","has-post-thumbnail","hentry"],"acf":[],"yoast_head":"<!-- This site is optimized with the Yoast SEO Premium plugin v26.7 (Yoast SEO v27.3) - https:\/\/yoast.com\/product\/yoast-seo-premium-wordpress\/ -->\n<title>Airparx installatie - Hupalupa - Airparx<\/title>\n<meta name=\"description\" content=\"Hupalupa is een installatie van Airparx. Dit is een revolutionair concept van mobiel ontwerp voor een modulair opblaasbaar buitenpark.\" \/>\n<meta name=\"robots\" content=\"index, follow, max-snippet:-1, max-image-preview:large, max-video-preview:-1\" \/>\n<link rel=\"canonical\" href=\"https:\/\/airparx.com\/nl\/aanbevolen-installaties\/airparx-installatie-hupalupa\/\" \/>\n<meta property=\"og:locale\" content=\"nl_NL\" \/>\n<meta property=\"og:type\" content=\"article\" \/>\n<meta property=\"og:title\" content=\"Airparx installatie - Hupalupa\" \/>\n<meta property=\"og:description\" content=\"Hupalupa is een installatie van Airparx. Dit is een revolutionair concept van mobiel ontwerp voor een modulair opblaasbaar buitenpark.\" \/>\n<meta property=\"og:url\" content=\"https:\/\/airparx.com\/nl\/aanbevolen-installaties\/airparx-installatie-hupalupa\/\" \/>\n<meta property=\"og:site_name\" content=\"Airparx\" \/>\n<meta property=\"article:publisher\" content=\"https:\/\/www.facebook.com\/Airparx\/\" \/>\n<meta property=\"article:modified_time\" content=\"2024-09-13T08:07:32+00:00\" \/>\n<meta property=\"og:image\" content=\"https:\/\/airparx.com\/wp-content\/uploads\/2024\/08\/event_hupalupa_banner.webp\" \/>\n\t<meta property=\"og:image:width\" content=\"1920\" \/>\n\t<meta property=\"og:image:height\" content=\"600\" \/>\n\t<meta property=\"og:image:type\" content=\"image\/webp\" \/>\n<meta name=\"twitter:card\" content=\"summary_large_image\" \/>\n<meta name=\"twitter:label1\" content=\"Geschatte leestijd\" \/>\n\t<meta name=\"twitter:data1\" content=\"1 minuut\" \/>\n<script type=\"application\/ld+json\" class=\"yoast-schema-graph\">{\"@context\":\"https:\\\/\\\/schema.org\",\"@graph\":[{\"@type\":\"WebPage\",\"@id\":\"https:\\\/\\\/airparx.com\\\/nl\\\/aanbevolen-installaties\\\/airparx-installatie-hupalupa\\\/\",\"url\":\"https:\\\/\\\/airparx.com\\\/nl\\\/aanbevolen-installaties\\\/airparx-installatie-hupalupa\\\/\",\"name\":\"Airparx installatie - Hupalupa - Airparx\",\"isPartOf\":{\"@id\":\"https:\\\/\\\/airparx.com\\\/nl\\\/#website\"},\"primaryImageOfPage\":{\"@id\":\"https:\\\/\\\/airparx.com\\\/nl\\\/aanbevolen-installaties\\\/airparx-installatie-hupalupa\\\/#primaryimage\"},\"image\":{\"@id\":\"https:\\\/\\\/airparx.com\\\/nl\\\/aanbevolen-installaties\\\/airparx-installatie-hupalupa\\\/#primaryimage\"},\"thumbnailUrl\":\"https:\\\/\\\/airparx.com\\\/wp-content\\\/uploads\\\/2024\\\/08\\\/event_hupalupa_banner.webp\",\"datePublished\":\"2024-08-09T09:29:20+00:00\",\"dateModified\":\"2024-09-13T08:07:32+00:00\",\"description\":\"Hupalupa is een installatie van Airparx. Dit is een revolutionair concept van mobiel ontwerp voor een modulair opblaasbaar buitenpark.\",\"breadcrumb\":{\"@id\":\"https:\\\/\\\/airparx.com\\\/nl\\\/aanbevolen-installaties\\\/airparx-installatie-hupalupa\\\/#breadcrumb\"},\"inLanguage\":\"nl-NL\",\"potentialAction\":[{\"@type\":\"ReadAction\",\"target\":[\"https:\\\/\\\/airparx.com\\\/nl\\\/aanbevolen-installaties\\\/airparx-installatie-hupalupa\\\/\"]}]},{\"@type\":\"ImageObject\",\"inLanguage\":\"nl-NL\",\"@id\":\"https:\\\/\\\/airparx.com\\\/nl\\\/aanbevolen-installaties\\\/airparx-installatie-hupalupa\\\/#primaryimage\",\"url\":\"https:\\\/\\\/airparx.com\\\/wp-content\\\/uploads\\\/2024\\\/08\\\/event_hupalupa_banner.webp\",\"contentUrl\":\"https:\\\/\\\/airparx.com\\\/wp-content\\\/uploads\\\/2024\\\/08\\\/event_hupalupa_banner.webp\",\"width\":1920,\"height\":600,\"caption\":\"HUPALUPA - Turkey\"},{\"@type\":\"BreadcrumbList\",\"@id\":\"https:\\\/\\\/airparx.com\\\/nl\\\/aanbevolen-installaties\\\/airparx-installatie-hupalupa\\\/#breadcrumb\",\"itemListElement\":[{\"@type\":\"ListItem\",\"position\":1,\"name\":\"Home\",\"item\":\"https:\\\/\\\/airparx.com\\\/nl\\\/\"},{\"@type\":\"ListItem\",\"position\":2,\"name\":\"Aanbevolen installaties\",\"item\":\"https:\\\/\\\/airparx.com\\\/nl\\\/aanbevolen-installaties\\\/\"},{\"@type\":\"ListItem\",\"position\":3,\"name\":\"Airparx installatie &#8211; Hupalupa\"}]},{\"@type\":\"WebSite\",\"@id\":\"https:\\\/\\\/airparx.com\\\/nl\\\/#website\",\"url\":\"https:\\\/\\\/airparx.com\\\/nl\\\/\",\"name\":\"Airparx\",\"description\":\"Inflatable &amp; Trampoline Park Supplier\",\"publisher\":{\"@id\":\"https:\\\/\\\/airparx.com\\\/nl\\\/#organization\"},\"potentialAction\":[{\"@type\":\"SearchAction\",\"target\":{\"@type\":\"EntryPoint\",\"urlTemplate\":\"https:\\\/\\\/airparx.com\\\/nl\\\/?s={search_term_string}\"},\"query-input\":{\"@type\":\"PropertyValueSpecification\",\"valueRequired\":true,\"valueName\":\"search_term_string\"}}],\"inLanguage\":\"nl-NL\"},{\"@type\":\"Organization\",\"@id\":\"https:\\\/\\\/airparx.com\\\/nl\\\/#organization\",\"name\":\"Airparx\",\"url\":\"https:\\\/\\\/airparx.com\\\/nl\\\/\",\"logo\":{\"@type\":\"ImageObject\",\"inLanguage\":\"nl-NL\",\"@id\":\"https:\\\/\\\/airparx.com\\\/nl\\\/#\\\/schema\\\/logo\\\/image\\\/\",\"url\":\"https:\\\/\\\/airparx.com\\\/wp-content\\\/uploads\\\/2022\\\/06\\\/Airparx_Logo.png\",\"contentUrl\":\"https:\\\/\\\/airparx.com\\\/wp-content\\\/uploads\\\/2022\\\/06\\\/Airparx_Logo.png\",\"width\":1127,\"height\":461,\"caption\":\"Airparx\"},\"image\":{\"@id\":\"https:\\\/\\\/airparx.com\\\/nl\\\/#\\\/schema\\\/logo\\\/image\\\/\"},\"sameAs\":[\"https:\\\/\\\/www.facebook.com\\\/Airparx\\\/\",\"https:\\\/\\\/www.instagram.com\\\/airparx\\\/\",\"https:\\\/\\\/www.youtube.com\\\/playlist?list=PL2LZnxdxb4eX2paMpuL0QxEvopAtGzyqY\",\"https:\\\/\\\/www.linkedin.com\\\/company\\\/airparx\\\/\"]}]}<\/script>\n<!-- \/ Yoast SEO Premium plugin. -->","yoast_head_json":{"title":"Airparx installatie - Hupalupa - Airparx","description":"Hupalupa is een installatie van Airparx. Dit is een revolutionair concept van mobiel ontwerp voor een modulair opblaasbaar buitenpark.","robots":{"index":"index","follow":"follow","max-snippet":"max-snippet:-1","max-image-preview":"max-image-preview:large","max-video-preview":"max-video-preview:-1"},"canonical":"https:\/\/airparx.com\/nl\/aanbevolen-installaties\/airparx-installatie-hupalupa\/","og_locale":"nl_NL","og_type":"article","og_title":"Airparx installatie - Hupalupa","og_description":"Hupalupa is een installatie van Airparx. Dit is een revolutionair concept van mobiel ontwerp voor een modulair opblaasbaar buitenpark.","og_url":"https:\/\/airparx.com\/nl\/aanbevolen-installaties\/airparx-installatie-hupalupa\/","og_site_name":"Airparx","article_publisher":"https:\/\/www.facebook.com\/Airparx\/","article_modified_time":"2024-09-13T08:07:32+00:00","og_image":[{"width":1920,"height":600,"url":"https:\/\/airparx.com\/wp-content\/uploads\/2024\/08\/event_hupalupa_banner.webp","type":"image\/webp"}],"twitter_card":"summary_large_image","twitter_misc":{"Geschatte leestijd":"1 minuut"},"schema":{"@context":"https:\/\/schema.org","@graph":[{"@type":"WebPage","@id":"https:\/\/airparx.com\/nl\/aanbevolen-installaties\/airparx-installatie-hupalupa\/","url":"https:\/\/airparx.com\/nl\/aanbevolen-installaties\/airparx-installatie-hupalupa\/","name":"Airparx installatie - Hupalupa - Airparx","isPartOf":{"@id":"https:\/\/airparx.com\/nl\/#website"},"primaryImageOfPage":{"@id":"https:\/\/airparx.com\/nl\/aanbevolen-installaties\/airparx-installatie-hupalupa\/#primaryimage"},"image":{"@id":"https:\/\/airparx.com\/nl\/aanbevolen-installaties\/airparx-installatie-hupalupa\/#primaryimage"},"thumbnailUrl":"https:\/\/airparx.com\/wp-content\/uploads\/2024\/08\/event_hupalupa_banner.webp","datePublished":"2024-08-09T09:29:20+00:00","dateModified":"2024-09-13T08:07:32+00:00","description":"Hupalupa is een installatie van Airparx. Dit is een revolutionair concept van mobiel ontwerp voor een modulair opblaasbaar buitenpark.","breadcrumb":{"@id":"https:\/\/airparx.com\/nl\/aanbevolen-installaties\/airparx-installatie-hupalupa\/#breadcrumb"},"inLanguage":"nl-NL","potentialAction":[{"@type":"ReadAction","target":["https:\/\/airparx.com\/nl\/aanbevolen-installaties\/airparx-installatie-hupalupa\/"]}]},{"@type":"ImageObject","inLanguage":"nl-NL","@id":"https:\/\/airparx.com\/nl\/aanbevolen-installaties\/airparx-installatie-hupalupa\/#primaryimage","url":"https:\/\/airparx.com\/wp-content\/uploads\/2024\/08\/event_hupalupa_banner.webp","contentUrl":"https:\/\/airparx.com\/wp-content\/uploads\/2024\/08\/event_hupalupa_banner.webp","width":1920,"height":600,"caption":"HUPALUPA - Turkey"},{"@type":"BreadcrumbList","@id":"https:\/\/airparx.com\/nl\/aanbevolen-installaties\/airparx-installatie-hupalupa\/#breadcrumb","itemListElement":[{"@type":"ListItem","position":1,"name":"Home","item":"https:\/\/airparx.com\/nl\/"},{"@type":"ListItem","position":2,"name":"Aanbevolen installaties","item":"https:\/\/airparx.com\/nl\/aanbevolen-installaties\/"},{"@type":"ListItem","position":3,"name":"Airparx installatie &#8211; Hupalupa"}]},{"@type":"WebSite","@id":"https:\/\/airparx.com\/nl\/#website","url":"https:\/\/airparx.com\/nl\/","name":"Airparx","description":"Inflatable &amp; Trampoline Park Supplier","publisher":{"@id":"https:\/\/airparx.com\/nl\/#organization"},"potentialAction":[{"@type":"SearchAction","target":{"@type":"EntryPoint","urlTemplate":"https:\/\/airparx.com\/nl\/?s={search_term_string}"},"query-input":{"@type":"PropertyValueSpecification","valueRequired":true,"valueName":"search_term_string"}}],"inLanguage":"nl-NL"},{"@type":"Organization","@id":"https:\/\/airparx.com\/nl\/#organization","name":"Airparx","url":"https:\/\/airparx.com\/nl\/","logo":{"@type":"ImageObject","inLanguage":"nl-NL","@id":"https:\/\/airparx.com\/nl\/#\/schema\/logo\/image\/","url":"https:\/\/airparx.com\/wp-content\/uploads\/2022\/06\/Airparx_Logo.png","contentUrl":"https:\/\/airparx.com\/wp-content\/uploads\/2022\/06\/Airparx_Logo.png","width":1127,"height":461,"caption":"Airparx"},"image":{"@id":"https:\/\/airparx.com\/nl\/#\/schema\/logo\/image\/"},"sameAs":["https:\/\/www.facebook.com\/Airparx\/","https:\/\/www.instagram.com\/airparx\/","https:\/\/www.youtube.com\/playlist?list=PL2LZnxdxb4eX2paMpuL0QxEvopAtGzyqY","https:\/\/www.linkedin.com\/company\/airparx\/"]}]}},"_links":{"self":[{"href":"https:\/\/airparx.com\/nl\/wp-json\/wp\/v2\/pages\/9685","targetHints":{"allow":["GET"]}}],"collection":[{"href":"https:\/\/airparx.com\/nl\/wp-json\/wp\/v2\/pages"}],"about":[{"href":"https:\/\/airparx.com\/nl\/wp-json\/wp\/v2\/types\/page"}],"author":[{"embeddable":true,"href":"https:\/\/airparx.com\/nl\/wp-json\/wp\/v2\/users\/1"}],"replies":[{"embeddable":true,"href":"https:\/\/airparx.com\/nl\/wp-json\/wp\/v2\/comments?post=9685"}],"version-history":[{"count":2,"href":"https:\/\/airparx.com\/nl\/wp-json\/wp\/v2\/pages\/9685\/revisions"}],"predecessor-version":[{"id":9799,"href":"https:\/\/airparx.com\/nl\/wp-json\/wp\/v2\/pages\/9685\/revisions\/9799"}],"up":[{"embeddable":true,"href":"https:\/\/airparx.com\/nl\/wp-json\/wp\/v2\/pages\/3646"}],"wp:featuredmedia":[{"embeddable":true,"href":"https:\/\/airparx.com\/nl\/wp-json\/wp\/v2\/media\/9051"}],"wp:attachment":[{"href":"https:\/\/airparx.com\/nl\/wp-json\/wp\/v2\/media?parent=9685"}],"curies":[{"name":"wp","href":"https:\/\/api.w.org\/{rel}","templated":true}]}}